{"id":8064,"date":"2025-07-24T14:10:11","date_gmt":"2025-07-24T14:10:11","guid":{"rendered":"https:\/\/www.yardiinvestmentsuite.com\/debt-manager\/"},"modified":"2025-07-24T14:10:14","modified_gmt":"2025-07-24T14:10:14","slug":"debt-manager","status":"publish","type":"page","link":"https:\/\/www.yardiinvestmentsuite.com\/fr-fr\/debt-manager\/","title":{"rendered":"Debt Manager"},"content":{"rendered":"\n<h1>\n\t\tGestion de la dette immobili\u00e8re\n\t<\/h1>\n\t<p>G\u00e9rez la dette de votre portefeuille gr\u00e2ce \u00e0 une seule solution connect\u00e9e.<\/p>\n\t\t\t<a href=\"https:\/\/www.yardiinvestmentsuite.com\/fr-fr\/reservez-une-demonstration\/\" target=\"_self\" rel=\"noopener\">\n\t\t\t\t\t\t\tDEMANDEZ UNE D\u00c9MONSTRATION\n\t\t\t\t\t<\/a>\n\t\t\t\t<img loading=\"lazy\" decoding=\"async\" src=\"https:\/\/www.yardiinvestmentsuite.com\/wp-content\/uploads\/sites\/88\/2023\/08\/Debt-hero-desktop_final.png\" alt=\"Debt-hero-desktop_final\" itemprop=\"image\" height=\"900\" width=\"1200\" title=\"Debt-hero-desktop_final\" onerror=\"this.style.display='none'\"\/>\n<h2>\n\t\tSupprimez les feuilles de calcul et centralisez les donn\u00e9es avec la meilleure plateforme de gestion de la dette\n\t<\/h2>\n\t\t\t\t<img loading=\"lazy\" decoding=\"async\" src=\"https:\/\/www.yardiinvestmentsuite.com\/wp-content\/uploads\/sites\/88\/2023\/05\/icon-product-crm-1.png\" alt=\"icon-product-crm-1\" itemprop=\"image\" height=\"101\" width=\"100\" title=\"icon-product-crm-1\" onerror=\"this.style.display='none'\"\/>\n<h3>\n\t\tPour les emprunteurs&nbsp;\n\t<\/h3>\n\t<p>Gagnez en visibilit\u00e9 sur votre portefeuille de dette gr\u00e2ce \u00e0 une plateforme en phase avec les propri\u00e9t\u00e9s de garantie g\u00e9r\u00e9es dans Yardi Voyager.<\/p>\n\t\t\t\t<img loading=\"lazy\" decoding=\"async\" src=\"https:\/\/www.yardiinvestmentsuite.com\/wp-content\/uploads\/sites\/88\/2023\/05\/icon-product-crm-3.png\" alt=\"icon-product-crm-3\" itemprop=\"image\" height=\"100\" width=\"120\" title=\"icon-product-crm-3\" onerror=\"this.style.display='none'\"\/>\n<h3>\n\t\tPour les investissements en dette&nbsp;\n\t<\/h3>\n\t<p>Automatisez les structures complexes de propri\u00e9t\u00e9 de la dette et les conditions de pr\u00eat int\u00e9gr\u00e9es \u00e0 la puissance d\u2019Investment Accounting.<\/p>\n\t\t\t\t<img loading=\"lazy\" decoding=\"async\" src=\"https:\/\/www.yardiinvestmentsuite.com\/wp-content\/uploads\/sites\/88\/2023\/05\/Debt-Home-Dashboard-Desktop-1920x1080-1.png\" alt=\"Debt - Home Dashboard - Desktop 1920x1080\" itemprop=\"image\" height=\"1076\" width=\"1921\" title=\"Debt - Home Dashboard - Desktop 1920x1080\" onerror=\"this.style.display='none'\"\/>\n\t<p>Simplifiez l\u2019acc\u00e8s aux informations sur les pr\u00eats<\/p>\n\t<ul>\n<li>G\u00e9rez tous les types de pr\u00eats et associez-les aux garanties immobili\u00e8res g\u00e9r\u00e9es dans Yardi<\/li>\n<li>Fournissez une visibilit\u00e9 sur tous les pr\u00eats du portefeuille aux principales parties prenantes avec des attributs d\u00e9finissables<\/li>\n<li>Gagnez en transparence sur les modifications des conditions de pr\u00eat au fil du temps<\/li>\n<li>Analysez le service de la dette courante et future et d&#8217;autres rapports interactifs sur les pr\u00eats<\/li>\n<\/ul>\n\t<p>G\u00e9rez les risques et surveillez les exigences des emprunteurs et des pr\u00eateurs<\/p>\n\t<ul>\n<li>Suivez les dates critiques des \u00e9l\u00e9ments dus aux pr\u00eateurs ou des emprunteurs<\/li>\n<li>Tirez parti des donn\u00e9es budg\u00e9taires au niveau des actifs captur\u00e9es dans Yardi Voyager pour b\u00e9n\u00e9ficier d\u2019une visibilit\u00e9 sur les futurs risques potentiels<\/li>\n<li>Surveillez le statut des contrats cl\u00e9s<\/li>\n<li>Attribuez des t\u00e2ches \u00e0 r\u00e9aliser avec un flux d\u2019activit\u00e9s collaboratif<\/li>\n<\/ul>\n\t\t\t\t<img loading=\"lazy\" decoding=\"async\" src=\"https:\/\/www.yardiinvestmentsuite.com\/wp-content\/uploads\/sites\/88\/2023\/05\/Debt-Reminders-Desktop-1920x1080-1.png\" alt=\"Debt - Reminders - Desktop 1920x1080\" itemprop=\"image\" height=\"1016\" width=\"1921\" title=\"Debt - Reminders - Desktop 1920x1080\" onerror=\"this.style.display='none'\"\/>\n\t\t\t\t<img loading=\"lazy\" decoding=\"async\" src=\"https:\/\/www.yardiinvestmentsuite.com\/wp-content\/uploads\/sites\/88\/2023\/05\/Debt-Loan-and-Syndication-Desktop-1920x1080-1.png\" alt=\"Debt - Loan and Syndication - Desktop 1920x1080\" itemprop=\"image\" height=\"863\" width=\"1533\" title=\"Debt - Loan and Syndication - Desktop 1920x1080\" onerror=\"this.style.display='none'\"\/>\n\t<p>Augmentez la productivit\u00e9 gr\u00e2ce \u00e0 la comptabilit\u00e9 int\u00e9gr\u00e9e des pr\u00eats<\/p>\n\t<ul>\n<li>Automatisez les paiements aux pr\u00eateurs et la facturation aux emprunteurs et validez les transactions de pr\u00eat sur Voyager<\/li>\n<li>G\u00e9rez les fonds de dette, les pr\u00eats syndiqu\u00e9s et tout type de v\u00e9hicule d&#8217;investissement<\/li>\n<li>Calculez et comptabilisez les frais de service et autres<\/li>\n<li>Cr\u00e9ez des pr\u00eats \u00e0 tout niveau de la structure de propri\u00e9t\u00e9<\/li>\n<\/ul>\n<h2>\n\t\tIls font confiance \u00e0 Yardi Investment Suite\n\t<\/h2>\n\t\t\t\t<a href=\"#\" target=\"_self\" itemprop=\"url\" rel=\"noopener\">\n\t\t\t\t<img loading=\"lazy\" decoding=\"async\" src=\"https:\/\/www.yardiinvestmentsuite.com\/wp-content\/uploads\/sites\/88\/2022\/04\/Alter-Domus-logo.png\" alt=\"Alter Domus logo\" itemprop=\"image\" height=\"32\" width=\"200\" title=\"Alter Domus logo\" onerror=\"this.style.display='none'\"\/>\n\t\t\t\t<\/a>\n\t\t\t\t<a href=\"#\" target=\"_self\" itemprop=\"url\" rel=\"noopener\">\n\t\t\t\t<img loading=\"lazy\" decoding=\"async\" src=\"https:\/\/www.yardiinvestmentsuite.com\/wp-content\/uploads\/sites\/88\/2022\/04\/Cohen-Asset-Management-logo.png\" alt=\"Cohen Asset Management logo\" itemprop=\"image\" height=\"78\" width=\"247\" title=\"Cohen Asset Management logo\" onerror=\"this.style.display='none'\"\/>\n\t\t\t\t<\/a>\n\t\t\t\t<a href=\"#\" target=\"_self\" itemprop=\"url\" rel=\"noopener\">\n\t\t\t\t<img loading=\"lazy\" decoding=\"async\" src=\"https:\/\/www.yardiinvestmentsuite.com\/wp-content\/uploads\/sites\/88\/2022\/04\/MG-Properties_Logo-Full-Color.png\" alt=\"MG Properties_Logo Full Color\" itemprop=\"image\" height=\"2231\" width=\"8191\" title=\"MG Properties_Logo Full Color\" onerror=\"this.style.display='none'\"\/>\n\t\t\t\t<\/a>\n\t\t\t\t<a href=\"#\" target=\"_self\" itemprop=\"url\" rel=\"noopener\">\n\t\t\t\t<img loading=\"lazy\" decoding=\"async\" src=\"https:\/\/www.yardiinvestmentsuite.com\/wp-content\/uploads\/sites\/88\/2022\/04\/ROCO-Real-Estate-logo.png\" alt=\"ROCO Real Estate logo\" itemprop=\"image\" height=\"280\" width=\"280\" title=\"ROCO Real Estate logo\" onerror=\"this.style.display='none'\"\/>\n\t\t\t\t<\/a>\n\t\t\t\t<a href=\"#\" target=\"_self\" itemprop=\"url\" rel=\"noopener\">\n\t\t\t\t<img loading=\"lazy\" decoding=\"async\" src=\"https:\/\/www.yardiinvestmentsuite.com\/wp-content\/uploads\/sites\/88\/2022\/04\/Hanini-Group_Logo_BLUE.png\" alt=\"Hanini Group_Logo_BLUE\" itemprop=\"image\" height=\"2831\" width=\"4927\" title=\"Hanini Group_Logo_BLUE\" onerror=\"this.style.display='none'\"\/>\n\t\t\t\t<\/a>\n\t\t\t\t<a href=\"#\" target=\"_self\" itemprop=\"url\" rel=\"noopener\">\n\t\t\t\t<img loading=\"lazy\" decoding=\"async\" src=\"https:\/\/www.yardiinvestmentsuite.com\/wp-content\/uploads\/sites\/88\/2022\/04\/Uniland-logo_tagline_color.png\" alt=\"Uniland logo_tagline_color\" itemprop=\"image\" height=\"967\" width=\"3334\" title=\"Uniland logo_tagline_color\" onerror=\"this.style.display='none'\"\/>\n\t\t\t\t<\/a>\n<h2>\n\t\tLa solution connect\u00e9e de gestion des investissements\n\t<\/h2>\n\t<p>G\u00e9rez l\u2019ensemble du cycle de vie de l\u2019investissement immobilier, du portail des investisseurs \u00e0 la comptabilit\u00e9 complexe des investissements et des dettes en passant par la gestion des performances.<\/p>\n\t\t\t<a href=\"https:\/\/www.yardiinvestmentsuite.com\/fr-fr\/reservez-une-demonstration\/\" target=\"_self\" rel=\"noopener\">\n\t\t\t\t\t\t\tDemandez une d\u00e9monstration \n\t\t\t\t\t<\/a>\n\t<p>FAQ<br \/><\/p>\n\t<p>Obtenez des r\u00e9ponses \u00e0 vos questions sur Yardi Investment Suite.<\/p>\n\t\t\t\t\t<a href=\"#\" id=\"fl-accordion--label-0\" tabindex=\"0\" aria-controls=\"fl-accordion--panel-0\">En quoi consiste Yardi Investment Suite\u00a0?<\/a>\n\t\t\t\t\t\t\t\t\t\t\t<a href=\"#\" id=\"fl-accordion--icon-0\" tabindex=\"0\" aria-controls=\"fl-accordion--panel-0\"><i>D\u00e9velopper<\/i><\/a>\n\t\t\t\t\t<p>Yardi Investment Suite est une plateforme enti\u00e8rement connect\u00e9e con\u00e7ue pour les organisations ayant besoin d&#8217;une gestion des investissements immobiliers pour superviser leurs investissements, leurs investisseurs et leurs actifs. Le logiciel convient aux propri\u00e9taires-gestionnaires, aux gestionnaires et administrateurs de capital-investissement, de la dette priv\u00e9e, d\u2019institutions et de fonds, aux commandit\u00e9s et aux commanditaires, ainsi qu\u2019aux SIIC, aux banques, aux compagnies d&#8217;assurance et aux bureaux de gestion de patrimoine.<\/p>\n\t\t\t\t\t<a href=\"#\" id=\"fl-accordion--label-1\" tabindex=\"0\" aria-controls=\"fl-accordion--panel-1\">Quelles sont les principales fonctionnalit\u00e9s de Yardi Investment Suite\u00a0?<\/a>\n\t\t\t\t\t\t\t\t\t\t\t<a href=\"#\" id=\"fl-accordion--icon-1\" tabindex=\"0\" aria-controls=\"fl-accordion--panel-1\"><i>D\u00e9velopper<\/i><\/a>\n\t\t\t\t\t<p>Yardi Investment Suite vous aide \u00e0 superviser l\u2019ensemble de votre strat\u00e9gie d\u2019investissement immobilier \u00e0 partir d\u2019une plateforme unifi\u00e9e. B\u00e9n\u00e9ficiez d\u2019une transparence totale sur votre portefeuille d\u2019investissement, de l\u2019investissement \u00e0 l\u2019actif. G\u00e9rez les investissements, la dette, les structures de propri\u00e9t\u00e9 et les correspondances complexes. Suivez et lancez des investissements avec des investisseurs au moyen d\u2019un portail sigl\u00e9.<\/p>\n\t\t\t\t\t<a href=\"#\" id=\"fl-accordion--label-2\" tabindex=\"0\" aria-controls=\"fl-accordion--panel-2\">Combien co\u00fbte la plateforme\u00a0?<\/a>\n\t\t\t\t\t\t\t\t\t\t\t<a href=\"#\" id=\"fl-accordion--icon-2\" tabindex=\"0\" aria-controls=\"fl-accordion--panel-2\"><i>D\u00e9velopper<\/i><\/a>\n\t\t\t\t\t<p>Yardi Investment Suite propose une gamme de produits et de fonctions. La tarification d\u00e9pend de vos besoins m\u00e9tier, du portail d\u2019investisseurs \u00e0 la comptabilit\u00e9 des investissements pour les distributions complexes, en passant par la gestion de la dette pour les passifs ou les actifs. La solution est flexible et permet un d\u00e9ploiement sur une seule pile ou peut \u00eatre impl\u00e9ment\u00e9e par phases au fur et \u00e0 mesure que des fonctionnalit\u00e9s sont n\u00e9cessaires.<\/p>\n<p>&nbsp;<\/p>\n<p>Veuillez nous contacter pour en savoir plus sur notre offre et nos prix ou organiser une <a href=\"https:\/\/www.yardiinvestmentsuite.com\/fr-fr\/reservez-une-demonstration\/\">d\u00e9monstration rapide du produit<\/a>.<\/p>\n\n","protected":false},"excerpt":{"rendered":"<p>Gestion de la dette immobili\u00e8re G\u00e9rez la dette de votre portefeuille gr\u00e2ce \u00e0 une seule solution connect\u00e9e. DEMANDEZ UNE D\u00c9MONSTRATION Supprimez les feuilles de calcul et centralisez les donn\u00e9es avec la meilleure plateforme de gestion de la dette Pour les emprunteurs&nbsp; Gagnez en visibilit\u00e9 sur votre portefeuille de dette gr\u00e2ce \u00e0 une plateforme en phase&hellip;<\/p>\n","protected":false},"author":2969,"featured_media":0,"parent":0,"menu_order":0,"comment_status":"closed","ping_status":"closed","template":"","meta":{"footnotes":""},"class_list":["post-8064","page","type-page","status-publish","hentry"],"yoast_head":"<!-- This site is optimized with the Yoast SEO Premium plugin v23.4 (Yoast SEO v24.6) - https:\/\/yoast.com\/wordpress\/plugins\/seo\/ -->\n<title>Logiciel de gestion de la dette pour l\u2019immobilier<\/title>\n<meta name=\"description\" content=\"Supprimez les feuilles de calcul, centralisez les donn\u00e9es et g\u00e9rez la dette de votre portefeuille gr\u00e2ce \u00e0 une seule solution connect\u00e9e.\" \/>\n<meta name=\"robots\" content=\"index, follow, max-snippet:-1, max-image-preview:large, max-video-preview:-1\" \/>\n<link rel=\"canonical\" href=\"https:\/\/www.yardiinvestmentsuite.com\/fr-fr\/debt-manager\/\" \/>\n<meta property=\"og:locale\" content=\"fr_FR\" \/>\n<meta property=\"og:type\" content=\"article\" \/>\n<meta property=\"og:title\" content=\"Debt Manager\" \/>\n<meta property=\"og:description\" content=\"Supprimez les feuilles de calcul, centralisez les donn\u00e9es et g\u00e9rez la dette de votre portefeuille gr\u00e2ce \u00e0 une seule solution connect\u00e9e.\" \/>\n<meta property=\"og:url\" content=\"https:\/\/www.yardiinvestmentsuite.com\/fr-fr\/debt-manager\/\" \/>\n<meta property=\"og:site_name\" content=\"Yardi Investment Suite\" \/>\n<meta property=\"article:modified_time\" content=\"2025-07-24T14:10:14+00:00\" \/>\n<meta property=\"og:image\" content=\"https:\/\/www.yardiinvestmentsuite.com\/wp-content\/uploads\/sites\/88\/2023\/08\/Debt-hero-desktop_final.png\" \/>\n<meta name=\"twitter:card\" content=\"summary_large_image\" \/>\n<meta name=\"twitter:label1\" content=\"Dur\u00e9e de lecture estim\u00e9e\" \/>\n\t<meta name=\"twitter:data1\" content=\"3 minutes\" \/>\n<script type=\"application\/ld+json\" class=\"yoast-schema-graph\">{\"@context\":\"https:\/\/schema.org\",\"@graph\":[{\"@type\":\"WebPage\",\"@id\":\"https:\/\/www.yardiinvestmentsuite.com\/fr-fr\/debt-manager\/\",\"url\":\"https:\/\/www.yardiinvestmentsuite.com\/fr-fr\/debt-manager\/\",\"name\":\"Logiciel de gestion de la dette pour l\u2019immobilier\",\"isPartOf\":{\"@id\":\"https:\/\/www.yardiinvestmentsuite.com\/fr-fr\/#website\"},\"primaryImageOfPage\":{\"@id\":\"https:\/\/www.yardiinvestmentsuite.com\/fr-fr\/debt-manager\/#primaryimage\"},\"image\":{\"@id\":\"https:\/\/www.yardiinvestmentsuite.com\/fr-fr\/debt-manager\/#primaryimage\"},\"thumbnailUrl\":\"https:\/\/www.yardiinvestmentsuite.com\/wp-content\/uploads\/sites\/88\/2023\/08\/Debt-hero-desktop_final.png\",\"datePublished\":\"2025-07-24T14:10:11+00:00\",\"dateModified\":\"2025-07-24T14:10:14+00:00\",\"description\":\"Supprimez les feuilles de calcul, centralisez les donn\u00e9es et g\u00e9rez la dette de votre portefeuille gr\u00e2ce \u00e0 une seule solution connect\u00e9e.\",\"breadcrumb\":{\"@id\":\"https:\/\/www.yardiinvestmentsuite.com\/fr-fr\/debt-manager\/#breadcrumb\"},\"inLanguage\":\"fr-FR\",\"potentialAction\":[{\"@type\":\"ReadAction\",\"target\":[\"https:\/\/www.yardiinvestmentsuite.com\/fr-fr\/debt-manager\/\"]}]},{\"@type\":\"ImageObject\",\"inLanguage\":\"fr-FR\",\"@id\":\"https:\/\/www.yardiinvestmentsuite.com\/fr-fr\/debt-manager\/#primaryimage\",\"url\":\"https:\/\/www.yardiinvestmentsuite.com\/wp-content\/uploads\/sites\/88\/2023\/08\/Debt-hero-desktop_final.png\",\"contentUrl\":\"https:\/\/www.yardiinvestmentsuite.com\/wp-content\/uploads\/sites\/88\/2023\/08\/Debt-hero-desktop_final.png\"},{\"@type\":\"BreadcrumbList\",\"@id\":\"https:\/\/www.yardiinvestmentsuite.com\/fr-fr\/debt-manager\/#breadcrumb\",\"itemListElement\":[{\"@type\":\"ListItem\",\"position\":1,\"name\":\"Home\",\"item\":\"https:\/\/www.yardiinvestmentsuite.com\/fr-fr\/\"},{\"@type\":\"ListItem\",\"position\":2,\"name\":\"Debt Manager\"}]},{\"@type\":\"WebSite\",\"@id\":\"https:\/\/www.yardiinvestmentsuite.com\/fr-fr\/#website\",\"url\":\"https:\/\/www.yardiinvestmentsuite.com\/fr-fr\/\",\"name\":\"Yardi Investment Suite\",\"description\":\"\",\"publisher\":{\"@id\":\"https:\/\/www.yardiinvestmentsuite.com\/fr-fr\/#organization\"},\"potentialAction\":[{\"@type\":\"SearchAction\",\"target\":{\"@type\":\"EntryPoint\",\"urlTemplate\":\"https:\/\/www.yardiinvestmentsuite.com\/fr-fr\/?s={search_term_string}\"},\"query-input\":{\"@type\":\"PropertyValueSpecification\",\"valueRequired\":true,\"valueName\":\"search_term_string\"}}],\"inLanguage\":\"fr-FR\"},{\"@type\":\"Organization\",\"@id\":\"https:\/\/www.yardiinvestmentsuite.com\/fr-fr\/#organization\",\"name\":\"Yardi Investment Suite\",\"url\":\"https:\/\/www.yardiinvestmentsuite.com\/fr-fr\/\",\"logo\":{\"@type\":\"ImageObject\",\"inLanguage\":\"fr-FR\",\"@id\":\"https:\/\/www.yardiinvestmentsuite.com\/fr-fr\/#\/schema\/logo\/image\/\",\"url\":\"https:\/\/www.yardiinvestmentsuite.com\/wp-content\/uploads\/sites\/88\/2022\/04\/Yardi-Investment-Suite-InLine-3D.png\",\"contentUrl\":\"https:\/\/www.yardiinvestmentsuite.com\/wp-content\/uploads\/sites\/88\/2022\/04\/Yardi-Investment-Suite-InLine-3D.png\",\"width\":492,\"height\":64,\"caption\":\"Yardi Investment Suite\"},\"image\":{\"@id\":\"https:\/\/www.yardiinvestmentsuite.com\/fr-fr\/#\/schema\/logo\/image\/\"}}]}<\/script>\n<!-- \/ Yoast SEO Premium plugin. -->","yoast_head_json":{"title":"Logiciel de gestion de la dette pour l\u2019immobilier","description":"Supprimez les feuilles de calcul, centralisez les donn\u00e9es et g\u00e9rez la dette de votre portefeuille gr\u00e2ce \u00e0 une seule solution connect\u00e9e.","robots":{"index":"index","follow":"follow","max-snippet":"max-snippet:-1","max-image-preview":"max-image-preview:large","max-video-preview":"max-video-preview:-1"},"canonical":"https:\/\/www.yardiinvestmentsuite.com\/fr-fr\/debt-manager\/","og_locale":"fr_FR","og_type":"article","og_title":"Debt Manager","og_description":"Supprimez les feuilles de calcul, centralisez les donn\u00e9es et g\u00e9rez la dette de votre portefeuille gr\u00e2ce \u00e0 une seule solution connect\u00e9e.","og_url":"https:\/\/www.yardiinvestmentsuite.com\/fr-fr\/debt-manager\/","og_site_name":"Yardi Investment Suite","article_modified_time":"2025-07-24T14:10:14+00:00","og_image":[{"url":"https:\/\/www.yardiinvestmentsuite.com\/wp-content\/uploads\/sites\/88\/2023\/08\/Debt-hero-desktop_final.png","type":"","width":"","height":""}],"twitter_card":"summary_large_image","twitter_misc":{"Dur\u00e9e de lecture estim\u00e9e":"3 minutes"},"schema":{"@context":"https:\/\/schema.org","@graph":[{"@type":"WebPage","@id":"https:\/\/www.yardiinvestmentsuite.com\/fr-fr\/debt-manager\/","url":"https:\/\/www.yardiinvestmentsuite.com\/fr-fr\/debt-manager\/","name":"Logiciel de gestion de la dette pour l\u2019immobilier","isPartOf":{"@id":"https:\/\/www.yardiinvestmentsuite.com\/fr-fr\/#website"},"primaryImageOfPage":{"@id":"https:\/\/www.yardiinvestmentsuite.com\/fr-fr\/debt-manager\/#primaryimage"},"image":{"@id":"https:\/\/www.yardiinvestmentsuite.com\/fr-fr\/debt-manager\/#primaryimage"},"thumbnailUrl":"https:\/\/www.yardiinvestmentsuite.com\/wp-content\/uploads\/sites\/88\/2023\/08\/Debt-hero-desktop_final.png","datePublished":"2025-07-24T14:10:11+00:00","dateModified":"2025-07-24T14:10:14+00:00","description":"Supprimez les feuilles de calcul, centralisez les donn\u00e9es et g\u00e9rez la dette de votre portefeuille gr\u00e2ce \u00e0 une seule solution connect\u00e9e.","breadcrumb":{"@id":"https:\/\/www.yardiinvestmentsuite.com\/fr-fr\/debt-manager\/#breadcrumb"},"inLanguage":"fr-FR","potentialAction":[{"@type":"ReadAction","target":["https:\/\/www.yardiinvestmentsuite.com\/fr-fr\/debt-manager\/"]}]},{"@type":"ImageObject","inLanguage":"fr-FR","@id":"https:\/\/www.yardiinvestmentsuite.com\/fr-fr\/debt-manager\/#primaryimage","url":"https:\/\/www.yardiinvestmentsuite.com\/wp-content\/uploads\/sites\/88\/2023\/08\/Debt-hero-desktop_final.png","contentUrl":"https:\/\/www.yardiinvestmentsuite.com\/wp-content\/uploads\/sites\/88\/2023\/08\/Debt-hero-desktop_final.png"},{"@type":"BreadcrumbList","@id":"https:\/\/www.yardiinvestmentsuite.com\/fr-fr\/debt-manager\/#breadcrumb","itemListElement":[{"@type":"ListItem","position":1,"name":"Home","item":"https:\/\/www.yardiinvestmentsuite.com\/fr-fr\/"},{"@type":"ListItem","position":2,"name":"Debt Manager"}]},{"@type":"WebSite","@id":"https:\/\/www.yardiinvestmentsuite.com\/fr-fr\/#website","url":"https:\/\/www.yardiinvestmentsuite.com\/fr-fr\/","name":"Yardi Investment Suite","description":"","publisher":{"@id":"https:\/\/www.yardiinvestmentsuite.com\/fr-fr\/#organization"},"potentialAction":[{"@type":"SearchAction","target":{"@type":"EntryPoint","urlTemplate":"https:\/\/www.yardiinvestmentsuite.com\/fr-fr\/?s={search_term_string}"},"query-input":{"@type":"PropertyValueSpecification","valueRequired":true,"valueName":"search_term_string"}}],"inLanguage":"fr-FR"},{"@type":"Organization","@id":"https:\/\/www.yardiinvestmentsuite.com\/fr-fr\/#organization","name":"Yardi Investment Suite","url":"https:\/\/www.yardiinvestmentsuite.com\/fr-fr\/","logo":{"@type":"ImageObject","inLanguage":"fr-FR","@id":"https:\/\/www.yardiinvestmentsuite.com\/fr-fr\/#\/schema\/logo\/image\/","url":"https:\/\/www.yardiinvestmentsuite.com\/wp-content\/uploads\/sites\/88\/2022\/04\/Yardi-Investment-Suite-InLine-3D.png","contentUrl":"https:\/\/www.yardiinvestmentsuite.com\/wp-content\/uploads\/sites\/88\/2022\/04\/Yardi-Investment-Suite-InLine-3D.png","width":492,"height":64,"caption":"Yardi Investment Suite"},"image":{"@id":"https:\/\/www.yardiinvestmentsuite.com\/fr-fr\/#\/schema\/logo\/image\/"}}]}},"jetpack_sharing_enabled":true,"_links":{"self":[{"href":"https:\/\/www.yardiinvestmentsuite.com\/fr-fr\/wp-json\/wp\/v2\/pages\/8064","targetHints":{"allow":["GET"]}}],"collection":[{"href":"https:\/\/www.yardiinvestmentsuite.com\/fr-fr\/wp-json\/wp\/v2\/pages"}],"about":[{"href":"https:\/\/www.yardiinvestmentsuite.com\/fr-fr\/wp-json\/wp\/v2\/types\/page"}],"author":[{"embeddable":true,"href":"https:\/\/www.yardiinvestmentsuite.com\/fr-fr\/wp-json\/wp\/v2\/users\/2969"}],"replies":[{"embeddable":true,"href":"https:\/\/www.yardiinvestmentsuite.com\/fr-fr\/wp-json\/wp\/v2\/comments?post=8064"}],"version-history":[{"count":4,"href":"https:\/\/www.yardiinvestmentsuite.com\/fr-fr\/wp-json\/wp\/v2\/pages\/8064\/revisions"}],"predecessor-version":[{"id":8595,"href":"https:\/\/www.yardiinvestmentsuite.com\/fr-fr\/wp-json\/wp\/v2\/pages\/8064\/revisions\/8595"}],"wp:attachment":[{"href":"https:\/\/www.yardiinvestmentsuite.com\/fr-fr\/wp-json\/wp\/v2\/media?parent=8064"}],"curies":[{"name":"wp","href":"https:\/\/api.w.org\/{rel}","templated":true}]}}