{"id":8056,"date":"2025-07-24T14:10:18","date_gmt":"2025-07-24T14:10:18","guid":{"rendered":"https:\/\/www.yardiinvestmentsuite.com\/gestionnaires-de-fonds\/"},"modified":"2025-07-24T14:10:22","modified_gmt":"2025-07-24T14:10:22","slug":"gestionnaires-de-fonds","status":"publish","type":"page","link":"https:\/\/www.yardiinvestmentsuite.com\/fr-fr\/gestionnaires-de-fonds\/","title":{"rendered":"Gestionnaires de fonds"},"content":{"rendered":"\n<h1>\n\t\tUne seule solution logicielle connect\u00e9e pour les gestionnaires de fonds\n\t<\/h1>\n\t<p>Augmentez la visibilit\u00e9, automatisez les calculs complexes de performances et de frais et rationalisez la gestion de la dette.<\/p>\n\t\t\t<a href=\"https:\/\/www.yardiinvestmentsuite.com\/fr-fr\/reservez-une-demonstration\/\" target=\"_self\" rel=\"noopener\">\n\t\t\t\t\t\t\tDEMANDEZ UNE D\u00c9MONSTRATION\n\t\t\t\t\t<\/a>\n\t\t\t\t<img loading=\"lazy\" decoding=\"async\" src=\"https:\/\/www.yardiinvestmentsuite.com\/wp-content\/uploads\/sites\/88\/2023\/05\/home-computer.png\" alt=\"home-computer\" itemprop=\"image\" height=\"774\" width=\"1030\" title=\"home-computer\" onerror=\"this.style.display='none'\"\/>\n<h2>\n\t\tProduits de base\n\t<\/h2>\n<h3>\n\t\t<a href=\"https:\/\/www.yardiinvestmentsuite.com\/fr-fr\/investment-accounting\/\" title=\"Investment &lt;br \/&gt;Accounting\" target=\"_self\" rel=\"noopener\">\n\t\tInvestissement <br \/>Comptabilit\u00e9\n\t\t<\/a>\n\t<\/h3>\n\t<p>Tenez compte de toutes les structures de propri\u00e9t\u00e9 immobili\u00e8re, des plus simples aux plus complexes, et automatisez les processus manuels gr\u00e2ce \u00e0 une solution de comptabilit\u00e9 des investissements de premier plan.<\/p>\n<h3>\n\t\t<a href=\"https:\/\/www.yardiinvestmentsuite.com\/fr-fr\/investment-manager\/\" title=\"Investment&lt;strong&gt;&lt;br \/&gt;&lt;\/strong&gt;Manager\" target=\"_self\" rel=\"noopener\">\n\t\tInvestment<strong><br \/><\/strong>Manager\n\t\t<\/a>\n\t<\/h3>\n\t<p>Communiquez facilement avec les investisseurs existants et potentiels. Fournissez un acc\u00e8s facile aux indicateurs d&#8217;investissement, aux documents, aux opportunit\u00e9s et aux rapports au moyen d\u2019un portail d\u2019investisseurs sigl\u00e9 enti\u00e8rement connect\u00e9 aux solutions Yardi.<\/p>\n<h3>\n\t\t<a href=\"https:\/\/www.yardiinvestmentsuite.com\/fr-fr\/debt-manager\/\" title=\"Debt&lt;strong&gt;&lt;br \/&gt;&lt;\/strong&gt;Manager\" target=\"_self\" rel=\"noopener\">\n\t\tDebt<strong><br \/><\/strong>Manager\n\t\t<\/a>\n\t<\/h3>\n\t<p>G\u00e9rez tous les aspects de la dette immobili\u00e8re en tant qu&#8217;emprunteur et les investissements en dette avec une solution connect\u00e9e \u00e0 la puissance des plateformes de gestion immobili\u00e8re et de comptabilit\u00e9 des investissements de Yardi.<\/p>\n<h3>\n\t\t<a href=\"https:\/\/www.yardiinvestmentsuite.com\/fr-fr\/performance-manager\/\" title=\"Performance &lt;br \/&gt;Manager\" target=\"_self\" rel=\"noopener\">\n\t\tPerformance <br \/>Manager\n\t\t<\/a>\n\t<\/h3>\n\t<p>Analysez des indicateurs d&#8217;investissement complexes, cr\u00e9ez des composites bas\u00e9s sur des attributs \u00e0 la vol\u00e9e et menez des discussions \u00e9clair\u00e9es avec les op\u00e9rateurs d&#8217;actifs tout en conservant une visibilit\u00e9 compl\u00e8te sur les indicateurs de performance, de l&#8217;investisseur au bail.<\/p>\n\t\t\t\t<img loading=\"lazy\" decoding=\"async\" src=\"https:\/\/www.yardiinvestmentsuite.com\/wp-content\/uploads\/sites\/88\/2023\/07\/owner-managers-thumbnails-3.png\" alt=\"owner-managers-thumbnails-3\" itemprop=\"image\" height=\"713\" width=\"765\" title=\"owner-managers-thumbnails-3\" onerror=\"this.style.display='none'\"\/>\n\t<p>Automatisez les consolidations financi\u00e8res et prenez en compte toute structure de propri\u00e9t\u00e9 avec une puissante plateforme connect\u00e9e<\/p>\n\t<ul>\n<li>Cl\u00f4turez les p\u00e9riodes comptables plus rapidement en automatisant les consolidations, les \u00e9liminations et les allocations<\/li>\n<li>Produisez des rapports financiers d\u00e9taill\u00e9s sur les investissements et les investisseurs<\/li>\n<li>Automatisez les transactions sur l\u2019ensemble de la structure de propri\u00e9t\u00e9, y compris les appels de capitaux et les distributions<\/li>\n<li>Calculez et comptabilisez les frais li\u00e9s aux investissements, les transferts de partenaires et d\u2019autres processus complexes associ\u00e9s aux structures immobili\u00e8res<\/li>\n<\/ul>\n\t<p>Centralisez et automatisez les relations avec les investisseurs au moyen d\u2019un portail sigl\u00e9 avec Investment Manager<\/p>\n\t<ul>\n<li>Permettez aux investisseurs d&#8217;acc\u00e9der de mani\u00e8re interactive aux indicateurs d&#8217;investissement publi\u00e9s jusqu&#8217;\u00e0 l&#8217;actif<\/li>\n<li>Offrez une exp\u00e9rience semblable \u00e0 celle d\u2019une salle de march\u00e9 avec les investisseurs existants et potentiels<\/li>\n<li>\u00c9liminez le transfert de donn\u00e9es, les rapprochements et la saisie multiple de donn\u00e9es avec une source unique de v\u00e9rit\u00e9<\/li>\n<li>Approuvez les mises \u00e0 jour \u00e0 partir d&#8217;un portail en libre-service pour les modifications de profil d\u2019investisseur et les enregistrements syst\u00e8me<\/li>\n<\/ul>\n\t\t\t\t<img loading=\"lazy\" decoding=\"async\" src=\"https:\/\/www.yardiinvestmentsuite.com\/wp-content\/uploads\/sites\/88\/2023\/07\/owner-managers-thumbnails-1.png\" alt=\"owner-managers-thumbnails-1\" itemprop=\"image\" height=\"661\" width=\"705\" title=\"owner-managers-thumbnails-1\" onerror=\"this.style.display='none'\"\/>\n\t\t\t\t<img loading=\"lazy\" decoding=\"async\" src=\"https:\/\/www.yardiinvestmentsuite.com\/wp-content\/uploads\/sites\/88\/2023\/07\/fund-managers-thumbnails-3.png\" alt=\"fund-managers-thumbnails-3\" itemprop=\"image\" height=\"664\" width=\"834\" title=\"fund-managers-thumbnails-3\" onerror=\"this.style.display='none'\"\/>\n\t<p>G\u00e9rez les risques et simplifiez l&#8217;acc\u00e8s aux informations sur les pr\u00eats avec Debt Manager<\/p>\n\t<ul>\n<li>Fournissez une visibilit\u00e9 sur tous les pr\u00eats du portefeuille aux principales parties prenantes avec des attributs d\u00e9finissables<\/li>\n<li>Gagnez en transparence sur les modifications des conditions de pr\u00eat au fil du temps<\/li>\n<li>Suivez les dates critiques des \u00e9l\u00e9ments dus aux pr\u00eateurs ou des emprunteurs<\/li>\n<li>Tirez parti des donn\u00e9es budg\u00e9taires au niveau des actifs captur\u00e9es dans Yardi Voyager pour b\u00e9n\u00e9ficier d\u2019une visibilit\u00e9 sur les futurs risques potentiels<\/li>\n<\/ul>\n\t<p>Automatisez la visibilit\u00e9, des retours sur investissement complexes \u00e0 l&#8217;analyse financi\u00e8re configurable pour chaque groupe d\u2019entreprise<\/p>\n\t<ul>\n<li>Utilisez des dispositions, contenus et regroupements de tableaux de bord configurables sans n\u00e9cessiter de programmation personnalis\u00e9e<\/li>\n<li>Cr\u00e9ez \u00e0 la vol\u00e9e une analyse composite \u00e0 l&#8217;aide d&#8217;attributs pour des calculs simples ou complexes, notamment les retours sur investissement pond\u00e9r\u00e9s dans le temps, les taux de rentabilit\u00e9 interne, les multiples de capital investi, etc.<\/li>\n<li>Comparez les investissements et\/ou la performance des actifs avec des r\u00e9f\u00e9rences sectorielles ou internes<\/li>\n<li>La seule solution d&#8217;analyse d&#8217;investissement sur le march\u00e9 enti\u00e8rement connect\u00e9e \u00e0 plusieurs solutions Yardi*<\/li>\n<\/ul>\n\n<h6><em>* Tous les modules int\u00e9gr\u00e9s sont sous licence s\u00e9par\u00e9ment<\/em><\/h6>\n\t\t\t\t<img loading=\"lazy\" decoding=\"async\" src=\"https:\/\/www.yardiinvestmentsuite.com\/wp-content\/uploads\/sites\/88\/2023\/07\/fund-managers-thumbnails-4.png\" alt=\"fund-managers-thumbnails-4\" itemprop=\"image\" height=\"678\" width=\"810\" title=\"fund-managers-thumbnails-4\" onerror=\"this.style.display='none'\"\/>\n<h2>\n\t\tIls font confiance \u00e0 Yardi Investment Suite\n\t<\/h2>\n\t\t\t\t<a href=\"#\" target=\"_self\" itemprop=\"url\" rel=\"noopener\">\n\t\t\t\t<img loading=\"lazy\" decoding=\"async\" src=\"https:\/\/www.yardiinvestmentsuite.com\/wp-content\/uploads\/sites\/88\/2022\/04\/Alter-Domus-logo.png\" alt=\"Alter Domus logo\" itemprop=\"image\" height=\"32\" width=\"200\" title=\"Alter Domus logo\" onerror=\"this.style.display='none'\"\/>\n\t\t\t\t<\/a>\n\t\t\t\t<a href=\"#\" target=\"_self\" itemprop=\"url\" rel=\"noopener\">\n\t\t\t\t<img loading=\"lazy\" decoding=\"async\" src=\"https:\/\/www.yardiinvestmentsuite.com\/wp-content\/uploads\/sites\/88\/2022\/04\/Cohen-Asset-Management-logo.png\" alt=\"Cohen Asset Management logo\" itemprop=\"image\" height=\"78\" width=\"247\" title=\"Cohen Asset Management logo\" onerror=\"this.style.display='none'\"\/>\n\t\t\t\t<\/a>\n\t\t\t\t<a href=\"#\" target=\"_self\" itemprop=\"url\" rel=\"noopener\">\n\t\t\t\t<img loading=\"lazy\" decoding=\"async\" src=\"https:\/\/www.yardiinvestmentsuite.com\/wp-content\/uploads\/sites\/88\/2022\/04\/MG-Properties_Logo-Full-Color.png\" alt=\"MG Properties_Logo Full Color\" itemprop=\"image\" height=\"2231\" width=\"8191\" title=\"MG Properties_Logo Full Color\" onerror=\"this.style.display='none'\"\/>\n\t\t\t\t<\/a>\n\t\t\t\t<a href=\"#\" target=\"_self\" itemprop=\"url\" rel=\"noopener\">\n\t\t\t\t<img loading=\"lazy\" decoding=\"async\" src=\"https:\/\/www.yardiinvestmentsuite.com\/wp-content\/uploads\/sites\/88\/2022\/04\/ROCO-Real-Estate-logo.png\" alt=\"ROCO Real Estate logo\" itemprop=\"image\" height=\"280\" width=\"280\" title=\"ROCO Real Estate logo\" onerror=\"this.style.display='none'\"\/>\n\t\t\t\t<\/a>\n\t\t\t\t<a href=\"#\" target=\"_self\" itemprop=\"url\" rel=\"noopener\">\n\t\t\t\t<img loading=\"lazy\" decoding=\"async\" src=\"https:\/\/www.yardiinvestmentsuite.com\/wp-content\/uploads\/sites\/88\/2022\/04\/Hanini-Group_Logo_BLUE.png\" alt=\"Hanini Group_Logo_BLUE\" itemprop=\"image\" height=\"2831\" width=\"4927\" title=\"Hanini Group_Logo_BLUE\" onerror=\"this.style.display='none'\"\/>\n\t\t\t\t<\/a>\n\t\t\t\t<a href=\"#\" target=\"_self\" itemprop=\"url\" rel=\"noopener\">\n\t\t\t\t<img loading=\"lazy\" decoding=\"async\" src=\"https:\/\/www.yardiinvestmentsuite.com\/wp-content\/uploads\/sites\/88\/2022\/04\/Uniland-logo_tagline_color.png\" alt=\"Uniland logo_tagline_color\" itemprop=\"image\" height=\"967\" width=\"3334\" title=\"Uniland logo_tagline_color\" onerror=\"this.style.display='none'\"\/>\n\t\t\t\t<\/a>\n<h2>\n\t\tLa solution connect\u00e9e de gestion des investissements\n\t<\/h2>\n\t<p>G\u00e9rez l\u2019ensemble du cycle de vie de l\u2019investissement immobilier, du portail des investisseurs \u00e0 la comptabilit\u00e9 complexe des investissements et des dettes en passant par la gestion des performances.<\/p>\n\t\t\t<a href=\"https:\/\/www.yardiinvestmentsuite.com\/fr-fr\/reservez-une-demonstration\/\" target=\"_self\" rel=\"noopener\">\n\t\t\t\t\t\t\tDemandez une d\u00e9monstration \n\t\t\t\t\t<\/a>\n\t<p>FAQ<br \/><\/p>\n\t<p>Obtenez des r\u00e9ponses \u00e0 vos questions sur Yardi Investment Suite.<\/p>\n\t\t\t\t\t<a href=\"#\" id=\"fl-accordion--label-0\" tabindex=\"0\" aria-controls=\"fl-accordion--panel-0\">En quoi consiste Yardi Investment Suite\u00a0?<\/a>\n\t\t\t\t\t\t\t\t\t\t\t<a href=\"#\" id=\"fl-accordion--icon-0\" tabindex=\"0\" aria-controls=\"fl-accordion--panel-0\"><i>D\u00e9velopper<\/i><\/a>\n\t\t\t\t\t<p>Yardi Investment Suite est une plateforme enti\u00e8rement connect\u00e9e con\u00e7ue pour les organisations ayant besoin d&#8217;une gestion des investissements immobiliers pour superviser leurs investissements, leurs investisseurs et leurs actifs. Le logiciel convient aux propri\u00e9taires-gestionnaires, aux gestionnaires et administrateurs de capital-investissement, de la dette priv\u00e9e, d\u2019institutions et de fonds, aux commandit\u00e9s et aux commanditaires, ainsi qu\u2019aux SIIC, aux banques, aux compagnies d&#8217;assurance et aux bureaux de gestion de patrimoine.<\/p>\n\t\t\t\t\t<a href=\"#\" id=\"fl-accordion--label-1\" tabindex=\"0\" aria-controls=\"fl-accordion--panel-1\">Quelles sont les principales fonctionnalit\u00e9s de Yardi Investment Suite\u00a0?<\/a>\n\t\t\t\t\t\t\t\t\t\t\t<a href=\"#\" id=\"fl-accordion--icon-1\" tabindex=\"0\" aria-controls=\"fl-accordion--panel-1\"><i>D\u00e9velopper<\/i><\/a>\n\t\t\t\t\t<p>Yardi Investment Suite vous aide \u00e0 superviser l\u2019ensemble de votre strat\u00e9gie d\u2019investissement immobilier \u00e0 partir d\u2019une plateforme unifi\u00e9e. B\u00e9n\u00e9ficiez d\u2019une transparence totale sur votre portefeuille d\u2019investissement, de l\u2019investissement \u00e0 l\u2019actif. G\u00e9rez les investissements, la dette, les structures de propri\u00e9t\u00e9 et les correspondances complexes. Suivez et lancez des investissements avec des investisseurs au moyen d\u2019un portail sigl\u00e9.<\/p>\n\t\t\t\t\t<a href=\"#\" id=\"fl-accordion--label-2\" tabindex=\"0\" aria-controls=\"fl-accordion--panel-2\">Combien co\u00fbte la plateforme\u00a0?<\/a>\n\t\t\t\t\t\t\t\t\t\t\t<a href=\"#\" id=\"fl-accordion--icon-2\" tabindex=\"0\" aria-controls=\"fl-accordion--panel-2\"><i>D\u00e9velopper<\/i><\/a>\n\t\t\t\t\t<p>Yardi Investment Suite propose une gamme de produits et de fonctions. La tarification d\u00e9pend de vos besoins m\u00e9tier, du portail d\u2019investisseurs \u00e0 la comptabilit\u00e9 des investissements pour les distributions complexes, en passant par la gestion de la dette pour les passifs ou les actifs. La solution est flexible et permet un d\u00e9ploiement sur une seule pile ou peut \u00eatre impl\u00e9ment\u00e9e par phases au fur et \u00e0 mesure que des fonctionnalit\u00e9s sont n\u00e9cessaires.<\/p>\n<p>Veuillez nous contacter pour en savoir plus sur notre offre et nos prix ou organiser une <a href=\"https:\/\/www.yardiinvestmentsuite.com\/fr-fr\/reservez-une-demonstration\/\">d\u00e9monstration rapide du produit<\/a>.<\/p>\n\n","protected":false},"excerpt":{"rendered":"<p>Une seule solution logicielle connect\u00e9e pour les gestionnaires de fonds Augmentez la visibilit\u00e9, automatisez les calculs complexes de performances et de frais et rationalisez la gestion de la dette. DEMANDEZ UNE D\u00c9MONSTRATION Produits de base Investissement Comptabilit\u00e9 Tenez compte de toutes les structures de propri\u00e9t\u00e9 immobili\u00e8re, des plus simples aux plus complexes, et automatisez les&hellip;<\/p>\n","protected":false},"author":2969,"featured_media":0,"parent":0,"menu_order":0,"comment_status":"closed","ping_status":"closed","template":"","meta":{"footnotes":""},"class_list":["post-8056","page","type-page","status-publish","hentry"],"yoast_head":"<!-- This site is optimized with the Yoast SEO Premium plugin v23.4 (Yoast SEO v24.6) - https:\/\/yoast.com\/wordpress\/plugins\/seo\/ -->\n<title>Logiciel de gestion de fonds<\/title>\n<meta name=\"description\" content=\"Logiciel de bout en bout qui augmente la visibilit\u00e9, automatise les calculs complexes de performances et de frais et rationalise la gestion de la dette.\" \/>\n<meta name=\"robots\" content=\"index, follow, max-snippet:-1, max-image-preview:large, max-video-preview:-1\" \/>\n<link rel=\"canonical\" href=\"https:\/\/www.yardiinvestmentsuite.com\/fr-fr\/gestionnaires-de-fonds\/\" \/>\n<meta property=\"og:locale\" content=\"fr_FR\" \/>\n<meta property=\"og:type\" content=\"article\" \/>\n<meta property=\"og:title\" content=\"Gestionnaires de fonds\" \/>\n<meta property=\"og:description\" content=\"Logiciel de bout en bout qui augmente la visibilit\u00e9, automatise les calculs complexes de performances et de frais et rationalise la gestion de la dette.\" \/>\n<meta property=\"og:url\" content=\"https:\/\/www.yardiinvestmentsuite.com\/fr-fr\/gestionnaires-de-fonds\/\" \/>\n<meta property=\"og:site_name\" content=\"Yardi Investment Suite\" \/>\n<meta property=\"article:modified_time\" content=\"2025-07-24T14:10:22+00:00\" \/>\n<meta property=\"og:image\" content=\"https:\/\/www.yardiinvestmentsuite.com\/wp-content\/uploads\/sites\/88\/2023\/05\/home-computer.png\" \/>\n<meta name=\"twitter:card\" content=\"summary_large_image\" \/>\n<meta name=\"twitter:label1\" content=\"Dur\u00e9e de lecture estim\u00e9e\" \/>\n\t<meta name=\"twitter:data1\" content=\"5 minutes\" \/>\n<script type=\"application\/ld+json\" class=\"yoast-schema-graph\">{\"@context\":\"https:\/\/schema.org\",\"@graph\":[{\"@type\":\"WebPage\",\"@id\":\"https:\/\/www.yardiinvestmentsuite.com\/fr-fr\/gestionnaires-de-fonds\/\",\"url\":\"https:\/\/www.yardiinvestmentsuite.com\/fr-fr\/gestionnaires-de-fonds\/\",\"name\":\"Logiciel de gestion de fonds\",\"isPartOf\":{\"@id\":\"https:\/\/www.yardiinvestmentsuite.com\/fr-fr\/#website\"},\"primaryImageOfPage\":{\"@id\":\"https:\/\/www.yardiinvestmentsuite.com\/fr-fr\/gestionnaires-de-fonds\/#primaryimage\"},\"image\":{\"@id\":\"https:\/\/www.yardiinvestmentsuite.com\/fr-fr\/gestionnaires-de-fonds\/#primaryimage\"},\"thumbnailUrl\":\"https:\/\/www.yardiinvestmentsuite.com\/wp-content\/uploads\/sites\/88\/2023\/05\/home-computer.png\",\"datePublished\":\"2025-07-24T14:10:18+00:00\",\"dateModified\":\"2025-07-24T14:10:22+00:00\",\"description\":\"Logiciel de bout en bout qui augmente la visibilit\u00e9, automatise les calculs complexes de performances et de frais et rationalise la gestion de la dette.\",\"breadcrumb\":{\"@id\":\"https:\/\/www.yardiinvestmentsuite.com\/fr-fr\/gestionnaires-de-fonds\/#breadcrumb\"},\"inLanguage\":\"fr-FR\",\"potentialAction\":[{\"@type\":\"ReadAction\",\"target\":[\"https:\/\/www.yardiinvestmentsuite.com\/fr-fr\/gestionnaires-de-fonds\/\"]}]},{\"@type\":\"ImageObject\",\"inLanguage\":\"fr-FR\",\"@id\":\"https:\/\/www.yardiinvestmentsuite.com\/fr-fr\/gestionnaires-de-fonds\/#primaryimage\",\"url\":\"https:\/\/www.yardiinvestmentsuite.com\/wp-content\/uploads\/sites\/88\/2023\/05\/home-computer.png\",\"contentUrl\":\"https:\/\/www.yardiinvestmentsuite.com\/wp-content\/uploads\/sites\/88\/2023\/05\/home-computer.png\"},{\"@type\":\"BreadcrumbList\",\"@id\":\"https:\/\/www.yardiinvestmentsuite.com\/fr-fr\/gestionnaires-de-fonds\/#breadcrumb\",\"itemListElement\":[{\"@type\":\"ListItem\",\"position\":1,\"name\":\"Home\",\"item\":\"https:\/\/www.yardiinvestmentsuite.com\/fr-fr\/\"},{\"@type\":\"ListItem\",\"position\":2,\"name\":\"Gestionnaires de fonds\"}]},{\"@type\":\"WebSite\",\"@id\":\"https:\/\/www.yardiinvestmentsuite.com\/fr-fr\/#website\",\"url\":\"https:\/\/www.yardiinvestmentsuite.com\/fr-fr\/\",\"name\":\"Yardi Investment Suite\",\"description\":\"\",\"publisher\":{\"@id\":\"https:\/\/www.yardiinvestmentsuite.com\/fr-fr\/#organization\"},\"potentialAction\":[{\"@type\":\"SearchAction\",\"target\":{\"@type\":\"EntryPoint\",\"urlTemplate\":\"https:\/\/www.yardiinvestmentsuite.com\/fr-fr\/?s={search_term_string}\"},\"query-input\":{\"@type\":\"PropertyValueSpecification\",\"valueRequired\":true,\"valueName\":\"search_term_string\"}}],\"inLanguage\":\"fr-FR\"},{\"@type\":\"Organization\",\"@id\":\"https:\/\/www.yardiinvestmentsuite.com\/fr-fr\/#organization\",\"name\":\"Yardi Investment Suite\",\"url\":\"https:\/\/www.yardiinvestmentsuite.com\/fr-fr\/\",\"logo\":{\"@type\":\"ImageObject\",\"inLanguage\":\"fr-FR\",\"@id\":\"https:\/\/www.yardiinvestmentsuite.com\/fr-fr\/#\/schema\/logo\/image\/\",\"url\":\"https:\/\/www.yardiinvestmentsuite.com\/wp-content\/uploads\/sites\/88\/2022\/04\/Yardi-Investment-Suite-InLine-3D.png\",\"contentUrl\":\"https:\/\/www.yardiinvestmentsuite.com\/wp-content\/uploads\/sites\/88\/2022\/04\/Yardi-Investment-Suite-InLine-3D.png\",\"width\":492,\"height\":64,\"caption\":\"Yardi Investment Suite\"},\"image\":{\"@id\":\"https:\/\/www.yardiinvestmentsuite.com\/fr-fr\/#\/schema\/logo\/image\/\"}}]}<\/script>\n<!-- \/ Yoast SEO Premium plugin. -->","yoast_head_json":{"title":"Logiciel de gestion de fonds","description":"Logiciel de bout en bout qui augmente la visibilit\u00e9, automatise les calculs complexes de performances et de frais et rationalise la gestion de la dette.","robots":{"index":"index","follow":"follow","max-snippet":"max-snippet:-1","max-image-preview":"max-image-preview:large","max-video-preview":"max-video-preview:-1"},"canonical":"https:\/\/www.yardiinvestmentsuite.com\/fr-fr\/gestionnaires-de-fonds\/","og_locale":"fr_FR","og_type":"article","og_title":"Gestionnaires de fonds","og_description":"Logiciel de bout en bout qui augmente la visibilit\u00e9, automatise les calculs complexes de performances et de frais et rationalise la gestion de la dette.","og_url":"https:\/\/www.yardiinvestmentsuite.com\/fr-fr\/gestionnaires-de-fonds\/","og_site_name":"Yardi Investment Suite","article_modified_time":"2025-07-24T14:10:22+00:00","og_image":[{"url":"https:\/\/www.yardiinvestmentsuite.com\/wp-content\/uploads\/sites\/88\/2023\/05\/home-computer.png","type":"","width":"","height":""}],"twitter_card":"summary_large_image","twitter_misc":{"Dur\u00e9e de lecture estim\u00e9e":"5 minutes"},"schema":{"@context":"https:\/\/schema.org","@graph":[{"@type":"WebPage","@id":"https:\/\/www.yardiinvestmentsuite.com\/fr-fr\/gestionnaires-de-fonds\/","url":"https:\/\/www.yardiinvestmentsuite.com\/fr-fr\/gestionnaires-de-fonds\/","name":"Logiciel de gestion de fonds","isPartOf":{"@id":"https:\/\/www.yardiinvestmentsuite.com\/fr-fr\/#website"},"primaryImageOfPage":{"@id":"https:\/\/www.yardiinvestmentsuite.com\/fr-fr\/gestionnaires-de-fonds\/#primaryimage"},"image":{"@id":"https:\/\/www.yardiinvestmentsuite.com\/fr-fr\/gestionnaires-de-fonds\/#primaryimage"},"thumbnailUrl":"https:\/\/www.yardiinvestmentsuite.com\/wp-content\/uploads\/sites\/88\/2023\/05\/home-computer.png","datePublished":"2025-07-24T14:10:18+00:00","dateModified":"2025-07-24T14:10:22+00:00","description":"Logiciel de bout en bout qui augmente la visibilit\u00e9, automatise les calculs complexes de performances et de frais et rationalise la gestion de la dette.","breadcrumb":{"@id":"https:\/\/www.yardiinvestmentsuite.com\/fr-fr\/gestionnaires-de-fonds\/#breadcrumb"},"inLanguage":"fr-FR","potentialAction":[{"@type":"ReadAction","target":["https:\/\/www.yardiinvestmentsuite.com\/fr-fr\/gestionnaires-de-fonds\/"]}]},{"@type":"ImageObject","inLanguage":"fr-FR","@id":"https:\/\/www.yardiinvestmentsuite.com\/fr-fr\/gestionnaires-de-fonds\/#primaryimage","url":"https:\/\/www.yardiinvestmentsuite.com\/wp-content\/uploads\/sites\/88\/2023\/05\/home-computer.png","contentUrl":"https:\/\/www.yardiinvestmentsuite.com\/wp-content\/uploads\/sites\/88\/2023\/05\/home-computer.png"},{"@type":"BreadcrumbList","@id":"https:\/\/www.yardiinvestmentsuite.com\/fr-fr\/gestionnaires-de-fonds\/#breadcrumb","itemListElement":[{"@type":"ListItem","position":1,"name":"Home","item":"https:\/\/www.yardiinvestmentsuite.com\/fr-fr\/"},{"@type":"ListItem","position":2,"name":"Gestionnaires de fonds"}]},{"@type":"WebSite","@id":"https:\/\/www.yardiinvestmentsuite.com\/fr-fr\/#website","url":"https:\/\/www.yardiinvestmentsuite.com\/fr-fr\/","name":"Yardi Investment Suite","description":"","publisher":{"@id":"https:\/\/www.yardiinvestmentsuite.com\/fr-fr\/#organization"},"potentialAction":[{"@type":"SearchAction","target":{"@type":"EntryPoint","urlTemplate":"https:\/\/www.yardiinvestmentsuite.com\/fr-fr\/?s={search_term_string}"},"query-input":{"@type":"PropertyValueSpecification","valueRequired":true,"valueName":"search_term_string"}}],"inLanguage":"fr-FR"},{"@type":"Organization","@id":"https:\/\/www.yardiinvestmentsuite.com\/fr-fr\/#organization","name":"Yardi Investment Suite","url":"https:\/\/www.yardiinvestmentsuite.com\/fr-fr\/","logo":{"@type":"ImageObject","inLanguage":"fr-FR","@id":"https:\/\/www.yardiinvestmentsuite.com\/fr-fr\/#\/schema\/logo\/image\/","url":"https:\/\/www.yardiinvestmentsuite.com\/wp-content\/uploads\/sites\/88\/2022\/04\/Yardi-Investment-Suite-InLine-3D.png","contentUrl":"https:\/\/www.yardiinvestmentsuite.com\/wp-content\/uploads\/sites\/88\/2022\/04\/Yardi-Investment-Suite-InLine-3D.png","width":492,"height":64,"caption":"Yardi Investment Suite"},"image":{"@id":"https:\/\/www.yardiinvestmentsuite.com\/fr-fr\/#\/schema\/logo\/image\/"}}]}},"jetpack_sharing_enabled":true,"_links":{"self":[{"href":"https:\/\/www.yardiinvestmentsuite.com\/fr-fr\/wp-json\/wp\/v2\/pages\/8056","targetHints":{"allow":["GET"]}}],"collection":[{"href":"https:\/\/www.yardiinvestmentsuite.com\/fr-fr\/wp-json\/wp\/v2\/pages"}],"about":[{"href":"https:\/\/www.yardiinvestmentsuite.com\/fr-fr\/wp-json\/wp\/v2\/types\/page"}],"author":[{"embeddable":true,"href":"https:\/\/www.yardiinvestmentsuite.com\/fr-fr\/wp-json\/wp\/v2\/users\/2969"}],"replies":[{"embeddable":true,"href":"https:\/\/www.yardiinvestmentsuite.com\/fr-fr\/wp-json\/wp\/v2\/comments?post=8056"}],"version-history":[{"count":5,"href":"https:\/\/www.yardiinvestmentsuite.com\/fr-fr\/wp-json\/wp\/v2\/pages\/8056\/revisions"}],"predecessor-version":[{"id":8589,"href":"https:\/\/www.yardiinvestmentsuite.com\/fr-fr\/wp-json\/wp\/v2\/pages\/8056\/revisions\/8589"}],"wp:attachment":[{"href":"https:\/\/www.yardiinvestmentsuite.com\/fr-fr\/wp-json\/wp\/v2\/media?parent=8056"}],"curies":[{"name":"wp","href":"https:\/\/api.w.org\/{rel}","templated":true}]}}