{"id":8443,"date":"2023-08-23T09:35:29","date_gmt":"2023-08-23T09:35:29","guid":{"rendered":"https:\/\/www.yardiinvestmentsuite.com/en-gb\/startpagina\/"},"modified":"2024-08-13T09:18:07","modified_gmt":"2024-08-13T09:18:07","slug":"startpagina","status":"publish","type":"page","link":"https:\/\/www.yardiinvestmentsuite.com/en-gb\/nl-nl\/","title":{"rendered":"Startpagina"},"content":{"rendered":"\n<h1>\n\t\tEen ge\u00efntegreerde oplossing om het volledige proces van vastgoedinvesteringen te beheren\n\t<\/h1>\n\t<p>Beheer uw investeerdersportal, financiering, CRM, investeringsboekhouding en leningenbeheer op \u00e9\u00e9n plek met Yardi.<\/p>\n\t\t\t<a href=\"https:\/\/www.yardiinvestmentsuite.com/en-gb\/nl-nl\/vraag-een-demo-aan\/\" target=\"_self\" rel=\"noopener\">\n\t\t\t\t\t\t\tVRAAG EEN DEMO AAN\n\t\t\t\t\t<\/a>\n\t\t\t\t<img loading=\"lazy\" decoding=\"async\" src=\"https:\/\/www.yardiinvestmentsuite.com/en-gb\/wp-content\/uploads\/sites\/88\/2023\/09\/01-InvestmentManager_Homepage_Carousel.gif\" alt=\"01-InvestmentManager_Homepage_Carousel\" itemprop=\"image\" height=\"1203\" width=\"1600\" title=\"01-InvestmentManager_Homepage_Carousel\" onerror=\"this.style.display='none'\"\/>\n\t\t\t\t<img loading=\"lazy\" decoding=\"async\" src=\"https:\/\/www.yardiinvestmentsuite.com/en-gb\/wp-content\/uploads\/sites\/88\/2023\/05\/icon-home-1.png\" alt=\"icon-home-1\" itemprop=\"image\" height=\"101\" width=\"104\" title=\"icon-home-1\" onerror=\"this.style.display='none'\"\/>\n\t<p>E\u00e9n ge\u00efntegreerde oplossing voor end-to-end investment management<\/p>\n\t\t\t\t<img loading=\"lazy\" decoding=\"async\" src=\"https:\/\/www.yardiinvestmentsuite.com/en-gb\/wp-content\/uploads\/sites\/88\/2023\/05\/icon-home-2.png\" alt=\"icon-home-2\" itemprop=\"image\" height=\"100\" width=\"102\" title=\"icon-home-2\" onerror=\"this.style.display='none'\"\/>\n\t<p>De bewezen goede keuze van zelfverzekerde investeerders en organisaties van elke omvang<\/p>\n\t\t\t\t<img loading=\"lazy\" decoding=\"async\" src=\"https:\/\/www.yardiinvestmentsuite.com/en-gb\/wp-content\/uploads\/sites\/88\/2023\/05\/icon-home-3.png\" alt=\"icon-home-3\" itemprop=\"image\" height=\"100\" width=\"100\" title=\"icon-home-3\" onerror=\"this.style.display='none'\"\/>\n\t<p>Al ruim 20 jaar d\u00e9 innovatieve oplossing voor vastgoedprocessen<\/p>\n<h2>\n\t\tOnze producten\n\t<\/h2>\n\t<p>Profiteer van toonaangevende oplossingen voor investment management die worden afgestemd op uw onderneming<\/p>\n<h3>\n\t\t<a href=\"https:\/\/www.yardiinvestmentsuite.com/en-gb\/nl-nl\/investment-manager\/\" title=\"Investment Manager\" target=\"_self\" rel=\"noopener\">\n\t\tInvestment Manager&nbsp;\n\t\t<\/a>\n\t<\/h3>\n\t<p>Zorg dat u soepel communiceert met bestaande en toekomstige investeerders, door investeringsstatistieken, documenten, nieuwe investeringsmogelijkheden en rapportages voor hen toegankelijk te maken via een portal in uw huisstijl. Het enige product dat volledig is ge\u00efntegreerd met de oplossingen van Yardi, voor maximale transparantie en efficiency.<\/p>\n<p><a href=\"https:\/\/www.yardiinvestmentsuite.com/en-gb\/nl-nl\/investment-manager\/\"><strong>Meer informatie<\/strong><\/a><\/p>\n<h3>\n\t\t<a href=\"https:\/\/www.yardiinvestmentsuite.com/en-gb\/nl-nl\/investment-accounting\/\" title=\"Investment Accounting\" target=\"_self\" rel=\"noopener\">\n\t\tInvestment Accounting&nbsp;\n\t\t<\/a>\n\t<\/h3>\n\t<p>Verzorg de boekhouding van uw vastgoedorganisatie, of deze nu eenvoudig of zeer complex is, en automatiseer alle handmatige processen met toonaangevende software voor investment accounting.<\/p>\n<p><strong><a href=\"https:\/\/www.yardiinvestmentsuite.com/en-gb\/nl-nl\/investment-accounting\/\">Meer informatie<\/a><\/strong><\/p>\n<h3>\n\t\t<a href=\"https:\/\/www.yardiinvestmentsuite.com/en-gb\/nl-nl\/debt-manager\/\" title=\"Debt Manager\" target=\"_self\" rel=\"noopener\">\n\t\tDebt Manager&nbsp;\n\t\t<\/a>\n\t<\/h3>\n\t<p>Beheer alle aspecten van vastgoedleningen als leningnemer, maar ook vastgoedinvesteringen, met een oplossing die volledig integreert met de Yardi platforms voor vastgoedbeheer en investment accounting.<\/p>\n<p><strong><a href=\"https:\/\/www.yardiinvestmentsuite.com/en-gb\/nl-nl\/debt-manager\/\">Meer informatie<\/a><\/strong><\/p>\n<h3>\n\t\t<a href=\"https:\/\/www.yardiinvestmentsuite.com/en-gb\/nl-nl\/performance-manager\/\" title=\"Performance Manager\" target=\"_self\" rel=\"noopener\">\n\t\tPerformance Manager&nbsp;\n\t\t<\/a>\n\t<\/h3>\n\t<p>Analyseer complexe investeringsstatistieken, cre\u00eber snel de gewenste samenstelling op basis van kenmerk en ga goed ge\u00efnformeerd in gesprek met assetbeheerders. Mogelijk gemaakt door een oplossing die performancegegevens in real time inzichtelijk maakt, van investeerder tot huurovereenkomst.<\/p>\n<p><strong><a href=\"https:\/\/www.yardiinvestmentsuite.com/en-gb\/nl-nl\/performance-manager\/\">Meer informatie<\/a><\/strong><\/p>\n\t\t\t\t<img loading=\"lazy\" decoding=\"async\" src=\"https:\/\/www.yardiinvestmentsuite.com/en-gb\/wp-content\/uploads\/sites\/88\/2023\/05\/Yardi-Investment-Suite-icon-3D.png\" alt=\"Yardi-Investment-Suite-icon-3D\" itemprop=\"image\" height=\"974\" width=\"978\" title=\"Yardi-Investment-Suite-icon-3D\" onerror=\"this.style.display='none'\"\/>\n850K+\nfinanci\u00eble entiteiten\n300K+\ninvesteerders\n$170 mld+\nbeheerde leningen\n\t\t\t\t<img loading=\"lazy\" decoding=\"async\" src=\"https:\/\/www.yardiinvestmentsuite.com/en-gb\/wp-content\/uploads\/sites\/88\/2023\/08\/image-flexible.png\" alt=\"image-flexible\" itemprop=\"image\" height=\"1454\" width=\"1440\" title=\"image-flexible\" onerror=\"this.style.display='none'\"\/>\n\t<p>Flexibele oplossing die meegroeit met uw organisatie.<\/p>\n<p>Specifiek ontwikkeld voor alle mogelijke vastgoedorganisaties. Voeg naadloos meer functionaliteiten toe als de behoeften van uw organisatie veranderen en vergroot de efficiency.<\/p>\n\t<p>E\u00e9n ge\u00efntegreerd platform voor snellere en beter ge\u00efnformeerde beslissingen.<\/p>\n<p>Automatiseer het volledige proces van vastgoedinvesteringen. Bied maximale transparantie, van investeerder tot assetbeheer, met \u00e9\u00e9n systeem.<\/p>\n\t\t\t\t<img loading=\"lazy\" decoding=\"async\" src=\"https:\/\/www.yardiinvestmentsuite.com/en-gb\/wp-content\/uploads\/sites\/88\/2023\/08\/image-single-connection.png\" alt=\"image-single-connection\" itemprop=\"image\" height=\"1620\" width=\"1342\" title=\"image-single-connection\" onerror=\"this.style.display='none'\"\/>\n<h2>\n\t\tYardi Investment Suite wordt ingezet door\n\t<\/h2>\n\t\t\t\t<a href=\"#\" target=\"_self\" itemprop=\"url\" rel=\"noopener\">\n\t\t\t\t<img loading=\"lazy\" decoding=\"async\" src=\"https:\/\/www.yardiinvestmentsuite.com/en-gb\/wp-content\/uploads\/sites\/88\/2022\/04\/Alter-Domus-logo.png\" alt=\"Alter Domus logo\" itemprop=\"image\" height=\"32\" width=\"200\" title=\"Alter Domus logo\" onerror=\"this.style.display='none'\"\/>\n\t\t\t\t<\/a>\n\t\t\t\t<a href=\"#\" target=\"_self\" itemprop=\"url\" rel=\"noopener\">\n\t\t\t\t<img loading=\"lazy\" decoding=\"async\" src=\"https:\/\/www.yardiinvestmentsuite.com/en-gb\/wp-content\/uploads\/sites\/88\/2022\/04\/Cohen-Asset-Management-logo.png\" alt=\"Cohen Asset Management logo\" itemprop=\"image\" height=\"78\" width=\"247\" title=\"Cohen Asset Management logo\" onerror=\"this.style.display='none'\"\/>\n\t\t\t\t<\/a>\n\t\t\t\t<a href=\"#\" target=\"_self\" itemprop=\"url\" rel=\"noopener\">\n\t\t\t\t<img loading=\"lazy\" decoding=\"async\" src=\"https:\/\/www.yardiinvestmentsuite.com/en-gb\/wp-content\/uploads\/sites\/88\/2022\/04\/MG-Properties_Logo-Full-Color.png\" alt=\"MG Properties_Logo Full Color\" itemprop=\"image\" height=\"2231\" width=\"8191\" title=\"MG Properties_Logo Full Color\" onerror=\"this.style.display='none'\"\/>\n\t\t\t\t<\/a>\n\t\t\t\t<a href=\"#\" target=\"_self\" itemprop=\"url\" rel=\"noopener\">\n\t\t\t\t<img loading=\"lazy\" decoding=\"async\" src=\"https:\/\/www.yardiinvestmentsuite.com/en-gb\/wp-content\/uploads\/sites\/88\/2022\/04\/ROCO-Real-Estate-logo.png\" alt=\"ROCO Real Estate logo\" itemprop=\"image\" height=\"280\" width=\"280\" title=\"ROCO Real Estate logo\" onerror=\"this.style.display='none'\"\/>\n\t\t\t\t<\/a>\n\t\t\t\t<a href=\"#\" target=\"_self\" itemprop=\"url\" rel=\"noopener\">\n\t\t\t\t<img loading=\"lazy\" decoding=\"async\" src=\"https:\/\/www.yardiinvestmentsuite.com/en-gb\/wp-content\/uploads\/sites\/88\/2022\/04\/Hanini-Group_Logo_BLUE.png\" alt=\"Hanini Group_Logo_BLUE\" itemprop=\"image\" height=\"2831\" width=\"4927\" title=\"Hanini Group_Logo_BLUE\" onerror=\"this.style.display='none'\"\/>\n\t\t\t\t<\/a>\n\t\t\t\t<a href=\"#\" target=\"_self\" itemprop=\"url\" rel=\"noopener\">\n\t\t\t\t<img loading=\"lazy\" decoding=\"async\" src=\"https:\/\/www.yardiinvestmentsuite.com/en-gb\/wp-content\/uploads\/sites\/88\/2022\/04\/Uniland-logo_tagline_color.png\" alt=\"Uniland logo_tagline_color\" itemprop=\"image\" height=\"967\" width=\"3334\" title=\"Uniland logo_tagline_color\" onerror=\"this.style.display='none'\"\/>\n\t\t\t\t<\/a>\n<h2>\n\t\tDe ge\u00efntegreerde Investment Management oplossing\n\t<\/h2>\n\t<p>Beheer het volledige proces van vastgoedinvesteringen, van investeerdersportal en complexe investeringen tot leningboekhouding en performancebeheer.<\/p>\n\t\t\t<a href=\"https:\/\/www.yardiinvestmentsuite.com/en-gb\/nl-nl\/vraag-een-demo-aan\/\" target=\"_self\" rel=\"noopener\">\n\t\t\t\t\t\t\tVraag een demo aan \n\t\t\t\t\t<\/a>\n\tVEELGESTELDE VRAGEN<br \/>\n\n\t<p>Vind hier antwoord op vragen over de Yardi Investment Suite<\/p>\n\t\t\t\t\t<a href=\"#\" id=\"fl-accordion--label-0\" tabindex=\"0\" aria-controls=\"fl-accordion--panel-0\">Wat is de Yardi Investment Suite?<\/a>\n\t\t\t\t\t\t\t\t\t\t\t<a href=\"#\" id=\"fl-accordion--icon-0\" tabindex=\"0\" aria-controls=\"fl-accordion--panel-0\"><i>Samenvouwen<\/i><\/a>\n\t\t\t\t\t<p>De Yardi Investment Suite is een volledig ge\u00efntegreerd platform voor organisaties die hun investeringen, investeerders en assets willen beheren met betrouwbare software voor investment management. De software is geschikt voor eigenaar-beheerders, eigen vermogen, onderhandse schulden, instituten, fondsbeheerders en (beherende en stille) vennoten. Ook REITs, banken, verzekeraars en family offices kunnen met deze software werken.<\/p>\n\t\t\t\t\t<a href=\"#\" id=\"fl-accordion--label-1\" tabindex=\"0\" aria-controls=\"fl-accordion--panel-1\">Wat zijn de belangrijkste voordelen van de Yardi Investment Suite?<\/a>\n\t\t\t\t\t\t\t\t\t\t\t<a href=\"#\" id=\"fl-accordion--icon-1\" tabindex=\"0\" aria-controls=\"fl-accordion--panel-1\"><i>Uitvouwen<\/i><\/a>\n\t\t\t\t\t<p>Met de Yardi Investment Suite houdt u gemakkelijk overzicht over uw vastgoedinvesteringen en investeringsstrategie, vanaf \u00e9\u00e9n ge\u00efntegreerd platform. Profiteer van volledige transparantie van uw investeringenportefeuille, van investering tot asset. Beheer complexe investeringen, leningen, eigendomsstructuren en de bijbehorende correspondentie. Monitor en initieer investeringen met investeerders via een portal in uw huisstijl.<\/p>\n\t\t\t\t\t<a href=\"#\" id=\"fl-accordion--label-2\" tabindex=\"0\" aria-controls=\"fl-accordion--panel-2\">Wat zijn de kosten?<\/a>\n\t\t\t\t\t\t\t\t\t\t\t<a href=\"#\" id=\"fl-accordion--icon-2\" tabindex=\"0\" aria-controls=\"fl-accordion--panel-2\"><i>Uitvouwen<\/i><\/a>\n\t\t\t\t\t<p>De Yardi Investment Suite bestaat uit verschillende producten en functies. De prijsstelling is afhankelijk van de behoeften van uw organisatie: heeft u behoefte aan een investeerdersportal en investeringsboekhouding voor complexe dividenduitkeringen? Of aan leningenbeheer voor verplichtingen en assets? De oplossing is flexibel en de verschillende producten kunnen los van elkaar worden ingezet, of gefaseerd worden toegevoegd zodra er behoefte is aan bepaalde functionaliteit.<\/p>\n<p>&nbsp;<\/p>\n<p>Neem contact met ons op voor meer informatie over ons aanbod of de prijzen, of om een snelle productdemo aan te vragen.<\/p>\n\n","protected":false},"excerpt":{"rendered":"<p>Een ge\u00efntegreerde oplossing om het volledige proces van vastgoedinvesteringen te beheren Beheer uw investeerdersportal, financiering, CRM, investeringsboekhouding en leningenbeheer op \u00e9\u00e9n plek met Yardi. VRAAG EEN DEMO AAN E\u00e9n ge\u00efntegreerde oplossing voor end-to-end investment management De bewezen goede keuze van zelfverzekerde investeerders en organisaties van elke omvang Al ruim 20 jaar d\u00e9 innovatieve oplossing voor&hellip;<\/p>\n","protected":false},"author":130,"featured_media":0,"parent":0,"menu_order":0,"comment_status":"closed","ping_status":"closed","template":"","meta":{"footnotes":""},"class_list":["post-8443","page","type-page","status-publish","hentry"],"yoast_head":"<!-- This site is optimized with the Yoast SEO Premium plugin v23.4 (Yoast SEO v24.6) - https:\/\/yoast.com\/wordpress\/plugins\/seo\/ -->\n<title>Investment Management software voor vastgoedinvesteringen<\/title>\n<meta name=\"description\" content=\"Bied volledige transparantie bij assetbeheer en automatiseer handmatige processen voor end-to-end investment management met de Yardi Investment Suite\" \/>\n<meta name=\"robots\" content=\"index, follow, max-snippet:-1, max-image-preview:large, max-video-preview:-1\" \/>\n<link rel=\"canonical\" href=\"https:\/\/www.yardiinvestmentsuite.com/en-gb\/nl-nl\/\" \/>\n<meta property=\"og:locale\" content=\"nl_NL\" \/>\n<meta property=\"og:type\" content=\"article\" \/>\n<meta property=\"og:title\" content=\"Investment Management software voor vastgoedinvesteringen | Yardi Investment Manager\" \/>\n<meta property=\"og:description\" content=\"Bied volledige transparantie bij assetbeheer en automatiseer handmatige processen voor end-to-end investment management met de Yardi Investment Suite\" \/>\n<meta property=\"og:url\" content=\"https:\/\/www.yardiinvestmentsuite.com/en-gb\/nl-nl\/\" \/>\n<meta property=\"og:site_name\" content=\"Yardi Investment Suite\" \/>\n<meta property=\"article:modified_time\" content=\"2024-08-13T09:18:07+00:00\" \/>\n<meta property=\"og:image\" content=\"https:\/\/www.yardiinvestmentsuite.com/en-gb\/wp-content\/uploads\/sites\/88\/2024\/03\/Yardi-Investment-Suite-3D.png?w=1024\" \/>\n<meta name=\"twitter:card\" content=\"summary_large_image\" \/>\n<meta name=\"twitter:title\" content=\"Investment Management software voor vastgoedinvesteringen | Yardi Investment Manager\" \/>\n<meta name=\"twitter:label1\" content=\"Geschatte leestijd\" \/>\n\t<meta name=\"twitter:data1\" content=\"3 minuten\" \/>\n<script type=\"application\/ld+json\" class=\"yoast-schema-graph\">{\"@context\":\"https:\/\/schema.org\",\"@graph\":[{\"@type\":\"WebPage\",\"@id\":\"https:\/\/www.yardiinvestmentsuite.com/en-gb\/nl-nl\/\",\"url\":\"https:\/\/www.yardiinvestmentsuite.com/en-gb\/nl-nl\/\",\"name\":\"Investment Management software voor vastgoedinvesteringen\",\"isPartOf\":{\"@id\":\"https:\/\/www.yardiinvestmentsuite.com/en-gb\/nl-nl\/#website\"},\"primaryImageOfPage\":{\"@id\":\"https:\/\/www.yardiinvestmentsuite.com/en-gb\/nl-nl\/#primaryimage\"},\"image\":{\"@id\":\"https:\/\/www.yardiinvestmentsuite.com/en-gb\/nl-nl\/#primaryimage\"},\"thumbnailUrl\":\"https:\/\/www.yardiinvestmentsuite.com/en-gb\/wp-content\/uploads\/sites\/88\/2023\/09\/01-InvestmentManager_Homepage_Carousel.gif\",\"datePublished\":\"2023-08-23T09:35:29+00:00\",\"dateModified\":\"2024-08-13T09:18:07+00:00\",\"description\":\"Bied volledige transparantie bij assetbeheer en automatiseer handmatige processen voor end-to-end investment management met de Yardi Investment Suite\",\"breadcrumb\":{\"@id\":\"https:\/\/www.yardiinvestmentsuite.com/en-gb\/nl-nl\/#breadcrumb\"},\"inLanguage\":\"nl-NL\",\"potentialAction\":[{\"@type\":\"ReadAction\",\"target\":[\"https:\/\/www.yardiinvestmentsuite.com/en-gb\/nl-nl\/\"]}]},{\"@type\":\"ImageObject\",\"inLanguage\":\"nl-NL\",\"@id\":\"https:\/\/www.yardiinvestmentsuite.com/en-gb\/nl-nl\/#primaryimage\",\"url\":\"https:\/\/www.yardiinvestmentsuite.com/en-gb\/wp-content\/uploads\/sites\/88\/2023\/09\/01-InvestmentManager_Homepage_Carousel.gif\",\"contentUrl\":\"https:\/\/www.yardiinvestmentsuite.com/en-gb\/wp-content\/uploads\/sites\/88\/2023\/09\/01-InvestmentManager_Homepage_Carousel.gif\"},{\"@type\":\"BreadcrumbList\",\"@id\":\"https:\/\/www.yardiinvestmentsuite.com/en-gb\/nl-nl\/#breadcrumb\",\"itemListElement\":[{\"@type\":\"ListItem\",\"position\":1,\"name\":\"Home\",\"item\":\"https:\/\/www.yardiinvestmentsuite.com/en-gb\/nl-nl\/\"},{\"@type\":\"ListItem\",\"position\":2,\"name\":\"Startpagina\"}]},{\"@type\":\"WebSite\",\"@id\":\"https:\/\/www.yardiinvestmentsuite.com/en-gb\/nl-nl\/#website\",\"url\":\"https:\/\/www.yardiinvestmentsuite.com/en-gb\/nl-nl\/\",\"name\":\"Yardi Investment Suite\",\"description\":\"\",\"publisher\":{\"@id\":\"https:\/\/www.yardiinvestmentsuite.com/en-gb\/nl-nl\/#organization\"},\"potentialAction\":[{\"@type\":\"SearchAction\",\"target\":{\"@type\":\"EntryPoint\",\"urlTemplate\":\"https:\/\/www.yardiinvestmentsuite.com/en-gb\/nl-nl\/?s={search_term_string}\"},\"query-input\":{\"@type\":\"PropertyValueSpecification\",\"valueRequired\":true,\"valueName\":\"search_term_string\"}}],\"inLanguage\":\"nl-NL\"},{\"@type\":\"Organization\",\"@id\":\"https:\/\/www.yardiinvestmentsuite.com/en-gb\/nl-nl\/#organization\",\"name\":\"Yardi Investment Suite\",\"url\":\"https:\/\/www.yardiinvestmentsuite.com/en-gb\/nl-nl\/\",\"logo\":{\"@type\":\"ImageObject\",\"inLanguage\":\"nl-NL\",\"@id\":\"https:\/\/www.yardiinvestmentsuite.com/en-gb\/nl-nl\/#\/schema\/logo\/image\/\",\"url\":\"https:\/\/www.yardiinvestmentsuite.com/en-gb\/wp-content\/uploads\/sites\/88\/2022\/04\/Yardi-Investment-Suite-InLine-3D.png\",\"contentUrl\":\"https:\/\/www.yardiinvestmentsuite.com/en-gb\/wp-content\/uploads\/sites\/88\/2022\/04\/Yardi-Investment-Suite-InLine-3D.png\",\"width\":492,\"height\":64,\"caption\":\"Yardi Investment Suite\"},\"image\":{\"@id\":\"https:\/\/www.yardiinvestmentsuite.com/en-gb\/nl-nl\/#\/schema\/logo\/image\/\"}}]}<\/script>\n<!-- \/ Yoast SEO Premium plugin. -->","yoast_head_json":{"title":"Investment Management software voor vastgoedinvesteringen","description":"Bied volledige transparantie bij assetbeheer en automatiseer handmatige processen voor end-to-end investment management met de Yardi Investment Suite","robots":{"index":"index","follow":"follow","max-snippet":"max-snippet:-1","max-image-preview":"max-image-preview:large","max-video-preview":"max-video-preview:-1"},"canonical":"https:\/\/www.yardiinvestmentsuite.com/en-gb\/nl-nl\/","og_locale":"nl_NL","og_type":"article","og_title":"Investment Management software voor vastgoedinvesteringen | Yardi Investment Manager","og_description":"Bied volledige transparantie bij assetbeheer en automatiseer handmatige processen voor end-to-end investment management met de Yardi Investment Suite","og_url":"https:\/\/www.yardiinvestmentsuite.com/en-gb\/nl-nl\/","og_site_name":"Yardi Investment Suite","article_modified_time":"2024-08-13T09:18:07+00:00","og_image":[{"url":"https:\/\/www.yardiinvestmentsuite.com/en-gb\/wp-content\/uploads\/sites\/88\/2024\/03\/Yardi-Investment-Suite-3D.png?w=1024","type":"","width":"","height":""}],"twitter_card":"summary_large_image","twitter_title":"Investment Management software voor vastgoedinvesteringen | Yardi Investment Manager","twitter_misc":{"Geschatte leestijd":"3 minuten"},"schema":{"@context":"https:\/\/schema.org","@graph":[{"@type":"WebPage","@id":"https:\/\/www.yardiinvestmentsuite.com/en-gb\/nl-nl\/","url":"https:\/\/www.yardiinvestmentsuite.com/en-gb\/nl-nl\/","name":"Investment Management software voor vastgoedinvesteringen","isPartOf":{"@id":"https:\/\/www.yardiinvestmentsuite.com/en-gb\/nl-nl\/#website"},"primaryImageOfPage":{"@id":"https:\/\/www.yardiinvestmentsuite.com/en-gb\/nl-nl\/#primaryimage"},"image":{"@id":"https:\/\/www.yardiinvestmentsuite.com/en-gb\/nl-nl\/#primaryimage"},"thumbnailUrl":"https:\/\/www.yardiinvestmentsuite.com/en-gb\/wp-content\/uploads\/sites\/88\/2023\/09\/01-InvestmentManager_Homepage_Carousel.gif","datePublished":"2023-08-23T09:35:29+00:00","dateModified":"2024-08-13T09:18:07+00:00","description":"Bied volledige transparantie bij assetbeheer en automatiseer handmatige processen voor end-to-end investment management met de Yardi Investment Suite","breadcrumb":{"@id":"https:\/\/www.yardiinvestmentsuite.com/en-gb\/nl-nl\/#breadcrumb"},"inLanguage":"nl-NL","potentialAction":[{"@type":"ReadAction","target":["https:\/\/www.yardiinvestmentsuite.com/en-gb\/nl-nl\/"]}]},{"@type":"ImageObject","inLanguage":"nl-NL","@id":"https:\/\/www.yardiinvestmentsuite.com/en-gb\/nl-nl\/#primaryimage","url":"https:\/\/www.yardiinvestmentsuite.com/en-gb\/wp-content\/uploads\/sites\/88\/2023\/09\/01-InvestmentManager_Homepage_Carousel.gif","contentUrl":"https:\/\/www.yardiinvestmentsuite.com/en-gb\/wp-content\/uploads\/sites\/88\/2023\/09\/01-InvestmentManager_Homepage_Carousel.gif"},{"@type":"BreadcrumbList","@id":"https:\/\/www.yardiinvestmentsuite.com/en-gb\/nl-nl\/#breadcrumb","itemListElement":[{"@type":"ListItem","position":1,"name":"Home","item":"https:\/\/www.yardiinvestmentsuite.com/en-gb\/nl-nl\/"},{"@type":"ListItem","position":2,"name":"Startpagina"}]},{"@type":"WebSite","@id":"https:\/\/www.yardiinvestmentsuite.com/en-gb\/nl-nl\/#website","url":"https:\/\/www.yardiinvestmentsuite.com/en-gb\/nl-nl\/","name":"Yardi Investment Suite","description":"","publisher":{"@id":"https:\/\/www.yardiinvestmentsuite.com/en-gb\/nl-nl\/#organization"},"potentialAction":[{"@type":"SearchAction","target":{"@type":"EntryPoint","urlTemplate":"https:\/\/www.yardiinvestmentsuite.com/en-gb\/nl-nl\/?s={search_term_string}"},"query-input":{"@type":"PropertyValueSpecification","valueRequired":true,"valueName":"search_term_string"}}],"inLanguage":"nl-NL"},{"@type":"Organization","@id":"https:\/\/www.yardiinvestmentsuite.com/en-gb\/nl-nl\/#organization","name":"Yardi Investment Suite","url":"https:\/\/www.yardiinvestmentsuite.com/en-gb\/nl-nl\/","logo":{"@type":"ImageObject","inLanguage":"nl-NL","@id":"https:\/\/www.yardiinvestmentsuite.com/en-gb\/nl-nl\/#\/schema\/logo\/image\/","url":"https:\/\/www.yardiinvestmentsuite.com/en-gb\/wp-content\/uploads\/sites\/88\/2022\/04\/Yardi-Investment-Suite-InLine-3D.png","contentUrl":"https:\/\/www.yardiinvestmentsuite.com/en-gb\/wp-content\/uploads\/sites\/88\/2022\/04\/Yardi-Investment-Suite-InLine-3D.png","width":492,"height":64,"caption":"Yardi Investment Suite"},"image":{"@id":"https:\/\/www.yardiinvestmentsuite.com/en-gb\/nl-nl\/#\/schema\/logo\/image\/"}}]}},"jetpack_sharing_enabled":true,"_links":{"self":[{"href":"https:\/\/www.yardiinvestmentsuite.com/en-gb\/nl-nl\/wp-json\/wp\/v2\/pages\/8443","targetHints":{"allow":["GET"]}}],"collection":[{"href":"https:\/\/www.yardiinvestmentsuite.com/en-gb\/nl-nl\/wp-json\/wp\/v2\/pages"}],"about":[{"href":"https:\/\/www.yardiinvestmentsuite.com/en-gb\/nl-nl\/wp-json\/wp\/v2\/types\/page"}],"author":[{"embeddable":true,"href":"https:\/\/www.yardiinvestmentsuite.com/en-gb\/nl-nl\/wp-json\/wp\/v2\/users\/130"}],"replies":[{"embeddable":true,"href":"https:\/\/www.yardiinvestmentsuite.com/en-gb\/nl-nl\/wp-json\/wp\/v2\/comments?post=8443"}],"version-history":[{"count":5,"href":"https:\/\/www.yardiinvestmentsuite.com/en-gb\/nl-nl\/wp-json\/wp\/v2\/pages\/8443\/revisions"}],"predecessor-version":[{"id":9577,"href":"https:\/\/www.yardiinvestmentsuite.com/en-gb\/nl-nl\/wp-json\/wp\/v2\/pages\/8443\/revisions\/9577"}],"wp:attachment":[{"href":"https:\/\/www.yardiinvestmentsuite.com/en-gb\/nl-nl\/wp-json\/wp\/v2\/media?parent=8443"}],"curies":[{"name":"wp","href":"https:\/\/api.w.org\/{rel}","templated":true}]}}