{"id":8406,"date":"2025-07-24T14:09:41","date_gmt":"2025-07-24T14:09:41","guid":{"rendered":"https:\/\/www.yardiinvestmentsuite.com/en-gb\/investment-manager\/"},"modified":"2025-07-24T14:09:47","modified_gmt":"2025-07-24T14:09:47","slug":"investment-manager","status":"publish","type":"page","link":"https:\/\/www.yardiinvestmentsuite.com/en-gb\/nl-nl\/investment-manager\/","title":{"rendered":"Investment Manager"},"content":{"rendered":"\n<h1>\n\t\tVereenvoudig de samenwerking met uw investeerders\n\t<\/h1>\n\t<p>Geef inzicht in investeringsposities en verbeter de communicatie met investeerders.<\/p>\n\t\t\t<a href=\"https:\/\/www.yardiinvestmentsuite.com/en-gb\/nl-nl\/vraag-een-demo-aan\/\" target=\"_self\" rel=\"noopener\">\n\t\t\t\t\t\t\tVRAAG EEN DEMO AAN\n\t\t\t\t\t<\/a>\n\t\t\t\t<img loading=\"lazy\" decoding=\"async\" src=\"https:\/\/www.yardiinvestmentsuite.com/en-gb\/wp-content\/uploads\/sites\/88\/2023\/08\/Performance-hero-desktop_final.png\" alt=\"Performance-hero-desktop_final\" itemprop=\"image\" height=\"900\" width=\"1200\" title=\"Performance-hero-desktop_final\" onerror=\"this.style.display='none'\"\/>\n<h2>\n\t\tVergoot het vertrouwen van investeerders en de effici\u00ebntie van teams\n\t<\/h2>\n\t\t\t\t<img loading=\"lazy\" decoding=\"async\" src=\"https:\/\/www.yardiinvestmentsuite.com/en-gb\/wp-content\/uploads\/sites\/88\/2023\/05\/icon-product-crm-1.png\" alt=\"icon-product-crm-1\" itemprop=\"image\" height=\"101\" width=\"100\" title=\"icon-product-crm-1\" onerror=\"this.style.display='none'\"\/>\n<h3>\n\t\tPortal voor investeerders&nbsp;\n\t<\/h3>\n\t<p>Geef uw investeerders altijd en overal toegang tot de gegevens die ze nodig hebben, met meer transparantie en optimaal bijgehouden communicatie.<\/p>\n\t\t\t\t<img loading=\"lazy\" decoding=\"async\" src=\"https:\/\/www.yardiinvestmentsuite.com/en-gb\/wp-content\/uploads\/sites\/88\/2023\/05\/icon-product-crm-2.png\" alt=\"icon-product-crm-2\" itemprop=\"image\" height=\"100\" width=\"117\" title=\"icon-product-crm-2\" onerror=\"this.style.display='none'\"\/>\n<h3>\n\t\tAutomatisering van uw fondsenwerving&nbsp;\n\t<\/h3>\n\t<p>Stuur huidige en mogelijke nieuwe investeerders informatie over nieuwe investeringsmogelijkheden.<\/p>\n\t\t\t\t<img loading=\"lazy\" decoding=\"async\" src=\"https:\/\/www.yardiinvestmentsuite.com/en-gb\/wp-content\/uploads\/sites\/88\/2023\/05\/icon-product-crm-3.png\" alt=\"icon-product-crm-3\" itemprop=\"image\" height=\"100\" width=\"120\" title=\"icon-product-crm-3\" onerror=\"this.style.display='none'\"\/>\n<h3>\n\t\tGe\u00efntegreerde oplossing\n\t<\/h3>\n\t<p>Elimineer het reconcili\u00ebren met en overzetten van gegevens naar andere platforms.<\/p>\n\t\t\t\t<img loading=\"lazy\" decoding=\"async\" src=\"https:\/\/www.yardiinvestmentsuite.com/en-gb\/wp-content\/uploads\/sites\/88\/2023\/05\/Investor-Portal-Software-Dashboard.png\" alt=\"Investor-Portal-Software-Dashboard\" itemprop=\"image\" height=\"862\" width=\"1534\" title=\"Investor-Portal-Software-Dashboard\" onerror=\"this.style.display='none'\"\/>\n\t<p>Selfservice voor uw investeerders, met een portal in uw huisstijl<\/p>\n\t<ul>\n<li>Geef investeerders interactieve toegang tot gepubliceerde statistieken van investering tot asset<\/li>\n<li>Investeerders kunnen documenten, rapportages en belastingdocumenten raadplegen en downloaden<\/li>\n<li>Investeerders kunnen hun profiel bijwerken, met goedkeuring en zonder gegevens opnieuw in te voeren<\/li>\n<li>Werk samen met investeerders bij nieuwe investeringskansen<\/li>\n<\/ul>\n\t<p>Automatiseer het ondertekeningsproces bij nieuwe investeringsmogelijkheden<\/p>\n\t<ul>\n<li>Bied bestaande en potenti\u00eble investeerders een ervaring die vergelijkbaar is met een dealroom<\/li>\n<li>Gebruik profielgegevens die al bekend zijn om het invullen van documenten te vereenvoudigen<\/li>\n<li>Werk met elektronische handtekeningen zonder daarvoor een extern platform nodig te hebben<\/li>\n<li>Houd alle communicatie en activiteiten bij voor elke nieuwe investeringsmogelijkheid<\/li>\n<\/ul>\n\t\t\t\t<img loading=\"lazy\" decoding=\"async\" src=\"https:\/\/www.yardiinvestmentsuite.com/en-gb\/wp-content\/uploads\/sites\/88\/2023\/05\/Portal-Opportunity-Desltop-1920x1080-1.png\" alt=\"Portal - Opportunity - Desltop 1920x1080\" itemprop=\"image\" height=\"1081\" width=\"1921\" title=\"Portal - Opportunity - Desltop 1920x1080\" onerror=\"this.style.display='none'\"\/>\n\t\t\t\t<img loading=\"lazy\" decoding=\"async\" src=\"https:\/\/www.yardiinvestmentsuite.com/en-gb\/wp-content\/uploads\/sites\/88\/2023\/05\/Portal-Property-Page-Desktop-1920x1080-1.png\" alt=\"Portal - Property Page - Desktop 1920x1080\" itemprop=\"image\" height=\"862\" width=\"1535\" title=\"Portal - Property Page - Desktop 1920x1080\" onerror=\"this.style.display='none'\"\/>\n\t<p>De enige oplossing die volledig ge\u00efntegreerd is met Yardi<\/p>\n\t<ul>\n<li>Verzend rapportages rechtstreeks vanuit Yardi naar de portal zonder rapportages te downloaden en opnieuw te uploaden.<\/li>\n<li>Publiceer vastgoedstatistieken en documenten rechtstreeks vanuit Yardi Voyager<\/li>\n<li>Maak een einde aan het overzetten of opnieuw invoeren van gegevens en reconciliaties met \u00e9\u00e9n ge\u00efntegreerd platform<\/li>\n<li>Keur profielupdates via een portal goed en wijzig naadloos alle vereiste systeemgegevens<\/li>\n<\/ul>\n<h2>\n\t\tYardi Investment Suite wordt ingezet door\n\t<\/h2>\n\t\t\t\t<a href=\"#\" target=\"_self\" itemprop=\"url\" rel=\"noopener\">\n\t\t\t\t<img loading=\"lazy\" decoding=\"async\" src=\"https:\/\/www.yardiinvestmentsuite.com/en-gb\/wp-content\/uploads\/sites\/88\/2022\/04\/Alter-Domus-logo.png\" alt=\"Alter Domus logo\" itemprop=\"image\" height=\"32\" width=\"200\" title=\"Alter Domus logo\" onerror=\"this.style.display='none'\"\/>\n\t\t\t\t<\/a>\n\t\t\t\t<a href=\"#\" target=\"_self\" itemprop=\"url\" rel=\"noopener\">\n\t\t\t\t<img loading=\"lazy\" decoding=\"async\" src=\"https:\/\/www.yardiinvestmentsuite.com/en-gb\/wp-content\/uploads\/sites\/88\/2022\/04\/Cohen-Asset-Management-logo.png\" alt=\"Cohen Asset Management logo\" itemprop=\"image\" height=\"78\" width=\"247\" title=\"Cohen Asset Management logo\" onerror=\"this.style.display='none'\"\/>\n\t\t\t\t<\/a>\n\t\t\t\t<a href=\"#\" target=\"_self\" itemprop=\"url\" rel=\"noopener\">\n\t\t\t\t<img loading=\"lazy\" decoding=\"async\" src=\"https:\/\/www.yardiinvestmentsuite.com/en-gb\/wp-content\/uploads\/sites\/88\/2022\/04\/MG-Properties_Logo-Full-Color.png\" alt=\"MG Properties_Logo Full Color\" itemprop=\"image\" height=\"2231\" width=\"8191\" title=\"MG Properties_Logo Full Color\" onerror=\"this.style.display='none'\"\/>\n\t\t\t\t<\/a>\n\t\t\t\t<a href=\"#\" target=\"_self\" itemprop=\"url\" rel=\"noopener\">\n\t\t\t\t<img loading=\"lazy\" decoding=\"async\" src=\"https:\/\/www.yardiinvestmentsuite.com/en-gb\/wp-content\/uploads\/sites\/88\/2022\/04\/ROCO-Real-Estate-logo.png\" alt=\"ROCO Real Estate logo\" itemprop=\"image\" height=\"280\" width=\"280\" title=\"ROCO Real Estate logo\" onerror=\"this.style.display='none'\"\/>\n\t\t\t\t<\/a>\n\t\t\t\t<a href=\"#\" target=\"_self\" itemprop=\"url\" rel=\"noopener\">\n\t\t\t\t<img loading=\"lazy\" decoding=\"async\" src=\"https:\/\/www.yardiinvestmentsuite.com/en-gb\/wp-content\/uploads\/sites\/88\/2022\/04\/Hanini-Group_Logo_BLUE.png\" alt=\"Hanini Group_Logo_BLUE\" itemprop=\"image\" height=\"2831\" width=\"4927\" title=\"Hanini Group_Logo_BLUE\" onerror=\"this.style.display='none'\"\/>\n\t\t\t\t<\/a>\n\t\t\t\t<a href=\"#\" target=\"_self\" itemprop=\"url\" rel=\"noopener\">\n\t\t\t\t<img loading=\"lazy\" decoding=\"async\" src=\"https:\/\/www.yardiinvestmentsuite.com/en-gb\/wp-content\/uploads\/sites\/88\/2022\/04\/Uniland-logo_tagline_color.png\" alt=\"Uniland logo_tagline_color\" itemprop=\"image\" height=\"967\" width=\"3334\" title=\"Uniland logo_tagline_color\" onerror=\"this.style.display='none'\"\/>\n\t\t\t\t<\/a>\n<h2>\n\t\tDe ge\u00efntegreerde Investment Management oplossing\n\t<\/h2>\n\t<p>Beheer het volledige proces van vastgoedinvesteringen, van investeerdersportal en complexe investeringen tot leningboekhouding en performancebeheer.<\/p>\n\t\t\t<a href=\"https:\/\/www.yardiinvestmentsuite.com/en-gb\/nl-nl\/vraag-een-demo-aan\/\" target=\"_self\" rel=\"noopener\">\n\t\t\t\t\t\t\tVraag een demo aan \n\t\t\t\t\t<\/a>\n\t<p>VEELGESTELDE VRAGEN<br \/><\/p>\n\t<p>Vind hier antwoord op vragen over de Yardi Investment Suite<\/p>\n\t\t\t\t\t<a href=\"#\" id=\"fl-accordion--label-0\" tabindex=\"0\" aria-controls=\"fl-accordion--panel-0\">Wat is de Yardi Investment Suite?<\/a>\n\t\t\t\t\t\t\t\t\t\t\t<a href=\"#\" id=\"fl-accordion--icon-0\" tabindex=\"0\" aria-controls=\"fl-accordion--panel-0\"><i>Uitvouwen<\/i><\/a>\n\t\t\t\t\t<p>De Yardi Investment Suite is een volledig ge\u00efntegreerd platform voor organisaties die hun investeringen, investeerders en assets willen beheren met betrouwbare software voor investment management. De software is geschikt voor eigenaar-beheerders, eigen vermogen, onderhandse schulden, instituten, fondsbeheerders en (beherende en stille) vennoten. Ook REITs, banken, verzekeraars en family offices kunnen met deze software werken.<\/p>\n\t\t\t\t\t<a href=\"#\" id=\"fl-accordion--label-1\" tabindex=\"0\" aria-controls=\"fl-accordion--panel-1\">Wat zijn de belangrijkste voordelen van de Yardi Investment Suite?<\/a>\n\t\t\t\t\t\t\t\t\t\t\t<a href=\"#\" id=\"fl-accordion--icon-1\" tabindex=\"0\" aria-controls=\"fl-accordion--panel-1\"><i>Uitvouwen<\/i><\/a>\n\t\t\t\t\t<p>Met de Yardi Investment Suite houdt u gemakkelijk overzicht over uw vastgoedinvesteringen en investeringsstrategie, vanaf \u00e9\u00e9n ge\u00efntegreerd platform. Profiteer van volledige transparantie van uw investeringenportefeuille, van investering tot asset. Beheer complexe investeringen, leningen, eigendomsstructuren en de bijbehorende correspondentie. Monitor en initieer investeringen met investeerders via een portal in uw huisstijl.<\/p>\n\t\t\t\t\t<a href=\"#\" id=\"fl-accordion--label-2\" tabindex=\"0\" aria-controls=\"fl-accordion--panel-2\">Wat zijn de kosten?<\/a>\n\t\t\t\t\t\t\t\t\t\t\t<a href=\"#\" id=\"fl-accordion--icon-2\" tabindex=\"0\" aria-controls=\"fl-accordion--panel-2\"><i>Uitvouwen<\/i><\/a>\n\t\t\t\t\t<p>De Yardi Investment Suite bestaat uit verschillende producten en functies. De prijsstelling is afhankelijk van de behoeften van uw organisatie: heeft u behoefte aan een investeerdersportal en investeringsboekhouding voor complexe dividenduitkeringen? Of aan leningenbeheer voor verplichtingen en assets? De oplossing is flexibel en de verschillende producten kunnen los van elkaar worden ingezet, of gefaseerd worden toegevoegd zodra er behoefte is aan bepaalde functionaliteit.<\/p>\n<p>&nbsp;<\/p>\n<p>Neem contact met ons op voor meer informatie over ons aanbod of de prijzen, of om een snelle productdemo aan te vragen.<\/p>\n\n","protected":false},"excerpt":{"rendered":"<p>Vereenvoudig de samenwerking met uw investeerders Geef inzicht in investeringsposities en verbeter de communicatie met investeerders. VRAAG EEN DEMO AAN Vergoot het vertrouwen van investeerders en de effici\u00ebntie van teams Portal voor investeerders&nbsp; Geef uw investeerders altijd en overal toegang tot de gegevens die ze nodig hebben, met meer transparantie en optimaal bijgehouden communicatie. Automatisering&hellip;<\/p>\n","protected":false},"author":3228,"featured_media":0,"parent":0,"menu_order":0,"comment_status":"closed","ping_status":"closed","template":"","meta":{"footnotes":""},"class_list":["post-8406","page","type-page","status-publish","hentry"],"yoast_head":"<!-- This site is optimized with the Yoast SEO Premium plugin v23.4 (Yoast SEO v24.6) - https:\/\/yoast.com\/wordpress\/plugins\/seo\/ -->\n<title>Portal voor vastgoedinvesteringen<\/title>\n<meta name=\"description\" content=\"Maak communiceren met investeerders gemakkelijk met een investeerdersportal die inzicht biedt in investeringsposities en de samenwerking met investeerders verbetert\" \/>\n<meta name=\"robots\" content=\"index, follow, max-snippet:-1, max-image-preview:large, max-video-preview:-1\" \/>\n<link rel=\"canonical\" href=\"https:\/\/www.yardiinvestmentsuite.com/en-gb\/nl-nl\/investment-manager\/\" \/>\n<meta property=\"og:locale\" content=\"nl_NL\" \/>\n<meta property=\"og:type\" content=\"article\" \/>\n<meta property=\"og:title\" content=\"Investment Manager\" \/>\n<meta property=\"og:description\" content=\"Maak communiceren met investeerders gemakkelijk met een investeerdersportal die inzicht biedt in investeringsposities en de samenwerking met investeerders verbetert\" \/>\n<meta property=\"og:url\" content=\"https:\/\/www.yardiinvestmentsuite.com/en-gb\/nl-nl\/investment-manager\/\" \/>\n<meta property=\"og:site_name\" content=\"Yardi Investment Suite\" \/>\n<meta property=\"article:modified_time\" content=\"2025-07-24T14:09:47+00:00\" \/>\n<meta property=\"og:image\" content=\"https:\/\/www.yardiinvestmentsuite.com/en-gb\/wp-content\/uploads\/sites\/88\/2023\/08\/Performance-hero-desktop_final.png\" \/>\n<meta name=\"twitter:card\" content=\"summary_large_image\" \/>\n<meta name=\"twitter:label1\" content=\"Geschatte leestijd\" \/>\n\t<meta name=\"twitter:data1\" content=\"3 minuten\" \/>\n<script type=\"application\/ld+json\" class=\"yoast-schema-graph\">{\"@context\":\"https:\/\/schema.org\",\"@graph\":[{\"@type\":\"WebPage\",\"@id\":\"https:\/\/www.yardiinvestmentsuite.com/en-gb\/nl-nl\/investment-manager\/\",\"url\":\"https:\/\/www.yardiinvestmentsuite.com/en-gb\/nl-nl\/investment-manager\/\",\"name\":\"Portal voor vastgoedinvesteringen\",\"isPartOf\":{\"@id\":\"https:\/\/www.yardiinvestmentsuite.com/en-gb\/nl-nl\/#website\"},\"primaryImageOfPage\":{\"@id\":\"https:\/\/www.yardiinvestmentsuite.com/en-gb\/nl-nl\/investment-manager\/#primaryimage\"},\"image\":{\"@id\":\"https:\/\/www.yardiinvestmentsuite.com/en-gb\/nl-nl\/investment-manager\/#primaryimage\"},\"thumbnailUrl\":\"https:\/\/www.yardiinvestmentsuite.com/en-gb\/wp-content\/uploads\/sites\/88\/2023\/08\/Performance-hero-desktop_final.png\",\"datePublished\":\"2025-07-24T14:09:41+00:00\",\"dateModified\":\"2025-07-24T14:09:47+00:00\",\"description\":\"Maak communiceren met investeerders gemakkelijk met een investeerdersportal die inzicht biedt in investeringsposities en de samenwerking met investeerders verbetert\",\"breadcrumb\":{\"@id\":\"https:\/\/www.yardiinvestmentsuite.com/en-gb\/nl-nl\/investment-manager\/#breadcrumb\"},\"inLanguage\":\"nl-NL\",\"potentialAction\":[{\"@type\":\"ReadAction\",\"target\":[\"https:\/\/www.yardiinvestmentsuite.com/en-gb\/nl-nl\/investment-manager\/\"]}]},{\"@type\":\"ImageObject\",\"inLanguage\":\"nl-NL\",\"@id\":\"https:\/\/www.yardiinvestmentsuite.com/en-gb\/nl-nl\/investment-manager\/#primaryimage\",\"url\":\"https:\/\/www.yardiinvestmentsuite.com/en-gb\/wp-content\/uploads\/sites\/88\/2023\/08\/Performance-hero-desktop_final.png\",\"contentUrl\":\"https:\/\/www.yardiinvestmentsuite.com/en-gb\/wp-content\/uploads\/sites\/88\/2023\/08\/Performance-hero-desktop_final.png\"},{\"@type\":\"BreadcrumbList\",\"@id\":\"https:\/\/www.yardiinvestmentsuite.com/en-gb\/nl-nl\/investment-manager\/#breadcrumb\",\"itemListElement\":[{\"@type\":\"ListItem\",\"position\":1,\"name\":\"Home\",\"item\":\"https:\/\/www.yardiinvestmentsuite.com/en-gb\/nl-nl\/\"},{\"@type\":\"ListItem\",\"position\":2,\"name\":\"Investment Manager\"}]},{\"@type\":\"WebSite\",\"@id\":\"https:\/\/www.yardiinvestmentsuite.com/en-gb\/nl-nl\/#website\",\"url\":\"https:\/\/www.yardiinvestmentsuite.com/en-gb\/nl-nl\/\",\"name\":\"Yardi Investment Suite\",\"description\":\"\",\"publisher\":{\"@id\":\"https:\/\/www.yardiinvestmentsuite.com/en-gb\/nl-nl\/#organization\"},\"potentialAction\":[{\"@type\":\"SearchAction\",\"target\":{\"@type\":\"EntryPoint\",\"urlTemplate\":\"https:\/\/www.yardiinvestmentsuite.com/en-gb\/nl-nl\/?s={search_term_string}\"},\"query-input\":{\"@type\":\"PropertyValueSpecification\",\"valueRequired\":true,\"valueName\":\"search_term_string\"}}],\"inLanguage\":\"nl-NL\"},{\"@type\":\"Organization\",\"@id\":\"https:\/\/www.yardiinvestmentsuite.com/en-gb\/nl-nl\/#organization\",\"name\":\"Yardi Investment Suite\",\"url\":\"https:\/\/www.yardiinvestmentsuite.com/en-gb\/nl-nl\/\",\"logo\":{\"@type\":\"ImageObject\",\"inLanguage\":\"nl-NL\",\"@id\":\"https:\/\/www.yardiinvestmentsuite.com/en-gb\/nl-nl\/#\/schema\/logo\/image\/\",\"url\":\"https:\/\/www.yardiinvestmentsuite.com/en-gb\/wp-content\/uploads\/sites\/88\/2022\/04\/Yardi-Investment-Suite-InLine-3D.png\",\"contentUrl\":\"https:\/\/www.yardiinvestmentsuite.com/en-gb\/wp-content\/uploads\/sites\/88\/2022\/04\/Yardi-Investment-Suite-InLine-3D.png\",\"width\":492,\"height\":64,\"caption\":\"Yardi Investment Suite\"},\"image\":{\"@id\":\"https:\/\/www.yardiinvestmentsuite.com/en-gb\/nl-nl\/#\/schema\/logo\/image\/\"}}]}<\/script>\n<!-- \/ Yoast SEO Premium plugin. -->","yoast_head_json":{"title":"Portal voor vastgoedinvesteringen","description":"Maak communiceren met investeerders gemakkelijk met een investeerdersportal die inzicht biedt in investeringsposities en de samenwerking met investeerders verbetert","robots":{"index":"index","follow":"follow","max-snippet":"max-snippet:-1","max-image-preview":"max-image-preview:large","max-video-preview":"max-video-preview:-1"},"canonical":"https:\/\/www.yardiinvestmentsuite.com/en-gb\/nl-nl\/investment-manager\/","og_locale":"nl_NL","og_type":"article","og_title":"Investment Manager","og_description":"Maak communiceren met investeerders gemakkelijk met een investeerdersportal die inzicht biedt in investeringsposities en de samenwerking met investeerders verbetert","og_url":"https:\/\/www.yardiinvestmentsuite.com/en-gb\/nl-nl\/investment-manager\/","og_site_name":"Yardi Investment Suite","article_modified_time":"2025-07-24T14:09:47+00:00","og_image":[{"url":"https:\/\/www.yardiinvestmentsuite.com/en-gb\/wp-content\/uploads\/sites\/88\/2023\/08\/Performance-hero-desktop_final.png","type":"","width":"","height":""}],"twitter_card":"summary_large_image","twitter_misc":{"Geschatte leestijd":"3 minuten"},"schema":{"@context":"https:\/\/schema.org","@graph":[{"@type":"WebPage","@id":"https:\/\/www.yardiinvestmentsuite.com/en-gb\/nl-nl\/investment-manager\/","url":"https:\/\/www.yardiinvestmentsuite.com/en-gb\/nl-nl\/investment-manager\/","name":"Portal voor vastgoedinvesteringen","isPartOf":{"@id":"https:\/\/www.yardiinvestmentsuite.com/en-gb\/nl-nl\/#website"},"primaryImageOfPage":{"@id":"https:\/\/www.yardiinvestmentsuite.com/en-gb\/nl-nl\/investment-manager\/#primaryimage"},"image":{"@id":"https:\/\/www.yardiinvestmentsuite.com/en-gb\/nl-nl\/investment-manager\/#primaryimage"},"thumbnailUrl":"https:\/\/www.yardiinvestmentsuite.com/en-gb\/wp-content\/uploads\/sites\/88\/2023\/08\/Performance-hero-desktop_final.png","datePublished":"2025-07-24T14:09:41+00:00","dateModified":"2025-07-24T14:09:47+00:00","description":"Maak communiceren met investeerders gemakkelijk met een investeerdersportal die inzicht biedt in investeringsposities en de samenwerking met investeerders verbetert","breadcrumb":{"@id":"https:\/\/www.yardiinvestmentsuite.com/en-gb\/nl-nl\/investment-manager\/#breadcrumb"},"inLanguage":"nl-NL","potentialAction":[{"@type":"ReadAction","target":["https:\/\/www.yardiinvestmentsuite.com/en-gb\/nl-nl\/investment-manager\/"]}]},{"@type":"ImageObject","inLanguage":"nl-NL","@id":"https:\/\/www.yardiinvestmentsuite.com/en-gb\/nl-nl\/investment-manager\/#primaryimage","url":"https:\/\/www.yardiinvestmentsuite.com/en-gb\/wp-content\/uploads\/sites\/88\/2023\/08\/Performance-hero-desktop_final.png","contentUrl":"https:\/\/www.yardiinvestmentsuite.com/en-gb\/wp-content\/uploads\/sites\/88\/2023\/08\/Performance-hero-desktop_final.png"},{"@type":"BreadcrumbList","@id":"https:\/\/www.yardiinvestmentsuite.com/en-gb\/nl-nl\/investment-manager\/#breadcrumb","itemListElement":[{"@type":"ListItem","position":1,"name":"Home","item":"https:\/\/www.yardiinvestmentsuite.com/en-gb\/nl-nl\/"},{"@type":"ListItem","position":2,"name":"Investment Manager"}]},{"@type":"WebSite","@id":"https:\/\/www.yardiinvestmentsuite.com/en-gb\/nl-nl\/#website","url":"https:\/\/www.yardiinvestmentsuite.com/en-gb\/nl-nl\/","name":"Yardi Investment Suite","description":"","publisher":{"@id":"https:\/\/www.yardiinvestmentsuite.com/en-gb\/nl-nl\/#organization"},"potentialAction":[{"@type":"SearchAction","target":{"@type":"EntryPoint","urlTemplate":"https:\/\/www.yardiinvestmentsuite.com/en-gb\/nl-nl\/?s={search_term_string}"},"query-input":{"@type":"PropertyValueSpecification","valueRequired":true,"valueName":"search_term_string"}}],"inLanguage":"nl-NL"},{"@type":"Organization","@id":"https:\/\/www.yardiinvestmentsuite.com/en-gb\/nl-nl\/#organization","name":"Yardi Investment Suite","url":"https:\/\/www.yardiinvestmentsuite.com/en-gb\/nl-nl\/","logo":{"@type":"ImageObject","inLanguage":"nl-NL","@id":"https:\/\/www.yardiinvestmentsuite.com/en-gb\/nl-nl\/#\/schema\/logo\/image\/","url":"https:\/\/www.yardiinvestmentsuite.com/en-gb\/wp-content\/uploads\/sites\/88\/2022\/04\/Yardi-Investment-Suite-InLine-3D.png","contentUrl":"https:\/\/www.yardiinvestmentsuite.com/en-gb\/wp-content\/uploads\/sites\/88\/2022\/04\/Yardi-Investment-Suite-InLine-3D.png","width":492,"height":64,"caption":"Yardi Investment Suite"},"image":{"@id":"https:\/\/www.yardiinvestmentsuite.com/en-gb\/nl-nl\/#\/schema\/logo\/image\/"}}]}},"jetpack_sharing_enabled":true,"_links":{"self":[{"href":"https:\/\/www.yardiinvestmentsuite.com/en-gb\/nl-nl\/wp-json\/wp\/v2\/pages\/8406","targetHints":{"allow":["GET"]}}],"collection":[{"href":"https:\/\/www.yardiinvestmentsuite.com/en-gb\/nl-nl\/wp-json\/wp\/v2\/pages"}],"about":[{"href":"https:\/\/www.yardiinvestmentsuite.com/en-gb\/nl-nl\/wp-json\/wp\/v2\/types\/page"}],"author":[{"embeddable":true,"href":"https:\/\/www.yardiinvestmentsuite.com/en-gb\/nl-nl\/wp-json\/wp\/v2\/users\/3228"}],"replies":[{"embeddable":true,"href":"https:\/\/www.yardiinvestmentsuite.com/en-gb\/nl-nl\/wp-json\/wp\/v2\/comments?post=8406"}],"version-history":[{"count":3,"href":"https:\/\/www.yardiinvestmentsuite.com/en-gb\/nl-nl\/wp-json\/wp\/v2\/pages\/8406\/revisions"}],"predecessor-version":[{"id":8654,"href":"https:\/\/www.yardiinvestmentsuite.com/en-gb\/nl-nl\/wp-json\/wp\/v2\/pages\/8406\/revisions\/8654"}],"wp:attachment":[{"href":"https:\/\/www.yardiinvestmentsuite.com/en-gb\/nl-nl\/wp-json\/wp\/v2\/media?parent=8406"}],"curies":[{"name":"wp","href":"https:\/\/api.w.org\/{rel}","templated":true}]}}