{"id":8402,"date":"2025-07-24T14:09:51","date_gmt":"2025-07-24T14:09:51","guid":{"rendered":"https:\/\/www.yardiinvestmentsuite.com/en-gb\/waarom-kiezen-voor-de-yardi-investment-suite\/"},"modified":"2025-07-24T14:09:54","modified_gmt":"2025-07-24T14:09:54","slug":"waarom-kiezen-voor-de-yardi-investment-suite","status":"publish","type":"page","link":"https:\/\/www.yardiinvestmentsuite.com/en-gb\/nl-nl\/waarom-kiezen-voor-de-yardi-investment-suite\/","title":{"rendered":"Waarom kiezen voor de Yardi Investment Suite?"},"content":{"rendered":"\n<h2>\n\t\tWaarom kiezen voor de Yardi Investment Suite?\n\t<\/h2>\n\t<p>De Investment Suite is een volledig ge\u00efntegreerd platform voor het beheer van vastgoedprocessen, voor organisaties van elke omvang en voor elke eigendomsstructuur.<\/p>\n\t\t\t<a href=\"https:\/\/www.yardiinvestmentsuite.com/en-gb\/nl-nl\/vraag-een-demo-aan\/\" target=\"_self\" rel=\"noopener\">\n\t\t\t\t\t\t\tMEER INFORMATIE AANVRAGEN\n\t\t\t<\/a>\n\t<p>Yardi ontwikkelt al meer dan 20 jaar oplossingen voor investment management en heeft nu de enige ge\u00efntegreerde oplossing die complexe handmatige processen automatiseert en volledige transparantie biedt van investeerder tot asset.<\/p>\n<h3>\n\t\tFlexibele oplossing die meegroeit met uw organisatie\n\t<\/h3>\n\t<p>Ons platform ondersteunt een investeerdersportal, complexe investment accounting en leningenbeheer, en is schaalbaar voor organisaties van elke omvang.<\/p>\n<h3>\n\t\tE\u00e9n ge\u00efntegreerd platform\n\t<\/h3>\n\t<p>Cre\u00eber inzicht van investeerder tot asset met \u00e9\u00e9n ge\u00efntegreerd platform, zodat u geen gegevens meer hoeft over te zetten tussen systemen.<\/p>\n<h3>\n\t\tFocus en ervaring\n\t<\/h3>\n\t<p>Profiteer van ruim 20 jaar ervaring en focus op het gebied van vastgoedprocessen.<\/p>\n<h2>\n\t\tYardi Investment Suite wordt ingezet door\n\t<\/h2>\n\t\t\t\t<a href=\"#\" target=\"_self\" itemprop=\"url\" rel=\"noopener\">\n\t\t\t\t<img loading=\"lazy\" decoding=\"async\" src=\"https:\/\/www.yardiinvestmentsuite.com/en-gb\/wp-content\/uploads\/sites\/88\/2022\/04\/Alter-Domus-logo.png\" alt=\"Alter Domus logo\" itemprop=\"image\" height=\"32\" width=\"200\" title=\"Alter Domus logo\" onerror=\"this.style.display='none'\"\/>\n\t\t\t\t<\/a>\n\t\t\t\t<a href=\"#\" target=\"_self\" itemprop=\"url\" rel=\"noopener\">\n\t\t\t\t<img loading=\"lazy\" decoding=\"async\" src=\"https:\/\/www.yardiinvestmentsuite.com/en-gb\/wp-content\/uploads\/sites\/88\/2022\/04\/Cohen-Asset-Management-logo.png\" alt=\"Cohen Asset Management logo\" itemprop=\"image\" height=\"78\" width=\"247\" title=\"Cohen Asset Management logo\" onerror=\"this.style.display='none'\"\/>\n\t\t\t\t<\/a>\n\t\t\t\t<a href=\"#\" target=\"_self\" itemprop=\"url\" rel=\"noopener\">\n\t\t\t\t<img loading=\"lazy\" decoding=\"async\" src=\"https:\/\/www.yardiinvestmentsuite.com/en-gb\/wp-content\/uploads\/sites\/88\/2022\/04\/MG-Properties_Logo-Full-Color.png\" alt=\"MG Properties_Logo Full Color\" itemprop=\"image\" height=\"2231\" width=\"8191\" title=\"MG Properties_Logo Full Color\" onerror=\"this.style.display='none'\"\/>\n\t\t\t\t<\/a>\n\t\t\t\t<a href=\"#\" target=\"_self\" itemprop=\"url\" rel=\"noopener\">\n\t\t\t\t<img loading=\"lazy\" decoding=\"async\" src=\"https:\/\/www.yardiinvestmentsuite.com/en-gb\/wp-content\/uploads\/sites\/88\/2022\/04\/ROCO-Real-Estate-logo.png\" alt=\"ROCO Real Estate logo\" itemprop=\"image\" height=\"280\" width=\"280\" title=\"ROCO Real Estate logo\" onerror=\"this.style.display='none'\"\/>\n\t\t\t\t<\/a>\n\t\t\t\t<a href=\"#\" target=\"_self\" itemprop=\"url\" rel=\"noopener\">\n\t\t\t\t<img loading=\"lazy\" decoding=\"async\" src=\"https:\/\/www.yardiinvestmentsuite.com/en-gb\/wp-content\/uploads\/sites\/88\/2022\/04\/Hanini-Group_Logo_BLUE.png\" alt=\"Hanini Group_Logo_BLUE\" itemprop=\"image\" height=\"2831\" width=\"4927\" title=\"Hanini Group_Logo_BLUE\" onerror=\"this.style.display='none'\"\/>\n\t\t\t\t<\/a>\n\t\t\t\t<a href=\"#\" target=\"_self\" itemprop=\"url\" rel=\"noopener\">\n\t\t\t\t<img loading=\"lazy\" decoding=\"async\" src=\"https:\/\/www.yardiinvestmentsuite.com/en-gb\/wp-content\/uploads\/sites\/88\/2022\/04\/Uniland-logo_tagline_color.png\" alt=\"Uniland logo_tagline_color\" itemprop=\"image\" height=\"967\" width=\"3334\" title=\"Uniland logo_tagline_color\" onerror=\"this.style.display='none'\"\/>\n\t\t\t\t<\/a>\n<h2>\n\t\tProducten\n\t<\/h2>\n<h3>\n\t\t<a href=\"https:\/\/www.yardiinvestmentsuite.com/en-gb\/nl-nl\/investment-manager\/\" title=\"Investment Manager\" target=\"_self\" rel=\"noopener\">\n\t\tInvestment Manager\n\t\t<\/a>\n\t<\/h3>\n\t<p>Geef inzicht in investeringsposities en verbeter de communicatie met investeerders, met een investeerdersportal.<\/p>\n\t<p><a href=\"https:\/\/www.yardicorom.com\/lease-management-software\/\">Meer informatie<\/a><\/p>\n<h3>\n\t\t<a href=\"https:\/\/www.yardiinvestmentsuite.com/en-gb\/nl-nl\/debt-manager\/\" title=\"Debt Manager\" target=\"_self\" rel=\"noopener\">\n\t\tDebt Manager\n\t\t<\/a>\n\t<\/h3>\n\t<p>Beheer leningen, maak een einde aan spreadsheets en centraliseer alle gegevens van uw volledige portefeuille in \u00e9\u00e9n ge\u00efntegreerde oplossing.<\/p>\n\t<p><a href=\"https:\/\/www.yardiinvestmentsuite.com/en-gb\/nl-nl\/debt-manager\/\">Meer informatie<\/a><\/p>\n<h3>\n\t\t<a href=\"https:\/\/www.yardiinvestmentsuite.com/en-gb\/nl-nl\/investment-accounting\/\" title=\"Investment Accounting\" target=\"_self\" rel=\"noopener\">\n\t\tInvestment Accounting\n\t\t<\/a>\n\t<\/h3>\n\t<p>Vereenvoudig complexe financi\u00eble processen en bied maximale transparantie van investeerder tot asset.<\/p>\n\t<p><a href=\"https:\/\/www.yardiinvestmentsuite.com/en-gb\/nl-nl\/investment-accounting\/\">Meer informatie<\/a><\/p>\n<h3>\n\t\t<a href=\"https:\/\/www.yardiinvestmentsuite.com/en-gb\/nl-nl\/performance-manager\/\" title=\"Performance Manager\" target=\"_self\" rel=\"noopener\">\n\t\tPerformance Manager\n\t\t<\/a>\n\t<\/h3>\n\t<p>Bied transparantie in real time van investerings-, financi\u00eble en operationele statistieken.<\/p>\n\t<p><a href=\"https:\/\/www.yardiinvestmentsuite.com/en-gb\/nl-nl\/performance-manager\/\">Meer informatie<\/a><\/p>\n<h2>\n\t\tAanvullende producten\n\t<\/h2>\n<h3>\n\t\tVastgoedbeheer\n\t<\/h3>\n\t<p>Beheer uw operationele, financi\u00eble, verhuur- en onderhoudsgegevens in \u00e9\u00e9n database.<\/p>\n<h3>\n\t\tPrognoses\n\t<\/h3>\n\t<p>Produceer een snelle, accurate budgettering en prognoses op maat vanuit \u00e9\u00e9n ge\u00efntegreerd platform.<\/p>\n<h3>\n\t\tWaardering\n\t<\/h3>\n\t<p>Genereer nauwkeurige vastgoedwaarderingen vanuit \u00e9\u00e9n enkel platform voor alle data binnen uw portefeuille.<\/p>\n<h2>\n\t\tYardi Investment Suite wordt ingezet door\n\t<\/h2>\n\t\t\t\t<a href=\"#\" target=\"_self\" itemprop=\"url\" rel=\"noopener\">\n\t\t\t\t<img loading=\"lazy\" decoding=\"async\" src=\"https:\/\/www.yardiinvestmentsuite.com/en-gb\/wp-content\/uploads\/sites\/88\/2022\/04\/Alter-Domus-logo.png\" alt=\"Alter Domus logo\" itemprop=\"image\" height=\"32\" width=\"200\" title=\"Alter Domus logo\" onerror=\"this.style.display='none'\"\/>\n\t\t\t\t<\/a>\n\t\t\t\t<a href=\"#\" target=\"_self\" itemprop=\"url\" rel=\"noopener\">\n\t\t\t\t<img loading=\"lazy\" decoding=\"async\" src=\"https:\/\/www.yardiinvestmentsuite.com/en-gb\/wp-content\/uploads\/sites\/88\/2022\/04\/Cohen-Asset-Management-logo.png\" alt=\"Cohen Asset Management logo\" itemprop=\"image\" height=\"78\" width=\"247\" title=\"Cohen Asset Management logo\" onerror=\"this.style.display='none'\"\/>\n\t\t\t\t<\/a>\n\t\t\t\t<a href=\"#\" target=\"_self\" itemprop=\"url\" rel=\"noopener\">\n\t\t\t\t<img loading=\"lazy\" decoding=\"async\" src=\"https:\/\/www.yardiinvestmentsuite.com/en-gb\/wp-content\/uploads\/sites\/88\/2022\/04\/MG-Properties_Logo-Full-Color.png\" alt=\"MG Properties_Logo Full Color\" itemprop=\"image\" height=\"2231\" width=\"8191\" title=\"MG Properties_Logo Full Color\" onerror=\"this.style.display='none'\"\/>\n\t\t\t\t<\/a>\n\t\t\t\t<a href=\"#\" target=\"_self\" itemprop=\"url\" rel=\"noopener\">\n\t\t\t\t<img loading=\"lazy\" decoding=\"async\" src=\"https:\/\/www.yardiinvestmentsuite.com/en-gb\/wp-content\/uploads\/sites\/88\/2022\/04\/ROCO-Real-Estate-logo.png\" alt=\"ROCO Real Estate logo\" itemprop=\"image\" height=\"280\" width=\"280\" title=\"ROCO Real Estate logo\" onerror=\"this.style.display='none'\"\/>\n\t\t\t\t<\/a>\n\t\t\t\t<a href=\"#\" target=\"_self\" itemprop=\"url\" rel=\"noopener\">\n\t\t\t\t<img loading=\"lazy\" decoding=\"async\" src=\"https:\/\/www.yardiinvestmentsuite.com/en-gb\/wp-content\/uploads\/sites\/88\/2022\/04\/Hanini-Group_Logo_BLUE.png\" alt=\"Hanini Group_Logo_BLUE\" itemprop=\"image\" height=\"2831\" width=\"4927\" title=\"Hanini Group_Logo_BLUE\" onerror=\"this.style.display='none'\"\/>\n\t\t\t\t<\/a>\n\t\t\t\t<a href=\"#\" target=\"_self\" itemprop=\"url\" rel=\"noopener\">\n\t\t\t\t<img loading=\"lazy\" decoding=\"async\" src=\"https:\/\/www.yardiinvestmentsuite.com/en-gb\/wp-content\/uploads\/sites\/88\/2022\/04\/Uniland-logo_tagline_color.png\" alt=\"Uniland logo_tagline_color\" itemprop=\"image\" height=\"967\" width=\"3334\" title=\"Uniland logo_tagline_color\" onerror=\"this.style.display='none'\"\/>\n\t\t\t\t<\/a>\n<h2>\n\t\tDe ge\u00efntegreerde Investment Management oplossing\n\t<\/h2>\n\t<p>Beheer het volledige proces van vastgoedinvesteringen, van investeerdersportal en complexe investeringen tot leningboekhouding en performancebeheer.<\/p>\n\t\t\t<a href=\"https:\/\/www.yardiinvestmentsuite.com/en-gb\/nl-nl\/vraag-een-demo-aan\/\" target=\"_self\" rel=\"noopener\">\n\t\t\t\t\t\t\tVraag een demo aan \n\t\t\t\t\t<\/a>\n\t<p>VEELGESTELDE VRAGEN<br \/><\/p>\n\t<p>Vind hier antwoord op vragen over de Yardi Investment Suite<\/p>\n\t\t\t\t\t<a href=\"#\" id=\"fl-accordion--label-0\" tabindex=\"0\" aria-controls=\"fl-accordion--panel-0\">Wat is de Yardi Investment Suite?<\/a>\n\t\t\t\t\t\t\t\t\t\t\t<a href=\"#\" id=\"fl-accordion--icon-0\" tabindex=\"0\" aria-controls=\"fl-accordion--panel-0\"><i>Uitvouwen<\/i><\/a>\n\t\t\t\t\t<p>De Yardi Investment Suite is een volledig ge\u00efntegreerd platform dat is ontworpen voor organisaties waarvoor investeringenbeheer voor vastgoed essentieel is om hun investeringen, investeerders en zelfs assets te beheren.&nbsp; De software is geschikt voor eigenaar-beheerders, eigen vermogen, onderhandse schulden, instituten, fondsbeheerders, beherende en stille vennoten, REITs, banken, verzekeringsorganisaties en family offices.&nbsp;&nbsp;<\/p>\n\t\t\t\t\t<a href=\"#\" id=\"fl-accordion--label-1\" tabindex=\"0\" aria-controls=\"fl-accordion--panel-1\">Wat zijn de belangrijkste voordelen van de Yardi Investment Suite?<\/a>\n\t\t\t\t\t\t\t\t\t\t\t<a href=\"#\" id=\"fl-accordion--icon-1\" tabindex=\"0\" aria-controls=\"fl-accordion--panel-1\"><i>Uitvouwen<\/i><\/a>\n\t\t\t\t\t<p>Met de Yardi Investment Suite beheert u uw volledige vastgoedstrategie vanaf \u00e9\u00e9n ge\u00efntegreerd platform. U krijgt volledige transparantie van uw investeringenportefeuille van investering tot asset, beheert complexe investeringen, schulden en eigendomsstructuren en correspondeert, volgt en initieert investeringen met investeerders via een portal in uw huisstijl.<\/p>\n\t\t\t\t\t<a href=\"#\" id=\"fl-accordion--label-2\" tabindex=\"0\" aria-controls=\"fl-accordion--panel-2\">Wat zijn de kosten?<\/a>\n\t\t\t\t\t\t\t\t\t\t\t<a href=\"#\" id=\"fl-accordion--icon-2\" tabindex=\"0\" aria-controls=\"fl-accordion--panel-2\"><i>Uitvouwen<\/i><\/a>\n\t\t\t\t\t<p>De Yardi Investment Suite bestaat uit verschillende producten en functionaliteiten en de prijsstelling is afhankelijk van de behoeften van uw organisatie: <a href=\"https:\/\/www.yardiinvestmentsuite.com/en-gb\/nl-nl\/investment-manager\/\">investeerdersportal<\/a>, <a href=\"https:\/\/www.yardiinvestmentsuite.com/en-gb\/nl-nl\/investment-accounting\/\">investment accounting<\/a> voor complexe dividenduitkeringen, en <a href=\"https:\/\/www.yardiinvestmentsuite.com/en-gb\/nl-nl\/debt-manager\/\">leningenbeheer<\/a> voor verplichtingen en assets. De oplossing is flexibel en de verschillende producten kunnen individueel worden ingezet, of gefaseerd worden toegevoegd wanneer er behoefte is aan bepaalde functionaliteiten.&nbsp;&nbsp;<\/p>\n<p>Neem contact met ons op voor meer informatie over ons aanbod of de prijzen, of om een snelle productdemo aan te vragen.<\/p>\n\n","protected":false},"excerpt":{"rendered":"<p>Waarom kiezen voor de Yardi Investment Suite? De Investment Suite is een volledig ge\u00efntegreerd platform voor het beheer van vastgoedprocessen, voor organisaties van elke omvang en voor elke eigendomsstructuur. MEER INFORMATIE AANVRAGEN Yardi ontwikkelt al meer dan 20 jaar oplossingen voor investment management en heeft nu de enige ge\u00efntegreerde oplossing die complexe handmatige processen automatiseert&hellip;<\/p>\n","protected":false},"author":3228,"featured_media":0,"parent":0,"menu_order":0,"comment_status":"closed","ping_status":"closed","template":"","meta":{"footnotes":""},"class_list":["post-8402","page","type-page","status-publish","hentry"],"yoast_head":"<!-- This site is optimized with the Yoast SEO Premium plugin v23.4 (Yoast SEO v24.6) - https:\/\/yoast.com\/wordpress\/plugins\/seo\/ -->\n<title>Wat onderscheidt ons - Yardi Investment Suite<\/title>\n<meta name=\"description\" content=\"Onze software is een volledige oplossing voor het beheer van vastgoedprocessen, voor organisaties van elke omvang en voor elke eigendomsstructuur.\" \/>\n<meta name=\"robots\" content=\"index, follow, max-snippet:-1, max-image-preview:large, max-video-preview:-1\" \/>\n<link rel=\"canonical\" href=\"https:\/\/www.yardiinvestmentsuite.com/en-gb\/nl-nl\/waarom-kiezen-voor-de-yardi-investment-suite\/\" \/>\n<meta property=\"og:locale\" content=\"nl_NL\" \/>\n<meta property=\"og:type\" content=\"article\" \/>\n<meta property=\"og:title\" content=\"Waarom kiezen voor de Yardi Investment Suite?\" \/>\n<meta property=\"og:description\" content=\"Onze software is een volledige oplossing voor het beheer van vastgoedprocessen, voor organisaties van elke omvang en voor elke eigendomsstructuur.\" \/>\n<meta property=\"og:url\" content=\"https:\/\/www.yardiinvestmentsuite.com/en-gb\/nl-nl\/waarom-kiezen-voor-de-yardi-investment-suite\/\" \/>\n<meta property=\"og:site_name\" content=\"Yardi Investment Suite\" \/>\n<meta property=\"article:modified_time\" content=\"2025-07-24T14:09:54+00:00\" \/>\n<meta property=\"og:image\" content=\"https:\/\/www.yardiinvestmentsuite.com/en-gb\/wp-content\/uploads\/sites\/88\/2022\/04\/Alter-Domus-logo.png\" \/>\n<meta name=\"twitter:card\" content=\"summary_large_image\" \/>\n<meta name=\"twitter:label1\" content=\"Geschatte leestijd\" \/>\n\t<meta name=\"twitter:data1\" content=\"3 minuten\" \/>\n<script type=\"application\/ld+json\" class=\"yoast-schema-graph\">{\"@context\":\"https:\/\/schema.org\",\"@graph\":[{\"@type\":\"WebPage\",\"@id\":\"https:\/\/www.yardiinvestmentsuite.com/en-gb\/nl-nl\/waarom-kiezen-voor-de-yardi-investment-suite\/\",\"url\":\"https:\/\/www.yardiinvestmentsuite.com/en-gb\/nl-nl\/waarom-kiezen-voor-de-yardi-investment-suite\/\",\"name\":\"Wat onderscheidt ons - Yardi Investment Suite\",\"isPartOf\":{\"@id\":\"https:\/\/www.yardiinvestmentsuite.com/en-gb\/nl-nl\/#website\"},\"primaryImageOfPage\":{\"@id\":\"https:\/\/www.yardiinvestmentsuite.com/en-gb\/nl-nl\/waarom-kiezen-voor-de-yardi-investment-suite\/#primaryimage\"},\"image\":{\"@id\":\"https:\/\/www.yardiinvestmentsuite.com/en-gb\/nl-nl\/waarom-kiezen-voor-de-yardi-investment-suite\/#primaryimage\"},\"thumbnailUrl\":\"https:\/\/www.yardiinvestmentsuite.com/en-gb\/wp-content\/uploads\/sites\/88\/2022\/04\/Alter-Domus-logo.png\",\"datePublished\":\"2025-07-24T14:09:51+00:00\",\"dateModified\":\"2025-07-24T14:09:54+00:00\",\"description\":\"Onze software is een volledige oplossing voor het beheer van vastgoedprocessen, voor organisaties van elke omvang en voor elke eigendomsstructuur.\",\"breadcrumb\":{\"@id\":\"https:\/\/www.yardiinvestmentsuite.com/en-gb\/nl-nl\/waarom-kiezen-voor-de-yardi-investment-suite\/#breadcrumb\"},\"inLanguage\":\"nl-NL\",\"potentialAction\":[{\"@type\":\"ReadAction\",\"target\":[\"https:\/\/www.yardiinvestmentsuite.com/en-gb\/nl-nl\/waarom-kiezen-voor-de-yardi-investment-suite\/\"]}]},{\"@type\":\"ImageObject\",\"inLanguage\":\"nl-NL\",\"@id\":\"https:\/\/www.yardiinvestmentsuite.com/en-gb\/nl-nl\/waarom-kiezen-voor-de-yardi-investment-suite\/#primaryimage\",\"url\":\"https:\/\/www.yardiinvestmentsuite.com/en-gb\/wp-content\/uploads\/sites\/88\/2022\/04\/Alter-Domus-logo.png\",\"contentUrl\":\"https:\/\/www.yardiinvestmentsuite.com/en-gb\/wp-content\/uploads\/sites\/88\/2022\/04\/Alter-Domus-logo.png\"},{\"@type\":\"BreadcrumbList\",\"@id\":\"https:\/\/www.yardiinvestmentsuite.com/en-gb\/nl-nl\/waarom-kiezen-voor-de-yardi-investment-suite\/#breadcrumb\",\"itemListElement\":[{\"@type\":\"ListItem\",\"position\":1,\"name\":\"Home\",\"item\":\"https:\/\/www.yardiinvestmentsuite.com/en-gb\/nl-nl\/\"},{\"@type\":\"ListItem\",\"position\":2,\"name\":\"Waarom kiezen voor de Yardi Investment Suite?\"}]},{\"@type\":\"WebSite\",\"@id\":\"https:\/\/www.yardiinvestmentsuite.com/en-gb\/nl-nl\/#website\",\"url\":\"https:\/\/www.yardiinvestmentsuite.com/en-gb\/nl-nl\/\",\"name\":\"Yardi Investment Suite\",\"description\":\"\",\"publisher\":{\"@id\":\"https:\/\/www.yardiinvestmentsuite.com/en-gb\/nl-nl\/#organization\"},\"potentialAction\":[{\"@type\":\"SearchAction\",\"target\":{\"@type\":\"EntryPoint\",\"urlTemplate\":\"https:\/\/www.yardiinvestmentsuite.com/en-gb\/nl-nl\/?s={search_term_string}\"},\"query-input\":{\"@type\":\"PropertyValueSpecification\",\"valueRequired\":true,\"valueName\":\"search_term_string\"}}],\"inLanguage\":\"nl-NL\"},{\"@type\":\"Organization\",\"@id\":\"https:\/\/www.yardiinvestmentsuite.com/en-gb\/nl-nl\/#organization\",\"name\":\"Yardi Investment Suite\",\"url\":\"https:\/\/www.yardiinvestmentsuite.com/en-gb\/nl-nl\/\",\"logo\":{\"@type\":\"ImageObject\",\"inLanguage\":\"nl-NL\",\"@id\":\"https:\/\/www.yardiinvestmentsuite.com/en-gb\/nl-nl\/#\/schema\/logo\/image\/\",\"url\":\"https:\/\/www.yardiinvestmentsuite.com/en-gb\/wp-content\/uploads\/sites\/88\/2022\/04\/Yardi-Investment-Suite-InLine-3D.png\",\"contentUrl\":\"https:\/\/www.yardiinvestmentsuite.com/en-gb\/wp-content\/uploads\/sites\/88\/2022\/04\/Yardi-Investment-Suite-InLine-3D.png\",\"width\":492,\"height\":64,\"caption\":\"Yardi Investment Suite\"},\"image\":{\"@id\":\"https:\/\/www.yardiinvestmentsuite.com/en-gb\/nl-nl\/#\/schema\/logo\/image\/\"}}]}<\/script>\n<!-- \/ Yoast SEO Premium plugin. -->","yoast_head_json":{"title":"Wat onderscheidt ons - Yardi Investment Suite","description":"Onze software is een volledige oplossing voor het beheer van vastgoedprocessen, voor organisaties van elke omvang en voor elke eigendomsstructuur.","robots":{"index":"index","follow":"follow","max-snippet":"max-snippet:-1","max-image-preview":"max-image-preview:large","max-video-preview":"max-video-preview:-1"},"canonical":"https:\/\/www.yardiinvestmentsuite.com/en-gb\/nl-nl\/waarom-kiezen-voor-de-yardi-investment-suite\/","og_locale":"nl_NL","og_type":"article","og_title":"Waarom kiezen voor de Yardi Investment Suite?","og_description":"Onze software is een volledige oplossing voor het beheer van vastgoedprocessen, voor organisaties van elke omvang en voor elke eigendomsstructuur.","og_url":"https:\/\/www.yardiinvestmentsuite.com/en-gb\/nl-nl\/waarom-kiezen-voor-de-yardi-investment-suite\/","og_site_name":"Yardi Investment Suite","article_modified_time":"2025-07-24T14:09:54+00:00","og_image":[{"url":"https:\/\/www.yardiinvestmentsuite.com/en-gb\/wp-content\/uploads\/sites\/88\/2022\/04\/Alter-Domus-logo.png","type":"","width":"","height":""}],"twitter_card":"summary_large_image","twitter_misc":{"Geschatte leestijd":"3 minuten"},"schema":{"@context":"https:\/\/schema.org","@graph":[{"@type":"WebPage","@id":"https:\/\/www.yardiinvestmentsuite.com/en-gb\/nl-nl\/waarom-kiezen-voor-de-yardi-investment-suite\/","url":"https:\/\/www.yardiinvestmentsuite.com/en-gb\/nl-nl\/waarom-kiezen-voor-de-yardi-investment-suite\/","name":"Wat onderscheidt ons - Yardi Investment Suite","isPartOf":{"@id":"https:\/\/www.yardiinvestmentsuite.com/en-gb\/nl-nl\/#website"},"primaryImageOfPage":{"@id":"https:\/\/www.yardiinvestmentsuite.com/en-gb\/nl-nl\/waarom-kiezen-voor-de-yardi-investment-suite\/#primaryimage"},"image":{"@id":"https:\/\/www.yardiinvestmentsuite.com/en-gb\/nl-nl\/waarom-kiezen-voor-de-yardi-investment-suite\/#primaryimage"},"thumbnailUrl":"https:\/\/www.yardiinvestmentsuite.com/en-gb\/wp-content\/uploads\/sites\/88\/2022\/04\/Alter-Domus-logo.png","datePublished":"2025-07-24T14:09:51+00:00","dateModified":"2025-07-24T14:09:54+00:00","description":"Onze software is een volledige oplossing voor het beheer van vastgoedprocessen, voor organisaties van elke omvang en voor elke eigendomsstructuur.","breadcrumb":{"@id":"https:\/\/www.yardiinvestmentsuite.com/en-gb\/nl-nl\/waarom-kiezen-voor-de-yardi-investment-suite\/#breadcrumb"},"inLanguage":"nl-NL","potentialAction":[{"@type":"ReadAction","target":["https:\/\/www.yardiinvestmentsuite.com/en-gb\/nl-nl\/waarom-kiezen-voor-de-yardi-investment-suite\/"]}]},{"@type":"ImageObject","inLanguage":"nl-NL","@id":"https:\/\/www.yardiinvestmentsuite.com/en-gb\/nl-nl\/waarom-kiezen-voor-de-yardi-investment-suite\/#primaryimage","url":"https:\/\/www.yardiinvestmentsuite.com/en-gb\/wp-content\/uploads\/sites\/88\/2022\/04\/Alter-Domus-logo.png","contentUrl":"https:\/\/www.yardiinvestmentsuite.com/en-gb\/wp-content\/uploads\/sites\/88\/2022\/04\/Alter-Domus-logo.png"},{"@type":"BreadcrumbList","@id":"https:\/\/www.yardiinvestmentsuite.com/en-gb\/nl-nl\/waarom-kiezen-voor-de-yardi-investment-suite\/#breadcrumb","itemListElement":[{"@type":"ListItem","position":1,"name":"Home","item":"https:\/\/www.yardiinvestmentsuite.com/en-gb\/nl-nl\/"},{"@type":"ListItem","position":2,"name":"Waarom kiezen voor de Yardi Investment Suite?"}]},{"@type":"WebSite","@id":"https:\/\/www.yardiinvestmentsuite.com/en-gb\/nl-nl\/#website","url":"https:\/\/www.yardiinvestmentsuite.com/en-gb\/nl-nl\/","name":"Yardi Investment Suite","description":"","publisher":{"@id":"https:\/\/www.yardiinvestmentsuite.com/en-gb\/nl-nl\/#organization"},"potentialAction":[{"@type":"SearchAction","target":{"@type":"EntryPoint","urlTemplate":"https:\/\/www.yardiinvestmentsuite.com/en-gb\/nl-nl\/?s={search_term_string}"},"query-input":{"@type":"PropertyValueSpecification","valueRequired":true,"valueName":"search_term_string"}}],"inLanguage":"nl-NL"},{"@type":"Organization","@id":"https:\/\/www.yardiinvestmentsuite.com/en-gb\/nl-nl\/#organization","name":"Yardi Investment Suite","url":"https:\/\/www.yardiinvestmentsuite.com/en-gb\/nl-nl\/","logo":{"@type":"ImageObject","inLanguage":"nl-NL","@id":"https:\/\/www.yardiinvestmentsuite.com/en-gb\/nl-nl\/#\/schema\/logo\/image\/","url":"https:\/\/www.yardiinvestmentsuite.com/en-gb\/wp-content\/uploads\/sites\/88\/2022\/04\/Yardi-Investment-Suite-InLine-3D.png","contentUrl":"https:\/\/www.yardiinvestmentsuite.com/en-gb\/wp-content\/uploads\/sites\/88\/2022\/04\/Yardi-Investment-Suite-InLine-3D.png","width":492,"height":64,"caption":"Yardi Investment Suite"},"image":{"@id":"https:\/\/www.yardiinvestmentsuite.com/en-gb\/nl-nl\/#\/schema\/logo\/image\/"}}]}},"jetpack_sharing_enabled":true,"_links":{"self":[{"href":"https:\/\/www.yardiinvestmentsuite.com/en-gb\/nl-nl\/wp-json\/wp\/v2\/pages\/8402","targetHints":{"allow":["GET"]}}],"collection":[{"href":"https:\/\/www.yardiinvestmentsuite.com/en-gb\/nl-nl\/wp-json\/wp\/v2\/pages"}],"about":[{"href":"https:\/\/www.yardiinvestmentsuite.com/en-gb\/nl-nl\/wp-json\/wp\/v2\/types\/page"}],"author":[{"embeddable":true,"href":"https:\/\/www.yardiinvestmentsuite.com/en-gb\/nl-nl\/wp-json\/wp\/v2\/users\/3228"}],"replies":[{"embeddable":true,"href":"https:\/\/www.yardiinvestmentsuite.com/en-gb\/nl-nl\/wp-json\/wp\/v2\/comments?post=8402"}],"version-history":[{"count":3,"href":"https:\/\/www.yardiinvestmentsuite.com/en-gb\/nl-nl\/wp-json\/wp\/v2\/pages\/8402\/revisions"}],"predecessor-version":[{"id":8650,"href":"https:\/\/www.yardiinvestmentsuite.com/en-gb\/nl-nl\/wp-json\/wp\/v2\/pages\/8402\/revisions\/8650"}],"wp:attachment":[{"href":"https:\/\/www.yardiinvestmentsuite.com/en-gb\/nl-nl\/wp-json\/wp\/v2\/media?parent=8402"}],"curies":[{"name":"wp","href":"https:\/\/api.w.org\/{rel}","templated":true}]}}