{"id":8395,"date":"2025-07-24T14:10:04","date_gmt":"2025-07-24T14:10:04","guid":{"rendered":"https:\/\/www.yardiinvestmentsuite.com/en-gb\/investment-accounting\/"},"modified":"2025-07-24T14:10:08","modified_gmt":"2025-07-24T14:10:08","slug":"investment-accounting","status":"publish","type":"page","link":"https:\/\/www.yardiinvestmentsuite.com/en-gb\/nl-nl\/investment-accounting\/","title":{"rendered":"Investment Accounting"},"content":{"rendered":"\n<h1>\n\t\tInvestment Accounting voor vastgoedeigenaren\n\t<\/h1>\n\t<p>Reduceer de tijd die nodig is om periodes af te sluiten en pak het risico aan door handmatige processen en losse systemen te elimineren.<\/p>\n\t\t\t<a href=\"https:\/\/www.yardiinvestmentsuite.com/en-gb\/nl-nl\/vraag-een-demo-aan\/\" target=\"_self\" rel=\"noopener\">\n\t\t\t\t\t\t\tVRAAG EEN DEMO AAN\n\t\t\t\t\t<\/a>\n\t\t\t\t<img loading=\"lazy\" decoding=\"async\" src=\"https:\/\/www.yardiinvestmentsuite.com/en-gb\/wp-content\/uploads\/sites\/88\/2023\/07\/IA-hero-desktop.png\" alt=\"IA-hero-desktop\" itemprop=\"image\" height=\"885\" width=\"1180\" title=\"IA-hero-desktop\" onerror=\"this.style.display='none'\"\/>\n<h2>\n\t\tVereenvoudig complexe financi\u00eble processen en bied maximale transparantie van investeerder tot asset\n\t<\/h2>\n\t\t\t\t<img loading=\"lazy\" decoding=\"async\" src=\"https:\/\/www.yardiinvestmentsuite.com/en-gb\/wp-content\/uploads\/sites\/88\/2023\/05\/icon-product-crm-1.png\" alt=\"icon-product-crm-1\" itemprop=\"image\" height=\"101\" width=\"100\" title=\"icon-product-crm-1\" onerror=\"this.style.display='none'\"\/>\n<h3>\n\t\tAutomatiseer financi\u00eble consolidaties&nbsp;\n\t<\/h3>\n\t<p>Automatiseer complexe en tijdrovende taken en berekeningen voor de volledige eigendomsstructuur.<\/p>\n\t\t\t\t<img loading=\"lazy\" decoding=\"async\" src=\"https:\/\/www.yardiinvestmentsuite.com/en-gb\/wp-content\/uploads\/sites\/88\/2023\/05\/icon-product-crm-2.png\" alt=\"icon-product-crm-2\" itemprop=\"image\" height=\"100\" width=\"117\" title=\"icon-product-crm-2\" onerror=\"this.style.display='none'\"\/>\n<h3>\n\t\tVerzorg de accounting voor de volledige eigendomsstructuur&nbsp;\n\t<\/h3>\n\t<p>Kies voor een platform met meer dan 20 jaar accountingervaring voor vastgoedstructuren.<\/p>\n\t\t\t\t<img loading=\"lazy\" decoding=\"async\" src=\"https:\/\/www.yardiinvestmentsuite.com/en-gb\/wp-content\/uploads\/sites\/88\/2023\/05\/icon-product-crm-3.png\" alt=\"icon-product-crm-3\" itemprop=\"image\" height=\"100\" width=\"120\" title=\"icon-product-crm-3\" onerror=\"this.style.display='none'\"\/>\n<h3>\n\t\tKrachtig ge\u00efntegreerd platform&nbsp;\n\t<\/h3>\n\t<p>Cre\u00eber inzicht van investeerder tot asset met \u00e9\u00e9n ge\u00efntegreerd platform, zodat u geen gegevens meer hoeft over te zetten tussen systemen.<\/p>\n\t\t\t\t<img loading=\"lazy\" decoding=\"async\" src=\"https:\/\/www.yardiinvestmentsuite.com/en-gb\/wp-content\/uploads\/sites\/88\/2023\/05\/IA-Dashboard-Desktop-1920x1080-1.png\" alt=\"IA - Dashboard - Desktop 1920x1080\" itemprop=\"image\" height=\"1080\" width=\"1921\" title=\"IA - Dashboard - Desktop 1920x1080\" onerror=\"this.style.display='none'\"\/>\n\t<p>Vereenvoudig boekhoudprocessen<\/p>\n\t<ul>\n<li>Sluit boekhoudperiodes sneller af door consolidaties, eliminaties en toewijzingen te automatiseren<\/li>\n<li>Automatiseer complexe berekeningen van performance en kosten op elk niveau<\/li>\n<li>Kies voor een beproefd financieel platform dat met uw organisatie kan meegroeien<\/li>\n<li>Produceer gedetailleerde financi\u00eble rapportages voor investeerders en investeringen<\/li>\n<\/ul>\n\t<p>Beheer alle soorten eigendomsstructuren, van eenvoudig tot complex, voor organisaties van elke omvang<\/p>\n\t<ul>\n<li>Configureer en beheer elke soort leningopbouw, van partnerships tot gesloten en open vastgoedfondsen<\/li>\n<li>Vervang spreadsheets en kies voor een controleerbaar systeem voor watervalstructuren<\/li>\n<li>Automatiseer transacties in de gehele eigendomsstructuur, inclusief capital calls en dividenduitkeringen<\/li>\n<\/ul>\n\t\t\t\t<img loading=\"lazy\" decoding=\"async\" src=\"https:\/\/www.yardiinvestmentsuite.com/en-gb\/wp-content\/uploads\/sites\/88\/2023\/05\/IA-Hierarchy-Desktop-1920x1080-1.png\" alt=\"IA - Hierarchy - Desktop 1920x1080\" itemprop=\"image\" height=\"1076\" width=\"1920\" title=\"IA - Hierarchy - Desktop 1920x1080\" onerror=\"this.style.display='none'\"\/>\n\t\t\t\t<img loading=\"lazy\" decoding=\"async\" src=\"https:\/\/www.yardiinvestmentsuite.com/en-gb\/wp-content\/uploads\/sites\/88\/2023\/08\/IA-Capital-Call-Desktop-1920x1080-1.png\" alt=\"IA - Capital Call - Desktop 1920x1080\" itemprop=\"image\" height=\"986\" width=\"1919\" title=\"IA - Capital Call - Desktop 1920x1080\" onerror=\"this.style.display='none'\"\/>\n\t<p>Volledige transparantie \u2013 van investeerder tot investering tot assetbeheer<\/p>\n\t<ul>\n<li>De enige oplossing voor investment management die volledig ge\u00efntegreerd is met verschillende Yardi oplossingen*, zoals:\n<ul>\n<li>Yardi Voyager Property Management voor volledig transparant assetbeheer<\/li>\n<li>Yardi Investment Manager voor meer eenvoud in de communicatie met investeerders<\/li>\n<li>Yardi Debt Manager voor het beheer van investeringen en leningen op elk niveau van de leningopbouw<\/li>\n<\/ul>\n<\/li>\n<li>Stimuleer gegevensvalidatie en -beleid aan de hand van \u00e9\u00e9n enkele bron<\/li>\n<\/ul>\n<h2>\n\t\tYardi Investment Suite wordt ingezet door\n\t<\/h2>\n\t\t\t\t<a href=\"#\" target=\"_self\" itemprop=\"url\" rel=\"noopener\">\n\t\t\t\t<img loading=\"lazy\" decoding=\"async\" src=\"https:\/\/www.yardiinvestmentsuite.com/en-gb\/wp-content\/uploads\/sites\/88\/2022\/04\/Alter-Domus-logo.png\" alt=\"Alter Domus logo\" itemprop=\"image\" height=\"32\" width=\"200\" title=\"Alter Domus logo\" onerror=\"this.style.display='none'\"\/>\n\t\t\t\t<\/a>\n\t\t\t\t<a href=\"#\" target=\"_self\" itemprop=\"url\" rel=\"noopener\">\n\t\t\t\t<img loading=\"lazy\" decoding=\"async\" src=\"https:\/\/www.yardiinvestmentsuite.com/en-gb\/wp-content\/uploads\/sites\/88\/2022\/04\/Cohen-Asset-Management-logo.png\" alt=\"Cohen Asset Management logo\" itemprop=\"image\" height=\"78\" width=\"247\" title=\"Cohen Asset Management logo\" onerror=\"this.style.display='none'\"\/>\n\t\t\t\t<\/a>\n\t\t\t\t<a href=\"#\" target=\"_self\" itemprop=\"url\" rel=\"noopener\">\n\t\t\t\t<img loading=\"lazy\" decoding=\"async\" src=\"https:\/\/www.yardiinvestmentsuite.com/en-gb\/wp-content\/uploads\/sites\/88\/2022\/04\/MG-Properties_Logo-Full-Color.png\" alt=\"MG Properties_Logo Full Color\" itemprop=\"image\" height=\"2231\" width=\"8191\" title=\"MG Properties_Logo Full Color\" onerror=\"this.style.display='none'\"\/>\n\t\t\t\t<\/a>\n\t\t\t\t<a href=\"#\" target=\"_self\" itemprop=\"url\" rel=\"noopener\">\n\t\t\t\t<img loading=\"lazy\" decoding=\"async\" src=\"https:\/\/www.yardiinvestmentsuite.com/en-gb\/wp-content\/uploads\/sites\/88\/2022\/04\/ROCO-Real-Estate-logo.png\" alt=\"ROCO Real Estate logo\" itemprop=\"image\" height=\"280\" width=\"280\" title=\"ROCO Real Estate logo\" onerror=\"this.style.display='none'\"\/>\n\t\t\t\t<\/a>\n\t\t\t\t<a href=\"#\" target=\"_self\" itemprop=\"url\" rel=\"noopener\">\n\t\t\t\t<img loading=\"lazy\" decoding=\"async\" src=\"https:\/\/www.yardiinvestmentsuite.com/en-gb\/wp-content\/uploads\/sites\/88\/2022\/04\/Hanini-Group_Logo_BLUE.png\" alt=\"Hanini Group_Logo_BLUE\" itemprop=\"image\" height=\"2831\" width=\"4927\" title=\"Hanini Group_Logo_BLUE\" onerror=\"this.style.display='none'\"\/>\n\t\t\t\t<\/a>\n\t\t\t\t<a href=\"#\" target=\"_self\" itemprop=\"url\" rel=\"noopener\">\n\t\t\t\t<img loading=\"lazy\" decoding=\"async\" src=\"https:\/\/www.yardiinvestmentsuite.com/en-gb\/wp-content\/uploads\/sites\/88\/2022\/04\/Uniland-logo_tagline_color.png\" alt=\"Uniland logo_tagline_color\" itemprop=\"image\" height=\"967\" width=\"3334\" title=\"Uniland logo_tagline_color\" onerror=\"this.style.display='none'\"\/>\n\t\t\t\t<\/a>\n<h2>\n\t\tDe ge\u00efntegreerde Investment Management oplossing\n\t<\/h2>\n\t<p>Beheer het volledige proces van vastgoedinvesteringen, van investeerdersportal en complexe investeringen tot leningboekhouding en performancebeheer.<\/p>\n\t\t\t<a href=\"https:\/\/www.yardiinvestmentsuite.com/en-gb\/nl-nl\/vraag-een-demo-aan\/\" target=\"_self\" rel=\"noopener\">\n\t\t\t\t\t\t\tVraag een demo aan \n\t\t\t\t\t<\/a>\n\t<p>VEELGESTELDE VRAGEN<br \/><\/p>\n\t<p>Vind hier antwoord op vragen over de Yardi Investment Suite<\/p>\n\t\t\t\t\t<a href=\"#\" id=\"fl-accordion--label-0\" tabindex=\"0\" aria-controls=\"fl-accordion--panel-0\">Wat is de Yardi Investment Suite?<\/a>\n\t\t\t\t\t\t\t\t\t\t\t<a href=\"#\" id=\"fl-accordion--icon-0\" tabindex=\"0\" aria-controls=\"fl-accordion--panel-0\"><i>Uitvouwen<\/i><\/a>\n\t\t\t\t\t<p>De Yardi Investment Suite is een volledig ge\u00efntegreerd platform voor organisaties die hun investeringen, investeerders en assets willen beheren met betrouwbare software voor investment management. De software is geschikt voor eigenaar-beheerders, eigen vermogen, onderhandse schulden, instituten, fondsbeheerders en (beherende en stille) vennoten. Ook REITs, banken, verzekeraars en family offices kunnen met deze software werken.<\/p>\n\t\t\t\t\t<a href=\"#\" id=\"fl-accordion--label-1\" tabindex=\"0\" aria-controls=\"fl-accordion--panel-1\">Wat zijn de belangrijkste voordelen van de Yardi Investment Suite?<\/a>\n\t\t\t\t\t\t\t\t\t\t\t<a href=\"#\" id=\"fl-accordion--icon-1\" tabindex=\"0\" aria-controls=\"fl-accordion--panel-1\"><i>Uitvouwen<\/i><\/a>\n\t\t\t\t\t<p>Met de Yardi Investment Suite beheert u uw volledige vastgoedstrategie vanaf \u00e9\u00e9n ge\u00efntegreerd platform. U krijgt volledige transparantie van uw investeringenportefeuille van investering tot asset, beheert complexe investeringen, schulden en eigendomsstructuren en correspondeert, volgt en initieert investeringen met investeerders via een portal in uw huisstijl.<\/p>\n\t\t\t\t\t<a href=\"#\" id=\"fl-accordion--label-2\" tabindex=\"0\" aria-controls=\"fl-accordion--panel-2\">Wat zijn de kosten?<\/a>\n\t\t\t\t\t\t\t\t\t\t\t<a href=\"#\" id=\"fl-accordion--icon-2\" tabindex=\"0\" aria-controls=\"fl-accordion--panel-2\"><i>Uitvouwen<\/i><\/a>\n\t\t\t\t\t<p>Met de Yardi Investment Suite houdt u gemakkelijk overzicht over uw vastgoedinvesteringen en investeringsstrategie, vanaf \u00e9\u00e9n ge\u00efntegreerd platform. Profiteer van volledige transparantie van uw investeringenportefeuille, van investering tot asset. Beheer complexe investeringen, leningen, eigendomsstructuren en de bijbehorende correspondentie. Monitor en initieer investeringen met investeerders via een portal in uw huisstijl.<\/p>\n<p>Neem contact met ons op voor meer informatie over ons aanbod of de prijzen, of om een snelle productdemo aan te vragen.<\/p>\n\n","protected":false},"excerpt":{"rendered":"<p>Investment Accounting voor vastgoedeigenaren Reduceer de tijd die nodig is om periodes af te sluiten en pak het risico aan door handmatige processen en losse systemen te elimineren. VRAAG EEN DEMO AAN Vereenvoudig complexe financi\u00eble processen en bied maximale transparantie van investeerder tot asset Automatiseer financi\u00eble consolidaties&nbsp; Automatiseer complexe en tijdrovende taken en berekeningen voor&hellip;<\/p>\n","protected":false},"author":2969,"featured_media":0,"parent":0,"menu_order":0,"comment_status":"closed","ping_status":"closed","template":"","meta":{"footnotes":""},"class_list":["post-8395","page","type-page","status-publish","hentry"],"yoast_head":"<!-- This site is optimized with the Yoast SEO Premium plugin v23.4 (Yoast SEO v24.6) - https:\/\/yoast.com\/wordpress\/plugins\/seo\/ -->\n<title>Investment Accounting software | Yardi Investment Manager<\/title>\n<meta name=\"description\" content=\"Vereenvoudig complexe financi\u00eble processen en configureer en beheer elke soort leningopbouw, van partnerships tot gesloten en open vastgoedfondsen.\" \/>\n<meta name=\"robots\" content=\"index, follow, max-snippet:-1, max-image-preview:large, max-video-preview:-1\" \/>\n<link rel=\"canonical\" href=\"https:\/\/www.yardiinvestmentsuite.com/en-gb\/nl-nl\/investment-accounting\/\" \/>\n<meta property=\"og:locale\" content=\"nl_NL\" \/>\n<meta property=\"og:type\" content=\"article\" \/>\n<meta property=\"og:title\" content=\"Investment Accounting\" \/>\n<meta property=\"og:description\" content=\"Vereenvoudig complexe financi\u00eble processen en configureer en beheer elke soort leningopbouw, van partnerships tot gesloten en open vastgoedfondsen.\" \/>\n<meta property=\"og:url\" content=\"https:\/\/www.yardiinvestmentsuite.com/en-gb\/nl-nl\/investment-accounting\/\" \/>\n<meta property=\"og:site_name\" content=\"Yardi Investment Suite\" \/>\n<meta property=\"article:modified_time\" content=\"2025-07-24T14:10:08+00:00\" \/>\n<meta property=\"og:image\" content=\"https:\/\/www.yardiinvestmentsuite.com/en-gb\/wp-content\/uploads\/sites\/88\/2023\/07\/IA-hero-desktop.png\" \/>\n<meta name=\"twitter:card\" content=\"summary_large_image\" \/>\n<meta name=\"twitter:label1\" content=\"Geschatte leestijd\" \/>\n\t<meta name=\"twitter:data1\" content=\"3 minuten\" \/>\n<script type=\"application\/ld+json\" class=\"yoast-schema-graph\">{\"@context\":\"https:\/\/schema.org\",\"@graph\":[{\"@type\":\"WebPage\",\"@id\":\"https:\/\/www.yardiinvestmentsuite.com/en-gb\/nl-nl\/investment-accounting\/\",\"url\":\"https:\/\/www.yardiinvestmentsuite.com/en-gb\/nl-nl\/investment-accounting\/\",\"name\":\"Investment Accounting software | Yardi Investment Manager\",\"isPartOf\":{\"@id\":\"https:\/\/www.yardiinvestmentsuite.com/en-gb\/nl-nl\/#website\"},\"primaryImageOfPage\":{\"@id\":\"https:\/\/www.yardiinvestmentsuite.com/en-gb\/nl-nl\/investment-accounting\/#primaryimage\"},\"image\":{\"@id\":\"https:\/\/www.yardiinvestmentsuite.com/en-gb\/nl-nl\/investment-accounting\/#primaryimage\"},\"thumbnailUrl\":\"https:\/\/www.yardiinvestmentsuite.com/en-gb\/wp-content\/uploads\/sites\/88\/2023\/07\/IA-hero-desktop.png\",\"datePublished\":\"2025-07-24T14:10:04+00:00\",\"dateModified\":\"2025-07-24T14:10:08+00:00\",\"description\":\"Vereenvoudig complexe financi\u00eble processen en configureer en beheer elke soort leningopbouw, van partnerships tot gesloten en open vastgoedfondsen.\",\"breadcrumb\":{\"@id\":\"https:\/\/www.yardiinvestmentsuite.com/en-gb\/nl-nl\/investment-accounting\/#breadcrumb\"},\"inLanguage\":\"nl-NL\",\"potentialAction\":[{\"@type\":\"ReadAction\",\"target\":[\"https:\/\/www.yardiinvestmentsuite.com/en-gb\/nl-nl\/investment-accounting\/\"]}]},{\"@type\":\"ImageObject\",\"inLanguage\":\"nl-NL\",\"@id\":\"https:\/\/www.yardiinvestmentsuite.com/en-gb\/nl-nl\/investment-accounting\/#primaryimage\",\"url\":\"https:\/\/www.yardiinvestmentsuite.com/en-gb\/wp-content\/uploads\/sites\/88\/2023\/07\/IA-hero-desktop.png\",\"contentUrl\":\"https:\/\/www.yardiinvestmentsuite.com/en-gb\/wp-content\/uploads\/sites\/88\/2023\/07\/IA-hero-desktop.png\"},{\"@type\":\"BreadcrumbList\",\"@id\":\"https:\/\/www.yardiinvestmentsuite.com/en-gb\/nl-nl\/investment-accounting\/#breadcrumb\",\"itemListElement\":[{\"@type\":\"ListItem\",\"position\":1,\"name\":\"Home\",\"item\":\"https:\/\/www.yardiinvestmentsuite.com/en-gb\/nl-nl\/\"},{\"@type\":\"ListItem\",\"position\":2,\"name\":\"Investment Accounting\"}]},{\"@type\":\"WebSite\",\"@id\":\"https:\/\/www.yardiinvestmentsuite.com/en-gb\/nl-nl\/#website\",\"url\":\"https:\/\/www.yardiinvestmentsuite.com/en-gb\/nl-nl\/\",\"name\":\"Yardi Investment Suite\",\"description\":\"\",\"publisher\":{\"@id\":\"https:\/\/www.yardiinvestmentsuite.com/en-gb\/nl-nl\/#organization\"},\"potentialAction\":[{\"@type\":\"SearchAction\",\"target\":{\"@type\":\"EntryPoint\",\"urlTemplate\":\"https:\/\/www.yardiinvestmentsuite.com/en-gb\/nl-nl\/?s={search_term_string}\"},\"query-input\":{\"@type\":\"PropertyValueSpecification\",\"valueRequired\":true,\"valueName\":\"search_term_string\"}}],\"inLanguage\":\"nl-NL\"},{\"@type\":\"Organization\",\"@id\":\"https:\/\/www.yardiinvestmentsuite.com/en-gb\/nl-nl\/#organization\",\"name\":\"Yardi Investment Suite\",\"url\":\"https:\/\/www.yardiinvestmentsuite.com/en-gb\/nl-nl\/\",\"logo\":{\"@type\":\"ImageObject\",\"inLanguage\":\"nl-NL\",\"@id\":\"https:\/\/www.yardiinvestmentsuite.com/en-gb\/nl-nl\/#\/schema\/logo\/image\/\",\"url\":\"https:\/\/www.yardiinvestmentsuite.com/en-gb\/wp-content\/uploads\/sites\/88\/2022\/04\/Yardi-Investment-Suite-InLine-3D.png\",\"contentUrl\":\"https:\/\/www.yardiinvestmentsuite.com/en-gb\/wp-content\/uploads\/sites\/88\/2022\/04\/Yardi-Investment-Suite-InLine-3D.png\",\"width\":492,\"height\":64,\"caption\":\"Yardi Investment Suite\"},\"image\":{\"@id\":\"https:\/\/www.yardiinvestmentsuite.com/en-gb\/nl-nl\/#\/schema\/logo\/image\/\"}}]}<\/script>\n<!-- \/ Yoast SEO Premium plugin. -->","yoast_head_json":{"title":"Investment Accounting software | Yardi Investment Manager","description":"Vereenvoudig complexe financi\u00eble processen en configureer en beheer elke soort leningopbouw, van partnerships tot gesloten en open vastgoedfondsen.","robots":{"index":"index","follow":"follow","max-snippet":"max-snippet:-1","max-image-preview":"max-image-preview:large","max-video-preview":"max-video-preview:-1"},"canonical":"https:\/\/www.yardiinvestmentsuite.com/en-gb\/nl-nl\/investment-accounting\/","og_locale":"nl_NL","og_type":"article","og_title":"Investment Accounting","og_description":"Vereenvoudig complexe financi\u00eble processen en configureer en beheer elke soort leningopbouw, van partnerships tot gesloten en open vastgoedfondsen.","og_url":"https:\/\/www.yardiinvestmentsuite.com/en-gb\/nl-nl\/investment-accounting\/","og_site_name":"Yardi Investment Suite","article_modified_time":"2025-07-24T14:10:08+00:00","og_image":[{"url":"https:\/\/www.yardiinvestmentsuite.com/en-gb\/wp-content\/uploads\/sites\/88\/2023\/07\/IA-hero-desktop.png","type":"","width":"","height":""}],"twitter_card":"summary_large_image","twitter_misc":{"Geschatte leestijd":"3 minuten"},"schema":{"@context":"https:\/\/schema.org","@graph":[{"@type":"WebPage","@id":"https:\/\/www.yardiinvestmentsuite.com/en-gb\/nl-nl\/investment-accounting\/","url":"https:\/\/www.yardiinvestmentsuite.com/en-gb\/nl-nl\/investment-accounting\/","name":"Investment Accounting software | Yardi Investment Manager","isPartOf":{"@id":"https:\/\/www.yardiinvestmentsuite.com/en-gb\/nl-nl\/#website"},"primaryImageOfPage":{"@id":"https:\/\/www.yardiinvestmentsuite.com/en-gb\/nl-nl\/investment-accounting\/#primaryimage"},"image":{"@id":"https:\/\/www.yardiinvestmentsuite.com/en-gb\/nl-nl\/investment-accounting\/#primaryimage"},"thumbnailUrl":"https:\/\/www.yardiinvestmentsuite.com/en-gb\/wp-content\/uploads\/sites\/88\/2023\/07\/IA-hero-desktop.png","datePublished":"2025-07-24T14:10:04+00:00","dateModified":"2025-07-24T14:10:08+00:00","description":"Vereenvoudig complexe financi\u00eble processen en configureer en beheer elke soort leningopbouw, van partnerships tot gesloten en open vastgoedfondsen.","breadcrumb":{"@id":"https:\/\/www.yardiinvestmentsuite.com/en-gb\/nl-nl\/investment-accounting\/#breadcrumb"},"inLanguage":"nl-NL","potentialAction":[{"@type":"ReadAction","target":["https:\/\/www.yardiinvestmentsuite.com/en-gb\/nl-nl\/investment-accounting\/"]}]},{"@type":"ImageObject","inLanguage":"nl-NL","@id":"https:\/\/www.yardiinvestmentsuite.com/en-gb\/nl-nl\/investment-accounting\/#primaryimage","url":"https:\/\/www.yardiinvestmentsuite.com/en-gb\/wp-content\/uploads\/sites\/88\/2023\/07\/IA-hero-desktop.png","contentUrl":"https:\/\/www.yardiinvestmentsuite.com/en-gb\/wp-content\/uploads\/sites\/88\/2023\/07\/IA-hero-desktop.png"},{"@type":"BreadcrumbList","@id":"https:\/\/www.yardiinvestmentsuite.com/en-gb\/nl-nl\/investment-accounting\/#breadcrumb","itemListElement":[{"@type":"ListItem","position":1,"name":"Home","item":"https:\/\/www.yardiinvestmentsuite.com/en-gb\/nl-nl\/"},{"@type":"ListItem","position":2,"name":"Investment Accounting"}]},{"@type":"WebSite","@id":"https:\/\/www.yardiinvestmentsuite.com/en-gb\/nl-nl\/#website","url":"https:\/\/www.yardiinvestmentsuite.com/en-gb\/nl-nl\/","name":"Yardi Investment Suite","description":"","publisher":{"@id":"https:\/\/www.yardiinvestmentsuite.com/en-gb\/nl-nl\/#organization"},"potentialAction":[{"@type":"SearchAction","target":{"@type":"EntryPoint","urlTemplate":"https:\/\/www.yardiinvestmentsuite.com/en-gb\/nl-nl\/?s={search_term_string}"},"query-input":{"@type":"PropertyValueSpecification","valueRequired":true,"valueName":"search_term_string"}}],"inLanguage":"nl-NL"},{"@type":"Organization","@id":"https:\/\/www.yardiinvestmentsuite.com/en-gb\/nl-nl\/#organization","name":"Yardi Investment Suite","url":"https:\/\/www.yardiinvestmentsuite.com/en-gb\/nl-nl\/","logo":{"@type":"ImageObject","inLanguage":"nl-NL","@id":"https:\/\/www.yardiinvestmentsuite.com/en-gb\/nl-nl\/#\/schema\/logo\/image\/","url":"https:\/\/www.yardiinvestmentsuite.com/en-gb\/wp-content\/uploads\/sites\/88\/2022\/04\/Yardi-Investment-Suite-InLine-3D.png","contentUrl":"https:\/\/www.yardiinvestmentsuite.com/en-gb\/wp-content\/uploads\/sites\/88\/2022\/04\/Yardi-Investment-Suite-InLine-3D.png","width":492,"height":64,"caption":"Yardi Investment Suite"},"image":{"@id":"https:\/\/www.yardiinvestmentsuite.com/en-gb\/nl-nl\/#\/schema\/logo\/image\/"}}]}},"jetpack_sharing_enabled":true,"_links":{"self":[{"href":"https:\/\/www.yardiinvestmentsuite.com/en-gb\/nl-nl\/wp-json\/wp\/v2\/pages\/8395","targetHints":{"allow":["GET"]}}],"collection":[{"href":"https:\/\/www.yardiinvestmentsuite.com/en-gb\/nl-nl\/wp-json\/wp\/v2\/pages"}],"about":[{"href":"https:\/\/www.yardiinvestmentsuite.com/en-gb\/nl-nl\/wp-json\/wp\/v2\/types\/page"}],"author":[{"embeddable":true,"href":"https:\/\/www.yardiinvestmentsuite.com/en-gb\/nl-nl\/wp-json\/wp\/v2\/users\/2969"}],"replies":[{"embeddable":true,"href":"https:\/\/www.yardiinvestmentsuite.com/en-gb\/nl-nl\/wp-json\/wp\/v2\/comments?post=8395"}],"version-history":[{"count":3,"href":"https:\/\/www.yardiinvestmentsuite.com/en-gb\/nl-nl\/wp-json\/wp\/v2\/pages\/8395\/revisions"}],"predecessor-version":[{"id":8660,"href":"https:\/\/www.yardiinvestmentsuite.com/en-gb\/nl-nl\/wp-json\/wp\/v2\/pages\/8395\/revisions\/8660"}],"wp:attachment":[{"href":"https:\/\/www.yardiinvestmentsuite.com/en-gb\/nl-nl\/wp-json\/wp\/v2\/media?parent=8395"}],"curies":[{"name":"wp","href":"https:\/\/api.w.org\/{rel}","templated":true}]}}