{"id":8392,"date":"2025-07-24T14:10:11","date_gmt":"2025-07-24T14:10:11","guid":{"rendered":"https:\/\/www.yardiinvestmentsuite.com/en-gb\/debt-manager\/"},"modified":"2025-07-24T14:10:15","modified_gmt":"2025-07-24T14:10:15","slug":"debt-manager","status":"publish","type":"page","link":"https:\/\/www.yardiinvestmentsuite.com/en-gb\/nl-nl\/debt-manager\/","title":{"rendered":"Debt Manager"},"content":{"rendered":"\n<h1>\n\t\tLeningenbeheer voor vastgoedleningen\n\t<\/h1>\n\t<p>Beheer de leningen voor uw volledige portefeuille in \u00e9\u00e9n ge\u00efntegreerde oplossing.<\/p>\n\t\t\t<a href=\"https:\/\/www.yardiinvestmentsuite.com/en-gb\/nl-nl\/vraag-een-demo-aan\/\" target=\"_self\" rel=\"noopener\">\n\t\t\t\t\t\t\tVRAAG EEN DEMO AAN\n\t\t\t\t\t<\/a>\n\t\t\t\t<img loading=\"lazy\" decoding=\"async\" src=\"https:\/\/www.yardiinvestmentsuite.com/en-gb\/wp-content\/uploads\/sites\/88\/2023\/08\/Debt-hero-desktop_final.png\" alt=\"Debt-hero-desktop_final\" itemprop=\"image\" height=\"900\" width=\"1200\" title=\"Debt-hero-desktop_final\" onerror=\"this.style.display='none'\"\/>\n<h2>\n\t\tGeen spreadsheets meer, met gecentraliseerde gegevens en een toonaangevend platform voor leningen\n\t<\/h2>\n\t\t\t\t<img loading=\"lazy\" decoding=\"async\" src=\"https:\/\/www.yardiinvestmentsuite.com/en-gb\/wp-content\/uploads\/sites\/88\/2023\/05\/icon-product-crm-1.png\" alt=\"icon-product-crm-1\" itemprop=\"image\" height=\"101\" width=\"100\" title=\"icon-product-crm-1\" onerror=\"this.style.display='none'\"\/>\n<h3>\n\t\tVoor leningnemers&nbsp;\n\t<\/h3>\n\t<p>Maak de leningen in uw portefeuille beter inzichtelijk met een platform dat perfect aansluit op vastgoed als onderpand, beheerd in Yardi Voyager.<\/p>\n\t\t\t\t<img loading=\"lazy\" decoding=\"async\" src=\"https:\/\/www.yardiinvestmentsuite.com/en-gb\/wp-content\/uploads\/sites\/88\/2023\/05\/icon-product-crm-3.png\" alt=\"icon-product-crm-3\" itemprop=\"image\" height=\"100\" width=\"120\" title=\"icon-product-crm-3\" onerror=\"this.style.display='none'\"\/>\n<h3>\n\t\tVoor leningen&nbsp;\n\t<\/h3>\n\t<p>Automatiseer complexe eigendomsstructuren en looptijden van leningen met krachtige Investment Accounting.<\/p>\n\t\t\t\t<img loading=\"lazy\" decoding=\"async\" src=\"https:\/\/www.yardiinvestmentsuite.com/en-gb\/wp-content\/uploads\/sites\/88\/2023\/05\/Debt-Home-Dashboard-Desktop-1920x1080-1.png\" alt=\"Debt - Home Dashboard - Desktop 1920x1080\" itemprop=\"image\" height=\"1076\" width=\"1921\" title=\"Debt - Home Dashboard - Desktop 1920x1080\" onerror=\"this.style.display='none'\"\/>\n\t<p>Vereenvoudig toegang tot leninggegevens<\/p>\n\t<ul>\n<li>Beheer alle soorten leningen en koppel ze aan vastgoed dat u beheert in Yardi<\/li>\n<li>Geef belangrijke belanghebbenden inzicht in alle leningen in de portefeuille met zelf te defini\u00ebren kenmerken<\/li>\n<li>Cre\u00eber transparantie in gewijzigde looptijden van leningen<\/li>\n<li>Analyseer actuele en toekomstige financi\u00eble verplichtingen en werk met andere interactieve rapportages voor leningen<\/li>\n<\/ul>\n\t<p>Beheer risico&#8217;s en monitor vereisten voor leningnemers en kredietverstrekkers<\/p>\n\t<ul>\n<li>Volg belangrijke datums voor items met een deadline voor leningnemers of kredietverstrekkers<\/li>\n<li>Maak gebruik van gegevens die tot op assetniveau zijn vastgelegd in Yardi Voyager voor inzicht in mogelijke toekomstige convenantrisico&#8217;s<\/li>\n<li>Monitor de status van belangrijke contracten<\/li>\n<li>Wijs taken toe met een activiteitenfeed voor betere samenwerking<\/li>\n<\/ul>\n\t\t\t\t<img loading=\"lazy\" decoding=\"async\" src=\"https:\/\/www.yardiinvestmentsuite.com/en-gb\/wp-content\/uploads\/sites\/88\/2023\/05\/Debt-Reminders-Desktop-1920x1080-1.png\" alt=\"Debt - Reminders - Desktop 1920x1080\" itemprop=\"image\" height=\"1016\" width=\"1921\" title=\"Debt - Reminders - Desktop 1920x1080\" onerror=\"this.style.display='none'\"\/>\n\t\t\t\t<img loading=\"lazy\" decoding=\"async\" src=\"https:\/\/www.yardiinvestmentsuite.com/en-gb\/wp-content\/uploads\/sites\/88\/2023\/05\/Debt-Loan-and-Syndication-Desktop-1920x1080-1.png\" alt=\"Debt - Loan and Syndication - Desktop 1920x1080\" itemprop=\"image\" height=\"863\" width=\"1533\" title=\"Debt - Loan and Syndication - Desktop 1920x1080\" onerror=\"this.style.display='none'\"\/>\n\t<p>Verhoog de productiviteit met een ge\u00efntegreerde boekhouding voor leningen<\/p>\n\t<ul>\n<li>Automatiseer afbetalingen aan kredietverstrekkers en de facturatie aan leningnemers, en boek transacties voor leningen in Voyager<\/li>\n<li>Beheer vastgoedfondsen, syndicaatleningen en elke mogelijke leningopbouw<\/li>\n<li>Bereken service- en andere kosten en provisies<\/li>\n<li>Cre\u00eber leningen op elk niveau van de eigendomsstructuur<\/li>\n<\/ul>\n<h2>\n\t\tYardi Investment Suite wordt ingezet door\n\t<\/h2>\n\t\t\t\t<a href=\"#\" target=\"_self\" itemprop=\"url\" rel=\"noopener\">\n\t\t\t\t<img loading=\"lazy\" decoding=\"async\" src=\"https:\/\/www.yardiinvestmentsuite.com/en-gb\/wp-content\/uploads\/sites\/88\/2022\/04\/Alter-Domus-logo.png\" alt=\"Alter Domus logo\" itemprop=\"image\" height=\"32\" width=\"200\" title=\"Alter Domus logo\" onerror=\"this.style.display='none'\"\/>\n\t\t\t\t<\/a>\n\t\t\t\t<a href=\"#\" target=\"_self\" itemprop=\"url\" rel=\"noopener\">\n\t\t\t\t<img loading=\"lazy\" decoding=\"async\" src=\"https:\/\/www.yardiinvestmentsuite.com/en-gb\/wp-content\/uploads\/sites\/88\/2022\/04\/Cohen-Asset-Management-logo.png\" alt=\"Cohen Asset Management logo\" itemprop=\"image\" height=\"78\" width=\"247\" title=\"Cohen Asset Management logo\" onerror=\"this.style.display='none'\"\/>\n\t\t\t\t<\/a>\n\t\t\t\t<a href=\"#\" target=\"_self\" itemprop=\"url\" rel=\"noopener\">\n\t\t\t\t<img loading=\"lazy\" decoding=\"async\" src=\"https:\/\/www.yardiinvestmentsuite.com/en-gb\/wp-content\/uploads\/sites\/88\/2022\/04\/MG-Properties_Logo-Full-Color.png\" alt=\"MG Properties_Logo Full Color\" itemprop=\"image\" height=\"2231\" width=\"8191\" title=\"MG Properties_Logo Full Color\" onerror=\"this.style.display='none'\"\/>\n\t\t\t\t<\/a>\n\t\t\t\t<a href=\"#\" target=\"_self\" itemprop=\"url\" rel=\"noopener\">\n\t\t\t\t<img loading=\"lazy\" decoding=\"async\" src=\"https:\/\/www.yardiinvestmentsuite.com/en-gb\/wp-content\/uploads\/sites\/88\/2022\/04\/ROCO-Real-Estate-logo.png\" alt=\"ROCO Real Estate logo\" itemprop=\"image\" height=\"280\" width=\"280\" title=\"ROCO Real Estate logo\" onerror=\"this.style.display='none'\"\/>\n\t\t\t\t<\/a>\n\t\t\t\t<a href=\"#\" target=\"_self\" itemprop=\"url\" rel=\"noopener\">\n\t\t\t\t<img loading=\"lazy\" decoding=\"async\" src=\"https:\/\/www.yardiinvestmentsuite.com/en-gb\/wp-content\/uploads\/sites\/88\/2022\/04\/Hanini-Group_Logo_BLUE.png\" alt=\"Hanini Group_Logo_BLUE\" itemprop=\"image\" height=\"2831\" width=\"4927\" title=\"Hanini Group_Logo_BLUE\" onerror=\"this.style.display='none'\"\/>\n\t\t\t\t<\/a>\n\t\t\t\t<a href=\"#\" target=\"_self\" itemprop=\"url\" rel=\"noopener\">\n\t\t\t\t<img loading=\"lazy\" decoding=\"async\" src=\"https:\/\/www.yardiinvestmentsuite.com/en-gb\/wp-content\/uploads\/sites\/88\/2022\/04\/Uniland-logo_tagline_color.png\" alt=\"Uniland logo_tagline_color\" itemprop=\"image\" height=\"967\" width=\"3334\" title=\"Uniland logo_tagline_color\" onerror=\"this.style.display='none'\"\/>\n\t\t\t\t<\/a>\n<h2>\n\t\tDe ge\u00efntegreerde Investment Management oplossing\n\t<\/h2>\n\t<p>Beheer het volledige proces van vastgoedinvesteringen, van investeerdersportal en complexe investeringen tot leningboekhouding en performancebeheer.<\/p>\n\t\t\t<a href=\"https:\/\/www.yardiinvestmentsuite.com/en-gb\/nl-nl\/vraag-een-demo-aan\/\" target=\"_self\" rel=\"noopener\">\n\t\t\t\t\t\t\tVraag een demo aan \n\t\t\t\t\t<\/a>\n\t<p>VEELGESTELDE VRAGEN<br \/><\/p>\n\t<p>Vind hier antwoord op vragen over de Yardi Investment Suite<\/p>\n\t\t\t\t\t<a href=\"#\" id=\"fl-accordion--label-0\" tabindex=\"0\" aria-controls=\"fl-accordion--panel-0\">Wat is de Yardi Investment Suite?<\/a>\n\t\t\t\t\t\t\t\t\t\t\t<a href=\"#\" id=\"fl-accordion--icon-0\" tabindex=\"0\" aria-controls=\"fl-accordion--panel-0\"><i>Uitvouwen<\/i><\/a>\n\t\t\t\t\t<p>De Yardi Investment Suite is een volledig ge\u00efntegreerd platform voor organisaties die hun investeringen, investeerders en assets willen beheren met betrouwbare software voor investment management. De software is geschikt voor eigenaar-beheerders, eigen vermogen, onderhandse schulden, instituten, fondsbeheerders en (beherende en stille) vennoten. Ook REITs, banken, verzekeraars en family offices kunnen met deze software werken.<\/p>\n\t\t\t\t\t<a href=\"#\" id=\"fl-accordion--label-1\" tabindex=\"0\" aria-controls=\"fl-accordion--panel-1\">Wat zijn de belangrijkste voordelen van de Yardi Investment Suite?<\/a>\n\t\t\t\t\t\t\t\t\t\t\t<a href=\"#\" id=\"fl-accordion--icon-1\" tabindex=\"0\" aria-controls=\"fl-accordion--panel-1\"><i>Uitvouwen<\/i><\/a>\n\t\t\t\t\t<p>Met de Yardi Investment Suite houdt u gemakkelijk overzicht over uw vastgoedinvesteringen en investeringsstrategie, vanaf \u00e9\u00e9n ge\u00efntegreerd platform. Profiteer van volledige transparantie van uw investeringenportefeuille, van investering tot asset. Beheer complexe investeringen, leningen, eigendomsstructuren en de bijbehorende correspondentie. Monitor en initieer investeringen met investeerders via een portal in uw huisstijl.<\/p>\n\t\t\t\t\t<a href=\"#\" id=\"fl-accordion--label-2\" tabindex=\"0\" aria-controls=\"fl-accordion--panel-2\">Wat zijn de kosten?<\/a>\n\t\t\t\t\t\t\t\t\t\t\t<a href=\"#\" id=\"fl-accordion--icon-2\" tabindex=\"0\" aria-controls=\"fl-accordion--panel-2\"><i>Uitvouwen<\/i><\/a>\n\t\t\t\t\t<p>De Yardi Investment Suite bestaat uit verschillende producten en functies. De prijsstelling is afhankelijk van de behoeften van uw organisatie: heeft u behoefte aan een investeerdersportal en investeringsboekhouding voor complexe dividenduitkeringen? Of aan leningenbeheer voor verplichtingen en assets? De oplossing is flexibel en de verschillende producten kunnen los van elkaar worden ingezet, of gefaseerd worden toegevoegd zodra er behoefte is aan bepaalde functionaliteit.<\/p>\n<p>&nbsp;<\/p>\n<p>Neem contact met ons op voor meer informatie over ons aanbod of de prijzen, of om een snelle <a href=\"https:\/\/www.yardiinvestmentsuite.com/en-gb\/nl-nl\/vraag-een-demo-aan\/\">productdemo<\/a> aan te vragen.<\/p>\n\n","protected":false},"excerpt":{"rendered":"<p>Leningenbeheer voor vastgoedleningen Beheer de leningen voor uw volledige portefeuille in \u00e9\u00e9n ge\u00efntegreerde oplossing. VRAAG EEN DEMO AAN Geen spreadsheets meer, met gecentraliseerde gegevens en een toonaangevend platform voor leningen Voor leningnemers&nbsp; Maak de leningen in uw portefeuille beter inzichtelijk met een platform dat perfect aansluit op vastgoed als onderpand, beheerd in Yardi Voyager. Voor&hellip;<\/p>\n","protected":false},"author":2969,"featured_media":0,"parent":0,"menu_order":0,"comment_status":"closed","ping_status":"closed","template":"","meta":{"footnotes":""},"class_list":["post-8392","page","type-page","status-publish","hentry"],"yoast_head":"<!-- This site is optimized with the Yoast SEO Premium plugin v23.4 (Yoast SEO v24.6) - https:\/\/yoast.com\/wordpress\/plugins\/seo\/ -->\n<title>Debt management software voor vastgoed<\/title>\n<meta name=\"description\" content=\"Elimineer spreadsheets, centraliseer gegevens en beheer de leningen voor uw volledige portefeuille in \u00e9\u00e9n ge\u00efntegreerde oplossing.\" \/>\n<meta name=\"robots\" content=\"index, follow, max-snippet:-1, max-image-preview:large, max-video-preview:-1\" \/>\n<link rel=\"canonical\" href=\"https:\/\/www.yardiinvestmentsuite.com/en-gb\/nl-nl\/debt-manager\/\" \/>\n<meta property=\"og:locale\" content=\"nl_NL\" \/>\n<meta property=\"og:type\" content=\"article\" \/>\n<meta property=\"og:title\" content=\"Debt Manager\" \/>\n<meta property=\"og:description\" content=\"Elimineer spreadsheets, centraliseer gegevens en beheer de leningen voor uw volledige portefeuille in \u00e9\u00e9n ge\u00efntegreerde oplossing.\" \/>\n<meta property=\"og:url\" content=\"https:\/\/www.yardiinvestmentsuite.com/en-gb\/nl-nl\/debt-manager\/\" \/>\n<meta property=\"og:site_name\" content=\"Yardi Investment Suite\" \/>\n<meta property=\"article:modified_time\" content=\"2025-07-24T14:10:15+00:00\" \/>\n<meta property=\"og:image\" content=\"https:\/\/www.yardiinvestmentsuite.com/en-gb\/wp-content\/uploads\/sites\/88\/2023\/08\/Debt-hero-desktop_final.png\" \/>\n<meta name=\"twitter:card\" content=\"summary_large_image\" \/>\n<meta name=\"twitter:label1\" content=\"Geschatte leestijd\" \/>\n\t<meta name=\"twitter:data1\" content=\"2 minuten\" \/>\n<script type=\"application\/ld+json\" class=\"yoast-schema-graph\">{\"@context\":\"https:\/\/schema.org\",\"@graph\":[{\"@type\":\"WebPage\",\"@id\":\"https:\/\/www.yardiinvestmentsuite.com/en-gb\/nl-nl\/debt-manager\/\",\"url\":\"https:\/\/www.yardiinvestmentsuite.com/en-gb\/nl-nl\/debt-manager\/\",\"name\":\"Debt management software voor vastgoed\",\"isPartOf\":{\"@id\":\"https:\/\/www.yardiinvestmentsuite.com/en-gb\/nl-nl\/#website\"},\"primaryImageOfPage\":{\"@id\":\"https:\/\/www.yardiinvestmentsuite.com/en-gb\/nl-nl\/debt-manager\/#primaryimage\"},\"image\":{\"@id\":\"https:\/\/www.yardiinvestmentsuite.com/en-gb\/nl-nl\/debt-manager\/#primaryimage\"},\"thumbnailUrl\":\"https:\/\/www.yardiinvestmentsuite.com/en-gb\/wp-content\/uploads\/sites\/88\/2023\/08\/Debt-hero-desktop_final.png\",\"datePublished\":\"2025-07-24T14:10:11+00:00\",\"dateModified\":\"2025-07-24T14:10:15+00:00\",\"description\":\"Elimineer spreadsheets, centraliseer gegevens en beheer de leningen voor uw volledige portefeuille in \u00e9\u00e9n ge\u00efntegreerde oplossing.\",\"breadcrumb\":{\"@id\":\"https:\/\/www.yardiinvestmentsuite.com/en-gb\/nl-nl\/debt-manager\/#breadcrumb\"},\"inLanguage\":\"nl-NL\",\"potentialAction\":[{\"@type\":\"ReadAction\",\"target\":[\"https:\/\/www.yardiinvestmentsuite.com/en-gb\/nl-nl\/debt-manager\/\"]}]},{\"@type\":\"ImageObject\",\"inLanguage\":\"nl-NL\",\"@id\":\"https:\/\/www.yardiinvestmentsuite.com/en-gb\/nl-nl\/debt-manager\/#primaryimage\",\"url\":\"https:\/\/www.yardiinvestmentsuite.com/en-gb\/wp-content\/uploads\/sites\/88\/2023\/08\/Debt-hero-desktop_final.png\",\"contentUrl\":\"https:\/\/www.yardiinvestmentsuite.com/en-gb\/wp-content\/uploads\/sites\/88\/2023\/08\/Debt-hero-desktop_final.png\"},{\"@type\":\"BreadcrumbList\",\"@id\":\"https:\/\/www.yardiinvestmentsuite.com/en-gb\/nl-nl\/debt-manager\/#breadcrumb\",\"itemListElement\":[{\"@type\":\"ListItem\",\"position\":1,\"name\":\"Home\",\"item\":\"https:\/\/www.yardiinvestmentsuite.com/en-gb\/nl-nl\/\"},{\"@type\":\"ListItem\",\"position\":2,\"name\":\"Debt Manager\"}]},{\"@type\":\"WebSite\",\"@id\":\"https:\/\/www.yardiinvestmentsuite.com/en-gb\/nl-nl\/#website\",\"url\":\"https:\/\/www.yardiinvestmentsuite.com/en-gb\/nl-nl\/\",\"name\":\"Yardi Investment Suite\",\"description\":\"\",\"publisher\":{\"@id\":\"https:\/\/www.yardiinvestmentsuite.com/en-gb\/nl-nl\/#organization\"},\"potentialAction\":[{\"@type\":\"SearchAction\",\"target\":{\"@type\":\"EntryPoint\",\"urlTemplate\":\"https:\/\/www.yardiinvestmentsuite.com/en-gb\/nl-nl\/?s={search_term_string}\"},\"query-input\":{\"@type\":\"PropertyValueSpecification\",\"valueRequired\":true,\"valueName\":\"search_term_string\"}}],\"inLanguage\":\"nl-NL\"},{\"@type\":\"Organization\",\"@id\":\"https:\/\/www.yardiinvestmentsuite.com/en-gb\/nl-nl\/#organization\",\"name\":\"Yardi Investment Suite\",\"url\":\"https:\/\/www.yardiinvestmentsuite.com/en-gb\/nl-nl\/\",\"logo\":{\"@type\":\"ImageObject\",\"inLanguage\":\"nl-NL\",\"@id\":\"https:\/\/www.yardiinvestmentsuite.com/en-gb\/nl-nl\/#\/schema\/logo\/image\/\",\"url\":\"https:\/\/www.yardiinvestmentsuite.com/en-gb\/wp-content\/uploads\/sites\/88\/2022\/04\/Yardi-Investment-Suite-InLine-3D.png\",\"contentUrl\":\"https:\/\/www.yardiinvestmentsuite.com/en-gb\/wp-content\/uploads\/sites\/88\/2022\/04\/Yardi-Investment-Suite-InLine-3D.png\",\"width\":492,\"height\":64,\"caption\":\"Yardi Investment Suite\"},\"image\":{\"@id\":\"https:\/\/www.yardiinvestmentsuite.com/en-gb\/nl-nl\/#\/schema\/logo\/image\/\"}}]}<\/script>\n<!-- \/ Yoast SEO Premium plugin. -->","yoast_head_json":{"title":"Debt management software voor vastgoed","description":"Elimineer spreadsheets, centraliseer gegevens en beheer de leningen voor uw volledige portefeuille in \u00e9\u00e9n ge\u00efntegreerde oplossing.","robots":{"index":"index","follow":"follow","max-snippet":"max-snippet:-1","max-image-preview":"max-image-preview:large","max-video-preview":"max-video-preview:-1"},"canonical":"https:\/\/www.yardiinvestmentsuite.com/en-gb\/nl-nl\/debt-manager\/","og_locale":"nl_NL","og_type":"article","og_title":"Debt Manager","og_description":"Elimineer spreadsheets, centraliseer gegevens en beheer de leningen voor uw volledige portefeuille in \u00e9\u00e9n ge\u00efntegreerde oplossing.","og_url":"https:\/\/www.yardiinvestmentsuite.com/en-gb\/nl-nl\/debt-manager\/","og_site_name":"Yardi Investment Suite","article_modified_time":"2025-07-24T14:10:15+00:00","og_image":[{"url":"https:\/\/www.yardiinvestmentsuite.com/en-gb\/wp-content\/uploads\/sites\/88\/2023\/08\/Debt-hero-desktop_final.png","type":"","width":"","height":""}],"twitter_card":"summary_large_image","twitter_misc":{"Geschatte leestijd":"2 minuten"},"schema":{"@context":"https:\/\/schema.org","@graph":[{"@type":"WebPage","@id":"https:\/\/www.yardiinvestmentsuite.com/en-gb\/nl-nl\/debt-manager\/","url":"https:\/\/www.yardiinvestmentsuite.com/en-gb\/nl-nl\/debt-manager\/","name":"Debt management software voor vastgoed","isPartOf":{"@id":"https:\/\/www.yardiinvestmentsuite.com/en-gb\/nl-nl\/#website"},"primaryImageOfPage":{"@id":"https:\/\/www.yardiinvestmentsuite.com/en-gb\/nl-nl\/debt-manager\/#primaryimage"},"image":{"@id":"https:\/\/www.yardiinvestmentsuite.com/en-gb\/nl-nl\/debt-manager\/#primaryimage"},"thumbnailUrl":"https:\/\/www.yardiinvestmentsuite.com/en-gb\/wp-content\/uploads\/sites\/88\/2023\/08\/Debt-hero-desktop_final.png","datePublished":"2025-07-24T14:10:11+00:00","dateModified":"2025-07-24T14:10:15+00:00","description":"Elimineer spreadsheets, centraliseer gegevens en beheer de leningen voor uw volledige portefeuille in \u00e9\u00e9n ge\u00efntegreerde oplossing.","breadcrumb":{"@id":"https:\/\/www.yardiinvestmentsuite.com/en-gb\/nl-nl\/debt-manager\/#breadcrumb"},"inLanguage":"nl-NL","potentialAction":[{"@type":"ReadAction","target":["https:\/\/www.yardiinvestmentsuite.com/en-gb\/nl-nl\/debt-manager\/"]}]},{"@type":"ImageObject","inLanguage":"nl-NL","@id":"https:\/\/www.yardiinvestmentsuite.com/en-gb\/nl-nl\/debt-manager\/#primaryimage","url":"https:\/\/www.yardiinvestmentsuite.com/en-gb\/wp-content\/uploads\/sites\/88\/2023\/08\/Debt-hero-desktop_final.png","contentUrl":"https:\/\/www.yardiinvestmentsuite.com/en-gb\/wp-content\/uploads\/sites\/88\/2023\/08\/Debt-hero-desktop_final.png"},{"@type":"BreadcrumbList","@id":"https:\/\/www.yardiinvestmentsuite.com/en-gb\/nl-nl\/debt-manager\/#breadcrumb","itemListElement":[{"@type":"ListItem","position":1,"name":"Home","item":"https:\/\/www.yardiinvestmentsuite.com/en-gb\/nl-nl\/"},{"@type":"ListItem","position":2,"name":"Debt Manager"}]},{"@type":"WebSite","@id":"https:\/\/www.yardiinvestmentsuite.com/en-gb\/nl-nl\/#website","url":"https:\/\/www.yardiinvestmentsuite.com/en-gb\/nl-nl\/","name":"Yardi Investment Suite","description":"","publisher":{"@id":"https:\/\/www.yardiinvestmentsuite.com/en-gb\/nl-nl\/#organization"},"potentialAction":[{"@type":"SearchAction","target":{"@type":"EntryPoint","urlTemplate":"https:\/\/www.yardiinvestmentsuite.com/en-gb\/nl-nl\/?s={search_term_string}"},"query-input":{"@type":"PropertyValueSpecification","valueRequired":true,"valueName":"search_term_string"}}],"inLanguage":"nl-NL"},{"@type":"Organization","@id":"https:\/\/www.yardiinvestmentsuite.com/en-gb\/nl-nl\/#organization","name":"Yardi Investment Suite","url":"https:\/\/www.yardiinvestmentsuite.com/en-gb\/nl-nl\/","logo":{"@type":"ImageObject","inLanguage":"nl-NL","@id":"https:\/\/www.yardiinvestmentsuite.com/en-gb\/nl-nl\/#\/schema\/logo\/image\/","url":"https:\/\/www.yardiinvestmentsuite.com/en-gb\/wp-content\/uploads\/sites\/88\/2022\/04\/Yardi-Investment-Suite-InLine-3D.png","contentUrl":"https:\/\/www.yardiinvestmentsuite.com/en-gb\/wp-content\/uploads\/sites\/88\/2022\/04\/Yardi-Investment-Suite-InLine-3D.png","width":492,"height":64,"caption":"Yardi Investment Suite"},"image":{"@id":"https:\/\/www.yardiinvestmentsuite.com/en-gb\/nl-nl\/#\/schema\/logo\/image\/"}}]}},"jetpack_sharing_enabled":true,"_links":{"self":[{"href":"https:\/\/www.yardiinvestmentsuite.com/en-gb\/nl-nl\/wp-json\/wp\/v2\/pages\/8392","targetHints":{"allow":["GET"]}}],"collection":[{"href":"https:\/\/www.yardiinvestmentsuite.com/en-gb\/nl-nl\/wp-json\/wp\/v2\/pages"}],"about":[{"href":"https:\/\/www.yardiinvestmentsuite.com/en-gb\/nl-nl\/wp-json\/wp\/v2\/types\/page"}],"author":[{"embeddable":true,"href":"https:\/\/www.yardiinvestmentsuite.com/en-gb\/nl-nl\/wp-json\/wp\/v2\/users\/2969"}],"replies":[{"embeddable":true,"href":"https:\/\/www.yardiinvestmentsuite.com/en-gb\/nl-nl\/wp-json\/wp\/v2\/comments?post=8392"}],"version-history":[{"count":3,"href":"https:\/\/www.yardiinvestmentsuite.com/en-gb\/nl-nl\/wp-json\/wp\/v2\/pages\/8392\/revisions"}],"predecessor-version":[{"id":8658,"href":"https:\/\/www.yardiinvestmentsuite.com/en-gb\/nl-nl\/wp-json\/wp\/v2\/pages\/8392\/revisions\/8658"}],"wp:attachment":[{"href":"https:\/\/www.yardiinvestmentsuite.com/en-gb\/nl-nl\/wp-json\/wp\/v2\/media?parent=8392"}],"curies":[{"name":"wp","href":"https:\/\/api.w.org\/{rel}","templated":true}]}}