{"id":8386,"date":"2023-07-04T10:00:51","date_gmt":"2023-07-04T10:00:51","guid":{"rendered":"https:\/\/www.yardiinvestmentsuite.com/en-gb\/eigenaar-beheerders\/"},"modified":"2024-06-04T12:32:12","modified_gmt":"2024-06-04T12:32:12","slug":"eigenaar-beheerders","status":"publish","type":"page","link":"https:\/\/www.yardiinvestmentsuite.com/en-gb\/nl-nl\/eigenaar-beheerders\/","title":{"rendered":"Eigenaar-beheerders"},"content":{"rendered":"\n<h1>\n\t\tInvestment Management software voor vastgoedeigenaren, -beheerders en -investeerders\n\t<\/h1>\n\t<p>Vergroot de tevredenheid van investeerders, automatiseer de complexe boekhouding voor uw assets en stroomlijn leningenbeheer met de enige Investment Suite die volledig integreert met de oplossingen voor vastgoedbeheer van Yardi.<\/p>\n\t\t\t<a href=\"https:\/\/www.yardiinvestmentsuite.com/en-gb\/nl-nl\/vraag-een-demo-aan\/\" target=\"_self\" rel=\"noopener\">\n\t\t\t\t\t\t\tVRAAG EEN DEMO AAN\n\t\t\t\t\t<\/a>\n\t\t\t\t<img loading=\"lazy\" decoding=\"async\" src=\"https:\/\/www.yardiinvestmentsuite.com/en-gb\/wp-content\/uploads\/sites\/88\/2023\/05\/home-computer.png\" alt=\"thuis-computer\" itemprop=\"image\" height=\"774\" width=\"1030\" title=\"thuis-computer\" onerror=\"this.style.display='none'\"\/>\n<h2>\n\t\tProducten\n\t<\/h2>\n<h3>\n\t\t<a href=\"https:\/\/www.yardiinvestmentsuite.com/en-gb\/nl-nl\/investment-manager\/\" title=\"Investment Manager\" target=\"_self\" rel=\"noopener\">\n\t\tInvestment Manager\n\t\t<\/a>\n\t<\/h3>\n\t<p>Communiceer eenvoudig met bestaande en toekomstige investeerders Maak voor volledige transparantie en effici\u00ebntie investeringsstatistieken, documenten, nieuwe investeringsmogelijkheden en rapportages toegankelijk voor investeerders via een investeerdersportal in uw huisstijl dat volledig integreert met de oplossingen van Yardi.<\/p>\n<h3>\n\t\t<a href=\"https:\/\/www.yardiinvestmentsuite.com/en-gb\/nl-nl\/debt-manager\/\" title=\"&lt;a href=&quot;https:\/\/www.yardiinvestmentsuite.com/en-gb\/debt-management-software\/&quot;&gt;Debt Manager&lt;\/a&gt;\" target=\"_self\" rel=\"noopener\">\n\t\t<\/a><a href=\"https:\/\/www.yardiinvestmentsuite.com/en-gb\/nl-nl\/debt-manager\/\">Debt Manager<\/a>\n\t\t\n\t<\/h3>\n\t<p>Beheer alle aspecten van vastgoedleningen als leningnemer met een oplossing die volledig integreert met de Yardi accountingplatforms.<\/p>\n<h3>\n\t\t<a href=\"https:\/\/www.yardiinvestmentsuite.com/en-gb\/nl-nl\/investment-accounting\/\" title=\"Investment Accounting\" target=\"_self\" rel=\"noopener\">\n\t\tInvestment Accounting\n\t\t<\/a>\n\t<\/h3>\n\t<p>Verzorg de accounting van uw vastgoedorganisatie, of deze nu eenvoudig of zeer complex is, en automatiseer alle handmatige processen met toonaangevende software voor investment accounting.<\/p>\n\t\t\t\t<img loading=\"lazy\" decoding=\"async\" src=\"https:\/\/www.yardiinvestmentsuite.com/en-gb\/wp-content\/uploads\/sites\/88\/2023\/07\/owner-managers-thumbnails-1.png\" alt=\"owner-managers-thumbnails-1\" itemprop=\"image\" height=\"661\" width=\"705\" title=\"owner-managers-thumbnails-1\" onerror=\"this.style.display='none'\"\/>\n\t<p>Kies voor Investment Manager en centraliseer en automatiseer investeerdersrelaties in een portal in uw huisstijl<\/p>\n\t<ul>\n<li>Geef investeerders interactieve toegang tot gepubliceerde statistieken, rapportages en belangrijke documenten van investering tot asset<\/li>\n<li>Bied bestaande en potenti\u00eble investeerders een ervaring voor nieuwe investeringsmogelijkheden die vergelijkbaar is met een dealroom<\/li>\n<li>Elimineer het overzetten of opnieuw invoeren van gegevens en reconciliaties met \u00e9\u00e9n ge\u00efntegreerd platform<\/li>\n<li>Beheer alle communicatie met investeerders op \u00e9\u00e9n plek, voor effici\u00ebntie en transparantie binnen de gehele organisatie<\/li>\n<\/ul>\n\t<p>Beheer risico&#8217;s en vereenvoudig toegang tot leninggegevens met Debt Manager<\/p>\n\t<ul>\n<li>Geef belangrijke belanghebbenden inzicht in alle leningen binnen de portefeuille<\/li>\n<li>Volg belangrijke datums voor items met een deadline voor leningnemers en de bijbehorende status<\/li>\n<li>Maak gebruik van gegevens die tot op assetniveau zijn vastgelegd in Yardi voor inzicht in mogelijke toekomstige convenantrisico&#8217;s<\/li>\n<li>Analyseer toekomstige rente-uitgaven per lening<\/li>\n<\/ul>\n\t\t\t\t<img loading=\"lazy\" decoding=\"async\" src=\"https:\/\/www.yardiinvestmentsuite.com/en-gb\/wp-content\/uploads\/sites\/88\/2023\/07\/owner-managers-thumbnails-2.png\" alt=\"owner-managers-thumbnails-2\" itemprop=\"image\" height=\"664\" width=\"834\" title=\"owner-managers-thumbnails-2\" onerror=\"this.style.display='none'\"\/>\n\t\t\t\t<img loading=\"lazy\" decoding=\"async\" src=\"https:\/\/www.yardiinvestmentsuite.com/en-gb\/wp-content\/uploads\/sites\/88\/2023\/07\/owner-managers-thumbnails-3.png\" alt=\"owner-managers-thumbnails-3\" itemprop=\"image\" height=\"713\" width=\"765\" title=\"owner-managers-thumbnails-3\" onerror=\"this.style.display='none'\"\/>\n\t<p>Automatiseer financi\u00eble consolidaties en de accounting van alle eigendomsstructuren op \u00e9\u00e9n ge\u00efntegreerd platform<\/p>\n\t<ul>\n<li>Sluit boekhoudperiodes sneller af door consolidaties, eliminaties en toewijzingen te automatiseren van assets naar investeerders<\/li>\n<li>Produceer gedetailleerde financi\u00eble rapportages voor investeerders en investeringen<\/li>\n<li>Automatiseer transacties in de gehele eigendomsstructuur, inclusief capital calls en dividenduitkeringen<\/li>\n<li>Bereken en houd rekening met investeringsgerelateerde kosten, partner transfers en andere complexe processen binnen de eigendomsstructuren van vastgoed<\/li>\n<\/ul>\n<h2>\n\t\tYardi Investment Suite wordt ingezet door\n\t<\/h2>\n\t\t\t\t<a href=\"#\" target=\"_self\" itemprop=\"url\" rel=\"noopener\">\n\t\t\t\t<img loading=\"lazy\" decoding=\"async\" src=\"https:\/\/www.yardiinvestmentsuite.com/en-gb\/wp-content\/uploads\/sites\/88\/2022\/04\/Alter-Domus-logo.png\" alt=\"Alter Domus logo\" itemprop=\"image\" height=\"32\" width=\"200\" title=\"Alter Domus logo\" onerror=\"this.style.display='none'\"\/>\n\t\t\t\t<\/a>\n\t\t\t\t<a href=\"#\" target=\"_self\" itemprop=\"url\" rel=\"noopener\">\n\t\t\t\t<img loading=\"lazy\" decoding=\"async\" src=\"https:\/\/www.yardiinvestmentsuite.com/en-gb\/wp-content\/uploads\/sites\/88\/2022\/04\/Cohen-Asset-Management-logo.png\" alt=\"Cohen Asset Management logo\" itemprop=\"image\" height=\"78\" width=\"247\" title=\"Cohen Asset Management logo\" onerror=\"this.style.display='none'\"\/>\n\t\t\t\t<\/a>\n\t\t\t\t<a href=\"#\" target=\"_self\" itemprop=\"url\" rel=\"noopener\">\n\t\t\t\t<img loading=\"lazy\" decoding=\"async\" src=\"https:\/\/www.yardiinvestmentsuite.com/en-gb\/wp-content\/uploads\/sites\/88\/2022\/04\/MG-Properties_Logo-Full-Color.png\" alt=\"MG Properties_Logo Full Color\" itemprop=\"image\" height=\"2231\" width=\"8191\" title=\"MG Properties_Logo Full Color\" onerror=\"this.style.display='none'\"\/>\n\t\t\t\t<\/a>\n\t\t\t\t<a href=\"#\" target=\"_self\" itemprop=\"url\" rel=\"noopener\">\n\t\t\t\t<img loading=\"lazy\" decoding=\"async\" src=\"https:\/\/www.yardiinvestmentsuite.com/en-gb\/wp-content\/uploads\/sites\/88\/2022\/04\/ROCO-Real-Estate-logo.png\" alt=\"ROCO Real Estate logo\" itemprop=\"image\" height=\"280\" width=\"280\" title=\"ROCO Real Estate logo\" onerror=\"this.style.display='none'\"\/>\n\t\t\t\t<\/a>\n\t\t\t\t<a href=\"#\" target=\"_self\" itemprop=\"url\" rel=\"noopener\">\n\t\t\t\t<img loading=\"lazy\" decoding=\"async\" src=\"https:\/\/www.yardiinvestmentsuite.com/en-gb\/wp-content\/uploads\/sites\/88\/2022\/04\/Hanini-Group_Logo_BLUE.png\" alt=\"Hanini Group_Logo_BLUE\" itemprop=\"image\" height=\"2831\" width=\"4927\" title=\"Hanini Group_Logo_BLUE\" onerror=\"this.style.display='none'\"\/>\n\t\t\t\t<\/a>\n\t\t\t\t<a href=\"#\" target=\"_self\" itemprop=\"url\" rel=\"noopener\">\n\t\t\t\t<img loading=\"lazy\" decoding=\"async\" src=\"https:\/\/www.yardiinvestmentsuite.com/en-gb\/wp-content\/uploads\/sites\/88\/2022\/04\/Uniland-logo_tagline_color.png\" alt=\"Uniland logo_tagline_color\" itemprop=\"image\" height=\"967\" width=\"3334\" title=\"Uniland logo_tagline_color\" onerror=\"this.style.display='none'\"\/>\n\t\t\t\t<\/a>\n<h2>\n\t\tDe ge\u00efntegreerde Investment Management oplossing\n\t<\/h2>\n\t<p>Beheer het volledige proces van vastgoedinvesteringen, van investeerdersportal en complexe investeringen tot leningboekhouding en performancebeheer.<\/p>\n\t\t\t<a href=\"https:\/\/www.yardiinvestmentsuite.com/en-gb\/nl-nl\/vraag-een-demo-aan\/\" target=\"_self\" rel=\"noopener\">\n\t\t\t\t\t\t\tVraag een demo aan \n\t\t\t\t\t<\/a>\n\t<p>VEELGESTELDE VRAGEN<br \/><\/p>\n\t<p>Vind hier antwoord op vragen over de Yardi Investment Suite<\/p>\n\t\t\t\t\t<a href=\"#\" id=\"fl-accordion--label-0\" tabindex=\"0\" aria-controls=\"fl-accordion--panel-0\">Wat is de Yardi Investment Suite?<\/a>\n\t\t\t\t\t\t\t\t\t\t\t<a href=\"#\" id=\"fl-accordion--icon-0\" tabindex=\"0\" aria-controls=\"fl-accordion--panel-0\"><i>Uitvouwen<\/i><\/a>\n\t\t\t\t\t<p>De Yardi Investment Suite is een volledig ge\u00efntegreerd platform dat is ontworpen voor organisaties waarvoor investeringenbeheer voor vastgoed essentieel is om hun investeringen, investeerders en zelfs assets te beheren.&nbsp; De software is geschikt voor eigenaar-beheerders, eigen vermogen, onderhandse schulden, instituten, fondsbeheerders, beherende en stille vennoten, REITs, banken, verzekeringsorganisaties en family offices.&nbsp;&nbsp;<\/p>\n\t\t\t\t\t<a href=\"#\" id=\"fl-accordion--label-1\" tabindex=\"0\" aria-controls=\"fl-accordion--panel-1\">Wat zijn de belangrijkste voordelen van de Yardi Investment Suite?<\/a>\n\t\t\t\t\t\t\t\t\t\t\t<a href=\"#\" id=\"fl-accordion--icon-1\" tabindex=\"0\" aria-controls=\"fl-accordion--panel-1\"><i>Uitvouwen<\/i><\/a>\n\t\t\t\t\t<p>Met de Yardi Investment Suite beheert u uw volledige vastgoedstrategie vanaf \u00e9\u00e9n ge\u00efntegreerd platform. U krijgt volledige transparantie van uw investeringenportefeuille van investering tot asset, beheert complexe investeringen, schulden en eigendomsstructuren en correspondeert, volgt en initieert investeringen met investeerders via een portal in uw huisstijl.<\/p>\n\t\t\t\t\t<a href=\"#\" id=\"fl-accordion--label-2\" tabindex=\"0\" aria-controls=\"fl-accordion--panel-2\">Wat zijn de kosten?<\/a>\n\t\t\t\t\t\t\t\t\t\t\t<a href=\"#\" id=\"fl-accordion--icon-2\" tabindex=\"0\" aria-controls=\"fl-accordion--panel-2\"><i>Uitvouwen<\/i><\/a>\n\t\t\t\t\t<p>De Yardi Investment Suite bestaat uit verschillende producten en functionaliteiten en de prijsstelling is afhankelijk van de behoeften van uw organisatie: <a href=\"https:\/\/www.yardiinvestmentsuite.com/en-gb\/nl-nl\/investment-manager\/\">investeerdersportal<\/a>, <a href=\"https:\/\/www.yardiinvestmentsuite.com/en-gb\/nl-nl\/investment-accounting\/\">investment accounting<\/a> voor complexe dividenduitkeringen, en <a href=\"https:\/\/www.yardiinvestmentsuite.com/en-gb\/nl-nl\/debt-manager\/\">leningenbeheer<\/a> voor verplichtingen en assets. De oplossing is flexibel en de verschillende producten kunnen individueel worden ingezet, of gefaseerd worden toegevoegd wanneer er behoefte is aan bepaalde functionaliteiten.&nbsp;&nbsp;<\/p>\n<p>Neem contact met ons op voor meer informatie over ons aanbod of de prijzen, of om een snelle productdemo aan te vragen.<\/p>\n\n","protected":false},"excerpt":{"rendered":"<p>Investment Management software voor vastgoedeigenaren, -beheerders en -investeerders Vergroot de tevredenheid van investeerders, automatiseer de complexe boekhouding voor uw assets en stroomlijn leningenbeheer met de enige Investment Suite die volledig integreert met de oplossingen voor vastgoedbeheer van Yardi. VRAAG EEN DEMO AAN Producten Investment Manager Communiceer eenvoudig met bestaande en toekomstige investeerders Maak voor volledige&hellip;<\/p>\n","protected":false},"author":4,"featured_media":0,"parent":0,"menu_order":0,"comment_status":"closed","ping_status":"closed","template":"","meta":{"footnotes":""},"class_list":["post-8386","page","type-page","status-publish","hentry"],"yoast_head":"<!-- This site is optimized with the Yoast SEO Premium plugin v23.4 (Yoast SEO v24.6) - https:\/\/yoast.com\/wordpress\/plugins\/seo\/ -->\n<title>Investeringssoftware voor vastgoedeigenaren<\/title>\n<meta name=\"description\" content=\"Vergroot de tevredenheid van investeerders, automatiseer de complexe boekhouding voor uw assets en stroomlijn leningenbeheer met end-to-end software\" \/>\n<meta name=\"robots\" content=\"index, follow, max-snippet:-1, max-image-preview:large, max-video-preview:-1\" \/>\n<link rel=\"canonical\" href=\"https:\/\/www.yardiinvestmentsuite.com/en-gb\/nl-nl\/eigenaar-beheerders\/\" \/>\n<meta property=\"og:locale\" content=\"nl_NL\" \/>\n<meta property=\"og:type\" content=\"article\" \/>\n<meta property=\"og:title\" content=\"Eigenaar-beheerders\" \/>\n<meta property=\"og:description\" content=\"Vergroot de tevredenheid van investeerders, automatiseer de complexe boekhouding voor uw assets en stroomlijn leningenbeheer met end-to-end software\" \/>\n<meta property=\"og:url\" content=\"https:\/\/www.yardiinvestmentsuite.com/en-gb\/nl-nl\/eigenaar-beheerders\/\" \/>\n<meta property=\"og:site_name\" content=\"Yardi Investment Suite\" \/>\n<meta property=\"article:modified_time\" content=\"2024-06-04T12:32:12+00:00\" \/>\n<meta property=\"og:image\" content=\"https:\/\/www.yardiinvestmentsuite.com/en-gb\/wp-content\/uploads\/sites\/88\/2023\/05\/home-computer.png\" \/>\n<meta name=\"twitter:card\" content=\"summary_large_image\" \/>\n<meta name=\"twitter:label1\" content=\"Geschatte leestijd\" \/>\n\t<meta name=\"twitter:data1\" content=\"3 minuten\" \/>\n<script type=\"application\/ld+json\" class=\"yoast-schema-graph\">{\"@context\":\"https:\/\/schema.org\",\"@graph\":[{\"@type\":\"WebPage\",\"@id\":\"https:\/\/www.yardiinvestmentsuite.com/en-gb\/nl-nl\/eigenaar-beheerders\/\",\"url\":\"https:\/\/www.yardiinvestmentsuite.com/en-gb\/nl-nl\/eigenaar-beheerders\/\",\"name\":\"Investeringssoftware voor vastgoedeigenaren\",\"isPartOf\":{\"@id\":\"https:\/\/www.yardiinvestmentsuite.com/en-gb\/nl-nl\/#website\"},\"primaryImageOfPage\":{\"@id\":\"https:\/\/www.yardiinvestmentsuite.com/en-gb\/nl-nl\/eigenaar-beheerders\/#primaryimage\"},\"image\":{\"@id\":\"https:\/\/www.yardiinvestmentsuite.com/en-gb\/nl-nl\/eigenaar-beheerders\/#primaryimage\"},\"thumbnailUrl\":\"https:\/\/www.yardiinvestmentsuite.com/en-gb\/wp-content\/uploads\/sites\/88\/2023\/05\/home-computer.png\",\"datePublished\":\"2023-07-04T10:00:51+00:00\",\"dateModified\":\"2024-06-04T12:32:12+00:00\",\"description\":\"Vergroot de tevredenheid van investeerders, automatiseer de complexe boekhouding voor uw assets en stroomlijn leningenbeheer met end-to-end software\",\"breadcrumb\":{\"@id\":\"https:\/\/www.yardiinvestmentsuite.com/en-gb\/nl-nl\/eigenaar-beheerders\/#breadcrumb\"},\"inLanguage\":\"nl-NL\",\"potentialAction\":[{\"@type\":\"ReadAction\",\"target\":[\"https:\/\/www.yardiinvestmentsuite.com/en-gb\/nl-nl\/eigenaar-beheerders\/\"]}]},{\"@type\":\"ImageObject\",\"inLanguage\":\"nl-NL\",\"@id\":\"https:\/\/www.yardiinvestmentsuite.com/en-gb\/nl-nl\/eigenaar-beheerders\/#primaryimage\",\"url\":\"https:\/\/www.yardiinvestmentsuite.com/en-gb\/wp-content\/uploads\/sites\/88\/2023\/05\/home-computer.png\",\"contentUrl\":\"https:\/\/www.yardiinvestmentsuite.com/en-gb\/wp-content\/uploads\/sites\/88\/2023\/05\/home-computer.png\"},{\"@type\":\"BreadcrumbList\",\"@id\":\"https:\/\/www.yardiinvestmentsuite.com/en-gb\/nl-nl\/eigenaar-beheerders\/#breadcrumb\",\"itemListElement\":[{\"@type\":\"ListItem\",\"position\":1,\"name\":\"Home\",\"item\":\"https:\/\/www.yardiinvestmentsuite.com/en-gb\/nl-nl\/\"},{\"@type\":\"ListItem\",\"position\":2,\"name\":\"Eigenaar-beheerders\"}]},{\"@type\":\"WebSite\",\"@id\":\"https:\/\/www.yardiinvestmentsuite.com/en-gb\/nl-nl\/#website\",\"url\":\"https:\/\/www.yardiinvestmentsuite.com/en-gb\/nl-nl\/\",\"name\":\"Yardi Investment Suite\",\"description\":\"\",\"publisher\":{\"@id\":\"https:\/\/www.yardiinvestmentsuite.com/en-gb\/nl-nl\/#organization\"},\"potentialAction\":[{\"@type\":\"SearchAction\",\"target\":{\"@type\":\"EntryPoint\",\"urlTemplate\":\"https:\/\/www.yardiinvestmentsuite.com/en-gb\/nl-nl\/?s={search_term_string}\"},\"query-input\":{\"@type\":\"PropertyValueSpecification\",\"valueRequired\":true,\"valueName\":\"search_term_string\"}}],\"inLanguage\":\"nl-NL\"},{\"@type\":\"Organization\",\"@id\":\"https:\/\/www.yardiinvestmentsuite.com/en-gb\/nl-nl\/#organization\",\"name\":\"Yardi Investment Suite\",\"url\":\"https:\/\/www.yardiinvestmentsuite.com/en-gb\/nl-nl\/\",\"logo\":{\"@type\":\"ImageObject\",\"inLanguage\":\"nl-NL\",\"@id\":\"https:\/\/www.yardiinvestmentsuite.com/en-gb\/nl-nl\/#\/schema\/logo\/image\/\",\"url\":\"https:\/\/www.yardiinvestmentsuite.com/en-gb\/wp-content\/uploads\/sites\/88\/2022\/04\/Yardi-Investment-Suite-InLine-3D.png\",\"contentUrl\":\"https:\/\/www.yardiinvestmentsuite.com/en-gb\/wp-content\/uploads\/sites\/88\/2022\/04\/Yardi-Investment-Suite-InLine-3D.png\",\"width\":492,\"height\":64,\"caption\":\"Yardi Investment Suite\"},\"image\":{\"@id\":\"https:\/\/www.yardiinvestmentsuite.com/en-gb\/nl-nl\/#\/schema\/logo\/image\/\"}}]}<\/script>\n<!-- \/ Yoast SEO Premium plugin. -->","yoast_head_json":{"title":"Investeringssoftware voor vastgoedeigenaren","description":"Vergroot de tevredenheid van investeerders, automatiseer de complexe boekhouding voor uw assets en stroomlijn leningenbeheer met end-to-end software","robots":{"index":"index","follow":"follow","max-snippet":"max-snippet:-1","max-image-preview":"max-image-preview:large","max-video-preview":"max-video-preview:-1"},"canonical":"https:\/\/www.yardiinvestmentsuite.com/en-gb\/nl-nl\/eigenaar-beheerders\/","og_locale":"nl_NL","og_type":"article","og_title":"Eigenaar-beheerders","og_description":"Vergroot de tevredenheid van investeerders, automatiseer de complexe boekhouding voor uw assets en stroomlijn leningenbeheer met end-to-end software","og_url":"https:\/\/www.yardiinvestmentsuite.com/en-gb\/nl-nl\/eigenaar-beheerders\/","og_site_name":"Yardi Investment Suite","article_modified_time":"2024-06-04T12:32:12+00:00","og_image":[{"url":"https:\/\/www.yardiinvestmentsuite.com/en-gb\/wp-content\/uploads\/sites\/88\/2023\/05\/home-computer.png","type":"","width":"","height":""}],"twitter_card":"summary_large_image","twitter_misc":{"Geschatte leestijd":"3 minuten"},"schema":{"@context":"https:\/\/schema.org","@graph":[{"@type":"WebPage","@id":"https:\/\/www.yardiinvestmentsuite.com/en-gb\/nl-nl\/eigenaar-beheerders\/","url":"https:\/\/www.yardiinvestmentsuite.com/en-gb\/nl-nl\/eigenaar-beheerders\/","name":"Investeringssoftware voor vastgoedeigenaren","isPartOf":{"@id":"https:\/\/www.yardiinvestmentsuite.com/en-gb\/nl-nl\/#website"},"primaryImageOfPage":{"@id":"https:\/\/www.yardiinvestmentsuite.com/en-gb\/nl-nl\/eigenaar-beheerders\/#primaryimage"},"image":{"@id":"https:\/\/www.yardiinvestmentsuite.com/en-gb\/nl-nl\/eigenaar-beheerders\/#primaryimage"},"thumbnailUrl":"https:\/\/www.yardiinvestmentsuite.com/en-gb\/wp-content\/uploads\/sites\/88\/2023\/05\/home-computer.png","datePublished":"2023-07-04T10:00:51+00:00","dateModified":"2024-06-04T12:32:12+00:00","description":"Vergroot de tevredenheid van investeerders, automatiseer de complexe boekhouding voor uw assets en stroomlijn leningenbeheer met end-to-end software","breadcrumb":{"@id":"https:\/\/www.yardiinvestmentsuite.com/en-gb\/nl-nl\/eigenaar-beheerders\/#breadcrumb"},"inLanguage":"nl-NL","potentialAction":[{"@type":"ReadAction","target":["https:\/\/www.yardiinvestmentsuite.com/en-gb\/nl-nl\/eigenaar-beheerders\/"]}]},{"@type":"ImageObject","inLanguage":"nl-NL","@id":"https:\/\/www.yardiinvestmentsuite.com/en-gb\/nl-nl\/eigenaar-beheerders\/#primaryimage","url":"https:\/\/www.yardiinvestmentsuite.com/en-gb\/wp-content\/uploads\/sites\/88\/2023\/05\/home-computer.png","contentUrl":"https:\/\/www.yardiinvestmentsuite.com/en-gb\/wp-content\/uploads\/sites\/88\/2023\/05\/home-computer.png"},{"@type":"BreadcrumbList","@id":"https:\/\/www.yardiinvestmentsuite.com/en-gb\/nl-nl\/eigenaar-beheerders\/#breadcrumb","itemListElement":[{"@type":"ListItem","position":1,"name":"Home","item":"https:\/\/www.yardiinvestmentsuite.com/en-gb\/nl-nl\/"},{"@type":"ListItem","position":2,"name":"Eigenaar-beheerders"}]},{"@type":"WebSite","@id":"https:\/\/www.yardiinvestmentsuite.com/en-gb\/nl-nl\/#website","url":"https:\/\/www.yardiinvestmentsuite.com/en-gb\/nl-nl\/","name":"Yardi Investment Suite","description":"","publisher":{"@id":"https:\/\/www.yardiinvestmentsuite.com/en-gb\/nl-nl\/#organization"},"potentialAction":[{"@type":"SearchAction","target":{"@type":"EntryPoint","urlTemplate":"https:\/\/www.yardiinvestmentsuite.com/en-gb\/nl-nl\/?s={search_term_string}"},"query-input":{"@type":"PropertyValueSpecification","valueRequired":true,"valueName":"search_term_string"}}],"inLanguage":"nl-NL"},{"@type":"Organization","@id":"https:\/\/www.yardiinvestmentsuite.com/en-gb\/nl-nl\/#organization","name":"Yardi Investment Suite","url":"https:\/\/www.yardiinvestmentsuite.com/en-gb\/nl-nl\/","logo":{"@type":"ImageObject","inLanguage":"nl-NL","@id":"https:\/\/www.yardiinvestmentsuite.com/en-gb\/nl-nl\/#\/schema\/logo\/image\/","url":"https:\/\/www.yardiinvestmentsuite.com/en-gb\/wp-content\/uploads\/sites\/88\/2022\/04\/Yardi-Investment-Suite-InLine-3D.png","contentUrl":"https:\/\/www.yardiinvestmentsuite.com/en-gb\/wp-content\/uploads\/sites\/88\/2022\/04\/Yardi-Investment-Suite-InLine-3D.png","width":492,"height":64,"caption":"Yardi Investment Suite"},"image":{"@id":"https:\/\/www.yardiinvestmentsuite.com/en-gb\/nl-nl\/#\/schema\/logo\/image\/"}}]}},"jetpack_sharing_enabled":true,"_links":{"self":[{"href":"https:\/\/www.yardiinvestmentsuite.com/en-gb\/nl-nl\/wp-json\/wp\/v2\/pages\/8386","targetHints":{"allow":["GET"]}}],"collection":[{"href":"https:\/\/www.yardiinvestmentsuite.com/en-gb\/nl-nl\/wp-json\/wp\/v2\/pages"}],"about":[{"href":"https:\/\/www.yardiinvestmentsuite.com/en-gb\/nl-nl\/wp-json\/wp\/v2\/types\/page"}],"author":[{"embeddable":true,"href":"https:\/\/www.yardiinvestmentsuite.com/en-gb\/nl-nl\/wp-json\/wp\/v2\/users\/4"}],"replies":[{"embeddable":true,"href":"https:\/\/www.yardiinvestmentsuite.com/en-gb\/nl-nl\/wp-json\/wp\/v2\/comments?post=8386"}],"version-history":[{"count":3,"href":"https:\/\/www.yardiinvestmentsuite.com/en-gb\/nl-nl\/wp-json\/wp\/v2\/pages\/8386\/revisions"}],"predecessor-version":[{"id":8668,"href":"https:\/\/www.yardiinvestmentsuite.com/en-gb\/nl-nl\/wp-json\/wp\/v2\/pages\/8386\/revisions\/8668"}],"wp:attachment":[{"href":"https:\/\/www.yardiinvestmentsuite.com/en-gb\/nl-nl\/wp-json\/wp\/v2\/media?parent=8386"}],"curies":[{"name":"wp","href":"https:\/\/api.w.org\/{rel}","templated":true}]}}