{"id":8239,"date":"2025-07-24T14:09:51","date_gmt":"2025-07-24T14:09:51","guid":{"rendered":"https:\/\/www.yardiinvestmentsuite.com/en-gb\/gruende-fuer-die-yardi-investment-suite\/"},"modified":"2025-07-24T14:09:51","modified_gmt":"2025-07-24T14:09:51","slug":"gruende-fuer-die-yardi-investment-suite","status":"publish","type":"page","link":"https:\/\/www.yardiinvestmentsuite.com/en-gb\/de-de\/gruende-fuer-die-yardi-investment-suite\/","title":{"rendered":"Gr\u00fcnde f\u00fcr die Yardi Investment Suite"},"content":{"rendered":"\n<h2>\n\t\tGr\u00fcnde f\u00fcr die Yardi Investment Suite\n\t<\/h2>\n\t<p>Die Yardi Investment Suite bietet eine zentrale Plattforml\u00f6sung zur Verwaltung des gesamten Lebenszyklus von Immobilieninvestitionen f\u00fcr Unternehmen jeder Gr\u00f6\u00dfe und f\u00fcr jede Eigent\u00fcmerstruktur.<\/p>\n\t\t\t<a href=\"https:\/\/www.yardiinvestmentsuite.com/en-gb\/de-de\/demo-vereinbaren\/\" target=\"_self\" rel=\"noopener\"> MEHR INFORMATIONEN ANFORDERN <\/a>\n\t<p>Wir entwickeln seit \u00fcber 20\u00a0Jahren L\u00f6sungen f\u00fcr das Investment Management und freuen uns, Ihnen die einzige vernetzte L\u00f6sung anbieten zu k\u00f6nnen, die komplexe manuelle Prozesse automatisiert und vollst\u00e4ndige Transparenz vom Investor bis zur operativen Verwaltung schafft.<\/p>\n<h3>\n\t\tFlexible L\u00f6sung, die mit Ihrem Unternehmen w\u00e4chst\n\t<\/h3>\n\t<p>Unsere L\u00f6sung l\u00e4sst sich f\u00fcr Unternehmen jeder Gr\u00f6\u00dfe skalieren und an jede Anforderung anpassen\u00a0\u2013 vom Investorenportal \u00fcber die komplexe Investitionsbuchhaltung bis hin zum Debt Management.<\/p>\n<h3>\n\t\tZentrale, vernetzte Plattform\n\t<\/h3>\n\t<p>Schaffen Sie vollst\u00e4ndige Transparenz vom Investor bis zur operativen Verwaltung durch die Nutzung einer zentralen Plattform\u00a0\u2013 ohne Daten zwischen Systemen verschieben zu m\u00fcssen.<\/p>\n<h3>\n\t\tFokus und Erfahrung\n\t<\/h3>\n\t<p>Profitieren Sie von \u00fcber 20\u00a0Jahren Erfahrung und unserem Fokus auf kontinuierlichen Innovationen f\u00fcr Prozesse rund um Immobilien.<\/p>\n<h2>\n\t\tDiese Kunden vertrauen auf die Yardi Investment Suite\n\t<\/h2>\n\t\t\t\t<a href=\"#\" target=\"_self\" itemprop=\"url\" rel=\"noopener\"> <img loading=\"lazy\" decoding=\"async\" src=\"https:\/\/www.yardiinvestmentsuite.com/en-gb\/wp-content\/uploads\/sites\/88\/2022\/04\/Alter-Domus-logo.png\" alt=\"Alter Domus Logo\" itemprop=\"image\" height=\"32\" width=\"200\" title=\"Alter Domus Logo\" onerror=\"this.style.display='none'\"\/> <\/a> <a href=\"#\" target=\"_self\" itemprop=\"url\" rel=\"noopener\"> <img loading=\"lazy\" decoding=\"async\" src=\"https:\/\/www.yardiinvestmentsuite.com/en-gb\/wp-content\/uploads\/sites\/88\/2022\/04\/Cohen-Asset-Management-logo.png\" alt=\"Cohen Asset Management Logo\" itemprop=\"image\" height=\"78\" width=\"247\" title=\"Cohen Asset Management Logo\" onerror=\"this.style.display='none'\"\/> <\/a> <a href=\"#\" target=\"_self\" itemprop=\"url\" rel=\"noopener\"> <img loading=\"lazy\" decoding=\"async\" src=\"https:\/\/www.yardiinvestmentsuite.com/en-gb\/wp-content\/uploads\/sites\/88\/2022\/04\/MG-Properties_Logo-Full-Color.png\" alt=\"MG Properties_Logo Full Color\" itemprop=\"image\" height=\"2231\" width=\"8191\" title=\"MG Properties_Logo Full Color\" onerror=\"this.style.display='none'\"\/> <\/a> <a href=\"#\" target=\"_self\" itemprop=\"url\" rel=\"noopener\"> <img loading=\"lazy\" decoding=\"async\" src=\"https:\/\/www.yardiinvestmentsuite.com/en-gb\/wp-content\/uploads\/sites\/88\/2022\/04\/ROCO-Real-Estate-logo.png\" alt=\"ROCO Real Estate Logo\" itemprop=\"image\" height=\"280\" width=\"280\" title=\"ROCO Real Estate Logo\" onerror=\"this.style.display='none'\"\/> <\/a> <a href=\"#\" target=\"_self\" itemprop=\"url\" rel=\"noopener\"> <img loading=\"lazy\" decoding=\"async\" src=\"https:\/\/www.yardiinvestmentsuite.com/en-gb\/wp-content\/uploads\/sites\/88\/2022\/04\/Hanini-Group_Logo_BLUE.png\" alt=\"Hanini Group_Logo_BLUE\" itemprop=\"image\" height=\"2831\" width=\"4927\" title=\"Hanini Group_Logo_BLUE\" onerror=\"this.style.display='none'\"\/> <\/a> <a href=\"#\" target=\"_self\" itemprop=\"url\" rel=\"noopener\"> <img loading=\"lazy\" decoding=\"async\" src=\"https:\/\/www.yardiinvestmentsuite.com/en-gb\/wp-content\/uploads\/sites\/88\/2022\/04\/Uniland-logo_tagline_color.png\" alt=\"Uniland logo_tagline_color\" itemprop=\"image\" height=\"967\" width=\"3334\" title=\"Uniland logo_tagline_color\" onerror=\"this.style.display='none'\"\/> <\/a>\n<h2>\n\t\tKernprodukte\n\t<\/h2>\n<h3>\n\t\t<a href=\"https:\/\/www.yardiinvestmentsuite.com/en-gb\/de-de\/investment-manager\/\" title=\"Investment Manager\" target=\"_self\" rel=\"noopener\"> Investment Manager <\/a>\n\t<\/h3>\n\t<p>Bieten Sie Einblick in Anlagepositionen und verbessern Sie die Kommunikation mit einem Investorenportal.<\/p>\n\t<p><a href=\"https:\/\/www.yardicorom.com\/lease-management-software\/\">Weitere Informationen<\/a><\/p>\n<h3>\n\t\t<a href=\"https:\/\/www.yardiinvestmentsuite.com/en-gb\/de-de\/debt-manager\/\" title=\"Debt Manager\" target=\"_self\" rel=\"noopener\"> Debt Manager <\/a>\n\t<\/h3>\n\t<p>Verwalten Sie Ihre Verbindlichkeiten, eliminieren Sie Tabellenkalkulationen und zentralisieren Sie Daten \u00fcber Ihr gesamtes Portfolio hinweg \u2013 mit einer einzigen, vernetzten L\u00f6sung.<\/p>\n\t<p><a href=\"https:\/\/www.yardiinvestmentsuite.com/en-gb\/de-de\/debt-manager\/\">Weitere Informationen<\/a><\/p>\n<h3>\n\t\t<a href=\"https:\/\/www.yardiinvestmentsuite.com/en-gb\/de-de\/investment-accounting\/\" title=\"Investment Accounting\" target=\"_self\" rel=\"noopener\"> Investment Accounting <\/a>\n\t<\/h3>\n\t<p>Vereinfachen Sie komplexe Finanzprozesse und schaffen Sie vollst\u00e4ndige Transparenz vom Investor bis zum Asset.<\/p>\n\t<p><a href=\"https:\/\/www.yardiinvestmentsuite.com/en-gb\/de-de\/investment-accounting\/\">Weitere Informationen<\/a><\/p>\n<h3>\n\t\t<a href=\"https:\/\/www.yardiinvestmentsuite.com/en-gb\/de-de\/performance-manager\/\" title=\"Performance Manager\" target=\"_self\" rel=\"noopener\"> Performance Manager <\/a>\n\t<\/h3>\n\t<p>Bieten Sie Echtzeiteinblicke in Investitions-, Finanz- und Betriebskennzahlen.<\/p>\n\t<p><a href=\"https:\/\/www.yardiinvestmentsuite.com/en-gb\/de-de\/performance-manager\/\">Weitere Informationen<\/a><\/p>\n<h2>\n\t\tWeitere Produkte\n\t<\/h2>\n<h3>\n\t\tProperty Management\n\t<\/h3>\n\t<p>Verwalten Sie Betriebs-, Finanz-, Vermietung- und Wartungsaktivit\u00e4ten in einer einzigen Datenbank.<\/p>\n<h3>\n\t\tPrognosen\n\t<\/h3>\n\t<p>Stellen Sie schnelle und genaue Budgets sowie Kundenprognosen auf einer zentralen, vernetzten Plattform zur Verf\u00fcgung.<\/p>\n<h3>\n\t\tBewertung\n\t<\/h3>\n\t<p>Liefern Sie genaue Objektbewertungen und nutzen Sie eine zentrale Informationsquelle f\u00fcr Ihr gesamtes Portfolio.<\/p>\n<h2>\n\t\tDiese Kunden vertrauen auf die Yardi Investment Suite\n\t<\/h2>\n\t\t\t\t<a href=\"#\" target=\"_self\" itemprop=\"url\" rel=\"noopener\"> <img loading=\"lazy\" decoding=\"async\" src=\"https:\/\/www.yardiinvestmentsuite.com/en-gb\/wp-content\/uploads\/sites\/88\/2022\/04\/Alter-Domus-logo.png\" alt=\"Alter Domus Logo\" itemprop=\"image\" height=\"32\" width=\"200\" title=\"Alter Domus Logo\" onerror=\"this.style.display='none'\"\/> <\/a> <a href=\"#\" target=\"_self\" itemprop=\"url\" rel=\"noopener\"> <img loading=\"lazy\" decoding=\"async\" src=\"https:\/\/www.yardiinvestmentsuite.com/en-gb\/wp-content\/uploads\/sites\/88\/2022\/04\/Cohen-Asset-Management-logo.png\" alt=\"Cohen Asset Management Logo\" itemprop=\"image\" height=\"78\" width=\"247\" title=\"Cohen Asset Management Logo\" onerror=\"this.style.display='none'\"\/> <\/a> <a href=\"#\" target=\"_self\" itemprop=\"url\" rel=\"noopener\"> <img loading=\"lazy\" decoding=\"async\" src=\"https:\/\/www.yardiinvestmentsuite.com/en-gb\/wp-content\/uploads\/sites\/88\/2022\/04\/MG-Properties_Logo-Full-Color.png\" alt=\"MG Properties_Logo Full Color\" itemprop=\"image\" height=\"2231\" width=\"8191\" title=\"MG Properties_Logo Full Color\" onerror=\"this.style.display='none'\"\/> <\/a> <a href=\"#\" target=\"_self\" itemprop=\"url\" rel=\"noopener\"> <img loading=\"lazy\" decoding=\"async\" src=\"https:\/\/www.yardiinvestmentsuite.com/en-gb\/wp-content\/uploads\/sites\/88\/2022\/04\/ROCO-Real-Estate-logo.png\" alt=\"ROCO Real Estate Logo\" itemprop=\"image\" height=\"280\" width=\"280\" title=\"ROCO Real Estate Logo\" onerror=\"this.style.display='none'\"\/> <\/a> <a href=\"#\" target=\"_self\" itemprop=\"url\" rel=\"noopener\"> <img loading=\"lazy\" decoding=\"async\" src=\"https:\/\/www.yardiinvestmentsuite.com/en-gb\/wp-content\/uploads\/sites\/88\/2022\/04\/Hanini-Group_Logo_BLUE.png\" alt=\"Hanini Group_Logo_BLUE\" itemprop=\"image\" height=\"2831\" width=\"4927\" title=\"Hanini Group_Logo_BLUE\" onerror=\"this.style.display='none'\"\/> <\/a> <a href=\"#\" target=\"_self\" itemprop=\"url\" rel=\"noopener\"> <img loading=\"lazy\" decoding=\"async\" src=\"https:\/\/www.yardiinvestmentsuite.com/en-gb\/wp-content\/uploads\/sites\/88\/2022\/04\/Uniland-logo_tagline_color.png\" alt=\"Uniland logo_tagline_color\" itemprop=\"image\" height=\"967\" width=\"3334\" title=\"Uniland logo_tagline_color\" onerror=\"this.style.display='none'\"\/> <\/a>\n<h2>\n\t\tDie vernetzte Investment-Management-L\u00f6sung\n\t<\/h2>\n\t<p>Verwalten Sie den gesamten Lebenszyklus von Immobilieninvestitionen\u00a0\u2013 vom Investorenportal \u00fcber die komplexe Investitions- und Kreditbuchhaltung bis hin zum Performance Management.<\/p>\n\t\t\t<a href=\"https:\/\/www.yardiinvestmentsuite.com/en-gb\/de-de\/demo-vereinbaren\/\" target=\"_self\" rel=\"noopener\"> Demo anfordern <\/a>\n\t<p>H\u00e4ufig gestellte Fragen<br \/><\/p>\n\t<p>Erhalten Sie Antworten auf Ihre Fragen zur Yardi Investment Suite.<\/p>\n\t\t\t\t\t<a href=\"#\" id=\"fl-accordion--label-0\" tabindex=\"0\" aria-controls=\"fl-accordion--panel-0\">Was ist die Yardi Investment Suite?<\/a> <a href=\"#\" id=\"fl-accordion--icon-0\" tabindex=\"0\" aria-controls=\"fl-accordion--panel-0\"><i>Ausklappen<\/i><\/a>\n\t\t\t\t\t<p>Die Yardi Investment Suite ist eine vollst\u00e4ndig vernetzte Plattform, die f\u00fcr Unternehmen entwickelt wurde, die eine L\u00f6sung f\u00fcr das Immobilien-Investment-Management zur Verwaltung ihrer Investitionen, Investoren und Immobilien ben\u00f6tigen.&nbsp; Die Software eignet sich f\u00fcr Bestandshalter, Private-Equity-Firmen, Private-Debt-Manager, Institutionen, Fondsmanager und -verwalter, Komplement\u00e4re und Kommanditisten, REITs, Banken, Versicherungsunternehmen sowie Family Offices.&nbsp;&nbsp;<\/p>\n\t\t\t\t\t<a href=\"#\" id=\"fl-accordion--label-1\" tabindex=\"0\" aria-controls=\"fl-accordion--panel-1\">Was sind die Hauptfunktionen der Yardi Investment Suite?<\/a> <a href=\"#\" id=\"fl-accordion--icon-1\" tabindex=\"0\" aria-controls=\"fl-accordion--panel-1\"><i>Ausklappen<\/i><\/a>\n\t\t\t\t\t<p>Die Yardi Investment Suite unterst\u00fctzt Sie bei der Verwaltung Ihrer gesamten Immobilieninvestitionsstrategie auf einer zentralen, vernetzten Plattform: Erhalten Sie vollst\u00e4ndige Transparenz \u00fcber Ihr Investitionsportfolio von der Investition bis zum Asset, verwalten Sie komplexe Investitions-, Kredit- und Eigent\u00fcmerstrukturen, f\u00fchren Sie Korrespondenz und verfolgen und initiieren Sie Investitionen \u00fcber ein gebrandetes Investorenportal.<\/p>\n\t\t\t\t\t<a href=\"#\" id=\"fl-accordion--label-2\" tabindex=\"0\" aria-controls=\"fl-accordion--panel-2\">Wie hoch sind die Kosten?<\/a> <a href=\"#\" id=\"fl-accordion--icon-2\" tabindex=\"0\" aria-controls=\"fl-accordion--panel-2\"><i>Ausklappen<\/i><\/a>\n\t\t\t\t\t<p>Die Yardi Investment Suite umfasst eine Vielzahl von Produkten und Funktionen. Der Preis richtet sich nach den Anforderungen Ihres Unternehmens: vom <a href=\"https:\/\/www.yardiinvestmentsuite.com/en-gb\/de-de\/investment-manager\/\">Investorenportal<\/a> und der <a href=\"https:\/\/www.yardiinvestmentsuite.com/en-gb\/de-de\/investment-accounting\/\">Investitionsbuchhaltung<\/a> f\u00fcr komplexe Aussch\u00fcttungen bis hin zum <a href=\"https:\/\/www.yardiinvestmentsuite.com/en-gb\/de-de\/debt-manager\/\">Debt Management<\/a> f\u00fcr Verbindlichkeiten oder Verm\u00f6genswerte. Die Suite ist flexibel und kann als Komplettl\u00f6sung bereitgestellt oder schrittweise erweitert werden, wenn eine Funktionalit\u00e4t in Zukunft ben\u00f6tigt wird.&nbsp;&nbsp;<\/p>\n<p>Bitte kontaktieren Sie uns, um mehr \u00fcber unser Angebot und unsere Preise zu erfahren oder um eine kurze Produkt-Demo zu vereinbaren.<\/p>\n\n","protected":false},"excerpt":{"rendered":"<p>Gr\u00fcnde f\u00fcr die Yardi Investment Suite Die Yardi Investment Suite bietet eine zentrale Plattforml\u00f6sung zur Verwaltung des gesamten Lebenszyklus von Immobilieninvestitionen f\u00fcr Unternehmen jeder Gr\u00f6\u00dfe und f\u00fcr jede Eigent\u00fcmerstruktur. MEHR INFORMATIONEN ANFORDERN Wir entwickeln seit \u00fcber 20\u00a0Jahren L\u00f6sungen f\u00fcr das Investment Management und freuen uns, Ihnen die einzige vernetzte L\u00f6sung anbieten zu k\u00f6nnen, die komplexe&hellip;<\/p>\n","protected":false},"author":3228,"featured_media":0,"parent":0,"menu_order":0,"comment_status":"closed","ping_status":"closed","template":"","meta":{"footnotes":""},"class_list":["post-8239","page","type-page","status-publish","hentry"],"yoast_head":"<!-- This site is optimized with the Yoast SEO Premium plugin v23.4 (Yoast SEO v24.6) - https:\/\/yoast.com\/wordpress\/plugins\/seo\/ -->\n<title>Was uns auszeichnet\u00a0\u2013 Yardi Investment Suite<\/title>\n<meta name=\"description\" content=\"Unsere Software bietet eine Komplettl\u00f6sung zur Verwaltung des Lebenszyklus von Immobilieninvestitionen f\u00fcr Unternehmen jeder Gr\u00f6\u00dfe und f\u00fcr jede Eigent\u00fcmerstruktur.\" \/>\n<meta name=\"robots\" content=\"index, follow, max-snippet:-1, max-image-preview:large, max-video-preview:-1\" \/>\n<link rel=\"canonical\" href=\"https:\/\/www.yardiinvestmentsuite.com/en-gb\/de-de\/gruende-fuer-die-yardi-investment-suite\/\" \/>\n<meta property=\"og:locale\" content=\"de_DE\" \/>\n<meta property=\"og:type\" content=\"article\" \/>\n<meta property=\"og:title\" content=\"Gr\u00fcnde f\u00fcr die Yardi Investment Suite\" \/>\n<meta property=\"og:description\" content=\"Unsere Software bietet eine Komplettl\u00f6sung zur Verwaltung des Lebenszyklus von Immobilieninvestitionen f\u00fcr Unternehmen jeder Gr\u00f6\u00dfe und f\u00fcr jede Eigent\u00fcmerstruktur.\" \/>\n<meta property=\"og:url\" content=\"https:\/\/www.yardiinvestmentsuite.com/en-gb\/de-de\/gruende-fuer-die-yardi-investment-suite\/\" \/>\n<meta property=\"og:site_name\" content=\"Yardi Investment Suite\" \/>\n<meta property=\"og:image\" content=\"https:\/\/www.yardiinvestmentsuite.com/en-gb\/wp-content\/uploads\/sites\/88\/2022\/04\/Alter-Domus-logo.png\" \/>\n<meta name=\"twitter:card\" content=\"summary_large_image\" \/>\n<meta name=\"twitter:label1\" content=\"Gesch\u00e4tzte Lesezeit\" \/>\n\t<meta name=\"twitter:data1\" content=\"3 Minuten\" \/>\n<script type=\"application\/ld+json\" class=\"yoast-schema-graph\">{\"@context\":\"https:\/\/schema.org\",\"@graph\":[{\"@type\":\"WebPage\",\"@id\":\"https:\/\/www.yardiinvestmentsuite.com/en-gb\/de-de\/gruende-fuer-die-yardi-investment-suite\/\",\"url\":\"https:\/\/www.yardiinvestmentsuite.com/en-gb\/de-de\/gruende-fuer-die-yardi-investment-suite\/\",\"name\":\"Was uns auszeichnet\u00a0\u2013 Yardi Investment Suite\",\"isPartOf\":{\"@id\":\"https:\/\/www.yardiinvestmentsuite.com/en-gb\/de-de\/#website\"},\"primaryImageOfPage\":{\"@id\":\"https:\/\/www.yardiinvestmentsuite.com/en-gb\/de-de\/gruende-fuer-die-yardi-investment-suite\/#primaryimage\"},\"image\":{\"@id\":\"https:\/\/www.yardiinvestmentsuite.com/en-gb\/de-de\/gruende-fuer-die-yardi-investment-suite\/#primaryimage\"},\"thumbnailUrl\":\"https:\/\/www.yardiinvestmentsuite.com/en-gb\/wp-content\/uploads\/sites\/88\/2022\/04\/Alter-Domus-logo.png\",\"datePublished\":\"2025-07-24T14:09:51+00:00\",\"description\":\"Unsere Software bietet eine Komplettl\u00f6sung zur Verwaltung des Lebenszyklus von Immobilieninvestitionen f\u00fcr Unternehmen jeder Gr\u00f6\u00dfe und f\u00fcr jede Eigent\u00fcmerstruktur.\",\"breadcrumb\":{\"@id\":\"https:\/\/www.yardiinvestmentsuite.com/en-gb\/de-de\/gruende-fuer-die-yardi-investment-suite\/#breadcrumb\"},\"inLanguage\":\"de-DE\",\"potentialAction\":[{\"@type\":\"ReadAction\",\"target\":[\"https:\/\/www.yardiinvestmentsuite.com/en-gb\/de-de\/gruende-fuer-die-yardi-investment-suite\/\"]}]},{\"@type\":\"ImageObject\",\"inLanguage\":\"de-DE\",\"@id\":\"https:\/\/www.yardiinvestmentsuite.com/en-gb\/de-de\/gruende-fuer-die-yardi-investment-suite\/#primaryimage\",\"url\":\"https:\/\/www.yardiinvestmentsuite.com/en-gb\/wp-content\/uploads\/sites\/88\/2022\/04\/Alter-Domus-logo.png\",\"contentUrl\":\"https:\/\/www.yardiinvestmentsuite.com/en-gb\/wp-content\/uploads\/sites\/88\/2022\/04\/Alter-Domus-logo.png\"},{\"@type\":\"BreadcrumbList\",\"@id\":\"https:\/\/www.yardiinvestmentsuite.com/en-gb\/de-de\/gruende-fuer-die-yardi-investment-suite\/#breadcrumb\",\"itemListElement\":[{\"@type\":\"ListItem\",\"position\":1,\"name\":\"Home\",\"item\":\"https:\/\/www.yardiinvestmentsuite.com/en-gb\/de-de\/\"},{\"@type\":\"ListItem\",\"position\":2,\"name\":\"Gr\u00fcnde f\u00fcr die Yardi Investment Suite\"}]},{\"@type\":\"WebSite\",\"@id\":\"https:\/\/www.yardiinvestmentsuite.com/en-gb\/de-de\/#website\",\"url\":\"https:\/\/www.yardiinvestmentsuite.com/en-gb\/de-de\/\",\"name\":\"Yardi Investment Suite\",\"description\":\"\",\"publisher\":{\"@id\":\"https:\/\/www.yardiinvestmentsuite.com/en-gb\/de-de\/#organization\"},\"potentialAction\":[{\"@type\":\"SearchAction\",\"target\":{\"@type\":\"EntryPoint\",\"urlTemplate\":\"https:\/\/www.yardiinvestmentsuite.com/en-gb\/de-de\/?s={search_term_string}\"},\"query-input\":{\"@type\":\"PropertyValueSpecification\",\"valueRequired\":true,\"valueName\":\"search_term_string\"}}],\"inLanguage\":\"de-DE\"},{\"@type\":\"Organization\",\"@id\":\"https:\/\/www.yardiinvestmentsuite.com/en-gb\/de-de\/#organization\",\"name\":\"Yardi Investment Suite\",\"url\":\"https:\/\/www.yardiinvestmentsuite.com/en-gb\/de-de\/\",\"logo\":{\"@type\":\"ImageObject\",\"inLanguage\":\"de-DE\",\"@id\":\"https:\/\/www.yardiinvestmentsuite.com/en-gb\/de-de\/#\/schema\/logo\/image\/\",\"url\":\"https:\/\/www.yardiinvestmentsuite.com/en-gb\/wp-content\/uploads\/sites\/88\/2022\/04\/Yardi-Investment-Suite-InLine-3D.png\",\"contentUrl\":\"https:\/\/www.yardiinvestmentsuite.com/en-gb\/wp-content\/uploads\/sites\/88\/2022\/04\/Yardi-Investment-Suite-InLine-3D.png\",\"width\":492,\"height\":64,\"caption\":\"Yardi Investment Suite\"},\"image\":{\"@id\":\"https:\/\/www.yardiinvestmentsuite.com/en-gb\/de-de\/#\/schema\/logo\/image\/\"}}]}<\/script>\n<!-- \/ Yoast SEO Premium plugin. -->","yoast_head_json":{"title":"Was uns auszeichnet\u00a0\u2013 Yardi Investment Suite","description":"Unsere Software bietet eine Komplettl\u00f6sung zur Verwaltung des Lebenszyklus von Immobilieninvestitionen f\u00fcr Unternehmen jeder Gr\u00f6\u00dfe und f\u00fcr jede Eigent\u00fcmerstruktur.","robots":{"index":"index","follow":"follow","max-snippet":"max-snippet:-1","max-image-preview":"max-image-preview:large","max-video-preview":"max-video-preview:-1"},"canonical":"https:\/\/www.yardiinvestmentsuite.com/en-gb\/de-de\/gruende-fuer-die-yardi-investment-suite\/","og_locale":"de_DE","og_type":"article","og_title":"Gr\u00fcnde f\u00fcr die Yardi Investment Suite","og_description":"Unsere Software bietet eine Komplettl\u00f6sung zur Verwaltung des Lebenszyklus von Immobilieninvestitionen f\u00fcr Unternehmen jeder Gr\u00f6\u00dfe und f\u00fcr jede Eigent\u00fcmerstruktur.","og_url":"https:\/\/www.yardiinvestmentsuite.com/en-gb\/de-de\/gruende-fuer-die-yardi-investment-suite\/","og_site_name":"Yardi Investment Suite","og_image":[{"url":"https:\/\/www.yardiinvestmentsuite.com/en-gb\/wp-content\/uploads\/sites\/88\/2022\/04\/Alter-Domus-logo.png","type":"","width":"","height":""}],"twitter_card":"summary_large_image","twitter_misc":{"Gesch\u00e4tzte Lesezeit":"3 Minuten"},"schema":{"@context":"https:\/\/schema.org","@graph":[{"@type":"WebPage","@id":"https:\/\/www.yardiinvestmentsuite.com/en-gb\/de-de\/gruende-fuer-die-yardi-investment-suite\/","url":"https:\/\/www.yardiinvestmentsuite.com/en-gb\/de-de\/gruende-fuer-die-yardi-investment-suite\/","name":"Was uns auszeichnet\u00a0\u2013 Yardi Investment Suite","isPartOf":{"@id":"https:\/\/www.yardiinvestmentsuite.com/en-gb\/de-de\/#website"},"primaryImageOfPage":{"@id":"https:\/\/www.yardiinvestmentsuite.com/en-gb\/de-de\/gruende-fuer-die-yardi-investment-suite\/#primaryimage"},"image":{"@id":"https:\/\/www.yardiinvestmentsuite.com/en-gb\/de-de\/gruende-fuer-die-yardi-investment-suite\/#primaryimage"},"thumbnailUrl":"https:\/\/www.yardiinvestmentsuite.com/en-gb\/wp-content\/uploads\/sites\/88\/2022\/04\/Alter-Domus-logo.png","datePublished":"2025-07-24T14:09:51+00:00","description":"Unsere Software bietet eine Komplettl\u00f6sung zur Verwaltung des Lebenszyklus von Immobilieninvestitionen f\u00fcr Unternehmen jeder Gr\u00f6\u00dfe und f\u00fcr jede Eigent\u00fcmerstruktur.","breadcrumb":{"@id":"https:\/\/www.yardiinvestmentsuite.com/en-gb\/de-de\/gruende-fuer-die-yardi-investment-suite\/#breadcrumb"},"inLanguage":"de-DE","potentialAction":[{"@type":"ReadAction","target":["https:\/\/www.yardiinvestmentsuite.com/en-gb\/de-de\/gruende-fuer-die-yardi-investment-suite\/"]}]},{"@type":"ImageObject","inLanguage":"de-DE","@id":"https:\/\/www.yardiinvestmentsuite.com/en-gb\/de-de\/gruende-fuer-die-yardi-investment-suite\/#primaryimage","url":"https:\/\/www.yardiinvestmentsuite.com/en-gb\/wp-content\/uploads\/sites\/88\/2022\/04\/Alter-Domus-logo.png","contentUrl":"https:\/\/www.yardiinvestmentsuite.com/en-gb\/wp-content\/uploads\/sites\/88\/2022\/04\/Alter-Domus-logo.png"},{"@type":"BreadcrumbList","@id":"https:\/\/www.yardiinvestmentsuite.com/en-gb\/de-de\/gruende-fuer-die-yardi-investment-suite\/#breadcrumb","itemListElement":[{"@type":"ListItem","position":1,"name":"Home","item":"https:\/\/www.yardiinvestmentsuite.com/en-gb\/de-de\/"},{"@type":"ListItem","position":2,"name":"Gr\u00fcnde f\u00fcr die Yardi Investment Suite"}]},{"@type":"WebSite","@id":"https:\/\/www.yardiinvestmentsuite.com/en-gb\/de-de\/#website","url":"https:\/\/www.yardiinvestmentsuite.com/en-gb\/de-de\/","name":"Yardi Investment Suite","description":"","publisher":{"@id":"https:\/\/www.yardiinvestmentsuite.com/en-gb\/de-de\/#organization"},"potentialAction":[{"@type":"SearchAction","target":{"@type":"EntryPoint","urlTemplate":"https:\/\/www.yardiinvestmentsuite.com/en-gb\/de-de\/?s={search_term_string}"},"query-input":{"@type":"PropertyValueSpecification","valueRequired":true,"valueName":"search_term_string"}}],"inLanguage":"de-DE"},{"@type":"Organization","@id":"https:\/\/www.yardiinvestmentsuite.com/en-gb\/de-de\/#organization","name":"Yardi Investment Suite","url":"https:\/\/www.yardiinvestmentsuite.com/en-gb\/de-de\/","logo":{"@type":"ImageObject","inLanguage":"de-DE","@id":"https:\/\/www.yardiinvestmentsuite.com/en-gb\/de-de\/#\/schema\/logo\/image\/","url":"https:\/\/www.yardiinvestmentsuite.com/en-gb\/wp-content\/uploads\/sites\/88\/2022\/04\/Yardi-Investment-Suite-InLine-3D.png","contentUrl":"https:\/\/www.yardiinvestmentsuite.com/en-gb\/wp-content\/uploads\/sites\/88\/2022\/04\/Yardi-Investment-Suite-InLine-3D.png","width":492,"height":64,"caption":"Yardi Investment Suite"},"image":{"@id":"https:\/\/www.yardiinvestmentsuite.com/en-gb\/de-de\/#\/schema\/logo\/image\/"}}]}},"jetpack_sharing_enabled":true,"_links":{"self":[{"href":"https:\/\/www.yardiinvestmentsuite.com/en-gb\/de-de\/wp-json\/wp\/v2\/pages\/8239","targetHints":{"allow":["GET"]}}],"collection":[{"href":"https:\/\/www.yardiinvestmentsuite.com/en-gb\/de-de\/wp-json\/wp\/v2\/pages"}],"about":[{"href":"https:\/\/www.yardiinvestmentsuite.com/en-gb\/de-de\/wp-json\/wp\/v2\/types\/page"}],"author":[{"embeddable":true,"href":"https:\/\/www.yardiinvestmentsuite.com/en-gb\/de-de\/wp-json\/wp\/v2\/users\/3228"}],"replies":[{"embeddable":true,"href":"https:\/\/www.yardiinvestmentsuite.com/en-gb\/de-de\/wp-json\/wp\/v2\/comments?post=8239"}],"version-history":[{"count":5,"href":"https:\/\/www.yardiinvestmentsuite.com/en-gb\/de-de\/wp-json\/wp\/v2\/pages\/8239\/revisions"}],"predecessor-version":[{"id":9724,"href":"https:\/\/www.yardiinvestmentsuite.com/en-gb\/de-de\/wp-json\/wp\/v2\/pages\/8239\/revisions\/9724"}],"wp:attachment":[{"href":"https:\/\/www.yardiinvestmentsuite.com/en-gb\/de-de\/wp-json\/wp\/v2\/media?parent=8239"}],"curies":[{"name":"wp","href":"https:\/\/api.w.org\/{rel}","templated":true}]}}