{"id":8230,"date":"2025-07-24T14:10:04","date_gmt":"2025-07-24T14:10:04","guid":{"rendered":"https:\/\/www.yardiinvestmentsuite.com/en-gb\/investment-accounting\/"},"modified":"2025-07-24T14:10:04","modified_gmt":"2025-07-24T14:10:04","slug":"investment-accounting","status":"publish","type":"page","link":"https:\/\/www.yardiinvestmentsuite.com/en-gb\/de-de\/investment-accounting\/","title":{"rendered":"Investment Accounting"},"content":{"rendered":"\n<h1>\n\t\tInvestitionsbuchhaltung f\u00fcr Immobilien\n\t<\/h1>\n\t<p>Verk\u00fcrzen Sie die Zeiten f\u00fcr den Periodenabschluss und minimieren Sie Risiken, indem Sie manuelle Prozesse und uneinheitliche Systeme eliminieren.<\/p>\n\t\t\t<a href=\"https:\/\/www.yardiinvestmentsuite.com/en-gb\/de-de\/demo-vereinbaren\/\" target=\"_self\" rel=\"noopener\"> DEMO ANFORDERN <\/a> <img loading=\"lazy\" decoding=\"async\" src=\"https:\/\/www.yardiinvestmentsuite.com/en-gb\/wp-content\/uploads\/sites\/88\/2023\/07\/IA-hero-desktop.png\" alt=\"IA-hero-desktop\" itemprop=\"image\" height=\"885\" width=\"1180\" title=\"IA-hero-desktop\" onerror=\"this.style.display='none'\"\/>\n<h2>\n\t\tVereinfachen Sie komplexe Finanzprozesse und schaffen Sie vollst\u00e4ndige Transparenz vom Investor bis zum Asset\n\t<\/h2>\n\t\t\t\t<img loading=\"lazy\" decoding=\"async\" src=\"https:\/\/www.yardiinvestmentsuite.com/en-gb\/wp-content\/uploads\/sites\/88\/2023\/05\/icon-product-crm-1.png\" alt=\"icon-product-crm-1\" itemprop=\"image\" height=\"101\" width=\"100\" title=\"icon-product-crm-1\" onerror=\"this.style.display='none'\"\/>\n<h3>\n\t\tFinanzielle Konsolidierungen automatisieren&nbsp;\n\t<\/h3>\n\t<p>Automatisieren Sie zeitintensive, komplizierte Aufgaben und Berechnungen \u00fcber die gesamte Eigent\u00fcmerstruktur.<\/p>\n\t\t\t\t<img loading=\"lazy\" decoding=\"async\" src=\"https:\/\/www.yardiinvestmentsuite.com/en-gb\/wp-content\/uploads\/sites\/88\/2023\/05\/icon-product-crm-2.png\" alt=\"icon-product-crm-2\" itemprop=\"image\" height=\"100\" width=\"117\" title=\"icon-product-crm-2\" onerror=\"this.style.display='none'\"\/>\n<h3>\n\t\tAlle Eigent\u00fcmerstrukturen im Blick behalten&nbsp;\n\t<\/h3>\n\t<p>Nutzen Sie eine Plattform, die auf mehr als 20\u00a0Jahren Erfahrung in der Buchhaltung von Immobilienstrukturen basiert.<\/p>\n\t\t\t\t<img loading=\"lazy\" decoding=\"async\" src=\"https:\/\/www.yardiinvestmentsuite.com/en-gb\/wp-content\/uploads\/sites\/88\/2023\/05\/icon-product-crm-3.png\" alt=\"icon-product-crm-3\" itemprop=\"image\" height=\"100\" width=\"120\" title=\"icon-product-crm-3\" onerror=\"this.style.display='none'\"\/>\n<h3>\n\t\tLeistungsstarke, vernetzte Plattform&nbsp;\n\t<\/h3>\n\t<p>Schaffen Sie vollst\u00e4ndige Transparenz vom Investor bis zum Asset durch die Nutzung einer zentralen Plattform\u00a0\u2013 ohne Daten zwischen Systemen verschieben zu m\u00fcssen.<\/p>\n\t\t\t\t<img loading=\"lazy\" decoding=\"async\" src=\"https:\/\/www.yardiinvestmentsuite.com/en-gb\/wp-content\/uploads\/sites\/88\/2023\/05\/IA-Dashboard-Desktop-1920x1080-1.png\" alt=\"IA - Dashboard - Desktop 1920x1080\" itemprop=\"image\" height=\"1080\" width=\"1921\" title=\"IA - Dashboard - Desktop 1920x1080\" onerror=\"this.style.display='none'\"\/>\n\t<p>Vereinfachen Sie die Prozesse der Finanzbuchhaltung<\/p>\n\t<ul>\n<li>Schnellerer Abschluss von Buchhaltungsperioden durch automatische Konsolidierungen, Ausschl\u00fcsse und Zuteilungen<\/li>\n<li>Ausf\u00fchrung komplexer Performance- und Geb\u00fchrenberechnungen auf jeder Ebene<\/li>\n<li>Nutzung einer bew\u00e4hrten, skalierbaren Finanzplattform, die mit Ihrem Unternehmen w\u00e4chst<\/li>\n<li>Erstellung detaillierter Finanzberichte f\u00fcr Investitionen und Investoren<\/li>\n<\/ul>\n\t<p>Verwalten Sie alle Arten von Eigent\u00fcmerstrukturen f\u00fcr Unternehmen jeder Gr\u00f6\u00dfe\u00a0\u2013 von einfach bis komplex<\/p>\n\t<ul>\n<li>Konfiguration und Verwaltung jeder Art von Investitionsstruktur f\u00fcr Immobilienobjekte\u00a0\u2013 von Partnerschaften bis hin zu geschlossenen und offenen Fonds<\/li>\n<li>Eliminierung von Tabellenkalkulationen und Nutzung eines pr\u00fcff\u00e4higen Systems f\u00fcr Waterfall-Strukturen<\/li>\n<li>Automatisierung von Transaktionen \u00fcber die gesamte Eigent\u00fcmerstruktur, einschlie\u00dflich Kapitalabrufe und Aussch\u00fcttungen<\/li>\n<\/ul>\n\t\t\t\t<img loading=\"lazy\" decoding=\"async\" src=\"https:\/\/www.yardiinvestmentsuite.com/en-gb\/wp-content\/uploads\/sites\/88\/2023\/05\/IA-Hierarchy-Desktop-1920x1080-1.png\" alt=\"IA - Hierarchy - Desktop 1920x1080\" itemprop=\"image\" height=\"1076\" width=\"1920\" title=\"IA - Hierarchy - Desktop 1920x1080\" onerror=\"this.style.display='none'\"\/> <img loading=\"lazy\" decoding=\"async\" src=\"https:\/\/www.yardiinvestmentsuite.com/en-gb\/wp-content\/uploads\/sites\/88\/2023\/08\/IA-Capital-Call-Desktop-1920x1080-1.png\" alt=\"IA - Capital Call - Desktop 1920x1080\" itemprop=\"image\" height=\"986\" width=\"1919\" title=\"IA - Capital Call - Desktop 1920x1080\" onerror=\"this.style.display='none'\"\/>\n\t<p>Vollst\u00e4ndige Transparenz \u00fcber Investoren, Investitionen und operative Verwaltung<\/p>\n\t<ul>\n<li>Die einzige Investment-Management-L\u00f6sung auf dem Markt, die vollst\u00e4ndig mit mehreren Yardi-L\u00f6sungen vernetzt ist, darunter:\n<ul>\n<li>Yardi Voyager Property Management f\u00fcr vollst\u00e4ndige Transparenz \u00fcber die operative Verwaltung<\/li>\n<li>Yardi Investment Manager f\u00fcr eine einfache Kommunikation mit den Investoren<\/li>\n<li>Yardi Debt Manager f\u00fcr die Verwaltung von Investitionen in Schuldinstrumente und Darlehen auf jeder Ebene der Investitionsstruktur<\/li>\n<\/ul>\n<\/li>\n<li>Verbesserung der Datenvalidit\u00e4t und der Governance durch eine einzige Informationsquelle<\/li>\n<\/ul>\n<h2>\n\t\tDiese Kunden vertrauen auf die Yardi Investment Suite\n\t<\/h2>\n\t\t\t\t<a href=\"#\" target=\"_self\" itemprop=\"url\" rel=\"noopener\"> <img loading=\"lazy\" decoding=\"async\" src=\"https:\/\/www.yardiinvestmentsuite.com/en-gb\/wp-content\/uploads\/sites\/88\/2022\/04\/Alter-Domus-logo.png\" alt=\"Alter Domus Logo\" itemprop=\"image\" height=\"32\" width=\"200\" title=\"Alter Domus Logo\" onerror=\"this.style.display='none'\"\/> <\/a> <a href=\"#\" target=\"_self\" itemprop=\"url\" rel=\"noopener\"> <img loading=\"lazy\" decoding=\"async\" src=\"https:\/\/www.yardiinvestmentsuite.com/en-gb\/wp-content\/uploads\/sites\/88\/2022\/04\/Cohen-Asset-Management-logo.png\" alt=\"Cohen Asset Management Logo\" itemprop=\"image\" height=\"78\" width=\"247\" title=\"Cohen Asset Management Logo\" onerror=\"this.style.display='none'\"\/> <\/a> <a href=\"#\" target=\"_self\" itemprop=\"url\" rel=\"noopener\"> <img loading=\"lazy\" decoding=\"async\" src=\"https:\/\/www.yardiinvestmentsuite.com/en-gb\/wp-content\/uploads\/sites\/88\/2022\/04\/MG-Properties_Logo-Full-Color.png\" alt=\"MG Properties_Logo Full Color\" itemprop=\"image\" height=\"2231\" width=\"8191\" title=\"MG Properties_Logo Full Color\" onerror=\"this.style.display='none'\"\/> <\/a> <a href=\"#\" target=\"_self\" itemprop=\"url\" rel=\"noopener\"> <img loading=\"lazy\" decoding=\"async\" src=\"https:\/\/www.yardiinvestmentsuite.com/en-gb\/wp-content\/uploads\/sites\/88\/2022\/04\/ROCO-Real-Estate-logo.png\" alt=\"ROCO Real Estate Logo\" itemprop=\"image\" height=\"280\" width=\"280\" title=\"ROCO Real Estate Logo\" onerror=\"this.style.display='none'\"\/> <\/a> <a href=\"#\" target=\"_self\" itemprop=\"url\" rel=\"noopener\"> <img loading=\"lazy\" decoding=\"async\" src=\"https:\/\/www.yardiinvestmentsuite.com/en-gb\/wp-content\/uploads\/sites\/88\/2022\/04\/Hanini-Group_Logo_BLUE.png\" alt=\"Hanini Group_Logo_BLUE\" itemprop=\"image\" height=\"2831\" width=\"4927\" title=\"Hanini Group_Logo_BLUE\" onerror=\"this.style.display='none'\"\/> <\/a> <a href=\"#\" target=\"_self\" itemprop=\"url\" rel=\"noopener\"> <img loading=\"lazy\" decoding=\"async\" src=\"https:\/\/www.yardiinvestmentsuite.com/en-gb\/wp-content\/uploads\/sites\/88\/2022\/04\/Uniland-logo_tagline_color.png\" alt=\"Uniland logo_tagline_color\" itemprop=\"image\" height=\"967\" width=\"3334\" title=\"Uniland logo_tagline_color\" onerror=\"this.style.display='none'\"\/> <\/a>\n<h2>\n\t\tDie vernetzte Investment-Management-L\u00f6sung\n\t<\/h2>\n\t<p>Verwalten Sie den gesamten Lebenszyklus von Immobilieninvestitionen\u00a0\u2013 vom Investorenportal \u00fcber die komplexe Investitions- und Kreditbuchhaltung bis hin zum Performance Management.<\/p>\n\t\t\t<a href=\"https:\/\/www.yardiinvestmentsuite.com/en-gb\/de-de\/demo-vereinbaren\/\" target=\"_self\" rel=\"noopener\"> Demo anfordern <\/a>\n\t<p>H\u00e4ufig gestellte Fragen<br \/><\/p>\n\t<p>Erhalten Sie Antworten auf Ihre Fragen zur Yardi Investment Suite.<\/p>\n\t\t\t\t\t<a href=\"#\" id=\"fl-accordion--label-0\" tabindex=\"0\" aria-controls=\"fl-accordion--panel-0\">Was ist die Yardi Investment Suite?<\/a> <a href=\"#\" id=\"fl-accordion--icon-0\" tabindex=\"0\" aria-controls=\"fl-accordion--panel-0\"><i>Ausklappen<\/i><\/a>\n\t\t\t\t\t<p>Die Yardi Investment Suite ist eine vollst\u00e4ndig vernetzte Plattform, die f\u00fcr Unternehmen entwickelt wurde, die eine L\u00f6sung f\u00fcr das Immobilien-Investment-Management zur Verwaltung ihrer Investitionen, Investoren und Assets ben\u00f6tigen. Die Software eignet sich f\u00fcr Bestandshalter, Private-Equity-Firmen, Private-Debt-Manager, Institutionen, Fondsmanager und -verwalter sowie Komplement\u00e4re und Kommanditisten. Dar\u00fcber hinaus auch f\u00fcr REITs, Banken, Versicherungsunternehmen und Family Offices.<\/p>\n\t\t\t\t\t<a href=\"#\" id=\"fl-accordion--label-1\" tabindex=\"0\" aria-controls=\"fl-accordion--panel-1\">Was sind die Hauptfunktionen der Yardi Investment Suite?<\/a> <a href=\"#\" id=\"fl-accordion--icon-1\" tabindex=\"0\" aria-controls=\"fl-accordion--panel-1\"><i>Ausklappen<\/i><\/a>\n\t\t\t\t\t<p>Die Yardi Investment Suite unterst\u00fctzt Sie bei der Verwaltung Ihrer gesamten Immobilieninvestitionsstrategie auf einer zentralen, vernetzten Plattform: Erhalten Sie vollst\u00e4ndige Transparenz \u00fcber Ihr Investitionsportfolio von der Investition bis zum Asset, verwalten Sie komplexe Investitions-, Kredit- und Eigent\u00fcmerstrukturen, f\u00fchren Sie Korrespondenz und verfolgen und initiieren Sie Investitionen \u00fcber ein gebrandetes Investorenportal.<\/p>\n\t\t\t\t\t<a href=\"#\" id=\"fl-accordion--label-2\" tabindex=\"0\" aria-controls=\"fl-accordion--panel-2\">Wie hoch sind die Kosten?<\/a> <a href=\"#\" id=\"fl-accordion--icon-2\" tabindex=\"0\" aria-controls=\"fl-accordion--panel-2\"><i>Ausklappen<\/i><\/a>\n\t\t\t\t\t<p>Die Yardi Investment Suite unterst\u00fctzt Sie bei der \u00dcberwachung Ihrer gesamten Immobilieninvestitionsstrategie auf einer einheitlichen Plattform. Erhalten Sie vollst\u00e4ndige Transparenz \u00fcber Ihr Investitionsportfolio von der Investition bis zum Asset. Verwalten Sie komplexe Investitions-, Kredit- und Eigent\u00fcmerstrukturen sowie Korrespondenzen. Verfolgen und initiieren Sie Investitionen \u00fcber ein gebrandetes Investorenportal.<\/p>\n<p>Bitte kontaktieren Sie uns, um mehr \u00fcber unser Angebot und unsere Preise zu erfahren oder um eine kurze Produkt-Demo zu vereinbaren.<\/p>\n\n","protected":false},"excerpt":{"rendered":"<p>Investitionsbuchhaltung f\u00fcr Immobilien Verk\u00fcrzen Sie die Zeiten f\u00fcr den Periodenabschluss und minimieren Sie Risiken, indem Sie manuelle Prozesse und uneinheitliche Systeme eliminieren. DEMO ANFORDERN Vereinfachen Sie komplexe Finanzprozesse und schaffen Sie vollst\u00e4ndige Transparenz vom Investor bis zum Asset Finanzielle Konsolidierungen automatisieren&nbsp; Automatisieren Sie zeitintensive, komplizierte Aufgaben und Berechnungen \u00fcber die gesamte Eigent\u00fcmerstruktur. Alle Eigent\u00fcmerstrukturen im&hellip;<\/p>\n","protected":false},"author":2969,"featured_media":0,"parent":0,"menu_order":0,"comment_status":"closed","ping_status":"closed","template":"","meta":{"footnotes":""},"class_list":["post-8230","page","type-page","status-publish","hentry"],"yoast_head":"<!-- This site is optimized with the Yoast SEO Premium plugin v23.4 (Yoast SEO v24.6) - https:\/\/yoast.com\/wordpress\/plugins\/seo\/ -->\n<title>Software f\u00fcr die Investitionsbuchhaltung | Yardi Investment Management<\/title>\n<meta name=\"description\" content=\"Vereinfachen Sie komplexe Finanzprozesse und konfigurieren und verwalten Sie jede Art von Investitionsstruktur f\u00fcr Immobilienobjekte\u00a0\u2013 von Partnerschaften bis hin zu geschlossenen und offenen Fonds.\" \/>\n<meta name=\"robots\" content=\"index, follow, max-snippet:-1, max-image-preview:large, max-video-preview:-1\" \/>\n<link rel=\"canonical\" href=\"https:\/\/www.yardiinvestmentsuite.com/en-gb\/de-de\/investment-accounting\/\" \/>\n<meta property=\"og:locale\" content=\"de_DE\" \/>\n<meta property=\"og:type\" content=\"article\" \/>\n<meta property=\"og:title\" content=\"Investment Accounting\" \/>\n<meta property=\"og:description\" content=\"Vereinfachen Sie komplexe Finanzprozesse und konfigurieren und verwalten Sie jede Art von Investitionsstruktur f\u00fcr Immobilienobjekte\u00a0\u2013 von Partnerschaften bis hin zu geschlossenen und offenen Fonds.\" \/>\n<meta property=\"og:url\" content=\"https:\/\/www.yardiinvestmentsuite.com/en-gb\/de-de\/investment-accounting\/\" \/>\n<meta property=\"og:site_name\" content=\"Yardi Investment Suite\" \/>\n<meta property=\"og:image\" content=\"https:\/\/www.yardiinvestmentsuite.com/en-gb\/wp-content\/uploads\/sites\/88\/2023\/07\/IA-hero-desktop.png\" \/>\n<meta name=\"twitter:card\" content=\"summary_large_image\" \/>\n<meta name=\"twitter:label1\" content=\"Gesch\u00e4tzte Lesezeit\" \/>\n\t<meta name=\"twitter:data1\" content=\"3 Minuten\" \/>\n<script type=\"application\/ld+json\" class=\"yoast-schema-graph\">{\"@context\":\"https:\/\/schema.org\",\"@graph\":[{\"@type\":\"WebPage\",\"@id\":\"https:\/\/www.yardiinvestmentsuite.com/en-gb\/de-de\/investment-accounting\/\",\"url\":\"https:\/\/www.yardiinvestmentsuite.com/en-gb\/de-de\/investment-accounting\/\",\"name\":\"Software f\u00fcr die Investitionsbuchhaltung | Yardi Investment Management\",\"isPartOf\":{\"@id\":\"https:\/\/www.yardiinvestmentsuite.com/en-gb\/de-de\/#website\"},\"primaryImageOfPage\":{\"@id\":\"https:\/\/www.yardiinvestmentsuite.com/en-gb\/de-de\/investment-accounting\/#primaryimage\"},\"image\":{\"@id\":\"https:\/\/www.yardiinvestmentsuite.com/en-gb\/de-de\/investment-accounting\/#primaryimage\"},\"thumbnailUrl\":\"https:\/\/www.yardiinvestmentsuite.com/en-gb\/wp-content\/uploads\/sites\/88\/2023\/07\/IA-hero-desktop.png\",\"datePublished\":\"2025-07-24T14:10:04+00:00\",\"description\":\"Vereinfachen Sie komplexe Finanzprozesse und konfigurieren und verwalten Sie jede Art von Investitionsstruktur f\u00fcr Immobilienobjekte\u00a0\u2013 von Partnerschaften bis hin zu geschlossenen und offenen Fonds.\",\"breadcrumb\":{\"@id\":\"https:\/\/www.yardiinvestmentsuite.com/en-gb\/de-de\/investment-accounting\/#breadcrumb\"},\"inLanguage\":\"de-DE\",\"potentialAction\":[{\"@type\":\"ReadAction\",\"target\":[\"https:\/\/www.yardiinvestmentsuite.com/en-gb\/de-de\/investment-accounting\/\"]}]},{\"@type\":\"ImageObject\",\"inLanguage\":\"de-DE\",\"@id\":\"https:\/\/www.yardiinvestmentsuite.com/en-gb\/de-de\/investment-accounting\/#primaryimage\",\"url\":\"https:\/\/www.yardiinvestmentsuite.com/en-gb\/wp-content\/uploads\/sites\/88\/2023\/07\/IA-hero-desktop.png\",\"contentUrl\":\"https:\/\/www.yardiinvestmentsuite.com/en-gb\/wp-content\/uploads\/sites\/88\/2023\/07\/IA-hero-desktop.png\"},{\"@type\":\"BreadcrumbList\",\"@id\":\"https:\/\/www.yardiinvestmentsuite.com/en-gb\/de-de\/investment-accounting\/#breadcrumb\",\"itemListElement\":[{\"@type\":\"ListItem\",\"position\":1,\"name\":\"Home\",\"item\":\"https:\/\/www.yardiinvestmentsuite.com/en-gb\/de-de\/\"},{\"@type\":\"ListItem\",\"position\":2,\"name\":\"Investment Accounting\"}]},{\"@type\":\"WebSite\",\"@id\":\"https:\/\/www.yardiinvestmentsuite.com/en-gb\/de-de\/#website\",\"url\":\"https:\/\/www.yardiinvestmentsuite.com/en-gb\/de-de\/\",\"name\":\"Yardi Investment Suite\",\"description\":\"\",\"publisher\":{\"@id\":\"https:\/\/www.yardiinvestmentsuite.com/en-gb\/de-de\/#organization\"},\"potentialAction\":[{\"@type\":\"SearchAction\",\"target\":{\"@type\":\"EntryPoint\",\"urlTemplate\":\"https:\/\/www.yardiinvestmentsuite.com/en-gb\/de-de\/?s={search_term_string}\"},\"query-input\":{\"@type\":\"PropertyValueSpecification\",\"valueRequired\":true,\"valueName\":\"search_term_string\"}}],\"inLanguage\":\"de-DE\"},{\"@type\":\"Organization\",\"@id\":\"https:\/\/www.yardiinvestmentsuite.com/en-gb\/de-de\/#organization\",\"name\":\"Yardi Investment Suite\",\"url\":\"https:\/\/www.yardiinvestmentsuite.com/en-gb\/de-de\/\",\"logo\":{\"@type\":\"ImageObject\",\"inLanguage\":\"de-DE\",\"@id\":\"https:\/\/www.yardiinvestmentsuite.com/en-gb\/de-de\/#\/schema\/logo\/image\/\",\"url\":\"https:\/\/www.yardiinvestmentsuite.com/en-gb\/wp-content\/uploads\/sites\/88\/2022\/04\/Yardi-Investment-Suite-InLine-3D.png\",\"contentUrl\":\"https:\/\/www.yardiinvestmentsuite.com/en-gb\/wp-content\/uploads\/sites\/88\/2022\/04\/Yardi-Investment-Suite-InLine-3D.png\",\"width\":492,\"height\":64,\"caption\":\"Yardi Investment Suite\"},\"image\":{\"@id\":\"https:\/\/www.yardiinvestmentsuite.com/en-gb\/de-de\/#\/schema\/logo\/image\/\"}}]}<\/script>\n<!-- \/ Yoast SEO Premium plugin. -->","yoast_head_json":{"title":"Software f\u00fcr die Investitionsbuchhaltung | Yardi Investment Management","description":"Vereinfachen Sie komplexe Finanzprozesse und konfigurieren und verwalten Sie jede Art von Investitionsstruktur f\u00fcr Immobilienobjekte\u00a0\u2013 von Partnerschaften bis hin zu geschlossenen und offenen Fonds.","robots":{"index":"index","follow":"follow","max-snippet":"max-snippet:-1","max-image-preview":"max-image-preview:large","max-video-preview":"max-video-preview:-1"},"canonical":"https:\/\/www.yardiinvestmentsuite.com/en-gb\/de-de\/investment-accounting\/","og_locale":"de_DE","og_type":"article","og_title":"Investment Accounting","og_description":"Vereinfachen Sie komplexe Finanzprozesse und konfigurieren und verwalten Sie jede Art von Investitionsstruktur f\u00fcr Immobilienobjekte\u00a0\u2013 von Partnerschaften bis hin zu geschlossenen und offenen Fonds.","og_url":"https:\/\/www.yardiinvestmentsuite.com/en-gb\/de-de\/investment-accounting\/","og_site_name":"Yardi Investment Suite","og_image":[{"url":"https:\/\/www.yardiinvestmentsuite.com/en-gb\/wp-content\/uploads\/sites\/88\/2023\/07\/IA-hero-desktop.png","type":"","width":"","height":""}],"twitter_card":"summary_large_image","twitter_misc":{"Gesch\u00e4tzte Lesezeit":"3 Minuten"},"schema":{"@context":"https:\/\/schema.org","@graph":[{"@type":"WebPage","@id":"https:\/\/www.yardiinvestmentsuite.com/en-gb\/de-de\/investment-accounting\/","url":"https:\/\/www.yardiinvestmentsuite.com/en-gb\/de-de\/investment-accounting\/","name":"Software f\u00fcr die Investitionsbuchhaltung | Yardi Investment Management","isPartOf":{"@id":"https:\/\/www.yardiinvestmentsuite.com/en-gb\/de-de\/#website"},"primaryImageOfPage":{"@id":"https:\/\/www.yardiinvestmentsuite.com/en-gb\/de-de\/investment-accounting\/#primaryimage"},"image":{"@id":"https:\/\/www.yardiinvestmentsuite.com/en-gb\/de-de\/investment-accounting\/#primaryimage"},"thumbnailUrl":"https:\/\/www.yardiinvestmentsuite.com/en-gb\/wp-content\/uploads\/sites\/88\/2023\/07\/IA-hero-desktop.png","datePublished":"2025-07-24T14:10:04+00:00","description":"Vereinfachen Sie komplexe Finanzprozesse und konfigurieren und verwalten Sie jede Art von Investitionsstruktur f\u00fcr Immobilienobjekte\u00a0\u2013 von Partnerschaften bis hin zu geschlossenen und offenen Fonds.","breadcrumb":{"@id":"https:\/\/www.yardiinvestmentsuite.com/en-gb\/de-de\/investment-accounting\/#breadcrumb"},"inLanguage":"de-DE","potentialAction":[{"@type":"ReadAction","target":["https:\/\/www.yardiinvestmentsuite.com/en-gb\/de-de\/investment-accounting\/"]}]},{"@type":"ImageObject","inLanguage":"de-DE","@id":"https:\/\/www.yardiinvestmentsuite.com/en-gb\/de-de\/investment-accounting\/#primaryimage","url":"https:\/\/www.yardiinvestmentsuite.com/en-gb\/wp-content\/uploads\/sites\/88\/2023\/07\/IA-hero-desktop.png","contentUrl":"https:\/\/www.yardiinvestmentsuite.com/en-gb\/wp-content\/uploads\/sites\/88\/2023\/07\/IA-hero-desktop.png"},{"@type":"BreadcrumbList","@id":"https:\/\/www.yardiinvestmentsuite.com/en-gb\/de-de\/investment-accounting\/#breadcrumb","itemListElement":[{"@type":"ListItem","position":1,"name":"Home","item":"https:\/\/www.yardiinvestmentsuite.com/en-gb\/de-de\/"},{"@type":"ListItem","position":2,"name":"Investment Accounting"}]},{"@type":"WebSite","@id":"https:\/\/www.yardiinvestmentsuite.com/en-gb\/de-de\/#website","url":"https:\/\/www.yardiinvestmentsuite.com/en-gb\/de-de\/","name":"Yardi Investment Suite","description":"","publisher":{"@id":"https:\/\/www.yardiinvestmentsuite.com/en-gb\/de-de\/#organization"},"potentialAction":[{"@type":"SearchAction","target":{"@type":"EntryPoint","urlTemplate":"https:\/\/www.yardiinvestmentsuite.com/en-gb\/de-de\/?s={search_term_string}"},"query-input":{"@type":"PropertyValueSpecification","valueRequired":true,"valueName":"search_term_string"}}],"inLanguage":"de-DE"},{"@type":"Organization","@id":"https:\/\/www.yardiinvestmentsuite.com/en-gb\/de-de\/#organization","name":"Yardi Investment Suite","url":"https:\/\/www.yardiinvestmentsuite.com/en-gb\/de-de\/","logo":{"@type":"ImageObject","inLanguage":"de-DE","@id":"https:\/\/www.yardiinvestmentsuite.com/en-gb\/de-de\/#\/schema\/logo\/image\/","url":"https:\/\/www.yardiinvestmentsuite.com/en-gb\/wp-content\/uploads\/sites\/88\/2022\/04\/Yardi-Investment-Suite-InLine-3D.png","contentUrl":"https:\/\/www.yardiinvestmentsuite.com/en-gb\/wp-content\/uploads\/sites\/88\/2022\/04\/Yardi-Investment-Suite-InLine-3D.png","width":492,"height":64,"caption":"Yardi Investment Suite"},"image":{"@id":"https:\/\/www.yardiinvestmentsuite.com/en-gb\/de-de\/#\/schema\/logo\/image\/"}}]}},"jetpack_sharing_enabled":true,"_links":{"self":[{"href":"https:\/\/www.yardiinvestmentsuite.com/en-gb\/de-de\/wp-json\/wp\/v2\/pages\/8230","targetHints":{"allow":["GET"]}}],"collection":[{"href":"https:\/\/www.yardiinvestmentsuite.com/en-gb\/de-de\/wp-json\/wp\/v2\/pages"}],"about":[{"href":"https:\/\/www.yardiinvestmentsuite.com/en-gb\/de-de\/wp-json\/wp\/v2\/types\/page"}],"author":[{"embeddable":true,"href":"https:\/\/www.yardiinvestmentsuite.com/en-gb\/de-de\/wp-json\/wp\/v2\/users\/2969"}],"replies":[{"embeddable":true,"href":"https:\/\/www.yardiinvestmentsuite.com/en-gb\/de-de\/wp-json\/wp\/v2\/comments?post=8230"}],"version-history":[{"count":5,"href":"https:\/\/www.yardiinvestmentsuite.com/en-gb\/de-de\/wp-json\/wp\/v2\/pages\/8230\/revisions"}],"predecessor-version":[{"id":9722,"href":"https:\/\/www.yardiinvestmentsuite.com/en-gb\/de-de\/wp-json\/wp\/v2\/pages\/8230\/revisions\/9722"}],"wp:attachment":[{"href":"https:\/\/www.yardiinvestmentsuite.com/en-gb\/de-de\/wp-json\/wp\/v2\/media?parent=8230"}],"curies":[{"name":"wp","href":"https:\/\/api.w.org\/{rel}","templated":true}]}}