{"id":8197,"date":"2025-07-24T14:10:11","date_gmt":"2025-07-24T14:10:11","guid":{"rendered":"https:\/\/www.yardiinvestmentsuite.com/en-gb\/debt-manager\/"},"modified":"2025-07-24T14:10:11","modified_gmt":"2025-07-24T14:10:11","slug":"debt-manager","status":"publish","type":"page","link":"https:\/\/www.yardiinvestmentsuite.com/en-gb\/de-de\/debt-manager\/","title":{"rendered":"Debt Manager"},"content":{"rendered":"\n<h1>\n\t\tDarlehensmanagement rund um die Immobilie\n\t<\/h1>\n\t<p>Verwalten Sie Ihre Verbindlichkeiten \u00fcber Ihr gesamtes Portfolio hinweg mit einer einzigen, vernetzten L\u00f6sung.<\/p>\n\t\t\t<a href=\"https:\/\/www.yardiinvestmentsuite.com/en-gb\/de-de\/demo-vereinbaren\/\" target=\"_self\" rel=\"noopener\">\n\t\t\t\t\t\t\tDEMO ANFORDERN\n\t\t\t\t\t<\/a>\n\t\t\t\t<img loading=\"lazy\" decoding=\"async\" src=\"https:\/\/www.yardiinvestmentsuite.com/en-gb\/wp-content\/uploads\/sites\/88\/2023\/08\/Debt-hero-desktop_final.png\" alt=\"Debt-hero-desktop_final\" itemprop=\"image\" height=\"900\" width=\"1200\" title=\"Debt-hero-desktop_final\" onerror=\"this.style.display='none'\"\/>\n<h2>\n\t\tEliminieren Sie Tabellenkalkulationen und zentralisieren Sie Daten mit der f\u00fchrenden Plattform f\u00fcr das Darlehensmanagement\n\t<\/h2>\n\t\t\t\t<img loading=\"lazy\" decoding=\"async\" src=\"https:\/\/www.yardiinvestmentsuite.com/en-gb\/wp-content\/uploads\/sites\/88\/2023\/05\/icon-product-crm-1.png\" alt=\"icon-product-crm-1\" itemprop=\"image\" height=\"101\" width=\"100\" title=\"icon-product-crm-1\" onerror=\"this.style.display='none'\"\/>\n<h3>\n\t\tF\u00fcr Kreditnehmer&nbsp;\n\t<\/h3>\n\t<p>Verschaffen Sie sich einen besseren \u00dcberblick \u00fcber Ihr Kreditportfolio mit einer Plattform, die mit den in Yardi Voyager verwalteten Sicherheiten verkn\u00fcpft ist.<\/p>\n\t\t\t\t<img loading=\"lazy\" decoding=\"async\" src=\"https:\/\/www.yardiinvestmentsuite.com/en-gb\/wp-content\/uploads\/sites\/88\/2023\/05\/icon-product-crm-3.png\" alt=\"icon-product-crm-3\" itemprop=\"image\" height=\"100\" width=\"120\" title=\"icon-product-crm-3\" onerror=\"this.style.display='none'\"\/>\n<h3>\n\t\tF\u00fcr Schuldinstrumente&nbsp;\n\t<\/h3>\n\t<p>Automatisierung komplexer Eigent\u00fcmerstrukturen und Kreditbedingungen durch die Integration mit Investment Accounting.<\/p>\n\t\t\t\t<img loading=\"lazy\" decoding=\"async\" src=\"https:\/\/www.yardiinvestmentsuite.com/en-gb\/wp-content\/uploads\/sites\/88\/2023\/05\/Debt-Home-Dashboard-Desktop-1920x1080-1.png\" alt=\"Debt - Home Dashboard - Desktop 1920x1080\" itemprop=\"image\" height=\"1076\" width=\"1921\" title=\"Debt - Home Dashboard - Desktop 1920x1080\" onerror=\"this.style.display='none'\"\/>\n\t<p>Vereinfachter Zugriff auf Kreditinformationen<\/p>\n\t<ul>\n<li>Verwaltung aller Arten von Krediten und Zuordnung zu den in Yardi verwalteten Sicherheiten<\/li>\n<li>Einblick in alle Kredite des Portfolios f\u00fcr wichtige Stakeholder durch definierbare Attribute<\/li>\n<li>Verfolgung von \u00c4nderungen der Kreditbedingungen im Zeitverlauf<\/li>\n<li>Analyse des aktuellen und zuk\u00fcnftigen Schuldendienstes und sonstige interaktive Kreditberichterstattung<\/li>\n<\/ul>\n\t<p> Risikomanagement und \u00dcberwachung der Anforderungen von Kreditnehmern und -gebern<\/p>\n\t<ul>\n<li>Verfolgung kritischer Fristen f\u00fcr Betr\u00e4ge, die an Kreditgeber oder von Kreditnehmern f\u00e4llig sind<\/li>\n<li>Nutzung der in Yardi Voyager erfassten Budgetdaten auf Objektebene f\u00fcr Einblicke in k\u00fcnftige potenzielle Risiken<\/li>\n<li>\u00dcberwachung des Status wichtiger Vertr\u00e4ge<\/li>\n<li>Zuweisung zu erf\u00fcllender Aufgaben \u00fcber einen kooperativen Aktivit\u00e4tsfeed<\/li>\n<\/ul>\n\t\t\t\t<img loading=\"lazy\" decoding=\"async\" src=\"https:\/\/www.yardiinvestmentsuite.com/en-gb\/wp-content\/uploads\/sites\/88\/2023\/05\/Debt-Reminders-Desktop-1920x1080-1.png\" alt=\"Debt - Reminders - Desktop 1920x1080\" itemprop=\"image\" height=\"1016\" width=\"1921\" title=\"Debt - Reminders - Desktop 1920x1080\" onerror=\"this.style.display='none'\"\/>\n\t\t\t\t<img loading=\"lazy\" decoding=\"async\" src=\"https:\/\/www.yardiinvestmentsuite.com/en-gb\/wp-content\/uploads\/sites\/88\/2023\/05\/Debt-Loan-and-Syndication-Desktop-1920x1080-1.png\" alt=\"Debt - Loan and Syndication - Desktop 1920x1080\" itemprop=\"image\" height=\"863\" width=\"1533\" title=\"Debt - Loan and Syndication - Desktop 1920x1080\" onerror=\"this.style.display='none'\"\/>\n\t<p>Produktivit\u00e4tssteigerungen dank integrierter Darlehensbuchhaltung<\/p>\n\t<ul>\n<li>Automatisierung von Zahlungen an Kreditgeber und Rechnungen an Kreditnehmer sowie \u00dcbermittlung von Darlehenstransaktionen an Voyager<\/li>\n<li>Verwaltung von Kreditfonds, Konsortialkrediten und jeder Art von Investitionsstruktur<\/li>\n<li>Berechnung und Verwaltung von Service- und sonstigen Geb\u00fchren<\/li>\n<li>Erstellung von Darlehen auf jeder Ebene der Eigent\u00fcmerstruktur<\/li>\n<\/ul>\n<h2>\n\t\tDiese Kunden vertrauen auf die Yardi Investment Suite\n\t<\/h2>\n\t\t\t\t<a href=\"#\" target=\"_self\" itemprop=\"url\" rel=\"noopener\">\n\t\t\t\t<img loading=\"lazy\" decoding=\"async\" src=\"https:\/\/www.yardiinvestmentsuite.com/en-gb\/wp-content\/uploads\/sites\/88\/2022\/04\/Alter-Domus-logo.png\" alt=\"Alter Domus Logo\" itemprop=\"image\" height=\"32\" width=\"200\" title=\"Alter Domus Logo\" onerror=\"this.style.display='none'\"\/>\n\t\t\t\t<\/a>\n\t\t\t\t<a href=\"#\" target=\"_self\" itemprop=\"url\" rel=\"noopener\">\n\t\t\t\t<img loading=\"lazy\" decoding=\"async\" src=\"https:\/\/www.yardiinvestmentsuite.com/en-gb\/wp-content\/uploads\/sites\/88\/2022\/04\/Cohen-Asset-Management-logo.png\" alt=\"Cohen Asset Management Logo\" itemprop=\"image\" height=\"78\" width=\"247\" title=\"Cohen Asset Management Logo\" onerror=\"this.style.display='none'\"\/>\n\t\t\t\t<\/a>\n\t\t\t\t<a href=\"#\" target=\"_self\" itemprop=\"url\" rel=\"noopener\">\n\t\t\t\t<img loading=\"lazy\" decoding=\"async\" src=\"https:\/\/www.yardiinvestmentsuite.com/en-gb\/wp-content\/uploads\/sites\/88\/2022\/04\/MG-Properties_Logo-Full-Color.png\" alt=\"MG Properties_Logo Full Color\" itemprop=\"image\" height=\"2231\" width=\"8191\" title=\"MG Properties_Logo Full Color\" onerror=\"this.style.display='none'\"\/>\n\t\t\t\t<\/a>\n\t\t\t\t<a href=\"#\" target=\"_self\" itemprop=\"url\" rel=\"noopener\">\n\t\t\t\t<img loading=\"lazy\" decoding=\"async\" src=\"https:\/\/www.yardiinvestmentsuite.com/en-gb\/wp-content\/uploads\/sites\/88\/2022\/04\/ROCO-Real-Estate-logo.png\" alt=\"ROCO Real Estate Logo\" itemprop=\"image\" height=\"280\" width=\"280\" title=\"ROCO Real Estate Logo\" onerror=\"this.style.display='none'\"\/>\n\t\t\t\t<\/a>\n\t\t\t\t<a href=\"#\" target=\"_self\" itemprop=\"url\" rel=\"noopener\">\n\t\t\t\t<img loading=\"lazy\" decoding=\"async\" src=\"https:\/\/www.yardiinvestmentsuite.com/en-gb\/wp-content\/uploads\/sites\/88\/2022\/04\/Hanini-Group_Logo_BLUE.png\" alt=\"Hanini Group_Logo_BLUE\" itemprop=\"image\" height=\"2831\" width=\"4927\" title=\"Hanini Group_Logo_BLUE\" onerror=\"this.style.display='none'\"\/>\n\t\t\t\t<\/a>\n\t\t\t\t<a href=\"#\" target=\"_self\" itemprop=\"url\" rel=\"noopener\">\n\t\t\t\t<img loading=\"lazy\" decoding=\"async\" src=\"https:\/\/www.yardiinvestmentsuite.com/en-gb\/wp-content\/uploads\/sites\/88\/2022\/04\/Uniland-logo_tagline_color.png\" alt=\"Uniland logo_tagline_color\" itemprop=\"image\" height=\"967\" width=\"3334\" title=\"Uniland logo_tagline_color\" onerror=\"this.style.display='none'\"\/>\n\t\t\t\t<\/a>\n<h2>\n\t\tDie vernetzte Investment-Management-L\u00f6sung\n\t<\/h2>\n\t<p>Verwalten Sie den gesamten Lebenszyklus von Immobilieninvestitionen\u00a0\u2013 vom Investorenportal \u00fcber die komplexe Investitions- und Darlehensbuchhaltung bis hin zum Performance Management.<\/p>\n\t\t\t<a href=\"https:\/\/www.yardiinvestmentsuite.com/en-gb\/de-de\/demo-vereinbaren\/\" target=\"_self\" rel=\"noopener\">\n\t\t\t\t\t\t\tDemo anfordern \n\t\t\t\t\t<\/a>\n\t<p>H\u00e4ufig gestellte Fragen<br \/><\/p>\n\t<p>Erhalten Sie Antworten auf Ihre Fragen zur Yardi Investment Suite.<\/p>\n\t\t\t\t\t<a href=\"#\" id=\"fl-accordion--label-0\" tabindex=\"0\" aria-controls=\"fl-accordion--panel-0\">Was ist die Yardi Investment Suite?<\/a>\n\t\t\t\t\t\t\t\t\t\t\t<a href=\"#\" id=\"fl-accordion--icon-0\" tabindex=\"0\" aria-controls=\"fl-accordion--panel-0\"><i>Ausklappen<\/i><\/a>\n\t\t\t\t\t<p>Die Yardi Investment Suite ist eine vollst\u00e4ndig vernetzte Plattform, die f\u00fcr Unternehmen entwickelt wurde, die eine L\u00f6sung f\u00fcr das Immobilien-Investment-Management zur Verwaltung ihrer Investitionen, Investoren und Assets ben\u00f6tigen. Die Software eignet sich f\u00fcr Bestandshalter, Private-Equity-Firmen, Private-Debt-Manager, Institutionen, Fondsmanager und -verwalter sowie Komplement\u00e4re und Kommanditisten. Dar\u00fcber hinaus auch f\u00fcr REITs, Banken, Versicherungsunternehmen und Family Offices.<\/p>\n\t\t\t\t\t<a href=\"#\" id=\"fl-accordion--label-1\" tabindex=\"0\" aria-controls=\"fl-accordion--panel-1\">Was sind die Hauptfunktionen der Yardi Investment Suite?<\/a>\n\t\t\t\t\t\t\t\t\t\t\t<a href=\"#\" id=\"fl-accordion--icon-1\" tabindex=\"0\" aria-controls=\"fl-accordion--panel-1\"><i>Ausklappen<\/i><\/a>\n\t\t\t\t\t<p>Die Yardi Investment Suite unterst\u00fctzt Sie bei der \u00dcberwachung Ihrer gesamten Immobilieninvestitionsstrategie auf einer einheitlichen Plattform. Erhalten Sie vollst\u00e4ndige Transparenz \u00fcber Ihr Investitionsportfolio von der Investition bis zum Asset. Verwalten Sie komplexe Investitions-, Kredit- und Eigent\u00fcmerstrukturen sowie Korrespondenzen. Verfolgen und initiieren Sie Investitionen \u00fcber ein gebrandetes Investorenportal.<\/p>\n\t\t\t\t\t<a href=\"#\" id=\"fl-accordion--label-2\" tabindex=\"0\" aria-controls=\"fl-accordion--panel-2\">Wie hoch sind die Kosten?<\/a>\n\t\t\t\t\t\t\t\t\t\t\t<a href=\"#\" id=\"fl-accordion--icon-2\" tabindex=\"0\" aria-controls=\"fl-accordion--panel-2\"><i>Ausklappen<\/i><\/a>\n\t\t\t\t\t<p>Die Yardi Investment Suite umfasst eine Vielzahl von Produkten und Funktionen. Der Preis richtet sich nach den Anforderungen Ihres Unternehmens: vom Investorenportal und der Investitionsbuchhaltung f\u00fcr komplexe Aussch\u00fcttungen bis hin zum Darlehensmanagement f\u00fcr Verbindlichkeiten oder Verm\u00f6genswerte. Die Suite ist flexibel und kann als Komplettl\u00f6sung bereitgestellt oder schrittweise erweitert werden, wenn eine Funktionalit\u00e4t in Zukunft ben\u00f6tigt wird.<\/p>\n<p>&nbsp;<\/p>\n<p>Bitte kontaktieren Sie uns, um mehr \u00fcber unser Angebot und unsere Preise zu erfahren oder um eine kurze <a href=\"https:\/\/www.yardiinvestmentsuite.com/en-gb\/de-de\/demo-vereinbaren\/\">Produkt-Demo<\/a> zu vereinbaren.<\/p>\n\n","protected":false},"excerpt":{"rendered":"<p>Darlehensmanagement rund um die Immobilie Verwalten Sie Ihre Verbindlichkeiten \u00fcber Ihr gesamtes Portfolio hinweg mit einer einzigen, vernetzten L\u00f6sung. DEMO ANFORDERN Eliminieren Sie Tabellenkalkulationen und zentralisieren Sie Daten mit der f\u00fchrenden Plattform f\u00fcr das Darlehensmanagement F\u00fcr Kreditnehmer&nbsp; Verschaffen Sie sich einen besseren \u00dcberblick \u00fcber Ihr Kreditportfolio mit einer Plattform, die mit den in Yardi Voyager&hellip;<\/p>\n","protected":false},"author":2969,"featured_media":0,"parent":0,"menu_order":0,"comment_status":"closed","ping_status":"closed","template":"","meta":{"footnotes":""},"class_list":["post-8197","page","type-page","status-publish","hentry"],"yoast_head":"<!-- This site is optimized with the Yoast SEO Premium plugin v23.4 (Yoast SEO v24.6) - https:\/\/yoast.com\/wordpress\/plugins\/seo\/ -->\n<title>Software f\u00fcr das Debt Management in der Immobilienbranche<\/title>\n<meta name=\"description\" content=\"Eliminieren Sie Tabellenkalkulationen, zentralisieren Sie Daten und verwalten Sie Ihre Verbindlichkeiten \u00fcber Ihr gesamtes Portfolio hinweg \u2013 mit einer einzigen, vernetzten L\u00f6sung.\" \/>\n<meta name=\"robots\" content=\"index, follow, max-snippet:-1, max-image-preview:large, max-video-preview:-1\" \/>\n<link rel=\"canonical\" href=\"https:\/\/www.yardiinvestmentsuite.com/en-gb\/de-de\/debt-manager\/\" \/>\n<meta property=\"og:locale\" content=\"de_DE\" \/>\n<meta property=\"og:type\" content=\"article\" \/>\n<meta property=\"og:title\" content=\"Debt Manager\" \/>\n<meta property=\"og:description\" content=\"Eliminieren Sie Tabellenkalkulationen, zentralisieren Sie Daten und verwalten Sie Ihre Verbindlichkeiten \u00fcber Ihr gesamtes Portfolio hinweg \u2013 mit einer einzigen, vernetzten L\u00f6sung.\" \/>\n<meta property=\"og:url\" content=\"https:\/\/www.yardiinvestmentsuite.com/en-gb\/de-de\/debt-manager\/\" \/>\n<meta property=\"og:site_name\" content=\"Yardi Investment Suite\" \/>\n<meta property=\"og:image\" content=\"https:\/\/www.yardiinvestmentsuite.com/en-gb\/wp-content\/uploads\/sites\/88\/2023\/08\/Debt-hero-desktop_final.png\" \/>\n<meta name=\"twitter:card\" content=\"summary_large_image\" \/>\n<meta name=\"twitter:label1\" content=\"Gesch\u00e4tzte Lesezeit\" \/>\n\t<meta name=\"twitter:data1\" content=\"3 Minuten\" \/>\n<script type=\"application\/ld+json\" class=\"yoast-schema-graph\">{\"@context\":\"https:\/\/schema.org\",\"@graph\":[{\"@type\":\"WebPage\",\"@id\":\"https:\/\/www.yardiinvestmentsuite.com/en-gb\/de-de\/debt-manager\/\",\"url\":\"https:\/\/www.yardiinvestmentsuite.com/en-gb\/de-de\/debt-manager\/\",\"name\":\"Software f\u00fcr das Debt Management in der Immobilienbranche\",\"isPartOf\":{\"@id\":\"https:\/\/www.yardiinvestmentsuite.com/en-gb\/de-de\/#website\"},\"primaryImageOfPage\":{\"@id\":\"https:\/\/www.yardiinvestmentsuite.com/en-gb\/de-de\/debt-manager\/#primaryimage\"},\"image\":{\"@id\":\"https:\/\/www.yardiinvestmentsuite.com/en-gb\/de-de\/debt-manager\/#primaryimage\"},\"thumbnailUrl\":\"https:\/\/www.yardiinvestmentsuite.com/en-gb\/wp-content\/uploads\/sites\/88\/2023\/08\/Debt-hero-desktop_final.png\",\"datePublished\":\"2025-07-24T14:10:11+00:00\",\"description\":\"Eliminieren Sie Tabellenkalkulationen, zentralisieren Sie Daten und verwalten Sie Ihre Verbindlichkeiten \u00fcber Ihr gesamtes Portfolio hinweg \u2013 mit einer einzigen, vernetzten L\u00f6sung.\",\"breadcrumb\":{\"@id\":\"https:\/\/www.yardiinvestmentsuite.com/en-gb\/de-de\/debt-manager\/#breadcrumb\"},\"inLanguage\":\"de-DE\",\"potentialAction\":[{\"@type\":\"ReadAction\",\"target\":[\"https:\/\/www.yardiinvestmentsuite.com/en-gb\/de-de\/debt-manager\/\"]}]},{\"@type\":\"ImageObject\",\"inLanguage\":\"de-DE\",\"@id\":\"https:\/\/www.yardiinvestmentsuite.com/en-gb\/de-de\/debt-manager\/#primaryimage\",\"url\":\"https:\/\/www.yardiinvestmentsuite.com/en-gb\/wp-content\/uploads\/sites\/88\/2023\/08\/Debt-hero-desktop_final.png\",\"contentUrl\":\"https:\/\/www.yardiinvestmentsuite.com/en-gb\/wp-content\/uploads\/sites\/88\/2023\/08\/Debt-hero-desktop_final.png\"},{\"@type\":\"BreadcrumbList\",\"@id\":\"https:\/\/www.yardiinvestmentsuite.com/en-gb\/de-de\/debt-manager\/#breadcrumb\",\"itemListElement\":[{\"@type\":\"ListItem\",\"position\":1,\"name\":\"Home\",\"item\":\"https:\/\/www.yardiinvestmentsuite.com/en-gb\/de-de\/\"},{\"@type\":\"ListItem\",\"position\":2,\"name\":\"Debt Manager\"}]},{\"@type\":\"WebSite\",\"@id\":\"https:\/\/www.yardiinvestmentsuite.com/en-gb\/de-de\/#website\",\"url\":\"https:\/\/www.yardiinvestmentsuite.com/en-gb\/de-de\/\",\"name\":\"Yardi Investment Suite\",\"description\":\"\",\"publisher\":{\"@id\":\"https:\/\/www.yardiinvestmentsuite.com/en-gb\/de-de\/#organization\"},\"potentialAction\":[{\"@type\":\"SearchAction\",\"target\":{\"@type\":\"EntryPoint\",\"urlTemplate\":\"https:\/\/www.yardiinvestmentsuite.com/en-gb\/de-de\/?s={search_term_string}\"},\"query-input\":{\"@type\":\"PropertyValueSpecification\",\"valueRequired\":true,\"valueName\":\"search_term_string\"}}],\"inLanguage\":\"de-DE\"},{\"@type\":\"Organization\",\"@id\":\"https:\/\/www.yardiinvestmentsuite.com/en-gb\/de-de\/#organization\",\"name\":\"Yardi Investment Suite\",\"url\":\"https:\/\/www.yardiinvestmentsuite.com/en-gb\/de-de\/\",\"logo\":{\"@type\":\"ImageObject\",\"inLanguage\":\"de-DE\",\"@id\":\"https:\/\/www.yardiinvestmentsuite.com/en-gb\/de-de\/#\/schema\/logo\/image\/\",\"url\":\"https:\/\/www.yardiinvestmentsuite.com/en-gb\/wp-content\/uploads\/sites\/88\/2022\/04\/Yardi-Investment-Suite-InLine-3D.png\",\"contentUrl\":\"https:\/\/www.yardiinvestmentsuite.com/en-gb\/wp-content\/uploads\/sites\/88\/2022\/04\/Yardi-Investment-Suite-InLine-3D.png\",\"width\":492,\"height\":64,\"caption\":\"Yardi Investment Suite\"},\"image\":{\"@id\":\"https:\/\/www.yardiinvestmentsuite.com/en-gb\/de-de\/#\/schema\/logo\/image\/\"}}]}<\/script>\n<!-- \/ Yoast SEO Premium plugin. -->","yoast_head_json":{"title":"Software f\u00fcr das Debt Management in der Immobilienbranche","description":"Eliminieren Sie Tabellenkalkulationen, zentralisieren Sie Daten und verwalten Sie Ihre Verbindlichkeiten \u00fcber Ihr gesamtes Portfolio hinweg \u2013 mit einer einzigen, vernetzten L\u00f6sung.","robots":{"index":"index","follow":"follow","max-snippet":"max-snippet:-1","max-image-preview":"max-image-preview:large","max-video-preview":"max-video-preview:-1"},"canonical":"https:\/\/www.yardiinvestmentsuite.com/en-gb\/de-de\/debt-manager\/","og_locale":"de_DE","og_type":"article","og_title":"Debt Manager","og_description":"Eliminieren Sie Tabellenkalkulationen, zentralisieren Sie Daten und verwalten Sie Ihre Verbindlichkeiten \u00fcber Ihr gesamtes Portfolio hinweg \u2013 mit einer einzigen, vernetzten L\u00f6sung.","og_url":"https:\/\/www.yardiinvestmentsuite.com/en-gb\/de-de\/debt-manager\/","og_site_name":"Yardi Investment Suite","og_image":[{"url":"https:\/\/www.yardiinvestmentsuite.com/en-gb\/wp-content\/uploads\/sites\/88\/2023\/08\/Debt-hero-desktop_final.png","type":"","width":"","height":""}],"twitter_card":"summary_large_image","twitter_misc":{"Gesch\u00e4tzte Lesezeit":"3 Minuten"},"schema":{"@context":"https:\/\/schema.org","@graph":[{"@type":"WebPage","@id":"https:\/\/www.yardiinvestmentsuite.com/en-gb\/de-de\/debt-manager\/","url":"https:\/\/www.yardiinvestmentsuite.com/en-gb\/de-de\/debt-manager\/","name":"Software f\u00fcr das Debt Management in der Immobilienbranche","isPartOf":{"@id":"https:\/\/www.yardiinvestmentsuite.com/en-gb\/de-de\/#website"},"primaryImageOfPage":{"@id":"https:\/\/www.yardiinvestmentsuite.com/en-gb\/de-de\/debt-manager\/#primaryimage"},"image":{"@id":"https:\/\/www.yardiinvestmentsuite.com/en-gb\/de-de\/debt-manager\/#primaryimage"},"thumbnailUrl":"https:\/\/www.yardiinvestmentsuite.com/en-gb\/wp-content\/uploads\/sites\/88\/2023\/08\/Debt-hero-desktop_final.png","datePublished":"2025-07-24T14:10:11+00:00","description":"Eliminieren Sie Tabellenkalkulationen, zentralisieren Sie Daten und verwalten Sie Ihre Verbindlichkeiten \u00fcber Ihr gesamtes Portfolio hinweg \u2013 mit einer einzigen, vernetzten L\u00f6sung.","breadcrumb":{"@id":"https:\/\/www.yardiinvestmentsuite.com/en-gb\/de-de\/debt-manager\/#breadcrumb"},"inLanguage":"de-DE","potentialAction":[{"@type":"ReadAction","target":["https:\/\/www.yardiinvestmentsuite.com/en-gb\/de-de\/debt-manager\/"]}]},{"@type":"ImageObject","inLanguage":"de-DE","@id":"https:\/\/www.yardiinvestmentsuite.com/en-gb\/de-de\/debt-manager\/#primaryimage","url":"https:\/\/www.yardiinvestmentsuite.com/en-gb\/wp-content\/uploads\/sites\/88\/2023\/08\/Debt-hero-desktop_final.png","contentUrl":"https:\/\/www.yardiinvestmentsuite.com/en-gb\/wp-content\/uploads\/sites\/88\/2023\/08\/Debt-hero-desktop_final.png"},{"@type":"BreadcrumbList","@id":"https:\/\/www.yardiinvestmentsuite.com/en-gb\/de-de\/debt-manager\/#breadcrumb","itemListElement":[{"@type":"ListItem","position":1,"name":"Home","item":"https:\/\/www.yardiinvestmentsuite.com/en-gb\/de-de\/"},{"@type":"ListItem","position":2,"name":"Debt Manager"}]},{"@type":"WebSite","@id":"https:\/\/www.yardiinvestmentsuite.com/en-gb\/de-de\/#website","url":"https:\/\/www.yardiinvestmentsuite.com/en-gb\/de-de\/","name":"Yardi Investment Suite","description":"","publisher":{"@id":"https:\/\/www.yardiinvestmentsuite.com/en-gb\/de-de\/#organization"},"potentialAction":[{"@type":"SearchAction","target":{"@type":"EntryPoint","urlTemplate":"https:\/\/www.yardiinvestmentsuite.com/en-gb\/de-de\/?s={search_term_string}"},"query-input":{"@type":"PropertyValueSpecification","valueRequired":true,"valueName":"search_term_string"}}],"inLanguage":"de-DE"},{"@type":"Organization","@id":"https:\/\/www.yardiinvestmentsuite.com/en-gb\/de-de\/#organization","name":"Yardi Investment Suite","url":"https:\/\/www.yardiinvestmentsuite.com/en-gb\/de-de\/","logo":{"@type":"ImageObject","inLanguage":"de-DE","@id":"https:\/\/www.yardiinvestmentsuite.com/en-gb\/de-de\/#\/schema\/logo\/image\/","url":"https:\/\/www.yardiinvestmentsuite.com/en-gb\/wp-content\/uploads\/sites\/88\/2022\/04\/Yardi-Investment-Suite-InLine-3D.png","contentUrl":"https:\/\/www.yardiinvestmentsuite.com/en-gb\/wp-content\/uploads\/sites\/88\/2022\/04\/Yardi-Investment-Suite-InLine-3D.png","width":492,"height":64,"caption":"Yardi Investment Suite"},"image":{"@id":"https:\/\/www.yardiinvestmentsuite.com/en-gb\/de-de\/#\/schema\/logo\/image\/"}}]}},"jetpack_sharing_enabled":true,"_links":{"self":[{"href":"https:\/\/www.yardiinvestmentsuite.com/en-gb\/de-de\/wp-json\/wp\/v2\/pages\/8197","targetHints":{"allow":["GET"]}}],"collection":[{"href":"https:\/\/www.yardiinvestmentsuite.com/en-gb\/de-de\/wp-json\/wp\/v2\/pages"}],"about":[{"href":"https:\/\/www.yardiinvestmentsuite.com/en-gb\/de-de\/wp-json\/wp\/v2\/types\/page"}],"author":[{"embeddable":true,"href":"https:\/\/www.yardiinvestmentsuite.com/en-gb\/de-de\/wp-json\/wp\/v2\/users\/2969"}],"replies":[{"embeddable":true,"href":"https:\/\/www.yardiinvestmentsuite.com/en-gb\/de-de\/wp-json\/wp\/v2\/comments?post=8197"}],"version-history":[{"count":4,"href":"https:\/\/www.yardiinvestmentsuite.com/en-gb\/de-de\/wp-json\/wp\/v2\/pages\/8197\/revisions"}],"predecessor-version":[{"id":8521,"href":"https:\/\/www.yardiinvestmentsuite.com/en-gb\/de-de\/wp-json\/wp\/v2\/pages\/8197\/revisions\/8521"}],"wp:attachment":[{"href":"https:\/\/www.yardiinvestmentsuite.com/en-gb\/de-de\/wp-json\/wp\/v2\/media?parent=8197"}],"curies":[{"name":"wp","href":"https:\/\/api.w.org\/{rel}","templated":true}]}}