{"id":8194,"date":"2025-07-24T14:09:57","date_gmt":"2025-07-24T14:09:57","guid":{"rendered":"https:\/\/www.yardiinvestmentsuite.com/en-gb\/performance-manager\/"},"modified":"2025-07-24T14:09:57","modified_gmt":"2025-07-24T14:09:57","slug":"performance-manager","status":"publish","type":"page","link":"https:\/\/www.yardiinvestmentsuite.com/en-gb\/de-de\/performance-manager\/","title":{"rendered":"Performance Manager"},"content":{"rendered":"\n<h1>\n\t\tAnalysieren Sie Investitionen mit Performance Manager&nbsp;\n\t<\/h1>\n\t<p>Gewinnen Sie Echtzeiteinblicke in Investitions-, Finanz- und Betriebskennzahlen.<\/p>\n\t\t\t<a href=\"https:\/\/www.yardiinvestmentsuite.com/en-gb\/de-de\/demo-vereinbaren\/\" target=\"_self\" rel=\"noopener\"> DEMO ANFORDERN <\/a> <img loading=\"lazy\" decoding=\"async\" src=\"https:\/\/www.yardiinvestmentsuite.com/en-gb\/wp-content\/uploads\/sites\/88\/2023\/08\/Performance-hero-desktop_final.png\" alt=\"Performance-hero-desktop_final\" itemprop=\"image\" height=\"900\" width=\"1200\" title=\"Performance-hero-desktop_final\" onerror=\"this.style.display='none'\"\/>\n<h2>\n\t\tDank \u00fcber 20\u00a0Jahren Erfahrung verstehen wir die Feinheiten und die Komplexit\u00e4t der Analyse von Immobilieninvestitionen.\n\t<\/h2>\n\t\t\t\t<img loading=\"lazy\" decoding=\"async\" src=\"https:\/\/www.yardiinvestmentsuite.com/en-gb\/wp-content\/uploads\/sites\/88\/2023\/05\/icon-product-crm-1.png\" alt=\"icon-product-crm-1\" itemprop=\"image\" height=\"101\" width=\"100\" title=\"icon-product-crm-1\" onerror=\"this.style.display='none'\"\/>\n<h3>\n\t\tKonfigurierbare Dashboards&nbsp;\n\t<\/h3>\n\t<p>Stellen Sie Informationen f\u00fcr jede Benutzergruppe in Ihrem Unternehmen bereit, damit sie auf die Daten zugreifen k\u00f6nnen, die f\u00fcr sie und ihre Rolle am wichtigsten sind.<\/p>\n\t\t\t\t<img loading=\"lazy\" decoding=\"async\" src=\"https:\/\/www.yardiinvestmentsuite.com/en-gb\/wp-content\/uploads\/sites\/88\/2023\/05\/icon-product-crm-2.png\" alt=\"icon-product-crm-2\" itemprop=\"image\" height=\"100\" width=\"117\" title=\"icon-product-crm-2\" onerror=\"this.style.display='none'\"\/>\n<h3>\n\t\tDefinierbare Kennzahlen&nbsp;\n\t<\/h3>\n\t<p>Von komplexen Investitionsrenditen \u00fcber Finanzanalysen bis hin zum Vergleich mit Branchen- oder internen Benchmarks.<\/p>\n\t\t\t\t<img loading=\"lazy\" decoding=\"async\" src=\"https:\/\/www.yardiinvestmentsuite.com/en-gb\/wp-content\/uploads\/sites\/88\/2023\/05\/icon-product-crm-3.png\" alt=\"icon-product-crm-3\" itemprop=\"image\" height=\"100\" width=\"120\" title=\"icon-product-crm-3\" onerror=\"this.style.display='none'\"\/>\n<h3>\n\t\tLeistungsstarke, vernetzte Plattform&nbsp;\n\t<\/h3>\n\t<p>Vollst\u00e4ndige Transparenz vom Investor bis zum Asset, einschlie\u00dflich direkter Verkn\u00fcpfung mit anderen Yardi-Modulen.<\/p>\n\t\t\t\t<img loading=\"lazy\" decoding=\"async\" src=\"https:\/\/www.yardiinvestmentsuite.com/en-gb\/wp-content\/uploads\/sites\/88\/2023\/05\/Performance-Fund-Landing-Page-Desktop-1920x1080-1.png\" alt=\"Performance - Fund Landing Page - Desktop 1920x1080\" itemprop=\"image\" height=\"864\" width=\"1535\" title=\"Performance - Fund Landing Page - Desktop 1920x1080\" onerror=\"this.style.display='none'\"\/>\n\t<p>Konfigurierbarer Zugriff auf Informationen<\/p>\n\t<ul>\n<li>Rollenbasierte Dashboards von der unternehmensweiten Portfolioanalyse bis hin zu den einzelnen Komponenten der Eigent\u00fcmerstruktur<\/li>\n<li>Vom Benutzer konfigurierbare Dashboard-Layouts, -Inhalte und -Gruppierungen ohne die Notwendigkeit f\u00fcr eine individuelle Programmierung<\/li>\n<li>Zugriff auf Yardi-Finanzberichte und benutzerdefinierte Berichte sowie Dokumente<\/li>\n<li>Integrierter Aktivit\u00e4tsfeed f\u00fcr eine engere Zusammenarbeit und fundierte Diskussionen<\/li>\n<\/ul>\n\t<p>Kundenspezifische Leistungskennzahlen und Metriken<\/p>\n\t<ul>\n<li>Ad-hoc-Erstellung von zusammengesetzten Analysen unter Verwendung von Attributen f\u00fcr einfache oder komplexe Berechnungen, einschlie\u00dflich zeitgewichteter Renditen, interner Zinsf\u00fc\u00dfe, Eigenkapitalmultiplikatoren und mehr<\/li>\n<li>Vergleich der Performance von Investitionen und\/oder Assets mit Branchen- oder internen Benchmarks<\/li>\n<li>Detaillierte Analysen, um die Einflussfaktoren hinter den Kennzahlen nachzuvollziehen<\/li>\n<li>Nutzung von Investitionsbuchhaltungs-, Hauptbuch- und Budgetdaten f\u00fcr jede Kennzahl auf jeder Ebene der Eigent\u00fcmerstruktur<\/li>\n<\/ul>\n\t\t\t\t<img loading=\"lazy\" decoding=\"async\" src=\"https:\/\/www.yardiinvestmentsuite.com/en-gb\/wp-content\/uploads\/sites\/88\/2023\/05\/Performance-GIPS-Investment-Returns-Tablet-1180x820-1.png\" alt=\"Performance - GIPS Investment Returns - Tablet 1180x820\" itemprop=\"image\" height=\"815\" width=\"1179\" title=\"Performance - GIPS Investment Returns - Tablet 1180x820\" onerror=\"this.style.display='none'\"\/> <img loading=\"lazy\" decoding=\"async\" src=\"https:\/\/www.yardiinvestmentsuite.com/en-gb\/wp-content\/uploads\/sites\/88\/2023\/05\/Performance-NCREIF-Dashboard-Desktop-1920x1080-1.png\" alt=\"Performance - NCREIF Dashboard - Desktop 1920x1080\" itemprop=\"image\" height=\"861\" width=\"1535\" title=\"Performance - NCREIF Dashboard - Desktop 1920x1080\" onerror=\"this.style.display='none'\"\/>\n\t<p>Mehr als ein Business-Intelligence-Tool\u00a0\u2013 das einzige Produkt, das mit mehreren Yardi-L\u00f6sungen vernetzt ist und so eine nahtlose Benutzererfahrung und Zugriff auf die ben\u00f6tigten Daten bietet<\/p>\n\t<p>Die einzige Investitionsanalysel\u00f6sung auf dem Markt, die vollst\u00e4ndig mit mehreren <strong>Yardi-L\u00f6sungen*<\/strong> vernetzt ist, darunter:<\/p>\n<ul>\n<li>\n<ul>\n<li>Yardi Investment Accounting f\u00fcr die Analyse von Investitionskennzahlen<\/li>\n<li>Yardi Debt Manager f\u00fcr die Analyse von Darlehen auf jeder Ebene der Investitionsstruktur<\/li>\n<li>Yardi Valuation Manager f\u00fcr Einblicke in aktuelle Bewertungsannahmen<\/li>\n<li>Yardi Lease Manager f\u00fcr direkte, detaillierte Informationen von der Investition bis zum Mietvertrag<\/li>\n<li>Yardi Construction Manager f\u00fcr den Zugriff auf Risiken und Status von Investitionsprojekten<\/li>\n<\/ul>\n<\/li>\n<li>Verbesserung der Datenvalidit\u00e4t und der Governance durch eine einzige Informationsquelle<\/li>\n<\/ul>\n\t<p><strong>*\u00a0Alle integrierten Module werden separat lizenziert&nbsp;<\/strong><\/p>\n<h2>\n\t\tDiese Kunden vertrauen auf die Yardi Investment Suite\n\t<\/h2>\n\t\t\t\t<a href=\"#\" target=\"_self\" itemprop=\"url\" rel=\"noopener\"> <img loading=\"lazy\" decoding=\"async\" src=\"https:\/\/www.yardiinvestmentsuite.com/en-gb\/wp-content\/uploads\/sites\/88\/2022\/04\/Alter-Domus-logo.png\" alt=\"Alter Domus Logo\" itemprop=\"image\" height=\"32\" width=\"200\" title=\"Alter Domus Logo\" onerror=\"this.style.display='none'\"\/> <\/a> <a href=\"#\" target=\"_self\" itemprop=\"url\" rel=\"noopener\"> <img loading=\"lazy\" decoding=\"async\" src=\"https:\/\/www.yardiinvestmentsuite.com/en-gb\/wp-content\/uploads\/sites\/88\/2022\/04\/Cohen-Asset-Management-logo.png\" alt=\"Cohen Asset Management Logo\" itemprop=\"image\" height=\"78\" width=\"247\" title=\"Cohen Asset Management Logo\" onerror=\"this.style.display='none'\"\/> <\/a> <a href=\"#\" target=\"_self\" itemprop=\"url\" rel=\"noopener\"> <img loading=\"lazy\" decoding=\"async\" src=\"https:\/\/www.yardiinvestmentsuite.com/en-gb\/wp-content\/uploads\/sites\/88\/2022\/04\/MG-Properties_Logo-Full-Color.png\" alt=\"MG Properties_Logo Full Color\" itemprop=\"image\" height=\"2231\" width=\"8191\" title=\"MG Properties_Logo Full Color\" onerror=\"this.style.display='none'\"\/> <\/a> <a href=\"#\" target=\"_self\" itemprop=\"url\" rel=\"noopener\"> <img loading=\"lazy\" decoding=\"async\" src=\"https:\/\/www.yardiinvestmentsuite.com/en-gb\/wp-content\/uploads\/sites\/88\/2022\/04\/ROCO-Real-Estate-logo.png\" alt=\"ROCO Real Estate Logo\" itemprop=\"image\" height=\"280\" width=\"280\" title=\"ROCO Real Estate Logo\" onerror=\"this.style.display='none'\"\/> <\/a> <a href=\"#\" target=\"_self\" itemprop=\"url\" rel=\"noopener\"> <img loading=\"lazy\" decoding=\"async\" src=\"https:\/\/www.yardiinvestmentsuite.com/en-gb\/wp-content\/uploads\/sites\/88\/2022\/04\/Hanini-Group_Logo_BLUE.png\" alt=\"Hanini Group_Logo_BLUE\" itemprop=\"image\" height=\"2831\" width=\"4927\" title=\"Hanini Group_Logo_BLUE\" onerror=\"this.style.display='none'\"\/> <\/a> <a href=\"#\" target=\"_self\" itemprop=\"url\" rel=\"noopener\"> <img loading=\"lazy\" decoding=\"async\" src=\"https:\/\/www.yardiinvestmentsuite.com/en-gb\/wp-content\/uploads\/sites\/88\/2022\/04\/Uniland-logo_tagline_color.png\" alt=\"Uniland logo_tagline_color\" itemprop=\"image\" height=\"967\" width=\"3334\" title=\"Uniland logo_tagline_color\" onerror=\"this.style.display='none'\"\/> <\/a>\n<h2>\n\t\tDie vernetzte Investment-Management-L\u00f6sung\n\t<\/h2>\n\t<p>Verwalten Sie den gesamten Lebenszyklus von Immobilieninvestitionen\u00a0\u2013 vom Investorenportal \u00fcber die komplexe Investitions- und Kreditbuchhaltung bis hin zum Performance Management.<\/p>\n\t\t\t<a href=\"https:\/\/www.yardiinvestmentsuite.com/en-gb\/de-de\/demo-vereinbaren\/\" target=\"_self\" rel=\"noopener\"> Demo anfordern <\/a>\n\t<p>H\u00e4ufig gestellte Fragen<br \/><\/p>\n\t<p>Erhalten Sie Antworten auf Ihre Fragen zur Yardi Investment Suite.<\/p>\n\t\t\t\t\t<a href=\"#\" id=\"fl-accordion--label-0\" tabindex=\"0\" aria-controls=\"fl-accordion--panel-0\">Was ist die Yardi Investment Suite?<\/a> <a href=\"#\" id=\"fl-accordion--icon-0\" tabindex=\"0\" aria-controls=\"fl-accordion--panel-0\"><i>Ausklappen<\/i><\/a>\n\t\t\t\t\t<p>Die Yardi Investment Suite ist eine vollst\u00e4ndig vernetzte Plattform, die f\u00fcr Unternehmen entwickelt wurde, die eine L\u00f6sung f\u00fcr das Immobilien-Investment-Management zur Verwaltung ihrer Investitionen, Investoren und Assets ben\u00f6tigen. Die Software eignet sich f\u00fcr Bestandshalter, Private-Equity-Firmen, Private-Debt-Manager, Institutionen, Fondsmanager und -verwalter sowie Komplement\u00e4re und Kommanditisten. Dar\u00fcber hinaus auch f\u00fcr REITs, Banken, Versicherungsunternehmen und Family Offices.<\/p>\n\t\t\t\t\t<a href=\"#\" id=\"fl-accordion--label-1\" tabindex=\"0\" aria-controls=\"fl-accordion--panel-1\">Was sind die Hauptfunktionen der Yardi Investment Suite?<\/a> <a href=\"#\" id=\"fl-accordion--icon-1\" tabindex=\"0\" aria-controls=\"fl-accordion--panel-1\"><i>Ausklappen<\/i><\/a>\n\t\t\t\t\t<p>Die Yardi Investment Suite unterst\u00fctzt Sie bei der \u00dcberwachung Ihrer gesamten Immobilieninvestitionsstrategie auf einer einheitlichen Plattform. Erhalten Sie vollst\u00e4ndige Transparenz \u00fcber Ihr Investitionsportfolio von der Investition bis zum Asset. Verwalten Sie komplexe Investitions-, Kredit- und Eigent\u00fcmerstrukturen sowie Korrespondenzen. Verfolgen und initiieren Sie Investitionen \u00fcber ein gebrandetes Investorenportal.<\/p>\n\t\t\t\t\t<a href=\"#\" id=\"fl-accordion--label-2\" tabindex=\"0\" aria-controls=\"fl-accordion--panel-2\">Wie hoch sind die Kosten?<\/a> <a href=\"#\" id=\"fl-accordion--icon-2\" tabindex=\"0\" aria-controls=\"fl-accordion--panel-2\"><i>Ausklappen<\/i><\/a>\n\t\t\t\t\t<p>Die Yardi Investment Suite umfasst eine Vielzahl von Produkten und Funktionen. Der Preis richtet sich nach den Anforderungen Ihres Unternehmens: vom Investorenportal und der Investitionsbuchhaltung f\u00fcr komplexe Aussch\u00fcttungen bis hin zum Debt Management f\u00fcr Verbindlichkeiten oder Verm\u00f6genswerte. Die Suite ist flexibel und kann als Komplettl\u00f6sung bereitgestellt oder schrittweise erweitert werden, wenn eine Funktionalit\u00e4t in Zukunft ben\u00f6tigt wird.<\/p>\n<p>Bitte kontaktieren Sie uns, um mehr \u00fcber unser Angebot und unsere Preise zu erfahren oder um eine kurze Produkt-Demo zu vereinbaren.<\/p>\n\n","protected":false},"excerpt":{"rendered":"<p>Analysieren Sie Investitionen mit Performance Manager&nbsp; Gewinnen Sie Echtzeiteinblicke in Investitions-, Finanz- und Betriebskennzahlen. DEMO ANFORDERN Dank \u00fcber 20\u00a0Jahren Erfahrung verstehen wir die Feinheiten und die Komplexit\u00e4t der Analyse von Immobilieninvestitionen. Konfigurierbare Dashboards&nbsp; Stellen Sie Informationen f\u00fcr jede Benutzergruppe in Ihrem Unternehmen bereit, damit sie auf die Daten zugreifen k\u00f6nnen, die f\u00fcr sie und ihre&hellip;<\/p>\n","protected":false},"author":2969,"featured_media":0,"parent":0,"menu_order":0,"comment_status":"closed","ping_status":"closed","template":"","meta":{"footnotes":""},"class_list":["post-8194","page","type-page","status-publish","hentry"],"yoast_head":"<!-- This site is optimized with the Yoast SEO Premium plugin v23.4 (Yoast SEO v24.6) - https:\/\/yoast.com\/wordpress\/plugins\/seo\/ -->\n<title>Software f\u00fcr die Investitionsanalyse<\/title>\n<meta name=\"description\" content=\"Gewinnen Sie Echtzeiteinblicke in Investitions-, Finanz- und Betriebskennzahlen mit vernetzter End-to-End-Software\" \/>\n<meta name=\"robots\" content=\"index, follow, max-snippet:-1, max-image-preview:large, max-video-preview:-1\" \/>\n<link rel=\"canonical\" href=\"https:\/\/www.yardiinvestmentsuite.com/en-gb\/de-de\/performance-manager\/\" \/>\n<meta property=\"og:locale\" content=\"de_DE\" \/>\n<meta property=\"og:type\" content=\"article\" \/>\n<meta property=\"og:title\" content=\"Performance Manager\" \/>\n<meta property=\"og:description\" content=\"Gewinnen Sie Echtzeiteinblicke in Investitions-, Finanz- und Betriebskennzahlen mit vernetzter End-to-End-Software\" \/>\n<meta property=\"og:url\" content=\"https:\/\/www.yardiinvestmentsuite.com/en-gb\/de-de\/performance-manager\/\" \/>\n<meta property=\"og:site_name\" content=\"Yardi Investment Suite\" \/>\n<meta property=\"og:image\" content=\"https:\/\/www.yardiinvestmentsuite.com/en-gb\/wp-content\/uploads\/sites\/88\/2023\/08\/Performance-hero-desktop_final.png\" \/>\n<meta name=\"twitter:card\" content=\"summary_large_image\" \/>\n<meta name=\"twitter:label1\" content=\"Gesch\u00e4tzte Lesezeit\" \/>\n\t<meta name=\"twitter:data1\" content=\"3 Minuten\" \/>\n<script type=\"application\/ld+json\" class=\"yoast-schema-graph\">{\"@context\":\"https:\/\/schema.org\",\"@graph\":[{\"@type\":\"WebPage\",\"@id\":\"https:\/\/www.yardiinvestmentsuite.com/en-gb\/de-de\/performance-manager\/\",\"url\":\"https:\/\/www.yardiinvestmentsuite.com/en-gb\/de-de\/performance-manager\/\",\"name\":\"Software f\u00fcr die Investitionsanalyse\",\"isPartOf\":{\"@id\":\"https:\/\/www.yardiinvestmentsuite.com/en-gb\/de-de\/#website\"},\"primaryImageOfPage\":{\"@id\":\"https:\/\/www.yardiinvestmentsuite.com/en-gb\/de-de\/performance-manager\/#primaryimage\"},\"image\":{\"@id\":\"https:\/\/www.yardiinvestmentsuite.com/en-gb\/de-de\/performance-manager\/#primaryimage\"},\"thumbnailUrl\":\"https:\/\/www.yardiinvestmentsuite.com/en-gb\/wp-content\/uploads\/sites\/88\/2023\/08\/Performance-hero-desktop_final.png\",\"datePublished\":\"2025-07-24T14:09:57+00:00\",\"description\":\"Gewinnen Sie Echtzeiteinblicke in Investitions-, Finanz- und Betriebskennzahlen mit vernetzter End-to-End-Software\",\"breadcrumb\":{\"@id\":\"https:\/\/www.yardiinvestmentsuite.com/en-gb\/de-de\/performance-manager\/#breadcrumb\"},\"inLanguage\":\"de-DE\",\"potentialAction\":[{\"@type\":\"ReadAction\",\"target\":[\"https:\/\/www.yardiinvestmentsuite.com/en-gb\/de-de\/performance-manager\/\"]}]},{\"@type\":\"ImageObject\",\"inLanguage\":\"de-DE\",\"@id\":\"https:\/\/www.yardiinvestmentsuite.com/en-gb\/de-de\/performance-manager\/#primaryimage\",\"url\":\"https:\/\/www.yardiinvestmentsuite.com/en-gb\/wp-content\/uploads\/sites\/88\/2023\/08\/Performance-hero-desktop_final.png\",\"contentUrl\":\"https:\/\/www.yardiinvestmentsuite.com/en-gb\/wp-content\/uploads\/sites\/88\/2023\/08\/Performance-hero-desktop_final.png\"},{\"@type\":\"BreadcrumbList\",\"@id\":\"https:\/\/www.yardiinvestmentsuite.com/en-gb\/de-de\/performance-manager\/#breadcrumb\",\"itemListElement\":[{\"@type\":\"ListItem\",\"position\":1,\"name\":\"Home\",\"item\":\"https:\/\/www.yardiinvestmentsuite.com/en-gb\/de-de\/\"},{\"@type\":\"ListItem\",\"position\":2,\"name\":\"Performance Manager\"}]},{\"@type\":\"WebSite\",\"@id\":\"https:\/\/www.yardiinvestmentsuite.com/en-gb\/de-de\/#website\",\"url\":\"https:\/\/www.yardiinvestmentsuite.com/en-gb\/de-de\/\",\"name\":\"Yardi Investment Suite\",\"description\":\"\",\"publisher\":{\"@id\":\"https:\/\/www.yardiinvestmentsuite.com/en-gb\/de-de\/#organization\"},\"potentialAction\":[{\"@type\":\"SearchAction\",\"target\":{\"@type\":\"EntryPoint\",\"urlTemplate\":\"https:\/\/www.yardiinvestmentsuite.com/en-gb\/de-de\/?s={search_term_string}\"},\"query-input\":{\"@type\":\"PropertyValueSpecification\",\"valueRequired\":true,\"valueName\":\"search_term_string\"}}],\"inLanguage\":\"de-DE\"},{\"@type\":\"Organization\",\"@id\":\"https:\/\/www.yardiinvestmentsuite.com/en-gb\/de-de\/#organization\",\"name\":\"Yardi Investment Suite\",\"url\":\"https:\/\/www.yardiinvestmentsuite.com/en-gb\/de-de\/\",\"logo\":{\"@type\":\"ImageObject\",\"inLanguage\":\"de-DE\",\"@id\":\"https:\/\/www.yardiinvestmentsuite.com/en-gb\/de-de\/#\/schema\/logo\/image\/\",\"url\":\"https:\/\/www.yardiinvestmentsuite.com/en-gb\/wp-content\/uploads\/sites\/88\/2022\/04\/Yardi-Investment-Suite-InLine-3D.png\",\"contentUrl\":\"https:\/\/www.yardiinvestmentsuite.com/en-gb\/wp-content\/uploads\/sites\/88\/2022\/04\/Yardi-Investment-Suite-InLine-3D.png\",\"width\":492,\"height\":64,\"caption\":\"Yardi Investment Suite\"},\"image\":{\"@id\":\"https:\/\/www.yardiinvestmentsuite.com/en-gb\/de-de\/#\/schema\/logo\/image\/\"}}]}<\/script>\n<!-- \/ Yoast SEO Premium plugin. -->","yoast_head_json":{"title":"Software f\u00fcr die Investitionsanalyse","description":"Gewinnen Sie Echtzeiteinblicke in Investitions-, Finanz- und Betriebskennzahlen mit vernetzter End-to-End-Software","robots":{"index":"index","follow":"follow","max-snippet":"max-snippet:-1","max-image-preview":"max-image-preview:large","max-video-preview":"max-video-preview:-1"},"canonical":"https:\/\/www.yardiinvestmentsuite.com/en-gb\/de-de\/performance-manager\/","og_locale":"de_DE","og_type":"article","og_title":"Performance Manager","og_description":"Gewinnen Sie Echtzeiteinblicke in Investitions-, Finanz- und Betriebskennzahlen mit vernetzter End-to-End-Software","og_url":"https:\/\/www.yardiinvestmentsuite.com/en-gb\/de-de\/performance-manager\/","og_site_name":"Yardi Investment Suite","og_image":[{"url":"https:\/\/www.yardiinvestmentsuite.com/en-gb\/wp-content\/uploads\/sites\/88\/2023\/08\/Performance-hero-desktop_final.png","type":"","width":"","height":""}],"twitter_card":"summary_large_image","twitter_misc":{"Gesch\u00e4tzte Lesezeit":"3 Minuten"},"schema":{"@context":"https:\/\/schema.org","@graph":[{"@type":"WebPage","@id":"https:\/\/www.yardiinvestmentsuite.com/en-gb\/de-de\/performance-manager\/","url":"https:\/\/www.yardiinvestmentsuite.com/en-gb\/de-de\/performance-manager\/","name":"Software f\u00fcr die Investitionsanalyse","isPartOf":{"@id":"https:\/\/www.yardiinvestmentsuite.com/en-gb\/de-de\/#website"},"primaryImageOfPage":{"@id":"https:\/\/www.yardiinvestmentsuite.com/en-gb\/de-de\/performance-manager\/#primaryimage"},"image":{"@id":"https:\/\/www.yardiinvestmentsuite.com/en-gb\/de-de\/performance-manager\/#primaryimage"},"thumbnailUrl":"https:\/\/www.yardiinvestmentsuite.com/en-gb\/wp-content\/uploads\/sites\/88\/2023\/08\/Performance-hero-desktop_final.png","datePublished":"2025-07-24T14:09:57+00:00","description":"Gewinnen Sie Echtzeiteinblicke in Investitions-, Finanz- und Betriebskennzahlen mit vernetzter End-to-End-Software","breadcrumb":{"@id":"https:\/\/www.yardiinvestmentsuite.com/en-gb\/de-de\/performance-manager\/#breadcrumb"},"inLanguage":"de-DE","potentialAction":[{"@type":"ReadAction","target":["https:\/\/www.yardiinvestmentsuite.com/en-gb\/de-de\/performance-manager\/"]}]},{"@type":"ImageObject","inLanguage":"de-DE","@id":"https:\/\/www.yardiinvestmentsuite.com/en-gb\/de-de\/performance-manager\/#primaryimage","url":"https:\/\/www.yardiinvestmentsuite.com/en-gb\/wp-content\/uploads\/sites\/88\/2023\/08\/Performance-hero-desktop_final.png","contentUrl":"https:\/\/www.yardiinvestmentsuite.com/en-gb\/wp-content\/uploads\/sites\/88\/2023\/08\/Performance-hero-desktop_final.png"},{"@type":"BreadcrumbList","@id":"https:\/\/www.yardiinvestmentsuite.com/en-gb\/de-de\/performance-manager\/#breadcrumb","itemListElement":[{"@type":"ListItem","position":1,"name":"Home","item":"https:\/\/www.yardiinvestmentsuite.com/en-gb\/de-de\/"},{"@type":"ListItem","position":2,"name":"Performance Manager"}]},{"@type":"WebSite","@id":"https:\/\/www.yardiinvestmentsuite.com/en-gb\/de-de\/#website","url":"https:\/\/www.yardiinvestmentsuite.com/en-gb\/de-de\/","name":"Yardi Investment Suite","description":"","publisher":{"@id":"https:\/\/www.yardiinvestmentsuite.com/en-gb\/de-de\/#organization"},"potentialAction":[{"@type":"SearchAction","target":{"@type":"EntryPoint","urlTemplate":"https:\/\/www.yardiinvestmentsuite.com/en-gb\/de-de\/?s={search_term_string}"},"query-input":{"@type":"PropertyValueSpecification","valueRequired":true,"valueName":"search_term_string"}}],"inLanguage":"de-DE"},{"@type":"Organization","@id":"https:\/\/www.yardiinvestmentsuite.com/en-gb\/de-de\/#organization","name":"Yardi Investment Suite","url":"https:\/\/www.yardiinvestmentsuite.com/en-gb\/de-de\/","logo":{"@type":"ImageObject","inLanguage":"de-DE","@id":"https:\/\/www.yardiinvestmentsuite.com/en-gb\/de-de\/#\/schema\/logo\/image\/","url":"https:\/\/www.yardiinvestmentsuite.com/en-gb\/wp-content\/uploads\/sites\/88\/2022\/04\/Yardi-Investment-Suite-InLine-3D.png","contentUrl":"https:\/\/www.yardiinvestmentsuite.com/en-gb\/wp-content\/uploads\/sites\/88\/2022\/04\/Yardi-Investment-Suite-InLine-3D.png","width":492,"height":64,"caption":"Yardi Investment Suite"},"image":{"@id":"https:\/\/www.yardiinvestmentsuite.com/en-gb\/de-de\/#\/schema\/logo\/image\/"}}]}},"jetpack_sharing_enabled":true,"_links":{"self":[{"href":"https:\/\/www.yardiinvestmentsuite.com/en-gb\/de-de\/wp-json\/wp\/v2\/pages\/8194","targetHints":{"allow":["GET"]}}],"collection":[{"href":"https:\/\/www.yardiinvestmentsuite.com/en-gb\/de-de\/wp-json\/wp\/v2\/pages"}],"about":[{"href":"https:\/\/www.yardiinvestmentsuite.com/en-gb\/de-de\/wp-json\/wp\/v2\/types\/page"}],"author":[{"embeddable":true,"href":"https:\/\/www.yardiinvestmentsuite.com/en-gb\/de-de\/wp-json\/wp\/v2\/users\/2969"}],"replies":[{"embeddable":true,"href":"https:\/\/www.yardiinvestmentsuite.com/en-gb\/de-de\/wp-json\/wp\/v2\/comments?post=8194"}],"version-history":[{"count":9,"href":"https:\/\/www.yardiinvestmentsuite.com/en-gb\/de-de\/wp-json\/wp\/v2\/pages\/8194\/revisions"}],"predecessor-version":[{"id":9720,"href":"https:\/\/www.yardiinvestmentsuite.com/en-gb\/de-de\/wp-json\/wp\/v2\/pages\/8194\/revisions\/9720"}],"wp:attachment":[{"href":"https:\/\/www.yardiinvestmentsuite.com/en-gb\/de-de\/wp-json\/wp\/v2\/media?parent=8194"}],"curies":[{"name":"wp","href":"https:\/\/api.w.org\/{rel}","templated":true}]}}