{"id":8191,"date":"2023-07-04T10:00:51","date_gmt":"2023-07-04T10:00:51","guid":{"rendered":"https:\/\/www.yardiinvestmentsuite.com/en-gb\/bestandshalter\/"},"modified":"2024-08-13T08:42:34","modified_gmt":"2024-08-13T08:42:34","slug":"bestandshalter","status":"publish","type":"page","link":"https:\/\/www.yardiinvestmentsuite.com/en-gb\/de-de\/bestandshalter\/","title":{"rendered":"Bestandshalter"},"content":{"rendered":"\n<h1>\n\t\tInvestment-Management-Software f\u00fcr Immobilieneigent\u00fcmer, -verwalter und -investoren\n\t<\/h1>\n\t<p>Steigern Sie die Investorenzufriedenheit, automatisieren Sie die Buchhaltung komplexer Eigent\u00fcmerstrukturen und optimieren Sie das Debt Management mit der einzigen Investment Suite, die vollst\u00e4ndig mit den Property-Management-L\u00f6sungen von Yardi vernetzt ist.<\/p>\n\t\t\t<a href=\"https:\/\/www.yardiinvestmentsuite.com/en-gb\/de-de\/demo-vereinbaren\/\" target=\"_self\" rel=\"noopener\"> DEMO ANFORDERN <\/a> <img loading=\"lazy\" decoding=\"async\" src=\"https:\/\/www.yardiinvestmentsuite.com/en-gb\/wp-content\/uploads\/sites\/88\/2023\/05\/home-computer.png\" alt=\"home-computer\" itemprop=\"image\" height=\"774\" width=\"1030\" title=\"home-computer\" onerror=\"this.style.display='none'\"\/>\n<h2>\n\t\tKernprodukte\n\t<\/h2>\n<h3>\n\t\t<a href=\"https:\/\/www.yardiinvestmentsuite.com/en-gb\/de-de\/investment-manager\/\" title=\"Investment Manager\" target=\"_self\" rel=\"noopener\"> Investment Manager <\/a>\n\t<\/h3>\n\t<p>Kommunizieren Sie m\u00fchelos mit bestehenden und potenziellen Investoren. Bieten Sie nahtlosen Zugang zu Investitionskennzahlen, Dokumenten, neuen Investitionsm\u00f6glichkeiten und Berichten \u00fcber ein gebrandetes Investorenportal mit dem einzigen Produkt, das vollst\u00e4ndig mit den L\u00f6sungen von Yardi vernetzt ist, um umfassende Transparenz und Effizienz zu gew\u00e4hrleisten.<\/p>\n<h3>\n\t\t<a href=\"https:\/\/www.yardiinvestmentsuite.com/en-gb\/de-de\/debt-manager\/\" title=\"&lt;a href=&quot;https:\/\/www.yardiinvestmentsuite.com/en-gb\/debt-management-software\/&quot;&gt;Debt Manager&lt;\/a&gt;\" target=\"_self\" rel=\"noopener\"> <\/a><a href=\"https:\/\/www.yardiinvestmentsuite.com/en-gb\/de-de\/debt-manager\/\">Debt Manager<\/a>\n\t\t\n\t<\/h3>\n\t<p>Verwalten Sie s\u00e4mtliche Aspekte von Immobiliendarlehen als Kreditnehmer mit einer L\u00f6sung, die in die Buchhaltungsplattformen von Yardi integriert ist.<\/p>\n<h3>\n\t\t<a href=\"https:\/\/www.yardiinvestmentsuite.com/en-gb\/de-de\/investment-accounting\/\" title=\"Investment Accounting\" target=\"_self\" rel=\"noopener\"> Investment Accounting <\/a>\n\t<\/h3>\n\t<p>Verwalten Sie alle Eigent\u00fcmerstrukturen\u00a0\u2013 von einfach bis komplex\u00a0\u2013 und automatisieren Sie manuelle Prozesse mit der branchenf\u00fchrenden L\u00f6sung f\u00fcr die Investitionsbuchhaltung.<\/p>\n\t\t\t\t<img loading=\"lazy\" decoding=\"async\" src=\"https:\/\/www.yardiinvestmentsuite.com/en-gb\/wp-content\/uploads\/sites\/88\/2023\/07\/owner-managers-thumbnails-1.png\" alt=\"owner-managers-thumbnails-1\" itemprop=\"image\" height=\"661\" width=\"705\" title=\"owner-managers-thumbnails-1\" onerror=\"this.style.display='none'\"\/>\n\t<p>Zentralisieren und automatisieren Sie die Investorenbeziehungen \u00fcber ein gebrandetes Portal mit Investment Manager<\/p>\n\t<ul>\n<li>Interaktiver Zugang f\u00fcr Investoren zu ver\u00f6ffentlichten Kennzahlen, Berichten und wichtigen Dokumenten von der Investition bis zum Asset<\/li>\n<li>Deal-Room-Umgebung f\u00fcr bestehende und potenzielle Investoren f\u00fcr neue Investitionsm\u00f6glichkeiten<\/li>\n<li>Eliminierung von Daten\u00fcbertragungen, Datenabgleichen und erneuten Dateneingaben durch eine zentrale, vernetze Informationsquelle<\/li>\n<li>Verwaltung der gesamten Investorenkommunikation an einem Ort f\u00fcr Effizienz und Transparenz im gesamten Unternehmen<\/li>\n<\/ul>\n\t<p>Minimieren Sie Risiken und vereinfachen Sie den Zugang zu Kreditinformationen mit Debt Manager<\/p>\n\t<ul>\n<li>Einblick in alle Kredite des Portfolios f\u00fcr wichtige Stakeholder<\/li>\n<li>Verfolgung kritischer Fristen f\u00fcr Betr\u00e4ge, die an Kreditgeber f\u00e4llig sind, einschlie\u00dflich Status<\/li>\n<li>Nutzung der in Yardi-L\u00f6sungen erfassten Objektdaten f\u00fcr Einblicke in k\u00fcnftige potenzielle Risiken in Bezug auf Vereinbarungen<\/li>\n<li>Analyse k\u00fcnftiger Zinsaufwendungen nach Kredit<\/li>\n<\/ul>\n\t\t\t\t<img loading=\"lazy\" decoding=\"async\" src=\"https:\/\/www.yardiinvestmentsuite.com/en-gb\/wp-content\/uploads\/sites\/88\/2023\/07\/owner-managers-thumbnails-2.png\" alt=\"owner-managers-thumbnails-2\" itemprop=\"image\" height=\"664\" width=\"834\" title=\"owner-managers-thumbnails-2\" onerror=\"this.style.display='none'\"\/> <img loading=\"lazy\" decoding=\"async\" src=\"https:\/\/www.yardiinvestmentsuite.com/en-gb\/wp-content\/uploads\/sites\/88\/2023\/07\/owner-managers-thumbnails-3.png\" alt=\"owner-managers-thumbnails-3\" itemprop=\"image\" height=\"713\" width=\"765\" title=\"owner-managers-thumbnails-3\" onerror=\"this.style.display='none'\"\/>\n\t<p>Automatisieren Sie finanzielle Konsolidierungen und behalten Sie alle Eigent\u00fcmerstrukturen im Blick\u00a0\u2013 mit einer leistungsstarken, vernetzten Plattform<\/p>\n\t<ul>\n<li>Schnellerer Abschluss von Buchhaltungsperioden durch automatische Konsolidierungen, Ausschl\u00fcsse und Zuteilungen vom Asset bis zum Investor<\/li>\n<li>Erstellung detaillierter Finanzberichte f\u00fcr Investitionen und Investoren<\/li>\n<li>Automatisierung von Transaktionen \u00fcber die gesamte Eigent\u00fcmerstruktur, einschlie\u00dflich Kapitalabrufe und Aussch\u00fcttungen<\/li>\n<li>Berechnung und Verwaltung von investitionsbezogenen Geb\u00fchren, Zahlungen an Partner und anderen komplexen Prozessen im Zusammenhang mit Eigent\u00fcmerstrukturen<\/li>\n<\/ul>\n<h2>\n\t\tDiese Kunden vertrauen auf die Yardi Investment Suite\n\t<\/h2>\n\t\t\t\t<a href=\"#\" target=\"_self\" itemprop=\"url\" rel=\"noopener\"> <img loading=\"lazy\" decoding=\"async\" src=\"https:\/\/www.yardiinvestmentsuite.com/en-gb\/wp-content\/uploads\/sites\/88\/2022\/04\/Alter-Domus-logo.png\" alt=\"Alter Domus Logo\" itemprop=\"image\" height=\"32\" width=\"200\" title=\"Alter Domus Logo\" onerror=\"this.style.display='none'\"\/> <\/a> <a href=\"#\" target=\"_self\" itemprop=\"url\" rel=\"noopener\"> <img loading=\"lazy\" decoding=\"async\" src=\"https:\/\/www.yardiinvestmentsuite.com/en-gb\/wp-content\/uploads\/sites\/88\/2022\/04\/Cohen-Asset-Management-logo.png\" alt=\"Cohen Asset Management Logo\" itemprop=\"image\" height=\"78\" width=\"247\" title=\"Cohen Asset Management Logo\" onerror=\"this.style.display='none'\"\/> <\/a> <a href=\"#\" target=\"_self\" itemprop=\"url\" rel=\"noopener\"> <img loading=\"lazy\" decoding=\"async\" src=\"https:\/\/www.yardiinvestmentsuite.com/en-gb\/wp-content\/uploads\/sites\/88\/2022\/04\/MG-Properties_Logo-Full-Color.png\" alt=\"MG Properties_Logo Full Color\" itemprop=\"image\" height=\"2231\" width=\"8191\" title=\"MG Properties_Logo Full Color\" onerror=\"this.style.display='none'\"\/> <\/a> <a href=\"#\" target=\"_self\" itemprop=\"url\" rel=\"noopener\"> <img loading=\"lazy\" decoding=\"async\" src=\"https:\/\/www.yardiinvestmentsuite.com/en-gb\/wp-content\/uploads\/sites\/88\/2022\/04\/ROCO-Real-Estate-logo.png\" alt=\"ROCO Real Estate Logo\" itemprop=\"image\" height=\"280\" width=\"280\" title=\"ROCO Real Estate Logo\" onerror=\"this.style.display='none'\"\/> <\/a> <a href=\"#\" target=\"_self\" itemprop=\"url\" rel=\"noopener\"> <img loading=\"lazy\" decoding=\"async\" src=\"https:\/\/www.yardiinvestmentsuite.com/en-gb\/wp-content\/uploads\/sites\/88\/2022\/04\/Hanini-Group_Logo_BLUE.png\" alt=\"Hanini Group_Logo_BLUE\" itemprop=\"image\" height=\"2831\" width=\"4927\" title=\"Hanini Group_Logo_BLUE\" onerror=\"this.style.display='none'\"\/> <\/a> <a href=\"#\" target=\"_self\" itemprop=\"url\" rel=\"noopener\"> <img loading=\"lazy\" decoding=\"async\" src=\"https:\/\/www.yardiinvestmentsuite.com/en-gb\/wp-content\/uploads\/sites\/88\/2022\/04\/Uniland-logo_tagline_color.png\" alt=\"Uniland logo_tagline_color\" itemprop=\"image\" height=\"967\" width=\"3334\" title=\"Uniland logo_tagline_color\" onerror=\"this.style.display='none'\"\/> <\/a>\n<h2>\n\t\tDie vernetzte Investment-Management-L\u00f6sung\n\t<\/h2>\n\t<p>Verwalten Sie den gesamten Lebenszyklus von Immobilieninvestitionen\u00a0\u2013 vom Investorenportal \u00fcber die komplexe Investitions- und Kreditbuchhaltung bis hin zum Performance Management.<\/p>\n\t\t\t<a href=\"https:\/\/www.yardiinvestmentsuite.com/en-gb\/de-de\/demo-vereinbaren\/\" target=\"_self\" rel=\"noopener\"> Demo anfordern <\/a>\n\t<p>H\u00e4ufig gestellte Fragen<br \/><\/p>\n\t<p>Erhalten Sie Antworten auf Ihre Fragen zur Yardi Investment Suite.<\/p>\n\t\t\t\t\t<a href=\"#\" id=\"fl-accordion--label-0\" tabindex=\"0\" aria-controls=\"fl-accordion--panel-0\">Was ist die Yardi Investment Suite?<\/a> <a href=\"#\" id=\"fl-accordion--icon-0\" tabindex=\"0\" aria-controls=\"fl-accordion--panel-0\"><i>Ausklappen<\/i><\/a>\n\t\t\t\t\t<p>Die Yardi Investment Suite ist eine vollst\u00e4ndig vernetzte Plattform, die f\u00fcr Unternehmen entwickelt wurde, die eine L\u00f6sung f\u00fcr das Immobilien-Investment-Management zur Verwaltung ihrer Investitionen, Investoren und Immobilien ben\u00f6tigen.&nbsp; Die Software eignet sich f\u00fcr Bestandshalter, Private-Equity-Firmen, Private-Debt-Manager, Institutionen, Fondsmanager und -verwalter, Komplement\u00e4re und Kommanditisten, REITs, Banken, Versicherungsunternehmen sowie Family Offices.&nbsp;&nbsp;<\/p>\n\t\t\t\t\t<a href=\"#\" id=\"fl-accordion--label-1\" tabindex=\"0\" aria-controls=\"fl-accordion--panel-1\">Was sind die Hauptfunktionen der Yardi Investment Suite?<\/a> <a href=\"#\" id=\"fl-accordion--icon-1\" tabindex=\"0\" aria-controls=\"fl-accordion--panel-1\"><i>Ausklappen<\/i><\/a>\n\t\t\t\t\t<p>Die Yardi Investment Suite unterst\u00fctzt Sie bei der Verwaltung Ihrer gesamten Immobilieninvestitionsstrategie auf einer zentralen, vernetzten Plattform: Erhalten Sie vollst\u00e4ndige Transparenz \u00fcber Ihr Investitionsportfolio von der Investition bis zum Asset, verwalten Sie komplexe Investitions-, Kredit- und Eigent\u00fcmerstrukturen, f\u00fchren Sie Korrespondenz und verfolgen und initiieren Sie Investitionen \u00fcber ein gebrandetes Investorenportal.<\/p>\n\t\t\t\t\t<a href=\"#\" id=\"fl-accordion--label-2\" tabindex=\"0\" aria-controls=\"fl-accordion--panel-2\">Wie hoch sind die Kosten?<\/a> <a href=\"#\" id=\"fl-accordion--icon-2\" tabindex=\"0\" aria-controls=\"fl-accordion--panel-2\"><i>Ausklappen<\/i><\/a>\n\t\t\t\t\t<p>Die Yardi Investment Suite umfasst eine Vielzahl von Produkten und Funktionen. Der Preis richtet sich nach den Anforderungen Ihres Unternehmens: vom <a href=\"https:\/\/www.yardiinvestmentsuite.com/en-gb\/de-de\/investment-manager\/\">Investorenportal<\/a> und der <a href=\"https:\/\/www.yardiinvestmentsuite.com/en-gb\/de-de\/investment-accounting\/\">Investitionsbuchhaltung<\/a> f\u00fcr komplexe Aussch\u00fcttungen bis hin zum <a href=\"https:\/\/www.yardiinvestmentsuite.com/en-gb\/de-de\/debt-manager\/\">Debt Management<\/a> f\u00fcr Verbindlichkeiten oder Verm\u00f6genswerte. Die Suite ist flexibel und kann als Komplettl\u00f6sung bereitgestellt oder schrittweise erweitert werden, wenn eine Funktionalit\u00e4t in Zukunft ben\u00f6tigt wird.&nbsp;&nbsp;<\/p>\n<p>Bitte kontaktieren Sie uns, um mehr \u00fcber unser Angebot und unsere Preise zu erfahren oder um eine kurze Produkt-Demo zu vereinbaren.<\/p>\n\n","protected":false},"excerpt":{"rendered":"<p>Investment-Management-Software f\u00fcr Immobilieneigent\u00fcmer, -verwalter und -investoren Steigern Sie die Investorenzufriedenheit, automatisieren Sie die Buchhaltung komplexer Eigent\u00fcmerstrukturen und optimieren Sie das Debt Management mit der einzigen Investment Suite, die vollst\u00e4ndig mit den Property-Management-L\u00f6sungen von Yardi vernetzt ist. DEMO ANFORDERN Kernprodukte Investment Manager Kommunizieren Sie m\u00fchelos mit bestehenden und potenziellen Investoren. Bieten Sie nahtlosen Zugang zu Investitionskennzahlen,&hellip;<\/p>\n","protected":false},"author":4,"featured_media":0,"parent":0,"menu_order":0,"comment_status":"closed","ping_status":"closed","template":"","meta":{"footnotes":""},"class_list":["post-8191","page","type-page","status-publish","hentry"],"yoast_head":"<!-- This site is optimized with the Yoast SEO Premium plugin v23.4 (Yoast SEO v24.6) - https:\/\/yoast.com\/wordpress\/plugins\/seo\/ -->\n<title>Immobilien-Investment-Software f\u00fcr Eigent\u00fcmer<\/title>\n<meta name=\"description\" content=\"Steigern Sie die Investorenzufriedenheit, automatisieren Sie die Buchhaltung komplexer Eigent\u00fcmerstrukturen und optimieren Sie das Debt Management mit End-to-End-Software\" \/>\n<meta name=\"robots\" content=\"index, follow, max-snippet:-1, max-image-preview:large, max-video-preview:-1\" \/>\n<link rel=\"canonical\" href=\"https:\/\/www.yardiinvestmentsuite.com/en-gb\/de-de\/bestandshalter\/\" \/>\n<meta property=\"og:locale\" content=\"de_DE\" \/>\n<meta property=\"og:type\" content=\"article\" \/>\n<meta property=\"og:title\" content=\"Bestandshalter\" \/>\n<meta property=\"og:description\" content=\"Steigern Sie die Investorenzufriedenheit, automatisieren Sie die Buchhaltung komplexer Eigent\u00fcmerstrukturen und optimieren Sie das Debt Management mit End-to-End-Software\" \/>\n<meta property=\"og:url\" content=\"https:\/\/www.yardiinvestmentsuite.com/en-gb\/de-de\/bestandshalter\/\" \/>\n<meta property=\"og:site_name\" content=\"Yardi Investment Suite\" \/>\n<meta property=\"article:modified_time\" content=\"2024-08-13T08:42:34+00:00\" \/>\n<meta property=\"og:image\" content=\"https:\/\/www.yardiinvestmentsuite.com/en-gb\/wp-content\/uploads\/sites\/88\/2023\/05\/home-computer.png\" \/>\n<meta name=\"twitter:card\" content=\"summary_large_image\" \/>\n<meta name=\"twitter:label1\" content=\"Gesch\u00e4tzte Lesezeit\" \/>\n\t<meta name=\"twitter:data1\" content=\"3 Minuten\" \/>\n<script type=\"application\/ld+json\" class=\"yoast-schema-graph\">{\"@context\":\"https:\/\/schema.org\",\"@graph\":[{\"@type\":\"WebPage\",\"@id\":\"https:\/\/www.yardiinvestmentsuite.com/en-gb\/de-de\/bestandshalter\/\",\"url\":\"https:\/\/www.yardiinvestmentsuite.com/en-gb\/de-de\/bestandshalter\/\",\"name\":\"Immobilien-Investment-Software f\u00fcr Eigent\u00fcmer\",\"isPartOf\":{\"@id\":\"https:\/\/www.yardiinvestmentsuite.com/en-gb\/de-de\/#website\"},\"primaryImageOfPage\":{\"@id\":\"https:\/\/www.yardiinvestmentsuite.com/en-gb\/de-de\/bestandshalter\/#primaryimage\"},\"image\":{\"@id\":\"https:\/\/www.yardiinvestmentsuite.com/en-gb\/de-de\/bestandshalter\/#primaryimage\"},\"thumbnailUrl\":\"https:\/\/www.yardiinvestmentsuite.com/en-gb\/wp-content\/uploads\/sites\/88\/2023\/05\/home-computer.png\",\"datePublished\":\"2023-07-04T10:00:51+00:00\",\"dateModified\":\"2024-08-13T08:42:34+00:00\",\"description\":\"Steigern Sie die Investorenzufriedenheit, automatisieren Sie die Buchhaltung komplexer Eigent\u00fcmerstrukturen und optimieren Sie das Debt Management mit End-to-End-Software\",\"breadcrumb\":{\"@id\":\"https:\/\/www.yardiinvestmentsuite.com/en-gb\/de-de\/bestandshalter\/#breadcrumb\"},\"inLanguage\":\"de-DE\",\"potentialAction\":[{\"@type\":\"ReadAction\",\"target\":[\"https:\/\/www.yardiinvestmentsuite.com/en-gb\/de-de\/bestandshalter\/\"]}]},{\"@type\":\"ImageObject\",\"inLanguage\":\"de-DE\",\"@id\":\"https:\/\/www.yardiinvestmentsuite.com/en-gb\/de-de\/bestandshalter\/#primaryimage\",\"url\":\"https:\/\/www.yardiinvestmentsuite.com/en-gb\/wp-content\/uploads\/sites\/88\/2023\/05\/home-computer.png\",\"contentUrl\":\"https:\/\/www.yardiinvestmentsuite.com/en-gb\/wp-content\/uploads\/sites\/88\/2023\/05\/home-computer.png\"},{\"@type\":\"BreadcrumbList\",\"@id\":\"https:\/\/www.yardiinvestmentsuite.com/en-gb\/de-de\/bestandshalter\/#breadcrumb\",\"itemListElement\":[{\"@type\":\"ListItem\",\"position\":1,\"name\":\"Home\",\"item\":\"https:\/\/www.yardiinvestmentsuite.com/en-gb\/de-de\/\"},{\"@type\":\"ListItem\",\"position\":2,\"name\":\"Bestandshalter\"}]},{\"@type\":\"WebSite\",\"@id\":\"https:\/\/www.yardiinvestmentsuite.com/en-gb\/de-de\/#website\",\"url\":\"https:\/\/www.yardiinvestmentsuite.com/en-gb\/de-de\/\",\"name\":\"Yardi Investment Suite\",\"description\":\"\",\"publisher\":{\"@id\":\"https:\/\/www.yardiinvestmentsuite.com/en-gb\/de-de\/#organization\"},\"potentialAction\":[{\"@type\":\"SearchAction\",\"target\":{\"@type\":\"EntryPoint\",\"urlTemplate\":\"https:\/\/www.yardiinvestmentsuite.com/en-gb\/de-de\/?s={search_term_string}\"},\"query-input\":{\"@type\":\"PropertyValueSpecification\",\"valueRequired\":true,\"valueName\":\"search_term_string\"}}],\"inLanguage\":\"de-DE\"},{\"@type\":\"Organization\",\"@id\":\"https:\/\/www.yardiinvestmentsuite.com/en-gb\/de-de\/#organization\",\"name\":\"Yardi Investment Suite\",\"url\":\"https:\/\/www.yardiinvestmentsuite.com/en-gb\/de-de\/\",\"logo\":{\"@type\":\"ImageObject\",\"inLanguage\":\"de-DE\",\"@id\":\"https:\/\/www.yardiinvestmentsuite.com/en-gb\/de-de\/#\/schema\/logo\/image\/\",\"url\":\"https:\/\/www.yardiinvestmentsuite.com/en-gb\/wp-content\/uploads\/sites\/88\/2022\/04\/Yardi-Investment-Suite-InLine-3D.png\",\"contentUrl\":\"https:\/\/www.yardiinvestmentsuite.com/en-gb\/wp-content\/uploads\/sites\/88\/2022\/04\/Yardi-Investment-Suite-InLine-3D.png\",\"width\":492,\"height\":64,\"caption\":\"Yardi Investment Suite\"},\"image\":{\"@id\":\"https:\/\/www.yardiinvestmentsuite.com/en-gb\/de-de\/#\/schema\/logo\/image\/\"}}]}<\/script>\n<!-- \/ Yoast SEO Premium plugin. -->","yoast_head_json":{"title":"Immobilien-Investment-Software f\u00fcr Eigent\u00fcmer","description":"Steigern Sie die Investorenzufriedenheit, automatisieren Sie die Buchhaltung komplexer Eigent\u00fcmerstrukturen und optimieren Sie das Debt Management mit End-to-End-Software","robots":{"index":"index","follow":"follow","max-snippet":"max-snippet:-1","max-image-preview":"max-image-preview:large","max-video-preview":"max-video-preview:-1"},"canonical":"https:\/\/www.yardiinvestmentsuite.com/en-gb\/de-de\/bestandshalter\/","og_locale":"de_DE","og_type":"article","og_title":"Bestandshalter","og_description":"Steigern Sie die Investorenzufriedenheit, automatisieren Sie die Buchhaltung komplexer Eigent\u00fcmerstrukturen und optimieren Sie das Debt Management mit End-to-End-Software","og_url":"https:\/\/www.yardiinvestmentsuite.com/en-gb\/de-de\/bestandshalter\/","og_site_name":"Yardi Investment Suite","article_modified_time":"2024-08-13T08:42:34+00:00","og_image":[{"url":"https:\/\/www.yardiinvestmentsuite.com/en-gb\/wp-content\/uploads\/sites\/88\/2023\/05\/home-computer.png","type":"","width":"","height":""}],"twitter_card":"summary_large_image","twitter_misc":{"Gesch\u00e4tzte Lesezeit":"3 Minuten"},"schema":{"@context":"https:\/\/schema.org","@graph":[{"@type":"WebPage","@id":"https:\/\/www.yardiinvestmentsuite.com/en-gb\/de-de\/bestandshalter\/","url":"https:\/\/www.yardiinvestmentsuite.com/en-gb\/de-de\/bestandshalter\/","name":"Immobilien-Investment-Software f\u00fcr Eigent\u00fcmer","isPartOf":{"@id":"https:\/\/www.yardiinvestmentsuite.com/en-gb\/de-de\/#website"},"primaryImageOfPage":{"@id":"https:\/\/www.yardiinvestmentsuite.com/en-gb\/de-de\/bestandshalter\/#primaryimage"},"image":{"@id":"https:\/\/www.yardiinvestmentsuite.com/en-gb\/de-de\/bestandshalter\/#primaryimage"},"thumbnailUrl":"https:\/\/www.yardiinvestmentsuite.com/en-gb\/wp-content\/uploads\/sites\/88\/2023\/05\/home-computer.png","datePublished":"2023-07-04T10:00:51+00:00","dateModified":"2024-08-13T08:42:34+00:00","description":"Steigern Sie die Investorenzufriedenheit, automatisieren Sie die Buchhaltung komplexer Eigent\u00fcmerstrukturen und optimieren Sie das Debt Management mit End-to-End-Software","breadcrumb":{"@id":"https:\/\/www.yardiinvestmentsuite.com/en-gb\/de-de\/bestandshalter\/#breadcrumb"},"inLanguage":"de-DE","potentialAction":[{"@type":"ReadAction","target":["https:\/\/www.yardiinvestmentsuite.com/en-gb\/de-de\/bestandshalter\/"]}]},{"@type":"ImageObject","inLanguage":"de-DE","@id":"https:\/\/www.yardiinvestmentsuite.com/en-gb\/de-de\/bestandshalter\/#primaryimage","url":"https:\/\/www.yardiinvestmentsuite.com/en-gb\/wp-content\/uploads\/sites\/88\/2023\/05\/home-computer.png","contentUrl":"https:\/\/www.yardiinvestmentsuite.com/en-gb\/wp-content\/uploads\/sites\/88\/2023\/05\/home-computer.png"},{"@type":"BreadcrumbList","@id":"https:\/\/www.yardiinvestmentsuite.com/en-gb\/de-de\/bestandshalter\/#breadcrumb","itemListElement":[{"@type":"ListItem","position":1,"name":"Home","item":"https:\/\/www.yardiinvestmentsuite.com/en-gb\/de-de\/"},{"@type":"ListItem","position":2,"name":"Bestandshalter"}]},{"@type":"WebSite","@id":"https:\/\/www.yardiinvestmentsuite.com/en-gb\/de-de\/#website","url":"https:\/\/www.yardiinvestmentsuite.com/en-gb\/de-de\/","name":"Yardi Investment Suite","description":"","publisher":{"@id":"https:\/\/www.yardiinvestmentsuite.com/en-gb\/de-de\/#organization"},"potentialAction":[{"@type":"SearchAction","target":{"@type":"EntryPoint","urlTemplate":"https:\/\/www.yardiinvestmentsuite.com/en-gb\/de-de\/?s={search_term_string}"},"query-input":{"@type":"PropertyValueSpecification","valueRequired":true,"valueName":"search_term_string"}}],"inLanguage":"de-DE"},{"@type":"Organization","@id":"https:\/\/www.yardiinvestmentsuite.com/en-gb\/de-de\/#organization","name":"Yardi Investment Suite","url":"https:\/\/www.yardiinvestmentsuite.com/en-gb\/de-de\/","logo":{"@type":"ImageObject","inLanguage":"de-DE","@id":"https:\/\/www.yardiinvestmentsuite.com/en-gb\/de-de\/#\/schema\/logo\/image\/","url":"https:\/\/www.yardiinvestmentsuite.com/en-gb\/wp-content\/uploads\/sites\/88\/2022\/04\/Yardi-Investment-Suite-InLine-3D.png","contentUrl":"https:\/\/www.yardiinvestmentsuite.com/en-gb\/wp-content\/uploads\/sites\/88\/2022\/04\/Yardi-Investment-Suite-InLine-3D.png","width":492,"height":64,"caption":"Yardi Investment Suite"},"image":{"@id":"https:\/\/www.yardiinvestmentsuite.com/en-gb\/de-de\/#\/schema\/logo\/image\/"}}]}},"jetpack_sharing_enabled":true,"_links":{"self":[{"href":"https:\/\/www.yardiinvestmentsuite.com/en-gb\/de-de\/wp-json\/wp\/v2\/pages\/8191","targetHints":{"allow":["GET"]}}],"collection":[{"href":"https:\/\/www.yardiinvestmentsuite.com/en-gb\/de-de\/wp-json\/wp\/v2\/pages"}],"about":[{"href":"https:\/\/www.yardiinvestmentsuite.com/en-gb\/de-de\/wp-json\/wp\/v2\/types\/page"}],"author":[{"embeddable":true,"href":"https:\/\/www.yardiinvestmentsuite.com/en-gb\/de-de\/wp-json\/wp\/v2\/users\/4"}],"replies":[{"embeddable":true,"href":"https:\/\/www.yardiinvestmentsuite.com/en-gb\/de-de\/wp-json\/wp\/v2\/comments?post=8191"}],"version-history":[{"count":7,"href":"https:\/\/www.yardiinvestmentsuite.com/en-gb\/de-de\/wp-json\/wp\/v2\/pages\/8191\/revisions"}],"predecessor-version":[{"id":9716,"href":"https:\/\/www.yardiinvestmentsuite.com/en-gb\/de-de\/wp-json\/wp\/v2\/pages\/8191\/revisions\/9716"}],"wp:attachment":[{"href":"https:\/\/www.yardiinvestmentsuite.com/en-gb\/de-de\/wp-json\/wp\/v2\/media?parent=8191"}],"curies":[{"name":"wp","href":"https:\/\/api.w.org\/{rel}","templated":true}]}}