{"id":8147,"date":"2023-08-23T09:35:29","date_gmt":"2023-08-23T09:35:29","guid":{"rendered":"https:\/\/www.yardiinvestmentsuite.com/en-gb\/homepage\/"},"modified":"2024-08-13T08:45:30","modified_gmt":"2024-08-13T08:45:30","slug":"homepage","status":"publish","type":"page","link":"https:\/\/www.yardiinvestmentsuite.com/en-gb\/de-de\/","title":{"rendered":"Homepage"},"content":{"rendered":"\n<h1>\n\t\tEine vernetzte Komplettl\u00f6sung zur Verwaltung des Lebenszyklus von Immobilieninvestitionen\n\t<\/h1>\n\t<p>Verwalten Sie Ihr Investorenportal, Fundraising, CRM, Investitionsbuchhaltung und Darlehensmanagement zentral an einem einzigen Ort.<\/p>\n\t\t\t<a href=\"https:\/\/www.yardiinvestmentsuite.com/en-gb\/de-de\/demo-vereinbaren\/\" target=\"_self\" rel=\"noopener\">\n\t\t\t\t\t\t\tDEMO VEREINBAREN\n\t\t\t\t\t<\/a>\n\t\t\t\t<img loading=\"lazy\" decoding=\"async\" src=\"https:\/\/www.yardiinvestmentsuite.com/en-gb\/wp-content\/uploads\/sites\/88\/2023\/09\/01-InvestmentManager_Homepage_Carousel.gif\" alt=\"01-InvestmentManager_Homepage_Carousel\" itemprop=\"image\" height=\"1203\" width=\"1600\" title=\"01-InvestmentManager_Homepage_Carousel\" onerror=\"this.style.display='none'\"\/>\n\t\t\t\t<img loading=\"lazy\" decoding=\"async\" src=\"https:\/\/www.yardiinvestmentsuite.com/en-gb\/wp-content\/uploads\/sites\/88\/2023\/05\/icon-home-1.png\" alt=\"icon-home-1\" itemprop=\"image\" height=\"101\" width=\"104\" title=\"icon-home-1\" onerror=\"this.style.display='none'\"\/>\n\t<p>Eine vernetzte End-to-End-L\u00f6sung f\u00fcr das Investment Management<\/p>\n\t\t\t\t<img loading=\"lazy\" decoding=\"async\" src=\"https:\/\/www.yardiinvestmentsuite.com/en-gb\/wp-content\/uploads\/sites\/88\/2023\/05\/icon-home-2.png\" alt=\"icon-home-2\" itemprop=\"image\" height=\"100\" width=\"102\" title=\"icon-home-2\" onerror=\"this.style.display='none'\"\/>\n\t<p>Eingesetzt und erprobt von Unternehmen aller Gr\u00f6\u00dfen und \u00fcberzeugten Investoren<\/p>\n\t\t\t\t<img loading=\"lazy\" decoding=\"async\" src=\"https:\/\/www.yardiinvestmentsuite.com/en-gb\/wp-content\/uploads\/sites\/88\/2023\/05\/icon-home-3.png\" alt=\"icon-home-3\" itemprop=\"image\" height=\"100\" width=\"100\" title=\"icon-home-3\" onerror=\"this.style.display='none'\"\/>\n\t<p>Seit \u00fcber 20\u00a0Jahren Fokus auf kontinuierliche Innovationen f\u00fcr Prozesse rund um Immobilien<\/p>\n<h2>\n\t\tUnsere Produkte\n\t<\/h2>\n\t<p>Profitieren Sie von branchenf\u00fchrenden Investment-Management-L\u00f6sungen, die sich an Ihre Gesch\u00e4ftsanforderungen anpassen<\/p>\n<h3>\n\t\t<a href=\"https:\/\/www.yardiinvestmentsuite.com/en-gb\/de-de\/investment-manager\/\" title=\"Investment Manager\" target=\"_self\" rel=\"noopener\">\n\t\tInvestment Manager&nbsp;\n\t\t<\/a>\n\t<\/h3>\n\t<p>Kommunizieren Sie m\u00fchelos mit bestehenden und potenziellen Investoren und bieten Sie nahtlosen Zugang zu Investitionskennzahlen, Dokumenten, neuen Investitionsm\u00f6glichkeiten und Berichten \u00fcber ein gebrandetes Investorenportal mit dem einzigen Produkt, das vollst\u00e4ndig mit den L\u00f6sungen von Yardi vernetzt ist, um umfassende Transparenz und Effizienz zu gew\u00e4hrleisten.<\/p>\n<p><a href=\"https:\/\/www.yardiinvestmentsuite.com/en-gb\/de-de\/investment-manager\/\"><strong>Weitere Informationen<\/strong><\/a><\/p>\n<h3>\n\t\t<a href=\"https:\/\/www.yardiinvestmentsuite.com/en-gb\/de-de\/investment-accounting\/\" title=\"Investment Accounting\" target=\"_self\" rel=\"noopener\">\n\t\tInvestment Accounting&nbsp;\n\t\t<\/a>\n\t<\/h3>\n\t<p>Verwalten Sie alle Eigent\u00fcmerstrukturen\u00a0\u2013 von einfach bis komplex\u00a0\u2013 und automatisieren Sie manuelle Prozesse mit der branchenf\u00fchrenden L\u00f6sung f\u00fcr die Investitionsbuchhaltung.<\/p>\n<p><strong><a href=\"https:\/\/www.yardiinvestmentsuite.com/en-gb\/de-de\/investment-accounting\/\">Weitere Informationen<\/a><\/strong><\/p>\n<h3>\n\t\t<a href=\"https:\/\/www.yardiinvestmentsuite.com/en-gb\/de-de\/debt-manager\/\" title=\"Debt Manager\" target=\"_self\" rel=\"noopener\">\n\t\tDebt Manager&nbsp;\n\t\t<\/a>\n\t<\/h3>\n\t<p>Verwalten Sie s\u00e4mtliche Aspekte von Immobiliendarlehen als Kreditnehmer sowie Schuldinstrumente mit einer L\u00f6sung, die in die Plattformen f\u00fcr Property Management und Investitionsbuchhaltung von Yardi integriert ist.<\/p>\n<p><strong><a href=\"https:\/\/www.yardiinvestmentsuite.com/en-gb\/de-de\/debt-manager\/\">Weitere Informationen<\/a><\/strong><\/p>\n<h3>\n\t\t<a href=\"https:\/\/www.yardiinvestmentsuite.com/en-gb\/de-de\/performance-manager\/\" title=\"Performance Manager\" target=\"_self\" rel=\"noopener\">\n\t\tPerformance Manager&nbsp;\n\t\t<\/a>\n\t<\/h3>\n\t<p>Analysieren Sie komplexe Investitionskennzahlen, generieren Sie ad hoc attributbasierte Zusammenstellungen und f\u00fchren Sie fundierte Diskussionen mit den Asset Managern mit einer Echtzeitl\u00f6sung, die vollst\u00e4ndige Transparenz \u00fcber die Performancekennzahlen vom Investor bis zum Mietvertrag bietet.<\/p>\n<p><strong><a href=\"https:\/\/www.yardiinvestmentsuite.com/en-gb\/de-de\/performance-manager\/\">Weitere Informationen<\/a><\/strong><\/p>\n\t\t\t\t<img loading=\"lazy\" decoding=\"async\" src=\"https:\/\/www.yardiinvestmentsuite.com/en-gb\/wp-content\/uploads\/sites\/88\/2023\/05\/Yardi-Investment-Suite-icon-3D.png\" alt=\"Yardi-Investment-Suite-icon-3D\" itemprop=\"image\" height=\"974\" width=\"978\" title=\"Yardi-Investment-Suite-icon-3D\" onerror=\"this.style.display='none'\"\/>\n&gt; 850.000\nFinanzinstitute\n&gt; 300.000\nInvestoren\n&gt; 170 Mrd. $\nverwaltete Darlehen\n\t\t\t\t<img loading=\"lazy\" decoding=\"async\" src=\"https:\/\/www.yardiinvestmentsuite.com/en-gb\/wp-content\/uploads\/sites\/88\/2023\/08\/image-flexible.png\" alt=\"image-flexible\" itemprop=\"image\" height=\"1454\" width=\"1440\" title=\"image-flexible\" onerror=\"this.style.display='none'\"\/>\n\t<p>Flexible L\u00f6sung, die mit Ihrem Unternehmen w\u00e4chst.<\/p>\n<p>Entwickelt f\u00fcr alle Arten und Gr\u00f6\u00dfen von Immobilienunternehmen. F\u00fcgen Sie nahtlos Funktionen hinzu, wenn sich Ihre Gesch\u00e4ftsanforderungen \u00e4ndern, und steigern Sie Ihre Effizienz.<\/p>\n\t<p>Zentrale, vernetzte Plattform f\u00fcr bessere, schnellere und fundiertere Entscheidungen.<\/p>\n<p>Automatisieren Sie den gesamten Zyklus des Immobilien-Investment-Managements. Schaffen Sie vollst\u00e4ndige Transparenz vom Investor bis zur operativen Verwaltung mit einer zentralen Informationsquelle.<\/p>\n\t\t\t\t<img loading=\"lazy\" decoding=\"async\" src=\"https:\/\/www.yardiinvestmentsuite.com/en-gb\/wp-content\/uploads\/sites\/88\/2023\/08\/image-single-connection.png\" alt=\"image-single-connection\" itemprop=\"image\" height=\"1620\" width=\"1342\" title=\"image-single-connection\" onerror=\"this.style.display='none'\"\/>\n<h2>\n\t\tDiese Kunden vertrauen auf die Yardi Investment Suite\n\t<\/h2>\n\t\t\t\t<a href=\"#\" target=\"_self\" itemprop=\"url\" rel=\"noopener\">\n\t\t\t\t<img loading=\"lazy\" decoding=\"async\" src=\"https:\/\/www.yardiinvestmentsuite.com/en-gb\/wp-content\/uploads\/sites\/88\/2022\/04\/Alter-Domus-logo.png\" alt=\"Alter Domus Logo\" itemprop=\"image\" height=\"32\" width=\"200\" title=\"Alter Domus Logo\" onerror=\"this.style.display='none'\"\/>\n\t\t\t\t<\/a>\n\t\t\t\t<a href=\"#\" target=\"_self\" itemprop=\"url\" rel=\"noopener\">\n\t\t\t\t<img loading=\"lazy\" decoding=\"async\" src=\"https:\/\/www.yardiinvestmentsuite.com/en-gb\/wp-content\/uploads\/sites\/88\/2022\/04\/Cohen-Asset-Management-logo.png\" alt=\"Cohen Asset Management Logo\" itemprop=\"image\" height=\"78\" width=\"247\" title=\"Cohen Asset Management Logo\" onerror=\"this.style.display='none'\"\/>\n\t\t\t\t<\/a>\n\t\t\t\t<a href=\"#\" target=\"_self\" itemprop=\"url\" rel=\"noopener\">\n\t\t\t\t<img loading=\"lazy\" decoding=\"async\" src=\"https:\/\/www.yardiinvestmentsuite.com/en-gb\/wp-content\/uploads\/sites\/88\/2022\/04\/MG-Properties_Logo-Full-Color.png\" alt=\"MG Properties_Logo Full Color\" itemprop=\"image\" height=\"2231\" width=\"8191\" title=\"MG Properties_Logo Full Color\" onerror=\"this.style.display='none'\"\/>\n\t\t\t\t<\/a>\n\t\t\t\t<a href=\"#\" target=\"_self\" itemprop=\"url\" rel=\"noopener\">\n\t\t\t\t<img loading=\"lazy\" decoding=\"async\" src=\"https:\/\/www.yardiinvestmentsuite.com/en-gb\/wp-content\/uploads\/sites\/88\/2022\/04\/ROCO-Real-Estate-logo.png\" alt=\"ROCO Real Estate Logo\" itemprop=\"image\" height=\"280\" width=\"280\" title=\"ROCO Real Estate Logo\" onerror=\"this.style.display='none'\"\/>\n\t\t\t\t<\/a>\n\t\t\t\t<a href=\"#\" target=\"_self\" itemprop=\"url\" rel=\"noopener\">\n\t\t\t\t<img loading=\"lazy\" decoding=\"async\" src=\"https:\/\/www.yardiinvestmentsuite.com/en-gb\/wp-content\/uploads\/sites\/88\/2022\/04\/Hanini-Group_Logo_BLUE.png\" alt=\"Hanini Group_Logo_BLUE\" itemprop=\"image\" height=\"2831\" width=\"4927\" title=\"Hanini Group_Logo_BLUE\" onerror=\"this.style.display='none'\"\/>\n\t\t\t\t<\/a>\n\t\t\t\t<a href=\"#\" target=\"_self\" itemprop=\"url\" rel=\"noopener\">\n\t\t\t\t<img loading=\"lazy\" decoding=\"async\" src=\"https:\/\/www.yardiinvestmentsuite.com/en-gb\/wp-content\/uploads\/sites\/88\/2022\/04\/Uniland-logo_tagline_color.png\" alt=\"Uniland logo_tagline_color\" itemprop=\"image\" height=\"967\" width=\"3334\" title=\"Uniland logo_tagline_color\" onerror=\"this.style.display='none'\"\/>\n\t\t\t\t<\/a>\n<h2>\n\t\tDie vernetzte Investment-Management-L\u00f6sung\n\t<\/h2>\n\t<p>Verwalten Sie den gesamten Lebenszyklus von Immobilieninvestitionen\u00a0\u2013 vom Investorenportal \u00fcber die komplexe Investitions- und Darlehensbuchhaltung bis hin zum Performance Management.<\/p>\n\t\t\t<a href=\"https:\/\/www.yardiinvestmentsuite.com/en-gb\/de-de\/demo-vereinbaren\/\" target=\"_self\" rel=\"noopener\">\n\t\t\t\t\t\t\tDemo anfordern \n\t\t\t\t\t<\/a>\n\tH\u00e4ufig gestellte Fragen<br \/>\n\n\t<p>Erhalten Sie Antworten auf Ihre Fragen zur Yardi Investment Suite.<\/p>\n\t\t\t\t\t<a href=\"#\" id=\"fl-accordion--label-0\" tabindex=\"0\" aria-controls=\"fl-accordion--panel-0\">Was ist die Yardi Investment Suite?<\/a>\n\t\t\t\t\t\t\t\t\t\t\t<a href=\"#\" id=\"fl-accordion--icon-0\" tabindex=\"0\" aria-controls=\"fl-accordion--panel-0\"><i>Einklappen<\/i><\/a>\n\t\t\t\t\t<p>Die Yardi Investment Suite ist eine vollst\u00e4ndig vernetzte Plattform, die f\u00fcr Unternehmen entwickelt wurde, die eine L\u00f6sung f\u00fcr das Immobilien-Investment-Management zur Verwaltung ihrer Investitionen, Investoren und Assets ben\u00f6tigen. Die Software eignet sich f\u00fcr Bestandshalter, Private-Equity-Firmen, Private-Debt-Manager, Institutionen, Fondsmanager und -verwalter sowie Komplement\u00e4re und Kommanditisten. Dar\u00fcber hinaus auch f\u00fcr REITs, Banken, Versicherungsunternehmen und Family Offices.<\/p>\n\t\t\t\t\t<a href=\"#\" id=\"fl-accordion--label-1\" tabindex=\"0\" aria-controls=\"fl-accordion--panel-1\">Was sind die Hauptfunktionen der Yardi Investment Suite?<\/a>\n\t\t\t\t\t\t\t\t\t\t\t<a href=\"#\" id=\"fl-accordion--icon-1\" tabindex=\"0\" aria-controls=\"fl-accordion--panel-1\"><i>Ausklappen<\/i><\/a>\n\t\t\t\t\t<p>Die Yardi Investment Suite unterst\u00fctzt Sie bei der \u00dcberwachung Ihrer gesamten Immobilieninvestitionsstrategie auf einer einheitlichen Plattform. Erhalten Sie vollst\u00e4ndige Transparenz \u00fcber Ihr Investitionsportfolio von der Investition bis zum Asset. Verwalten Sie komplexe Investitions-, Kredit- und Eigent\u00fcmerstrukturen sowie Korrespondenzen. Verfolgen und initiieren Sie Investitionen \u00fcber ein gebrandetes Investorenportal.<\/p>\n\t\t\t\t\t<a href=\"#\" id=\"fl-accordion--label-2\" tabindex=\"0\" aria-controls=\"fl-accordion--panel-2\">Wie hoch sind die Kosten?<\/a>\n\t\t\t\t\t\t\t\t\t\t\t<a href=\"#\" id=\"fl-accordion--icon-2\" tabindex=\"0\" aria-controls=\"fl-accordion--panel-2\"><i>Ausklappen<\/i><\/a>\n\t\t\t\t\t<p>Die Yardi Investment Suite umfasst eine Vielzahl von Produkten und Funktionen. Der Preis richtet sich nach den Anforderungen Ihres Unternehmens: vom Investorenportal und der Investitionsbuchhaltung f\u00fcr komplexe Aussch\u00fcttungen bis hin zum Darlehensmanagement f\u00fcr Verbindlichkeiten oder Verm\u00f6genswerte. Die Suite ist flexibel und kann als Komplettl\u00f6sung bereitgestellt oder schrittweise erweitert werden, wenn eine Funktionalit\u00e4t in Zukunft ben\u00f6tigt wird.<\/p>\n<p>&nbsp;<\/p>\n<p>Bitte kontaktieren Sie uns, um mehr \u00fcber unser Angebot und unsere Preise zu erfahren oder um eine kurze Produkt-Demo zu vereinbaren.<\/p>\n\n","protected":false},"excerpt":{"rendered":"<p>Eine vernetzte Komplettl\u00f6sung zur Verwaltung des Lebenszyklus von Immobilieninvestitionen Verwalten Sie Ihr Investorenportal, Fundraising, CRM, Investitionsbuchhaltung und Darlehensmanagement zentral an einem einzigen Ort. DEMO VEREINBAREN Eine vernetzte End-to-End-L\u00f6sung f\u00fcr das Investment Management Eingesetzt und erprobt von Unternehmen aller Gr\u00f6\u00dfen und \u00fcberzeugten Investoren Seit \u00fcber 20\u00a0Jahren Fokus auf kontinuierliche Innovationen f\u00fcr Prozesse rund um Immobilien Unsere&hellip;<\/p>\n","protected":false},"author":130,"featured_media":0,"parent":0,"menu_order":0,"comment_status":"closed","ping_status":"closed","template":"","meta":{"footnotes":""},"class_list":["post-8147","page","type-page","status-publish","hentry"],"yoast_head":"<!-- This site is optimized with the Yoast SEO Premium plugin v23.4 (Yoast SEO v24.6) - https:\/\/yoast.com\/wordpress\/plugins\/seo\/ -->\n<title>Software f\u00fcr das Immobilien-Investment-Management<\/title>\n<meta name=\"description\" content=\"Schaffen Sie vollst\u00e4ndige Transparenz \u00fcber die operative Verwaltung und automatisieren Sie manuelle Prozesse f\u00fcr ein End-to-End-Management von Investments mit der Yardi Investment Suite\" \/>\n<meta name=\"robots\" content=\"index, follow, max-snippet:-1, max-image-preview:large, max-video-preview:-1\" \/>\n<link rel=\"canonical\" href=\"https:\/\/www.yardiinvestmentsuite.com/en-gb\/de-de\/\" \/>\n<meta property=\"og:locale\" content=\"de_DE\" \/>\n<meta property=\"og:type\" content=\"article\" \/>\n<meta property=\"og:title\" content=\"Software f\u00fcr das Immobilien-Investment-Management | Yardi Investment Management\" \/>\n<meta property=\"og:description\" content=\"Schaffen Sie vollst\u00e4ndige Transparenz \u00fcber die operative Verwaltung und automatisieren Sie manuelle Prozesse f\u00fcr ein End-to-End-Management von Investments mit der Yardi Investment Suite\" \/>\n<meta property=\"og:url\" content=\"https:\/\/www.yardiinvestmentsuite.com/en-gb\/de-de\/\" \/>\n<meta property=\"og:site_name\" content=\"Yardi Investment Suite\" \/>\n<meta property=\"article:modified_time\" content=\"2024-08-13T08:45:30+00:00\" \/>\n<meta property=\"og:image\" content=\"https:\/\/www.yardiinvestmentsuite.com/en-gb\/wp-content\/uploads\/sites\/88\/2024\/03\/Yardi-Investment-Suite-3D.png?w=1024\" \/>\n<meta name=\"twitter:card\" content=\"summary_large_image\" \/>\n<meta name=\"twitter:title\" content=\"Software f\u00fcr das Immobilien-Investment-Management | Yardi Investment Management\" \/>\n<meta name=\"twitter:label1\" content=\"Gesch\u00e4tzte Lesezeit\" \/>\n\t<meta name=\"twitter:data1\" content=\"3 Minuten\" \/>\n<script type=\"application\/ld+json\" class=\"yoast-schema-graph\">{\"@context\":\"https:\/\/schema.org\",\"@graph\":[{\"@type\":\"WebPage\",\"@id\":\"https:\/\/www.yardiinvestmentsuite.com/en-gb\/de-de\/\",\"url\":\"https:\/\/www.yardiinvestmentsuite.com/en-gb\/de-de\/\",\"name\":\"Software f\u00fcr das Immobilien-Investment-Management\",\"isPartOf\":{\"@id\":\"https:\/\/www.yardiinvestmentsuite.com/en-gb\/de-de\/#website\"},\"primaryImageOfPage\":{\"@id\":\"https:\/\/www.yardiinvestmentsuite.com/en-gb\/de-de\/#primaryimage\"},\"image\":{\"@id\":\"https:\/\/www.yardiinvestmentsuite.com/en-gb\/de-de\/#primaryimage\"},\"thumbnailUrl\":\"https:\/\/www.yardiinvestmentsuite.com/en-gb\/wp-content\/uploads\/sites\/88\/2023\/09\/01-InvestmentManager_Homepage_Carousel.gif\",\"datePublished\":\"2023-08-23T09:35:29+00:00\",\"dateModified\":\"2024-08-13T08:45:30+00:00\",\"description\":\"Schaffen Sie vollst\u00e4ndige Transparenz \u00fcber die operative Verwaltung und automatisieren Sie manuelle Prozesse f\u00fcr ein End-to-End-Management von Investments mit der Yardi Investment Suite\",\"breadcrumb\":{\"@id\":\"https:\/\/www.yardiinvestmentsuite.com/en-gb\/de-de\/#breadcrumb\"},\"inLanguage\":\"de-DE\",\"potentialAction\":[{\"@type\":\"ReadAction\",\"target\":[\"https:\/\/www.yardiinvestmentsuite.com/en-gb\/de-de\/\"]}]},{\"@type\":\"ImageObject\",\"inLanguage\":\"de-DE\",\"@id\":\"https:\/\/www.yardiinvestmentsuite.com/en-gb\/de-de\/#primaryimage\",\"url\":\"https:\/\/www.yardiinvestmentsuite.com/en-gb\/wp-content\/uploads\/sites\/88\/2023\/09\/01-InvestmentManager_Homepage_Carousel.gif\",\"contentUrl\":\"https:\/\/www.yardiinvestmentsuite.com/en-gb\/wp-content\/uploads\/sites\/88\/2023\/09\/01-InvestmentManager_Homepage_Carousel.gif\"},{\"@type\":\"BreadcrumbList\",\"@id\":\"https:\/\/www.yardiinvestmentsuite.com/en-gb\/de-de\/#breadcrumb\",\"itemListElement\":[{\"@type\":\"ListItem\",\"position\":1,\"name\":\"Home\",\"item\":\"https:\/\/www.yardiinvestmentsuite.com/en-gb\/de-de\/\"},{\"@type\":\"ListItem\",\"position\":2,\"name\":\"Homepage\"}]},{\"@type\":\"WebSite\",\"@id\":\"https:\/\/www.yardiinvestmentsuite.com/en-gb\/de-de\/#website\",\"url\":\"https:\/\/www.yardiinvestmentsuite.com/en-gb\/de-de\/\",\"name\":\"Yardi Investment Suite\",\"description\":\"\",\"publisher\":{\"@id\":\"https:\/\/www.yardiinvestmentsuite.com/en-gb\/de-de\/#organization\"},\"potentialAction\":[{\"@type\":\"SearchAction\",\"target\":{\"@type\":\"EntryPoint\",\"urlTemplate\":\"https:\/\/www.yardiinvestmentsuite.com/en-gb\/de-de\/?s={search_term_string}\"},\"query-input\":{\"@type\":\"PropertyValueSpecification\",\"valueRequired\":true,\"valueName\":\"search_term_string\"}}],\"inLanguage\":\"de-DE\"},{\"@type\":\"Organization\",\"@id\":\"https:\/\/www.yardiinvestmentsuite.com/en-gb\/de-de\/#organization\",\"name\":\"Yardi Investment Suite\",\"url\":\"https:\/\/www.yardiinvestmentsuite.com/en-gb\/de-de\/\",\"logo\":{\"@type\":\"ImageObject\",\"inLanguage\":\"de-DE\",\"@id\":\"https:\/\/www.yardiinvestmentsuite.com/en-gb\/de-de\/#\/schema\/logo\/image\/\",\"url\":\"https:\/\/www.yardiinvestmentsuite.com/en-gb\/wp-content\/uploads\/sites\/88\/2022\/04\/Yardi-Investment-Suite-InLine-3D.png\",\"contentUrl\":\"https:\/\/www.yardiinvestmentsuite.com/en-gb\/wp-content\/uploads\/sites\/88\/2022\/04\/Yardi-Investment-Suite-InLine-3D.png\",\"width\":492,\"height\":64,\"caption\":\"Yardi Investment Suite\"},\"image\":{\"@id\":\"https:\/\/www.yardiinvestmentsuite.com/en-gb\/de-de\/#\/schema\/logo\/image\/\"}}]}<\/script>\n<!-- \/ Yoast SEO Premium plugin. -->","yoast_head_json":{"title":"Software f\u00fcr das Immobilien-Investment-Management","description":"Schaffen Sie vollst\u00e4ndige Transparenz \u00fcber die operative Verwaltung und automatisieren Sie manuelle Prozesse f\u00fcr ein End-to-End-Management von Investments mit der Yardi Investment Suite","robots":{"index":"index","follow":"follow","max-snippet":"max-snippet:-1","max-image-preview":"max-image-preview:large","max-video-preview":"max-video-preview:-1"},"canonical":"https:\/\/www.yardiinvestmentsuite.com/en-gb\/de-de\/","og_locale":"de_DE","og_type":"article","og_title":"Software f\u00fcr das Immobilien-Investment-Management | Yardi Investment Management","og_description":"Schaffen Sie vollst\u00e4ndige Transparenz \u00fcber die operative Verwaltung und automatisieren Sie manuelle Prozesse f\u00fcr ein End-to-End-Management von Investments mit der Yardi Investment Suite","og_url":"https:\/\/www.yardiinvestmentsuite.com/en-gb\/de-de\/","og_site_name":"Yardi Investment Suite","article_modified_time":"2024-08-13T08:45:30+00:00","og_image":[{"url":"https:\/\/www.yardiinvestmentsuite.com/en-gb\/wp-content\/uploads\/sites\/88\/2024\/03\/Yardi-Investment-Suite-3D.png?w=1024","type":"","width":"","height":""}],"twitter_card":"summary_large_image","twitter_title":"Software f\u00fcr das Immobilien-Investment-Management | Yardi Investment Management","twitter_misc":{"Gesch\u00e4tzte Lesezeit":"3 Minuten"},"schema":{"@context":"https:\/\/schema.org","@graph":[{"@type":"WebPage","@id":"https:\/\/www.yardiinvestmentsuite.com/en-gb\/de-de\/","url":"https:\/\/www.yardiinvestmentsuite.com/en-gb\/de-de\/","name":"Software f\u00fcr das Immobilien-Investment-Management","isPartOf":{"@id":"https:\/\/www.yardiinvestmentsuite.com/en-gb\/de-de\/#website"},"primaryImageOfPage":{"@id":"https:\/\/www.yardiinvestmentsuite.com/en-gb\/de-de\/#primaryimage"},"image":{"@id":"https:\/\/www.yardiinvestmentsuite.com/en-gb\/de-de\/#primaryimage"},"thumbnailUrl":"https:\/\/www.yardiinvestmentsuite.com/en-gb\/wp-content\/uploads\/sites\/88\/2023\/09\/01-InvestmentManager_Homepage_Carousel.gif","datePublished":"2023-08-23T09:35:29+00:00","dateModified":"2024-08-13T08:45:30+00:00","description":"Schaffen Sie vollst\u00e4ndige Transparenz \u00fcber die operative Verwaltung und automatisieren Sie manuelle Prozesse f\u00fcr ein End-to-End-Management von Investments mit der Yardi Investment Suite","breadcrumb":{"@id":"https:\/\/www.yardiinvestmentsuite.com/en-gb\/de-de\/#breadcrumb"},"inLanguage":"de-DE","potentialAction":[{"@type":"ReadAction","target":["https:\/\/www.yardiinvestmentsuite.com/en-gb\/de-de\/"]}]},{"@type":"ImageObject","inLanguage":"de-DE","@id":"https:\/\/www.yardiinvestmentsuite.com/en-gb\/de-de\/#primaryimage","url":"https:\/\/www.yardiinvestmentsuite.com/en-gb\/wp-content\/uploads\/sites\/88\/2023\/09\/01-InvestmentManager_Homepage_Carousel.gif","contentUrl":"https:\/\/www.yardiinvestmentsuite.com/en-gb\/wp-content\/uploads\/sites\/88\/2023\/09\/01-InvestmentManager_Homepage_Carousel.gif"},{"@type":"BreadcrumbList","@id":"https:\/\/www.yardiinvestmentsuite.com/en-gb\/de-de\/#breadcrumb","itemListElement":[{"@type":"ListItem","position":1,"name":"Home","item":"https:\/\/www.yardiinvestmentsuite.com/en-gb\/de-de\/"},{"@type":"ListItem","position":2,"name":"Homepage"}]},{"@type":"WebSite","@id":"https:\/\/www.yardiinvestmentsuite.com/en-gb\/de-de\/#website","url":"https:\/\/www.yardiinvestmentsuite.com/en-gb\/de-de\/","name":"Yardi Investment Suite","description":"","publisher":{"@id":"https:\/\/www.yardiinvestmentsuite.com/en-gb\/de-de\/#organization"},"potentialAction":[{"@type":"SearchAction","target":{"@type":"EntryPoint","urlTemplate":"https:\/\/www.yardiinvestmentsuite.com/en-gb\/de-de\/?s={search_term_string}"},"query-input":{"@type":"PropertyValueSpecification","valueRequired":true,"valueName":"search_term_string"}}],"inLanguage":"de-DE"},{"@type":"Organization","@id":"https:\/\/www.yardiinvestmentsuite.com/en-gb\/de-de\/#organization","name":"Yardi Investment Suite","url":"https:\/\/www.yardiinvestmentsuite.com/en-gb\/de-de\/","logo":{"@type":"ImageObject","inLanguage":"de-DE","@id":"https:\/\/www.yardiinvestmentsuite.com/en-gb\/de-de\/#\/schema\/logo\/image\/","url":"https:\/\/www.yardiinvestmentsuite.com/en-gb\/wp-content\/uploads\/sites\/88\/2022\/04\/Yardi-Investment-Suite-InLine-3D.png","contentUrl":"https:\/\/www.yardiinvestmentsuite.com/en-gb\/wp-content\/uploads\/sites\/88\/2022\/04\/Yardi-Investment-Suite-InLine-3D.png","width":492,"height":64,"caption":"Yardi Investment Suite"},"image":{"@id":"https:\/\/www.yardiinvestmentsuite.com/en-gb\/de-de\/#\/schema\/logo\/image\/"}}]}},"jetpack_sharing_enabled":true,"_links":{"self":[{"href":"https:\/\/www.yardiinvestmentsuite.com/en-gb\/de-de\/wp-json\/wp\/v2\/pages\/8147","targetHints":{"allow":["GET"]}}],"collection":[{"href":"https:\/\/www.yardiinvestmentsuite.com/en-gb\/de-de\/wp-json\/wp\/v2\/pages"}],"about":[{"href":"https:\/\/www.yardiinvestmentsuite.com/en-gb\/de-de\/wp-json\/wp\/v2\/types\/page"}],"author":[{"embeddable":true,"href":"https:\/\/www.yardiinvestmentsuite.com/en-gb\/de-de\/wp-json\/wp\/v2\/users\/130"}],"replies":[{"embeddable":true,"href":"https:\/\/www.yardiinvestmentsuite.com/en-gb\/de-de\/wp-json\/wp\/v2\/comments?post=8147"}],"version-history":[{"count":5,"href":"https:\/\/www.yardiinvestmentsuite.com/en-gb\/de-de\/wp-json\/wp\/v2\/pages\/8147\/revisions"}],"predecessor-version":[{"id":8525,"href":"https:\/\/www.yardiinvestmentsuite.com/en-gb\/de-de\/wp-json\/wp\/v2\/pages\/8147\/revisions\/8525"}],"wp:attachment":[{"href":"https:\/\/www.yardiinvestmentsuite.com/en-gb\/de-de\/wp-json\/wp\/v2\/media?parent=8147"}],"curies":[{"name":"wp","href":"https:\/\/api.w.org\/{rel}","templated":true}]}}