{"id":8248,"date":"2022-04-19T08:26:14","date_gmt":"2022-04-19T08:26:14","guid":{"rendered":"https:\/\/www.yardiinvestmentsuite.com\/demo-vereinbaren\/"},"modified":"2024-06-26T10:53:39","modified_gmt":"2024-06-26T10:53:39","slug":"demo-vereinbaren","status":"publish","type":"page","link":"https:\/\/www.yardiinvestmentsuite.com\/de-de\/demo-vereinbaren\/","title":{"rendered":"Demo vereinbaren"},"content":{"rendered":"\n<h2>\n\t\tLive-Demo vereinbaren\n\t<\/h2>\n\t<p>Entdecken Sie die Vorteile der Yardi Investment Suite<\/p>\n\t<p><strong>Weitere Schritte nach Anforderung einer Demo: <\/strong><\/p>\n<ul>\n<li>\n<ul>\n<li>Sie erhalten eine E-Mail mit einem Meetingplaner und w\u00e4hlen das Datum und die Uhrzeit aus, die f\u00fcr Sie am besten passen.<\/li>\n<\/ul>\n<\/li>\n<li>\n<ul>\n<li>W\u00e4hrend der Live-Demo teilt unser Produktspezialist seinen Bildschirm mit Ihnen und zeigt, wie unsere Plattform Ihnen helfen kann, Ihre Investment-Management-Prozesse zu automatisieren.<\/li>\n<\/ul>\n<\/li>\n<\/ul>\n<p>&nbsp;<\/p>\n\t<p>Live-Demo anfordern<\/p>\n<h2>\n\t\tYardi Investment Suite is trusted by\n\t<\/h2>\n\t\t\t\t<a href=\"#\" target=\"_self\" itemprop=\"url\" rel=\"noopener\">\n\t\t\t\t<img loading=\"lazy\" decoding=\"async\" src=\"https:\/\/www.yardiinvestmentsuite.com\/wp-content\/uploads\/sites\/88\/2022\/04\/Alter-Domus-logo.png\" alt=\"Alter Domus logo\" itemprop=\"image\" height=\"32\" width=\"200\" title=\"Alter Domus logo\" onerror=\"this.style.display='none'\"  \/>\n\t\t\t\t<\/a>\n\t\t\t\t<a href=\"#\" target=\"_self\" itemprop=\"url\" rel=\"noopener\">\n\t\t\t\t<img loading=\"lazy\" decoding=\"async\" src=\"https:\/\/www.yardiinvestmentsuite.com\/wp-content\/uploads\/sites\/88\/2022\/04\/Cohen-Asset-Management-logo.png\" alt=\"Cohen Asset Management logo\" itemprop=\"image\" height=\"78\" width=\"247\" title=\"Cohen Asset Management logo\" onerror=\"this.style.display='none'\"  \/>\n\t\t\t\t<\/a>\n\t\t\t\t<a href=\"#\" target=\"_self\" itemprop=\"url\" rel=\"noopener\">\n\t\t\t\t<img loading=\"lazy\" decoding=\"async\" src=\"https:\/\/www.yardiinvestmentsuite.com\/wp-content\/uploads\/sites\/88\/2022\/04\/MG-Properties_Logo-Full-Color.png\" alt=\"MG Properties_Logo Full Color\" itemprop=\"image\" height=\"2231\" width=\"8191\" title=\"MG Properties_Logo Full Color\" onerror=\"this.style.display='none'\"  \/>\n\t\t\t\t<\/a>\n\t\t\t\t<a href=\"#\" target=\"_self\" itemprop=\"url\" rel=\"noopener\">\n\t\t\t\t<img loading=\"lazy\" decoding=\"async\" src=\"https:\/\/www.yardiinvestmentsuite.com\/wp-content\/uploads\/sites\/88\/2022\/04\/ROCO-Real-Estate-logo.png\" alt=\"ROCO Real Estate logo\" itemprop=\"image\" height=\"280\" width=\"280\" title=\"ROCO Real Estate logo\" onerror=\"this.style.display='none'\"  \/>\n\t\t\t\t<\/a>\n\t\t\t\t<a href=\"#\" target=\"_self\" itemprop=\"url\" rel=\"noopener\">\n\t\t\t\t<img loading=\"lazy\" decoding=\"async\" src=\"https:\/\/www.yardiinvestmentsuite.com\/wp-content\/uploads\/sites\/88\/2022\/04\/Hanini-Group_Logo_BLUE.png\" alt=\"Hanini Group_Logo_BLUE\" itemprop=\"image\" height=\"2831\" width=\"4927\" title=\"Hanini Group_Logo_BLUE\" onerror=\"this.style.display='none'\"  \/>\n\t\t\t\t<\/a>\n\t\t\t\t<a href=\"#\" target=\"_self\" itemprop=\"url\" rel=\"noopener\">\n\t\t\t\t<img loading=\"lazy\" decoding=\"async\" src=\"https:\/\/www.yardiinvestmentsuite.com\/wp-content\/uploads\/sites\/88\/2022\/04\/Uniland-logo_tagline_color.png\" alt=\"Uniland logo_tagline_color\" itemprop=\"image\" height=\"967\" width=\"3334\" title=\"Uniland logo_tagline_color\" onerror=\"this.style.display='none'\"  \/>\n\t\t\t\t<\/a>\n\n","protected":false},"excerpt":{"rendered":"<p>Live-Demo vereinbaren Entdecken Sie die Vorteile der Yardi Investment Suite Weitere Schritte nach Anforderung einer Demo: Sie erhalten eine E-Mail mit einem Meetingplaner und w\u00e4hlen das Datum und die Uhrzeit aus, die f\u00fcr Sie am besten passen. W\u00e4hrend der Live-Demo teilt unser Produktspezialist seinen Bildschirm mit Ihnen und zeigt, wie unsere Plattform Ihnen helfen kann,&hellip;<\/p>\n","protected":false},"author":3228,"featured_media":0,"parent":0,"menu_order":0,"comment_status":"closed","ping_status":"closed","template":"","meta":{"footnotes":""},"class_list":["post-8248","page","type-page","status-publish","hentry"],"yoast_head":"<!-- This site is optimized with the Yoast SEO Premium plugin v23.4 (Yoast SEO v24.6) - https:\/\/yoast.com\/wordpress\/plugins\/seo\/ -->\n<title>Demo vereinbaren\u00a0\u2013 Yardi Investment Suite<\/title>\n<meta name=\"robots\" content=\"index, follow, max-snippet:-1, max-image-preview:large, max-video-preview:-1\" \/>\n<link rel=\"canonical\" href=\"https:\/\/www.yardiinvestmentsuite.com\/de-de\/demo-vereinbaren\/\" \/>\n<meta property=\"og:locale\" content=\"de_DE\" \/>\n<meta property=\"og:type\" content=\"article\" \/>\n<meta property=\"og:title\" content=\"Demo vereinbaren\" \/>\n<meta property=\"og:description\" content=\"Live-Demo vereinbaren Entdecken Sie die Vorteile der Yardi Investment Suite Weitere Schritte nach Anforderung einer Demo: Sie erhalten eine E-Mail mit einem Meetingplaner und w\u00e4hlen das Datum und die Uhrzeit aus, die f\u00fcr Sie am besten passen. W\u00e4hrend der Live-Demo teilt unser Produktspezialist seinen Bildschirm mit Ihnen und zeigt, wie unsere Plattform Ihnen helfen kann,&hellip;\" \/>\n<meta property=\"og:url\" content=\"https:\/\/www.yardiinvestmentsuite.com\/de-de\/demo-vereinbaren\/\" \/>\n<meta property=\"og:site_name\" content=\"Yardi Investment Suite\" \/>\n<meta property=\"article:modified_time\" content=\"2024-06-26T10:53:39+00:00\" \/>\n<meta property=\"og:image\" content=\"https:\/\/www.yardiinvestmentsuite.com\/wp-content\/uploads\/sites\/88\/2022\/04\/Alter-Domus-logo.png\" \/>\n<meta name=\"twitter:card\" content=\"summary_large_image\" \/>\n<script type=\"application\/ld+json\" class=\"yoast-schema-graph\">{\"@context\":\"https:\/\/schema.org\",\"@graph\":[{\"@type\":\"WebPage\",\"@id\":\"https:\/\/www.yardiinvestmentsuite.com\/de-de\/demo-vereinbaren\/\",\"url\":\"https:\/\/www.yardiinvestmentsuite.com\/de-de\/demo-vereinbaren\/\",\"name\":\"Demo vereinbaren\u00a0\u2013 Yardi Investment Suite\",\"isPartOf\":{\"@id\":\"https:\/\/www.yardiinvestmentsuite.com\/de-de\/#website\"},\"primaryImageOfPage\":{\"@id\":\"https:\/\/www.yardiinvestmentsuite.com\/de-de\/demo-vereinbaren\/#primaryimage\"},\"image\":{\"@id\":\"https:\/\/www.yardiinvestmentsuite.com\/de-de\/demo-vereinbaren\/#primaryimage\"},\"thumbnailUrl\":\"https:\/\/www.yardiinvestmentsuite.com\/wp-content\/uploads\/sites\/88\/2022\/04\/Alter-Domus-logo.png\",\"datePublished\":\"2022-04-19T08:26:14+00:00\",\"dateModified\":\"2024-06-26T10:53:39+00:00\",\"breadcrumb\":{\"@id\":\"https:\/\/www.yardiinvestmentsuite.com\/de-de\/demo-vereinbaren\/#breadcrumb\"},\"inLanguage\":\"de-DE\",\"potentialAction\":[{\"@type\":\"ReadAction\",\"target\":[\"https:\/\/www.yardiinvestmentsuite.com\/de-de\/demo-vereinbaren\/\"]}]},{\"@type\":\"ImageObject\",\"inLanguage\":\"de-DE\",\"@id\":\"https:\/\/www.yardiinvestmentsuite.com\/de-de\/demo-vereinbaren\/#primaryimage\",\"url\":\"https:\/\/www.yardiinvestmentsuite.com\/wp-content\/uploads\/sites\/88\/2022\/04\/Alter-Domus-logo.png\",\"contentUrl\":\"https:\/\/www.yardiinvestmentsuite.com\/wp-content\/uploads\/sites\/88\/2022\/04\/Alter-Domus-logo.png\"},{\"@type\":\"BreadcrumbList\",\"@id\":\"https:\/\/www.yardiinvestmentsuite.com\/de-de\/demo-vereinbaren\/#breadcrumb\",\"itemListElement\":[{\"@type\":\"ListItem\",\"position\":1,\"name\":\"Home\",\"item\":\"https:\/\/www.yardiinvestmentsuite.com\/de-de\/\"},{\"@type\":\"ListItem\",\"position\":2,\"name\":\"Demo vereinbaren\"}]},{\"@type\":\"WebSite\",\"@id\":\"https:\/\/www.yardiinvestmentsuite.com\/de-de\/#website\",\"url\":\"https:\/\/www.yardiinvestmentsuite.com\/de-de\/\",\"name\":\"Yardi Investment Suite\",\"description\":\"\",\"publisher\":{\"@id\":\"https:\/\/www.yardiinvestmentsuite.com\/de-de\/#organization\"},\"potentialAction\":[{\"@type\":\"SearchAction\",\"target\":{\"@type\":\"EntryPoint\",\"urlTemplate\":\"https:\/\/www.yardiinvestmentsuite.com\/de-de\/?s={search_term_string}\"},\"query-input\":{\"@type\":\"PropertyValueSpecification\",\"valueRequired\":true,\"valueName\":\"search_term_string\"}}],\"inLanguage\":\"de-DE\"},{\"@type\":\"Organization\",\"@id\":\"https:\/\/www.yardiinvestmentsuite.com\/de-de\/#organization\",\"name\":\"Yardi Investment Suite\",\"url\":\"https:\/\/www.yardiinvestmentsuite.com\/de-de\/\",\"logo\":{\"@type\":\"ImageObject\",\"inLanguage\":\"de-DE\",\"@id\":\"https:\/\/www.yardiinvestmentsuite.com\/de-de\/#\/schema\/logo\/image\/\",\"url\":\"https:\/\/www.yardiinvestmentsuite.com\/wp-content\/uploads\/sites\/88\/2022\/04\/Yardi-Investment-Suite-InLine-3D.png\",\"contentUrl\":\"https:\/\/www.yardiinvestmentsuite.com\/wp-content\/uploads\/sites\/88\/2022\/04\/Yardi-Investment-Suite-InLine-3D.png\",\"width\":492,\"height\":64,\"caption\":\"Yardi Investment Suite\"},\"image\":{\"@id\":\"https:\/\/www.yardiinvestmentsuite.com\/de-de\/#\/schema\/logo\/image\/\"}}]}<\/script>\n<!-- \/ Yoast SEO Premium plugin. -->","yoast_head_json":{"title":"Demo vereinbaren\u00a0\u2013 Yardi Investment Suite","robots":{"index":"index","follow":"follow","max-snippet":"max-snippet:-1","max-image-preview":"max-image-preview:large","max-video-preview":"max-video-preview:-1"},"canonical":"https:\/\/www.yardiinvestmentsuite.com\/de-de\/demo-vereinbaren\/","og_locale":"de_DE","og_type":"article","og_title":"Demo vereinbaren","og_description":"Live-Demo vereinbaren Entdecken Sie die Vorteile der Yardi Investment Suite Weitere Schritte nach Anforderung einer Demo: Sie erhalten eine E-Mail mit einem Meetingplaner und w\u00e4hlen das Datum und die Uhrzeit aus, die f\u00fcr Sie am besten passen. W\u00e4hrend der Live-Demo teilt unser Produktspezialist seinen Bildschirm mit Ihnen und zeigt, wie unsere Plattform Ihnen helfen kann,&hellip;","og_url":"https:\/\/www.yardiinvestmentsuite.com\/de-de\/demo-vereinbaren\/","og_site_name":"Yardi Investment Suite","article_modified_time":"2024-06-26T10:53:39+00:00","og_image":[{"url":"https:\/\/www.yardiinvestmentsuite.com\/wp-content\/uploads\/sites\/88\/2022\/04\/Alter-Domus-logo.png","type":"","width":"","height":""}],"twitter_card":"summary_large_image","schema":{"@context":"https:\/\/schema.org","@graph":[{"@type":"WebPage","@id":"https:\/\/www.yardiinvestmentsuite.com\/de-de\/demo-vereinbaren\/","url":"https:\/\/www.yardiinvestmentsuite.com\/de-de\/demo-vereinbaren\/","name":"Demo vereinbaren\u00a0\u2013 Yardi Investment Suite","isPartOf":{"@id":"https:\/\/www.yardiinvestmentsuite.com\/de-de\/#website"},"primaryImageOfPage":{"@id":"https:\/\/www.yardiinvestmentsuite.com\/de-de\/demo-vereinbaren\/#primaryimage"},"image":{"@id":"https:\/\/www.yardiinvestmentsuite.com\/de-de\/demo-vereinbaren\/#primaryimage"},"thumbnailUrl":"https:\/\/www.yardiinvestmentsuite.com\/wp-content\/uploads\/sites\/88\/2022\/04\/Alter-Domus-logo.png","datePublished":"2022-04-19T08:26:14+00:00","dateModified":"2024-06-26T10:53:39+00:00","breadcrumb":{"@id":"https:\/\/www.yardiinvestmentsuite.com\/de-de\/demo-vereinbaren\/#breadcrumb"},"inLanguage":"de-DE","potentialAction":[{"@type":"ReadAction","target":["https:\/\/www.yardiinvestmentsuite.com\/de-de\/demo-vereinbaren\/"]}]},{"@type":"ImageObject","inLanguage":"de-DE","@id":"https:\/\/www.yardiinvestmentsuite.com\/de-de\/demo-vereinbaren\/#primaryimage","url":"https:\/\/www.yardiinvestmentsuite.com\/wp-content\/uploads\/sites\/88\/2022\/04\/Alter-Domus-logo.png","contentUrl":"https:\/\/www.yardiinvestmentsuite.com\/wp-content\/uploads\/sites\/88\/2022\/04\/Alter-Domus-logo.png"},{"@type":"BreadcrumbList","@id":"https:\/\/www.yardiinvestmentsuite.com\/de-de\/demo-vereinbaren\/#breadcrumb","itemListElement":[{"@type":"ListItem","position":1,"name":"Home","item":"https:\/\/www.yardiinvestmentsuite.com\/de-de\/"},{"@type":"ListItem","position":2,"name":"Demo vereinbaren"}]},{"@type":"WebSite","@id":"https:\/\/www.yardiinvestmentsuite.com\/de-de\/#website","url":"https:\/\/www.yardiinvestmentsuite.com\/de-de\/","name":"Yardi Investment Suite","description":"","publisher":{"@id":"https:\/\/www.yardiinvestmentsuite.com\/de-de\/#organization"},"potentialAction":[{"@type":"SearchAction","target":{"@type":"EntryPoint","urlTemplate":"https:\/\/www.yardiinvestmentsuite.com\/de-de\/?s={search_term_string}"},"query-input":{"@type":"PropertyValueSpecification","valueRequired":true,"valueName":"search_term_string"}}],"inLanguage":"de-DE"},{"@type":"Organization","@id":"https:\/\/www.yardiinvestmentsuite.com\/de-de\/#organization","name":"Yardi Investment Suite","url":"https:\/\/www.yardiinvestmentsuite.com\/de-de\/","logo":{"@type":"ImageObject","inLanguage":"de-DE","@id":"https:\/\/www.yardiinvestmentsuite.com\/de-de\/#\/schema\/logo\/image\/","url":"https:\/\/www.yardiinvestmentsuite.com\/wp-content\/uploads\/sites\/88\/2022\/04\/Yardi-Investment-Suite-InLine-3D.png","contentUrl":"https:\/\/www.yardiinvestmentsuite.com\/wp-content\/uploads\/sites\/88\/2022\/04\/Yardi-Investment-Suite-InLine-3D.png","width":492,"height":64,"caption":"Yardi Investment Suite"},"image":{"@id":"https:\/\/www.yardiinvestmentsuite.com\/de-de\/#\/schema\/logo\/image\/"}}]}},"jetpack_sharing_enabled":true,"_links":{"self":[{"href":"https:\/\/www.yardiinvestmentsuite.com\/de-de\/wp-json\/wp\/v2\/pages\/8248","targetHints":{"allow":["GET"]}}],"collection":[{"href":"https:\/\/www.yardiinvestmentsuite.com\/de-de\/wp-json\/wp\/v2\/pages"}],"about":[{"href":"https:\/\/www.yardiinvestmentsuite.com\/de-de\/wp-json\/wp\/v2\/types\/page"}],"author":[{"embeddable":true,"href":"https:\/\/www.yardiinvestmentsuite.com\/de-de\/wp-json\/wp\/v2\/users\/3228"}],"replies":[{"embeddable":true,"href":"https:\/\/www.yardiinvestmentsuite.com\/de-de\/wp-json\/wp\/v2\/comments?post=8248"}],"version-history":[{"count":4,"href":"https:\/\/www.yardiinvestmentsuite.com\/de-de\/wp-json\/wp\/v2\/pages\/8248\/revisions"}],"predecessor-version":[{"id":9268,"href":"https:\/\/www.yardiinvestmentsuite.com\/de-de\/wp-json\/wp\/v2\/pages\/8248\/revisions\/9268"}],"wp:attachment":[{"href":"https:\/\/www.yardiinvestmentsuite.com\/de-de\/wp-json\/wp\/v2\/media?parent=8248"}],"curies":[{"name":"wp","href":"https:\/\/api.w.org\/{rel}","templated":true}]}}